{"id":3220,"date":"2020-04-16T07:46:48","date_gmt":"2020-04-16T07:46:48","guid":{"rendered":"https:\/\/racoon-cleaner.nl\/zahlungen\/"},"modified":"2020-04-16T07:46:51","modified_gmt":"2020-04-16T07:46:51","slug":"zahlungen","status":"publish","type":"page","link":"https:\/\/racoon-cleaner.nl\/de\/zahlungen\/","title":{"rendered":"Zahlungen"},"content":{"rendered":"<p>[et_pb_section fb_built=&#8220;1&#8243; _builder_version=&#8220;4.0.9&#8243; background_color=&#8220;rgba(0,0,0,0)&#8220;][et_pb_row _builder_version=&#8220;4.0.9&#8243; background_color=&#8220;#ffffff&#8220;][et_pb_column type=&#8220;4_4&#8243; _builder_version=&#8220;4.0.9&#8243;][et_pb_text _builder_version=&#8220;4.0.9&#8243; custom_margin=&#8220;||||false|false&#8220; custom_padding=&#8220;0px|30px|||false|false&#8220;]<\/p>\n<h2 style=\"color: #e5007d;\">Zahlungen<\/h2>\n<p>[\/et_pb_text][et_pb_text _builder_version=&#8220;4.0.9&#8243;]Racoon-Cleaner.nl st ein Webshop, in dem die folgenden Zahlungsoptionen \u00fcber den Zahlungsanbieter Mollie angeboten werden. Sie k\u00f6nnen jederzeit mit iDeal in Holland bezahlen und in Belgien mit Bancontact Mister Cash bezahlen.<\/p>\n<p>Racoon-Cleaner.nl verwendet eine sichere und zuverl\u00e4ssige Online-Zahlungsplattform, das sogenannte &#8222;Gateway&#8220; oder &#8222;Internet Checkout&#8220;.[\/et_pb_text][et_pb_accordion _builder_version=&#8220;4.0.9&#8243;][et_pb_accordion_item title=&#8220;iDeal&#8220; open=&#8220;on&#8220; _builder_version=&#8220;4.0.9&#8243;]<\/p>\n<p><span>Haben Sie Zugang zum Internetbanking mit ING \/ Postbank, Rabobank, ABN AMRO, SNSbank, Fortis, ASN, Friesland Bank, Regiobank und Triodosbank? Dann k\u00f6nnen Sie iDEAL verwenden, die einfachste M\u00f6glichkeit, ohne spezielle Software im Internet zu bezahlen. Schnelle, einfache und sichere Zahlung \u00fcber die bekannte Internetbanking-Oberfl\u00e4che. <\/span><strong>Bitte beachten Sie<\/strong>: <span>Halten Sie Ihre Bankkarte und alle Identifikationsmethoden &#8211; ABN AMRO e.dentifier, Rabobank Random Reader, Digipas f\u00fcr die SNS Bank, GSM f\u00fcr ING \/ Postbank TAN oder Access Key f\u00fcr Fortis &#8211; bereit.<\/span><\/p>\n<p>[\/et_pb_accordion_item][et_pb_accordion_item title=&#8220;Kreditkarte&#8220; _builder_version=&#8220;4.0.9&#8243; open=&#8220;off&#8220;]<\/p>\n<p><span>Sie k\u00f6nnen auch mit Ihrer Mastercard, Visa-Kreditkarte oder American Express-Kreditkarte bei uns bezahlen. Dies erfolgt \u00fcber einen SSL-gesicherten Server von PayPal, der Ihre Kreditkartendaten verschl\u00fcsselt sendet. Auch wenn Sie kein PayPal-Konto haben, k\u00f6nnen Sie einfach und sicher mit Ihrer Kreditkarte bezahlen. Nach \u00dcberpr\u00fcfung kann Ihre Bestellung sofort gesendet werden. Wenn Sie kein PayPal-Konto haben, m\u00fcssen Sie im PayPal-Zahlungsmen\u00fc unter dem Text &#8222;Kein PayPal-Konto&#8220; auf die blaue Schaltfl\u00e4che WEITER klicken.<\/span><\/p>\n<p>[\/et_pb_accordion_item][et_pb_accordion_item title=&#8220;PayPal&#8220; _builder_version=&#8220;4.0.9&#8243; open=&#8220;off&#8220;]<\/p>\n<p><span>Die Bestellung kann direkt \u00fcber das renommierte Paypal bezahlt werden. Sie k\u00f6nnen sicher mit uns \u00fcber das PayPal-Konto bezahlen. Sie m\u00fcssen Ihre Anmeldedaten f\u00fcr Ihr PayPal-Konto bereithalten. Wenn Sie noch kein PayPal-Konto haben, k\u00f6nnen Sie sich kostenlos unter www.paypal.nl registrieren und direkt online mit Ihrem Bank- oder Girokonto oder Ihrer Kreditkarte bezahlen.<\/span><\/p>\n<p>[\/et_pb_accordion_item][et_pb_accordion_item title=&#8220;BANCONTACT&#8220; _builder_version=&#8220;4.0.9&#8243; open=&#8220;off&#8220;]<\/p>\n<p><span>Mit Mister Cash k\u00f6nnen belgische Kontoinhaber jetzt Online-Eink\u00e4ufe mit einer speziellen Mister Cash-Karte mit einem g\u00fcltigen Ablaufdatum t\u00e4tigen. Zahlungen erfolgen \u00fcber MultiSafepay. Diese Organisation garantiert den Schutz Ihrer Privatsph\u00e4re und eine sichere Transaktion. Belgische Kunden, die bei den Banken Bankgesch\u00e4fte t\u00e4tigen; Dexia, Fortis, ING, FINTRO, KBC, CBC, AXA Bank und VDK Spaarbank k\u00f6nnen ihre Bestellungen problemlos \u00fcber Mister Cash \/ Bancontact bezahlen.<\/span><\/p>\n<p>[\/et_pb_accordion_item][et_pb_accordion_item title=&#8220;DIRECTebanking&#8220; _builder_version=&#8220;4.0.9&#8243; open=&#8220;off&#8220;]<\/p>\n<p><span>Kann am besten als die Version von iDeal f\u00fcr 46 Millionen europ\u00e4ische Benutzer beschrieben werden. Diese Zahlungsweise erm\u00f6glicht es auch den deutschsprachigen L\u00e4ndern, \u00fcber ihr eigenes Bankumfeld zu bezahlen.<\/span><\/p>\n<p>[\/et_pb_accordion_item][et_pb_accordion_item title=&#8220;Betaalgarant \/ AfterPay&#8220; _builder_version=&#8220;4.0.9&#8243; open=&#8220;off&#8220;]<\/p>\n<p><span>Mit Betaalgarant k\u00f6nnen Sie Ihre Rechnung anschlie\u00dfend innerhalb von 14 Tagen bezahlen. Bei der Beantragung dieser Zahlungsoption wird eine Glaubw\u00fcrdigkeitspr\u00fcfung durchgef\u00fchrt. Wenn Sie einverstanden sind, k\u00f6nnen Sie diese Zahlungsoption verwenden. F\u00fcr Sie ist es die sicherste Zahlungsmethode. Sie k\u00f6nnen w\u00e4hlen, wann Sie innerhalb der festgelegten Laufzeit bezahlen m\u00f6chten. Der gro\u00dfe Vorteil f\u00fcr Sie ist, dass Sie bezahlen, wenn Sie das Produkt in guten H\u00e4nden erhalten haben. Die Zahlungsgarantie ist sicherer und einfacher als die Nachnahme. Es gibt keine Zahlung an der T\u00fcr und es ist einfach zu bezahlen, Sie m\u00fcssen keine Bankkarte und keinen Bankleser verwenden.<\/span><\/p>\n<p>[\/et_pb_accordion_item][\/et_pb_accordion][\/et_pb_column][\/et_pb_row][\/et_pb_section]<\/p>\n<span class=\"et_bloom_bottom_trigger\"><\/span>","protected":false},"excerpt":{"rendered":"<p>ZahlungenRacoon-Cleaner.nl st ein Webshop, in dem die folgenden Zahlungsoptionen \u00fcber den Zahlungsanbieter Mollie angeboten werden. Sie k\u00f6nnen jederzeit mit iDeal in Holland bezahlen und in Belgien mit Bancontact Mister Cash bezahlen. Racoon-Cleaner.nl verwendet eine sichere und zuverl\u00e4ssige Online-Zahlungsplattform, das sogenannte &#8222;Gateway&#8220; oder &#8222;Internet Checkout&#8220;.Haben Sie Zugang zum Internetbanking mit ING \/ Postbank, Rabobank, ABN AMRO, [&hellip;]<\/p>\n","protected":false},"author":1,"featured_media":0,"parent":0,"menu_order":0,"comment_status":"closed","ping_status":"closed","template":"","meta":{"_et_pb_use_builder":"on","_et_pb_old_content":"","_et_gb_content_width":"","footnotes":""},"class_list":["post-3220","page","type-page","status-publish","hentry"],"yoast_head":"<!-- This site is optimized with the Yoast SEO plugin v27.4 - https:\/\/yoast.com\/product\/yoast-seo-wordpress\/ -->\n<title>Zahlungen - Racoon-Cleaner<\/title>\n<meta name=\"robots\" content=\"index, follow, max-snippet:-1, max-image-preview:large, max-video-preview:-1\" \/>\n<link rel=\"canonical\" href=\"https:\/\/racoon-cleaner.nl\/de\/zahlungen\/\" \/>\n<meta property=\"og:locale\" content=\"de_DE\" \/>\n<meta property=\"og:type\" content=\"article\" \/>\n<meta property=\"og:title\" content=\"Zahlungen - Racoon-Cleaner\" \/>\n<meta property=\"og:description\" content=\"ZahlungenRacoon-Cleaner.nl st ein Webshop, in dem die folgenden Zahlungsoptionen \u00fcber den Zahlungsanbieter Mollie angeboten werden. Sie k\u00f6nnen jederzeit mit iDeal in Holland bezahlen und in Belgien mit Bancontact Mister Cash bezahlen. Racoon-Cleaner.nl verwendet eine sichere und zuverl\u00e4ssige Online-Zahlungsplattform, das sogenannte &quot;Gateway&quot; oder &quot;Internet Checkout&quot;.Haben Sie Zugang zum Internetbanking mit ING \/ Postbank, Rabobank, ABN AMRO, [&hellip;]\" \/>\n<meta property=\"og:url\" content=\"https:\/\/racoon-cleaner.nl\/de\/zahlungen\/\" \/>\n<meta property=\"og:site_name\" content=\"Racoon-Cleaner\" \/>\n<meta property=\"article:modified_time\" content=\"2020-04-16T07:46:51+00:00\" \/>\n<meta name=\"twitter:card\" content=\"summary_large_image\" \/>\n<meta name=\"twitter:label1\" content=\"Gesch\u00e4tzte Lesezeit\" \/>\n\t<meta name=\"twitter:data1\" content=\"3\u00a0Minuten\" \/>\n<script type=\"application\/ld+json\" class=\"yoast-schema-graph\">{\"@context\":\"https:\\\/\\\/schema.org\",\"@graph\":[{\"@type\":\"WebPage\",\"@id\":\"https:\\\/\\\/racoon-cleaner.nl\\\/de\\\/zahlungen\\\/\",\"url\":\"https:\\\/\\\/racoon-cleaner.nl\\\/de\\\/zahlungen\\\/\",\"name\":\"Zahlungen - Racoon-Cleaner\",\"isPartOf\":{\"@id\":\"https:\\\/\\\/racoon-cleaner.nl\\\/de\\\/#website\"},\"datePublished\":\"2020-04-16T07:46:48+00:00\",\"dateModified\":\"2020-04-16T07:46:51+00:00\",\"breadcrumb\":{\"@id\":\"https:\\\/\\\/racoon-cleaner.nl\\\/de\\\/zahlungen\\\/#breadcrumb\"},\"inLanguage\":\"de\",\"potentialAction\":[{\"@type\":\"ReadAction\",\"target\":[\"https:\\\/\\\/racoon-cleaner.nl\\\/de\\\/zahlungen\\\/\"]}]},{\"@type\":\"BreadcrumbList\",\"@id\":\"https:\\\/\\\/racoon-cleaner.nl\\\/de\\\/zahlungen\\\/#breadcrumb\",\"itemListElement\":[{\"@type\":\"ListItem\",\"position\":1,\"name\":\"Home\",\"item\":\"https:\\\/\\\/racoon-cleaner.nl\\\/de\\\/\"},{\"@type\":\"ListItem\",\"position\":2,\"name\":\"Zahlungen\"}]},{\"@type\":\"WebSite\",\"@id\":\"https:\\\/\\\/racoon-cleaner.nl\\\/de\\\/#website\",\"url\":\"https:\\\/\\\/racoon-cleaner.nl\\\/de\\\/\",\"name\":\"Racoon-cleaner\",\"description\":\"Reinigings- en verzorgingsproducten\",\"publisher\":{\"@id\":\"https:\\\/\\\/racoon-cleaner.nl\\\/de\\\/#organization\"},\"potentialAction\":[{\"@type\":\"SearchAction\",\"target\":{\"@type\":\"EntryPoint\",\"urlTemplate\":\"https:\\\/\\\/racoon-cleaner.nl\\\/de\\\/?s={search_term_string}\"},\"query-input\":{\"@type\":\"PropertyValueSpecification\",\"valueRequired\":true,\"valueName\":\"search_term_string\"}}],\"inLanguage\":\"de\"},{\"@type\":\"Organization\",\"@id\":\"https:\\\/\\\/racoon-cleaner.nl\\\/de\\\/#organization\",\"name\":\"Racoon-Cleaner.nl\",\"url\":\"https:\\\/\\\/racoon-cleaner.nl\\\/de\\\/\",\"logo\":{\"@type\":\"ImageObject\",\"inLanguage\":\"de\",\"@id\":\"https:\\\/\\\/racoon-cleaner.nl\\\/de\\\/#\\\/schema\\\/logo\\\/image\\\/\",\"url\":\"https:\\\/\\\/i1.wp.com\\\/racoon-cleaner.nl\\\/wp-content\\\/uploads\\\/2019\\\/12\\\/racoon-logo.png?fit=757%2C754&ssl=1\",\"contentUrl\":\"https:\\\/\\\/i1.wp.com\\\/racoon-cleaner.nl\\\/wp-content\\\/uploads\\\/2019\\\/12\\\/racoon-logo.png?fit=757%2C754&ssl=1\",\"width\":757,\"height\":754,\"caption\":\"Racoon-Cleaner.nl\"},\"image\":{\"@id\":\"https:\\\/\\\/racoon-cleaner.nl\\\/de\\\/#\\\/schema\\\/logo\\\/image\\\/\"}}]}<\/script>\n<!-- \/ Yoast SEO plugin. -->","yoast_head_json":{"title":"Zahlungen - Racoon-Cleaner","robots":{"index":"index","follow":"follow","max-snippet":"max-snippet:-1","max-image-preview":"max-image-preview:large","max-video-preview":"max-video-preview:-1"},"canonical":"https:\/\/racoon-cleaner.nl\/de\/zahlungen\/","og_locale":"de_DE","og_type":"article","og_title":"Zahlungen - Racoon-Cleaner","og_description":"ZahlungenRacoon-Cleaner.nl st ein Webshop, in dem die folgenden Zahlungsoptionen \u00fcber den Zahlungsanbieter Mollie angeboten werden. Sie k\u00f6nnen jederzeit mit iDeal in Holland bezahlen und in Belgien mit Bancontact Mister Cash bezahlen. Racoon-Cleaner.nl verwendet eine sichere und zuverl\u00e4ssige Online-Zahlungsplattform, das sogenannte \"Gateway\" oder \"Internet Checkout\".Haben Sie Zugang zum Internetbanking mit ING \/ Postbank, Rabobank, ABN AMRO, [&hellip;]","og_url":"https:\/\/racoon-cleaner.nl\/de\/zahlungen\/","og_site_name":"Racoon-Cleaner","article_modified_time":"2020-04-16T07:46:51+00:00","twitter_card":"summary_large_image","twitter_misc":{"Gesch\u00e4tzte Lesezeit":"3\u00a0Minuten"},"schema":{"@context":"https:\/\/schema.org","@graph":[{"@type":"WebPage","@id":"https:\/\/racoon-cleaner.nl\/de\/zahlungen\/","url":"https:\/\/racoon-cleaner.nl\/de\/zahlungen\/","name":"Zahlungen - Racoon-Cleaner","isPartOf":{"@id":"https:\/\/racoon-cleaner.nl\/de\/#website"},"datePublished":"2020-04-16T07:46:48+00:00","dateModified":"2020-04-16T07:46:51+00:00","breadcrumb":{"@id":"https:\/\/racoon-cleaner.nl\/de\/zahlungen\/#breadcrumb"},"inLanguage":"de","potentialAction":[{"@type":"ReadAction","target":["https:\/\/racoon-cleaner.nl\/de\/zahlungen\/"]}]},{"@type":"BreadcrumbList","@id":"https:\/\/racoon-cleaner.nl\/de\/zahlungen\/#breadcrumb","itemListElement":[{"@type":"ListItem","position":1,"name":"Home","item":"https:\/\/racoon-cleaner.nl\/de\/"},{"@type":"ListItem","position":2,"name":"Zahlungen"}]},{"@type":"WebSite","@id":"https:\/\/racoon-cleaner.nl\/de\/#website","url":"https:\/\/racoon-cleaner.nl\/de\/","name":"Racoon-cleaner","description":"Reinigings- en verzorgingsproducten","publisher":{"@id":"https:\/\/racoon-cleaner.nl\/de\/#organization"},"potentialAction":[{"@type":"SearchAction","target":{"@type":"EntryPoint","urlTemplate":"https:\/\/racoon-cleaner.nl\/de\/?s={search_term_string}"},"query-input":{"@type":"PropertyValueSpecification","valueRequired":true,"valueName":"search_term_string"}}],"inLanguage":"de"},{"@type":"Organization","@id":"https:\/\/racoon-cleaner.nl\/de\/#organization","name":"Racoon-Cleaner.nl","url":"https:\/\/racoon-cleaner.nl\/de\/","logo":{"@type":"ImageObject","inLanguage":"de","@id":"https:\/\/racoon-cleaner.nl\/de\/#\/schema\/logo\/image\/","url":"https:\/\/i1.wp.com\/racoon-cleaner.nl\/wp-content\/uploads\/2019\/12\/racoon-logo.png?fit=757%2C754&ssl=1","contentUrl":"https:\/\/i1.wp.com\/racoon-cleaner.nl\/wp-content\/uploads\/2019\/12\/racoon-logo.png?fit=757%2C754&ssl=1","width":757,"height":754,"caption":"Racoon-Cleaner.nl"},"image":{"@id":"https:\/\/racoon-cleaner.nl\/de\/#\/schema\/logo\/image\/"}}]}},"jetpack_sharing_enabled":true,"_links":{"self":[{"href":"https:\/\/racoon-cleaner.nl\/de\/wp-json\/wp\/v2\/pages\/3220","targetHints":{"allow":["GET"]}}],"collection":[{"href":"https:\/\/racoon-cleaner.nl\/de\/wp-json\/wp\/v2\/pages"}],"about":[{"href":"https:\/\/racoon-cleaner.nl\/de\/wp-json\/wp\/v2\/types\/page"}],"author":[{"embeddable":true,"href":"https:\/\/racoon-cleaner.nl\/de\/wp-json\/wp\/v2\/users\/1"}],"replies":[{"embeddable":true,"href":"https:\/\/racoon-cleaner.nl\/de\/wp-json\/wp\/v2\/comments?post=3220"}],"version-history":[{"count":0,"href":"https:\/\/racoon-cleaner.nl\/de\/wp-json\/wp\/v2\/pages\/3220\/revisions"}],"wp:attachment":[{"href":"https:\/\/racoon-cleaner.nl\/de\/wp-json\/wp\/v2\/media?parent=3220"}],"curies":[{"name":"wp","href":"https:\/\/api.w.org\/{rel}","templated":true}]}}