{"id":3245,"date":"2020-04-16T14:36:23","date_gmt":"2020-04-16T14:36:23","guid":{"rendered":"https:\/\/racoon-cleaner.nl\/rueckgabe-und-garantie\/"},"modified":"2023-04-17T14:06:48","modified_gmt":"2023-04-17T12:06:48","slug":"rueckgabe-und-garantie","status":"publish","type":"page","link":"https:\/\/racoon-cleaner.nl\/de\/rueckgabe-und-garantie\/","title":{"rendered":"R\u00fcckgabe und Garantie"},"content":{"rendered":"<p>[et_pb_section fb_built=&#8220;1&#8243; _builder_version=&#8220;4.16&#8243; background_color=&#8220;rgba(0,0,0,0)&#8220; global_colors_info=&#8220;{}&#8220;][et_pb_row _builder_version=&#8220;4.16&#8243; background_color=&#8220;#ffffff&#8220; global_colors_info=&#8220;{}&#8220;][et_pb_column type=&#8220;4_4&#8243; _builder_version=&#8220;4.16&#8243; global_colors_info=&#8220;{}&#8220;][et_pb_text _builder_version=&#8220;4.16&#8243; custom_margin=&#8220;||||false|false&#8220; custom_padding=&#8220;0px|30px|||false|false&#8220; global_colors_info=&#8220;{}&#8220;]<\/p>\n<h2 style=\"color: #e5007d;\">R\u00fcckgabe und Garantie<\/h2>\n<p>[\/et_pb_text][et_pb_text _builder_version=&#8220;4.16&#8243; global_colors_info=&#8220;{}&#8220;]<\/p>\n<p>Die von Ihnen \u00fcber das Internet erworbene Ware kann innerhalb von 14 Tagen nach Ihrem Kauf zur\u00fcckgegeben oder getauscht werden, sofern sich die Ware in neuem, unbenutztem Zustand befindet und der Kaufbeleg beigef\u00fcgt ist. Das Produkt kann nur unbenutzt und nach M\u00f6glichkeit in der Originalverpackung zur\u00fcckgegeben werden. Die R\u00fccksendekosten sind f\u00fcr Ihr Konto f\u00fcr die R\u00fccksendung der Bestellung.<\/p>\n<p>Der Unternehmer erstattet alle Zahlungen des Verbrauchers, einschlie\u00dflich aller vom Unternehmer fu\u0308r das zuru\u0308ckgegebene Produkt berechneten Versandkosten, unverzu\u0308glich, jedoch innerhalb von 14 Tagen nach dem Tag, an dem der Verbraucher den Widerruf meldet. Sofern der Unternehmer nicht anbietet, das Produkt selbst abzuholen, kann er mit der R\u00fcckzahlung warten, bis er das Produkt erhalten hat oder bis der Verbraucher nachweist, dass er das Produkt zur\u00fcckgegeben hat, je nachdem, welcher Zeitpunkt fr\u00fcher liegt. Der Unternehmer verwendet dieselbe Zahlungsmethode, die der Verbraucher f\u00fcr die R\u00fcckzahlung verwendet hat, es sei denn, der Verbraucher stimmt einer anderen Methode zu. Die R\u00fcckerstattung ist f\u00fcr den Verbraucher kostenlos.<\/p>\n<p>Klicken Sie auf Herunterladen, um das Widerrufsformular anzuzeigen \/ herunterzuladen.<\/p>\n<p>*Sie k\u00f6nnen einen Artikel ausprobieren, wenn dies vern\u00fcnftigerweise erforderlich ist, solange es keine Gebrauchsspuren hinterl\u00e4sst.<\/p>\n<p>[\/et_pb_text][et_pb_accordion _builder_version=&#8220;4.16&#8243; global_colors_info=&#8220;{}&#8220;][et_pb_accordion_item title=&#8220;R\u00fcckgabebedingungen&#8220; _builder_version=&#8220;4.16&#8243; global_colors_info=&#8220;{}&#8220; open=&#8220;off&#8220;]<\/p>\n<p>Im Falle einer R\u00fcckgabe stellen Sie bitte unbedingt sicher, das nachfolgende Punkte erf\u00fcllt sind:<\/p>\n<ul>\n<li>Das Produkt muss unbesch\u00e4digt sein.<\/li>\n<li>Zustand der Verpackung so original wie m\u00f6glich.<\/li>\n<li>Bitte beschriften Sie die Verpackung nicht und versehen Sie die Verpackung nicht mit Aufkleber oder Klebeband wenn m\u00f6glich.<\/li>\n<li>Falls n\u00f6tig, verwenden Sie einen zus\u00e4tzlichen Karton um Sch\u00e4den zu vermeiden.<\/li>\n<p>Nur wenn diese Anforderungen erf\u00fcllt worden sind, k\u00f6nnen wir Ihnen garantieren, dass Sie eine R\u00fcckzahlung innerhalb von 14 Tagen nach R\u00fcckerhalt der Ware erwarten k\u00f6nnen.<\/p>\n<p>[\/et_pb_accordion_item][et_pb_accordion_item title=&#8220;R\u00fccksendung per Post&#8220; _builder_version=&#8220;4.16&#8243; global_colors_info=&#8220;{}&#8220; open=&#8220;off&#8220;]<\/p>\n<p>R\u00fcckgabe oder Umtausch kann durch den Verbraucher durch Zusendung der Ware einschlie\u00dflich der Warenrechnungen auf dem Postweg erfolgen. Lassen Sie das Paket bei einer TNT-Post oder einem DHL-Servicepunkt frankieren. Wir empfehlen versicherten Versand.<\/p>\n<p>Probleme mit dem Versand mit oder durch das Transportunternehmen gehen zu Ihren Lasten. Bewahren Sie daher immer Ihren Versandbeleg auf.<\/p>\n<p><strong>Pass auf! Verpacken Sie die Gegenst\u00e4nde sorgf\u00e4ltig, um Transportsch\u00e4den zu vermeiden.<\/strong><\/p>\n<p>M\u00f6chten Sie einen Artikel gegen einen anderen Artikel austauschen? Sie k\u00f6nnen Ihre Bestellung innerhalb des Testzeitraums zur\u00fccksenden. Sie geben dann eine neue Bestellung im Webshop auf.<\/p>\n<p>[\/et_pb_accordion_item][et_pb_accordion_item title=&#8220;Gesetzliche Gew\u00e4hrleistung&#8220; _builder_version=&#8220;4.16&#8243; global_colors_info=&#8220;{}&#8220; open=&#8220;off&#8220;]<\/p>\n<p>Wenn Sie einen Artikel kaufen, haben Sie, korrekte und sachgem\u00e4\u00dfe Anwendung vorausgesetzt, das Recht auf ordentliche Ware. Sollte der Artikel einmal nicht Ihren Vorstellungen entsprechend funktionieren, wird nach niederl\u00e4ndischer Rechstvorschrift verfahren. Sie Haben uns in diesem Fall innerhalb von 2 Monaten nach Feststellung der Fehlfunktion zu benachrichtige. Nach Erhalt Ihrer Meldung werden wir entscheiden, ob eine Reparatur des Produktes m\u00f6glich ist. Sollte eine Reparatur nicht kurzfristig oder auch gar nicht m\u00f6glich sein, bieten wir an, den Kauf zu stornieren. Der Artikelbetrag wird (teilweise) zur\u00fcckerstattet.<\/p>\n<p>[\/et_pb_accordion_item][et_pb_accordion_item title=&#8220;Zus\u00e4tzliche Garantie&#8220; _builder_version=&#8220;4.16&#8243; global_colors_info=&#8220;{}&#8220; open=&#8220;off&#8220;]<\/p>\n<p>Einige unserer Produkte verf\u00fcgen \u00fcber eine separate Herstellergarantie. Mehr Informationen \u00fcber diese zus\u00e4tzliche Garantie erfahren Sie \u00fcber die Garantieinformationen, welche dem Produktes beiliegen. Diese Garantie gilt nat\u00fcrlich unbeschadet der gesetzlichen Garantiebestimmungen, die Racoon-Cleaner.nl f\u00fcr Sie erf\u00fcllen muss, wie oben beschrieben. Wir empfehlen Ihnen im Falle eines Defektes zun\u00e4chst uns zu kontaktieren. Wir k\u00fcmmern uns f\u00fcr Sie um eine fachgerechte Reparatur. Bitte melden Sie uns einen Defekt so schnell wie m\u00f6glich. Die Kontaktdaten von Racoon-Cleaner.nl finden Sie auf der Rechnung, die Sie bei Lieferung des Produkts erhalten haben, oder auf der Website Racoon-Cleaner.nl.<\/p>\n<p>[\/et_pb_accordion_item][et_pb_accordion_item title=&#8220;Garantie und R\u00fccksendungen schritt f\u00fcr Schritt&#8220; open=&#8220;off&#8220; _builder_version=&#8220;4.16&#8243; global_colors_info=&#8220;{}&#8220;]<\/p>\n<p>M\u00f6chten Sie ein Produkt auf Garantie retournieren? Wenn ja, m\u00f6chten wir Sie bitten die nachfolgenden Schritte zu befolgen, denn nur so ist es uns m\u00f6glich, die Bearbeitung Ihres Anliegens so reibungslos wie m\u00f6glich abzuhandeln.<\/p>\n<ul>\n<li>Kontaktieren Sie unseren Kundenservice, wenn Sie ein Produkt retournieren m\u00f6chten.<\/li>\n<li>Wenden Sie sich an Racoon-Cleaner.nl, ob Sie den Artikel zur\u00fccksenden sollten oder ob es am besten ist, unsere Adresse zu besuchen.<\/li>\n<li>Wenn Sie mit der Bearbeitung Ihres Garantiefalls nicht zufrieden sind, k\u00f6nnen Sie sich unter racoon-cleaner.nl an unseren zentralen Kundendienst wenden. <\/li>\n<p>[\/et_pb_accordion_item][et_pb_accordion_item title=&#8220;Prozedur Beanstandungen&#8220; _builder_version=&#8220;4.16&#8243; global_colors_info=&#8220;{}&#8220; open=&#8220;on&#8220;]<\/p>\n<p><strong>Einreichung<\/strong><br \/>Es ist nat\u00fcrlich \u00e4rgerlich, wenn Sie eine Beschwerde \u00fcber den Service haben, wie Sie ihn erlebt haben.<br \/>Wir bitten Sie jedoch, Ihre Beschwerde per E-Mail an die Kundenkontaktabteilung weiterzuleiten.<br \/>Dies kann per E-Mail, Post und \/ oder Telefon erfolgen.<\/p>\n<p>Unsere Mitarbeiter aus der Kundenkontaktabteilung werden die Beschwerde pr\u00fcfen<br \/>und versuchen Sie, die Beschwerde zur Zufriedenheit aller zu l\u00f6sen.<\/p>\n<p>Sie haben zwei M\u00f6glichkeiten Ihre Reklamation einzureichen:<\/p>\n<p><strong>Schriftlich:<\/strong><br \/>Eine Beschwerde kann per Post an folgende Adresse gemeldet werden<\/p>\n<p>Racoon-Cleaner.nl<br \/>Abteilung Beschwerden<br \/>Jeverweg 12<br \/>9723 JE Groningen<\/p>\n<p>oder<\/p>\n<p>info@racoon-cleaner.nl<\/p>\n<p>Nummer der Handelskammer: 02009819<br \/>Umsatzsteuer-Identifikationsnummer: NL004166097B01<\/p>\n<p><strong>Per Telefon:<\/strong><br \/>melden Sie uns Ihre Reklamation fernm\u00fcndlich unter der Rufnummer: +31 (0)50 544 53 46<\/p>\n<p>Nach Eingang Ihrer Beschwerde erhalten Sie eine Best\u00e4tigung von uns.<br \/>Wir werden Ihre Beschwerde innerhalb von 14 Tagen nach Erhalt beantworten. Wenn sie mehr Zeit ben\u00f6tigt, werden wir Sie benachrichtigen.<\/p>\n<p><span>Wenn Sie dies nicht sch\u00e4tzen, k\u00f6nnen Sie sich jederzeit an die Vermittlungsabteilung des Stichting Webshop Keurmerk wenden, der www.racoon-cleaner.nl angeschlossen ist. Ab dem 15. Februar 2016 k\u00f6nnen Verbraucher in der EU auch Beschwerden \u00fcber die ODR-Plattform der Europ\u00e4ischen Kommission registrieren. Diese ODR-Plattform finden Sie unter <a href=\"https:\/\/ec.europa.eu\/consumers\/odr\/main\/index.cfm?event=main.home.chooseLanguage\">https:\/\/ec.europa.eu\/consumers\/odr\/main\/index.cfm?event=main.home.chooseLanguage<\/a> . Wenn die Beschwerde an anderer Stelle noch nicht anh\u00e4ngig ist, k\u00f6nnen Sie die Beschwerde \u00fcber die Plattform der Europ\u00e4ischen Union einreichen.<\/span><\/p>\n<p><strong>Abhandlung<\/strong><br \/>Bedingungen und Konditionen f\u00fcr eine Reklamation:<\/p>\n<ol>\n<li type=\"disc\">Bitte nennen Sie uns Ihren Namen, Ihre vollst\u00e4ndige Adresse, Rufnummer sowie email-Kontakt.<\/li>\n<li type=\"disc\">Eine klare Beschreibung der Reklamation ist notwendig.<\/li>\n<li type=\"disc\">Nachweis \u00fcber den Bezug (Lieferrechnung) ist beizuf\u00fcgen.<\/li>\n<\/ol>\n<p>[\/et_pb_accordion_item][\/et_pb_accordion][\/et_pb_column][\/et_pb_row][\/et_pb_section]<\/p>\n<span class=\"et_bloom_bottom_trigger\"><\/span>","protected":false},"excerpt":{"rendered":"<p>R\u00fcckgabe und GarantieDie von Ihnen \u00fcber das Internet erworbene Ware kann innerhalb von 14 Tagen nach Ihrem Kauf zur\u00fcckgegeben oder getauscht werden, sofern sich die Ware in neuem, unbenutztem Zustand befindet und der Kaufbeleg beigef\u00fcgt ist. Das Produkt kann nur unbenutzt und nach M\u00f6glichkeit in der Originalverpackung zur\u00fcckgegeben werden. Die R\u00fccksendekosten sind f\u00fcr Ihr Konto [&hellip;]<\/p>\n","protected":false},"author":1,"featured_media":0,"parent":0,"menu_order":0,"comment_status":"closed","ping_status":"closed","template":"","meta":{"_et_pb_use_builder":"on","_et_pb_old_content":"","_et_gb_content_width":"","footnotes":""},"class_list":["post-3245","page","type-page","status-publish","hentry"],"yoast_head":"<!-- This site is optimized with the Yoast SEO plugin v27.4 - https:\/\/yoast.com\/product\/yoast-seo-wordpress\/ -->\n<title>R\u00fcckgabe und Garantie - Racoon-Cleaner<\/title>\n<meta name=\"robots\" content=\"index, follow, max-snippet:-1, max-image-preview:large, max-video-preview:-1\" \/>\n<link rel=\"canonical\" href=\"https:\/\/racoon-cleaner.nl\/de\/rueckgabe-und-garantie\/\" \/>\n<meta property=\"og:locale\" content=\"de_DE\" \/>\n<meta property=\"og:type\" content=\"article\" \/>\n<meta property=\"og:title\" content=\"R\u00fcckgabe und Garantie - Racoon-Cleaner\" \/>\n<meta property=\"og:description\" content=\"R\u00fcckgabe und GarantieDie von Ihnen \u00fcber das Internet erworbene Ware kann innerhalb von 14 Tagen nach Ihrem Kauf zur\u00fcckgegeben oder getauscht werden, sofern sich die Ware in neuem, unbenutztem Zustand befindet und der Kaufbeleg beigef\u00fcgt ist. Das Produkt kann nur unbenutzt und nach M\u00f6glichkeit in der Originalverpackung zur\u00fcckgegeben werden. Die R\u00fccksendekosten sind f\u00fcr Ihr Konto [&hellip;]\" \/>\n<meta property=\"og:url\" content=\"https:\/\/racoon-cleaner.nl\/de\/rueckgabe-und-garantie\/\" \/>\n<meta property=\"og:site_name\" content=\"Racoon-Cleaner\" \/>\n<meta property=\"article:modified_time\" content=\"2023-04-17T12:06:48+00:00\" \/>\n<meta name=\"twitter:card\" content=\"summary_large_image\" \/>\n<meta name=\"twitter:label1\" content=\"Gesch\u00e4tzte Lesezeit\" \/>\n\t<meta name=\"twitter:data1\" content=\"6\u00a0Minuten\" \/>\n<script type=\"application\/ld+json\" class=\"yoast-schema-graph\">{\"@context\":\"https:\\\/\\\/schema.org\",\"@graph\":[{\"@type\":\"WebPage\",\"@id\":\"https:\\\/\\\/racoon-cleaner.nl\\\/de\\\/rueckgabe-und-garantie\\\/\",\"url\":\"https:\\\/\\\/racoon-cleaner.nl\\\/de\\\/rueckgabe-und-garantie\\\/\",\"name\":\"R\u00fcckgabe und Garantie - Racoon-Cleaner\",\"isPartOf\":{\"@id\":\"https:\\\/\\\/racoon-cleaner.nl\\\/de\\\/#website\"},\"datePublished\":\"2020-04-16T14:36:23+00:00\",\"dateModified\":\"2023-04-17T12:06:48+00:00\",\"breadcrumb\":{\"@id\":\"https:\\\/\\\/racoon-cleaner.nl\\\/de\\\/rueckgabe-und-garantie\\\/#breadcrumb\"},\"inLanguage\":\"de\",\"potentialAction\":[{\"@type\":\"ReadAction\",\"target\":[\"https:\\\/\\\/racoon-cleaner.nl\\\/de\\\/rueckgabe-und-garantie\\\/\"]}]},{\"@type\":\"BreadcrumbList\",\"@id\":\"https:\\\/\\\/racoon-cleaner.nl\\\/de\\\/rueckgabe-und-garantie\\\/#breadcrumb\",\"itemListElement\":[{\"@type\":\"ListItem\",\"position\":1,\"name\":\"Home\",\"item\":\"https:\\\/\\\/racoon-cleaner.nl\\\/de\\\/\"},{\"@type\":\"ListItem\",\"position\":2,\"name\":\"R\u00fcckgabe und Garantie\"}]},{\"@type\":\"WebSite\",\"@id\":\"https:\\\/\\\/racoon-cleaner.nl\\\/de\\\/#website\",\"url\":\"https:\\\/\\\/racoon-cleaner.nl\\\/de\\\/\",\"name\":\"Racoon-cleaner\",\"description\":\"Reinigings- en verzorgingsproducten\",\"publisher\":{\"@id\":\"https:\\\/\\\/racoon-cleaner.nl\\\/de\\\/#organization\"},\"potentialAction\":[{\"@type\":\"SearchAction\",\"target\":{\"@type\":\"EntryPoint\",\"urlTemplate\":\"https:\\\/\\\/racoon-cleaner.nl\\\/de\\\/?s={search_term_string}\"},\"query-input\":{\"@type\":\"PropertyValueSpecification\",\"valueRequired\":true,\"valueName\":\"search_term_string\"}}],\"inLanguage\":\"de\"},{\"@type\":\"Organization\",\"@id\":\"https:\\\/\\\/racoon-cleaner.nl\\\/de\\\/#organization\",\"name\":\"Racoon-Cleaner.nl\",\"url\":\"https:\\\/\\\/racoon-cleaner.nl\\\/de\\\/\",\"logo\":{\"@type\":\"ImageObject\",\"inLanguage\":\"de\",\"@id\":\"https:\\\/\\\/racoon-cleaner.nl\\\/de\\\/#\\\/schema\\\/logo\\\/image\\\/\",\"url\":\"https:\\\/\\\/i1.wp.com\\\/racoon-cleaner.nl\\\/wp-content\\\/uploads\\\/2019\\\/12\\\/racoon-logo.png?fit=757%2C754&ssl=1\",\"contentUrl\":\"https:\\\/\\\/i1.wp.com\\\/racoon-cleaner.nl\\\/wp-content\\\/uploads\\\/2019\\\/12\\\/racoon-logo.png?fit=757%2C754&ssl=1\",\"width\":757,\"height\":754,\"caption\":\"Racoon-Cleaner.nl\"},\"image\":{\"@id\":\"https:\\\/\\\/racoon-cleaner.nl\\\/de\\\/#\\\/schema\\\/logo\\\/image\\\/\"}}]}<\/script>\n<!-- \/ Yoast SEO plugin. -->","yoast_head_json":{"title":"R\u00fcckgabe und Garantie - Racoon-Cleaner","robots":{"index":"index","follow":"follow","max-snippet":"max-snippet:-1","max-image-preview":"max-image-preview:large","max-video-preview":"max-video-preview:-1"},"canonical":"https:\/\/racoon-cleaner.nl\/de\/rueckgabe-und-garantie\/","og_locale":"de_DE","og_type":"article","og_title":"R\u00fcckgabe und Garantie - Racoon-Cleaner","og_description":"R\u00fcckgabe und GarantieDie von Ihnen \u00fcber das Internet erworbene Ware kann innerhalb von 14 Tagen nach Ihrem Kauf zur\u00fcckgegeben oder getauscht werden, sofern sich die Ware in neuem, unbenutztem Zustand befindet und der Kaufbeleg beigef\u00fcgt ist. Das Produkt kann nur unbenutzt und nach M\u00f6glichkeit in der Originalverpackung zur\u00fcckgegeben werden. Die R\u00fccksendekosten sind f\u00fcr Ihr Konto [&hellip;]","og_url":"https:\/\/racoon-cleaner.nl\/de\/rueckgabe-und-garantie\/","og_site_name":"Racoon-Cleaner","article_modified_time":"2023-04-17T12:06:48+00:00","twitter_card":"summary_large_image","twitter_misc":{"Gesch\u00e4tzte Lesezeit":"6\u00a0Minuten"},"schema":{"@context":"https:\/\/schema.org","@graph":[{"@type":"WebPage","@id":"https:\/\/racoon-cleaner.nl\/de\/rueckgabe-und-garantie\/","url":"https:\/\/racoon-cleaner.nl\/de\/rueckgabe-und-garantie\/","name":"R\u00fcckgabe und Garantie - Racoon-Cleaner","isPartOf":{"@id":"https:\/\/racoon-cleaner.nl\/de\/#website"},"datePublished":"2020-04-16T14:36:23+00:00","dateModified":"2023-04-17T12:06:48+00:00","breadcrumb":{"@id":"https:\/\/racoon-cleaner.nl\/de\/rueckgabe-und-garantie\/#breadcrumb"},"inLanguage":"de","potentialAction":[{"@type":"ReadAction","target":["https:\/\/racoon-cleaner.nl\/de\/rueckgabe-und-garantie\/"]}]},{"@type":"BreadcrumbList","@id":"https:\/\/racoon-cleaner.nl\/de\/rueckgabe-und-garantie\/#breadcrumb","itemListElement":[{"@type":"ListItem","position":1,"name":"Home","item":"https:\/\/racoon-cleaner.nl\/de\/"},{"@type":"ListItem","position":2,"name":"R\u00fcckgabe und Garantie"}]},{"@type":"WebSite","@id":"https:\/\/racoon-cleaner.nl\/de\/#website","url":"https:\/\/racoon-cleaner.nl\/de\/","name":"Racoon-cleaner","description":"Reinigings- en verzorgingsproducten","publisher":{"@id":"https:\/\/racoon-cleaner.nl\/de\/#organization"},"potentialAction":[{"@type":"SearchAction","target":{"@type":"EntryPoint","urlTemplate":"https:\/\/racoon-cleaner.nl\/de\/?s={search_term_string}"},"query-input":{"@type":"PropertyValueSpecification","valueRequired":true,"valueName":"search_term_string"}}],"inLanguage":"de"},{"@type":"Organization","@id":"https:\/\/racoon-cleaner.nl\/de\/#organization","name":"Racoon-Cleaner.nl","url":"https:\/\/racoon-cleaner.nl\/de\/","logo":{"@type":"ImageObject","inLanguage":"de","@id":"https:\/\/racoon-cleaner.nl\/de\/#\/schema\/logo\/image\/","url":"https:\/\/i1.wp.com\/racoon-cleaner.nl\/wp-content\/uploads\/2019\/12\/racoon-logo.png?fit=757%2C754&ssl=1","contentUrl":"https:\/\/i1.wp.com\/racoon-cleaner.nl\/wp-content\/uploads\/2019\/12\/racoon-logo.png?fit=757%2C754&ssl=1","width":757,"height":754,"caption":"Racoon-Cleaner.nl"},"image":{"@id":"https:\/\/racoon-cleaner.nl\/de\/#\/schema\/logo\/image\/"}}]}},"jetpack_sharing_enabled":true,"_links":{"self":[{"href":"https:\/\/racoon-cleaner.nl\/de\/wp-json\/wp\/v2\/pages\/3245","targetHints":{"allow":["GET"]}}],"collection":[{"href":"https:\/\/racoon-cleaner.nl\/de\/wp-json\/wp\/v2\/pages"}],"about":[{"href":"https:\/\/racoon-cleaner.nl\/de\/wp-json\/wp\/v2\/types\/page"}],"author":[{"embeddable":true,"href":"https:\/\/racoon-cleaner.nl\/de\/wp-json\/wp\/v2\/users\/1"}],"replies":[{"embeddable":true,"href":"https:\/\/racoon-cleaner.nl\/de\/wp-json\/wp\/v2\/comments?post=3245"}],"version-history":[{"count":3,"href":"https:\/\/racoon-cleaner.nl\/de\/wp-json\/wp\/v2\/pages\/3245\/revisions"}],"predecessor-version":[{"id":6595,"href":"https:\/\/racoon-cleaner.nl\/de\/wp-json\/wp\/v2\/pages\/3245\/revisions\/6595"}],"wp:attachment":[{"href":"https:\/\/racoon-cleaner.nl\/de\/wp-json\/wp\/v2\/media?parent=3245"}],"curies":[{"name":"wp","href":"https:\/\/api.w.org\/{rel}","templated":true}]}}