{"id":2040,"date":"2020-08-07T15:09:11","date_gmt":"2020-04-09T08:09:07","guid":{"rendered":"https:\/\/racoon-cleaner.nl\/product\/racoon-alcoholic-reiniger-entfetter-500ml\/"},"modified":"2020-04-09T08:09:14","modified_gmt":"2020-04-09T08:09:14","slug":"racoon-alcoholic-reiniger-entfetter-500ml","status":"publish","type":"product","link":"https:\/\/racoon-cleaner.nl\/de\/produkt\/reinigung-vorbereitung\/reinigungsmittel\/racoon-alcoholic-reiniger-entfetter-500ml\/","title":{"rendered":"Racoon ALCOHOLIC  Reiniger \/ Entfetter &#8211; 500ml"},"content":{"rendered":"<p># ALCOHOLIC   Reiniger \/ Entfetter<\/p>\n<p>Die optimale Vorbereitung &#8211; vor jedem Auftragen von Wachs und Coatings!<\/p>\n<p>Die Fl\u00e4chen werden schonend, r\u00fcckstandslos gereinigt und gr\u00fcndlich entfettet.<br \/>\nSelbst R\u00fcckst\u00e4nde von alten Polituren oder Wachsen,  von \u00d6len und Fetten werden schnell zuverl\u00e4ssig entfernt! <\/p>\n<p>Die Lackfl\u00e4chen sind danach gleitend-glatt und antistatisch! Ein schnelles Anhaften von Staubpartikeln wird somit verhindert! Neue Beschichtungen haften besser, wodurch auch deren Schutzwirkung l\u00e4nger anh\u00e4lt!<\/p>\n<p>Racoon ALCOHOLIC eignet sich auch hervorragend zur gr\u00fcndlichen Reinigung von Folien und matten Lacken! <\/p>\n<p>Erh\u00e4ltlich in 100ml und 500ml Flaschen, sowie im 5 Ltr Kanister.<\/p>\n<p>Vor Gebrauch gut sch\u00fctteln! Wir empfehlen das Tragen von Einweghandschuhen!<br \/>\nNicht auf hei\u00dfen Fl\u00e4chen und bei Sonneneinwirkung anwenden!<\/p>\n<p>Den Reiniger direkt nach der Fahrzeugw\u00e4sche wahlweise auf ein Tuch oder die Fl\u00e4che spr\u00fchen und verteilen. Nach kurzer Abluft-Zeit mit einem Mikrofasertuch, das zum Abtragen und Auspolieren geeignet ist, sauber abwischen, ggf. wiederholen.<\/p>\n<span class=\"et_bloom_bottom_trigger\"><\/span>","protected":false},"excerpt":{"rendered":"<p>Racoon ALCOHOLIC  Reiniger \/ Entfetter &#8211; 500ml<\/p>\n","protected":false},"featured_media":4266,"comment_status":"closed","ping_status":"open","template":"","meta":{"_et_pb_use_builder":"","_et_pb_old_content":"","_et_gb_content_width":""},"product_brand":[],"product_cat":[391,397],"product_tag":[189],"class_list":{"0":"post-2040","1":"product","2":"type-product","3":"status-publish","4":"has-post-thumbnail","6":"product_cat-reinigung-vorbereitung","7":"product_cat-reinigungsmittel","8":"product_tag-wasch-poliermittel","9":"pa_kleur-blau","10":"pa_materiaal-flussigkeit","12":"first","13":"instock","14":"taxable","15":"shipping-taxable","16":"purchasable","17":"product-type-simple"},"yoast_head":"<!-- This site is optimized with the Yoast SEO plugin v27.4 - https:\/\/yoast.com\/product\/yoast-seo-wordpress\/ -->\n<title>Racoon ALCOHOLIC Reiniger \/ Entfetter - 500ml - Racoon-Cleaner<\/title>\n<meta name=\"robots\" content=\"index, follow, max-snippet:-1, max-image-preview:large, max-video-preview:-1\" \/>\n<link rel=\"canonical\" href=\"https:\/\/racoon-cleaner.nl\/de\/produkt\/reinigung-vorbereitung\/reinigungsmittel\/racoon-alcoholic-reiniger-entfetter-500ml\/\" \/>\n<meta property=\"og:locale\" content=\"de_DE\" \/>\n<meta property=\"og:type\" content=\"article\" \/>\n<meta property=\"og:title\" content=\"Racoon ALCOHOLIC Reiniger \/ Entfetter - 500ml - Racoon-Cleaner\" \/>\n<meta property=\"og:description\" content=\"Racoon ALCOHOLIC Reiniger \/ Entfetter - 500ml\" \/>\n<meta property=\"og:url\" content=\"https:\/\/racoon-cleaner.nl\/de\/produkt\/reinigung-vorbereitung\/reinigungsmittel\/racoon-alcoholic-reiniger-entfetter-500ml\/\" \/>\n<meta property=\"og:site_name\" content=\"Racoon-Cleaner\" \/>\n<meta property=\"article:modified_time\" content=\"2020-04-09T08:09:14+00:00\" \/>\n<meta property=\"og:image\" content=\"https:\/\/i0.wp.com\/racoon-cleaner.nl\/wp-content\/uploads\/2020\/08\/RN_ALC500_1.jpg?fit=800%2C800&ssl=1\" \/>\n\t<meta property=\"og:image:width\" content=\"800\" \/>\n\t<meta property=\"og:image:height\" content=\"800\" \/>\n\t<meta property=\"og:image:type\" content=\"image\/jpeg\" \/>\n<meta name=\"twitter:card\" content=\"summary_large_image\" \/>\n<meta name=\"twitter:label1\" content=\"Gesch\u00e4tzte Lesezeit\" \/>\n\t<meta name=\"twitter:data1\" content=\"1\u00a0Minute\" \/>\n<script type=\"application\/ld+json\" class=\"yoast-schema-graph\">{\"@context\":\"https:\\\/\\\/schema.org\",\"@graph\":[{\"@type\":\"WebPage\",\"@id\":\"https:\\\/\\\/racoon-cleaner.nl\\\/de\\\/produkt\\\/reinigung-vorbereitung\\\/reinigungsmittel\\\/racoon-alcoholic-reiniger-entfetter-500ml\\\/\",\"url\":\"https:\\\/\\\/racoon-cleaner.nl\\\/de\\\/produkt\\\/reinigung-vorbereitung\\\/reinigungsmittel\\\/racoon-alcoholic-reiniger-entfetter-500ml\\\/\",\"name\":\"Racoon ALCOHOLIC Reiniger \\\/ Entfetter - 500ml - Racoon-Cleaner\",\"isPartOf\":{\"@id\":\"https:\\\/\\\/racoon-cleaner.nl\\\/de\\\/#website\"},\"primaryImageOfPage\":{\"@id\":\"https:\\\/\\\/racoon-cleaner.nl\\\/de\\\/produkt\\\/reinigung-vorbereitung\\\/reinigungsmittel\\\/racoon-alcoholic-reiniger-entfetter-500ml\\\/#primaryimage\"},\"image\":{\"@id\":\"https:\\\/\\\/racoon-cleaner.nl\\\/de\\\/produkt\\\/reinigung-vorbereitung\\\/reinigungsmittel\\\/racoon-alcoholic-reiniger-entfetter-500ml\\\/#primaryimage\"},\"thumbnailUrl\":\"https:\\\/\\\/racoon-cleaner.nl\\\/wp-content\\\/uploads\\\/2020\\\/08\\\/RN_ALC500_1.jpg\",\"datePublished\":\"2020-04-09T08:09:07+00:00\",\"dateModified\":\"2020-04-09T08:09:14+00:00\",\"breadcrumb\":{\"@id\":\"https:\\\/\\\/racoon-cleaner.nl\\\/de\\\/produkt\\\/reinigung-vorbereitung\\\/reinigungsmittel\\\/racoon-alcoholic-reiniger-entfetter-500ml\\\/#breadcrumb\"},\"inLanguage\":\"de\",\"potentialAction\":[{\"@type\":\"ReadAction\",\"target\":[\"https:\\\/\\\/racoon-cleaner.nl\\\/de\\\/produkt\\\/reinigung-vorbereitung\\\/reinigungsmittel\\\/racoon-alcoholic-reiniger-entfetter-500ml\\\/\"]}]},{\"@type\":\"ImageObject\",\"inLanguage\":\"de\",\"@id\":\"https:\\\/\\\/racoon-cleaner.nl\\\/de\\\/produkt\\\/reinigung-vorbereitung\\\/reinigungsmittel\\\/racoon-alcoholic-reiniger-entfetter-500ml\\\/#primaryimage\",\"url\":\"https:\\\/\\\/racoon-cleaner.nl\\\/wp-content\\\/uploads\\\/2020\\\/08\\\/RN_ALC500_1.jpg\",\"contentUrl\":\"https:\\\/\\\/racoon-cleaner.nl\\\/wp-content\\\/uploads\\\/2020\\\/08\\\/RN_ALC500_1.jpg\",\"width\":800,\"height\":800},{\"@type\":\"BreadcrumbList\",\"@id\":\"https:\\\/\\\/racoon-cleaner.nl\\\/de\\\/produkt\\\/reinigung-vorbereitung\\\/reinigungsmittel\\\/racoon-alcoholic-reiniger-entfetter-500ml\\\/#breadcrumb\",\"itemListElement\":[{\"@type\":\"ListItem\",\"position\":1,\"name\":\"Home\",\"item\":\"https:\\\/\\\/racoon-cleaner.nl\\\/de\\\/\"},{\"@type\":\"ListItem\",\"position\":2,\"name\":\"Shop\",\"item\":\"https:\\\/\\\/racoon-cleaner.nl\\\/de\\\/shop\\\/\"},{\"@type\":\"ListItem\",\"position\":3,\"name\":\"Racoon ALCOHOLIC Reiniger \\\/ Entfetter &#8211; 500ml\"}]},{\"@type\":\"WebSite\",\"@id\":\"https:\\\/\\\/racoon-cleaner.nl\\\/de\\\/#website\",\"url\":\"https:\\\/\\\/racoon-cleaner.nl\\\/de\\\/\",\"name\":\"Racoon-cleaner\",\"description\":\"Reinigings- en verzorgingsproducten\",\"publisher\":{\"@id\":\"https:\\\/\\\/racoon-cleaner.nl\\\/de\\\/#organization\"},\"potentialAction\":[{\"@type\":\"SearchAction\",\"target\":{\"@type\":\"EntryPoint\",\"urlTemplate\":\"https:\\\/\\\/racoon-cleaner.nl\\\/de\\\/?s={search_term_string}\"},\"query-input\":{\"@type\":\"PropertyValueSpecification\",\"valueRequired\":true,\"valueName\":\"search_term_string\"}}],\"inLanguage\":\"de\"},{\"@type\":\"Organization\",\"@id\":\"https:\\\/\\\/racoon-cleaner.nl\\\/de\\\/#organization\",\"name\":\"Racoon-Cleaner.nl\",\"url\":\"https:\\\/\\\/racoon-cleaner.nl\\\/de\\\/\",\"logo\":{\"@type\":\"ImageObject\",\"inLanguage\":\"de\",\"@id\":\"https:\\\/\\\/racoon-cleaner.nl\\\/de\\\/#\\\/schema\\\/logo\\\/image\\\/\",\"url\":\"https:\\\/\\\/i1.wp.com\\\/racoon-cleaner.nl\\\/wp-content\\\/uploads\\\/2019\\\/12\\\/racoon-logo.png?fit=757%2C754&ssl=1\",\"contentUrl\":\"https:\\\/\\\/i1.wp.com\\\/racoon-cleaner.nl\\\/wp-content\\\/uploads\\\/2019\\\/12\\\/racoon-logo.png?fit=757%2C754&ssl=1\",\"width\":757,\"height\":754,\"caption\":\"Racoon-Cleaner.nl\"},\"image\":{\"@id\":\"https:\\\/\\\/racoon-cleaner.nl\\\/de\\\/#\\\/schema\\\/logo\\\/image\\\/\"}}]}<\/script>\n<!-- \/ Yoast SEO plugin. -->","yoast_head_json":{"title":"Racoon ALCOHOLIC Reiniger \/ Entfetter - 500ml - Racoon-Cleaner","robots":{"index":"index","follow":"follow","max-snippet":"max-snippet:-1","max-image-preview":"max-image-preview:large","max-video-preview":"max-video-preview:-1"},"canonical":"https:\/\/racoon-cleaner.nl\/de\/produkt\/reinigung-vorbereitung\/reinigungsmittel\/racoon-alcoholic-reiniger-entfetter-500ml\/","og_locale":"de_DE","og_type":"article","og_title":"Racoon ALCOHOLIC Reiniger \/ Entfetter - 500ml - Racoon-Cleaner","og_description":"Racoon ALCOHOLIC Reiniger \/ Entfetter - 500ml","og_url":"https:\/\/racoon-cleaner.nl\/de\/produkt\/reinigung-vorbereitung\/reinigungsmittel\/racoon-alcoholic-reiniger-entfetter-500ml\/","og_site_name":"Racoon-Cleaner","article_modified_time":"2020-04-09T08:09:14+00:00","og_image":[{"width":800,"height":800,"url":"https:\/\/i0.wp.com\/racoon-cleaner.nl\/wp-content\/uploads\/2020\/08\/RN_ALC500_1.jpg?fit=800%2C800&ssl=1","type":"image\/jpeg"}],"twitter_card":"summary_large_image","twitter_misc":{"Gesch\u00e4tzte Lesezeit":"1\u00a0Minute"},"schema":{"@context":"https:\/\/schema.org","@graph":[{"@type":"WebPage","@id":"https:\/\/racoon-cleaner.nl\/de\/produkt\/reinigung-vorbereitung\/reinigungsmittel\/racoon-alcoholic-reiniger-entfetter-500ml\/","url":"https:\/\/racoon-cleaner.nl\/de\/produkt\/reinigung-vorbereitung\/reinigungsmittel\/racoon-alcoholic-reiniger-entfetter-500ml\/","name":"Racoon ALCOHOLIC Reiniger \/ Entfetter - 500ml - Racoon-Cleaner","isPartOf":{"@id":"https:\/\/racoon-cleaner.nl\/de\/#website"},"primaryImageOfPage":{"@id":"https:\/\/racoon-cleaner.nl\/de\/produkt\/reinigung-vorbereitung\/reinigungsmittel\/racoon-alcoholic-reiniger-entfetter-500ml\/#primaryimage"},"image":{"@id":"https:\/\/racoon-cleaner.nl\/de\/produkt\/reinigung-vorbereitung\/reinigungsmittel\/racoon-alcoholic-reiniger-entfetter-500ml\/#primaryimage"},"thumbnailUrl":"https:\/\/racoon-cleaner.nl\/wp-content\/uploads\/2020\/08\/RN_ALC500_1.jpg","datePublished":"2020-04-09T08:09:07+00:00","dateModified":"2020-04-09T08:09:14+00:00","breadcrumb":{"@id":"https:\/\/racoon-cleaner.nl\/de\/produkt\/reinigung-vorbereitung\/reinigungsmittel\/racoon-alcoholic-reiniger-entfetter-500ml\/#breadcrumb"},"inLanguage":"de","potentialAction":[{"@type":"ReadAction","target":["https:\/\/racoon-cleaner.nl\/de\/produkt\/reinigung-vorbereitung\/reinigungsmittel\/racoon-alcoholic-reiniger-entfetter-500ml\/"]}]},{"@type":"ImageObject","inLanguage":"de","@id":"https:\/\/racoon-cleaner.nl\/de\/produkt\/reinigung-vorbereitung\/reinigungsmittel\/racoon-alcoholic-reiniger-entfetter-500ml\/#primaryimage","url":"https:\/\/racoon-cleaner.nl\/wp-content\/uploads\/2020\/08\/RN_ALC500_1.jpg","contentUrl":"https:\/\/racoon-cleaner.nl\/wp-content\/uploads\/2020\/08\/RN_ALC500_1.jpg","width":800,"height":800},{"@type":"BreadcrumbList","@id":"https:\/\/racoon-cleaner.nl\/de\/produkt\/reinigung-vorbereitung\/reinigungsmittel\/racoon-alcoholic-reiniger-entfetter-500ml\/#breadcrumb","itemListElement":[{"@type":"ListItem","position":1,"name":"Home","item":"https:\/\/racoon-cleaner.nl\/de\/"},{"@type":"ListItem","position":2,"name":"Shop","item":"https:\/\/racoon-cleaner.nl\/de\/shop\/"},{"@type":"ListItem","position":3,"name":"Racoon ALCOHOLIC Reiniger \/ Entfetter &#8211; 500ml"}]},{"@type":"WebSite","@id":"https:\/\/racoon-cleaner.nl\/de\/#website","url":"https:\/\/racoon-cleaner.nl\/de\/","name":"Racoon-cleaner","description":"Reinigings- en verzorgingsproducten","publisher":{"@id":"https:\/\/racoon-cleaner.nl\/de\/#organization"},"potentialAction":[{"@type":"SearchAction","target":{"@type":"EntryPoint","urlTemplate":"https:\/\/racoon-cleaner.nl\/de\/?s={search_term_string}"},"query-input":{"@type":"PropertyValueSpecification","valueRequired":true,"valueName":"search_term_string"}}],"inLanguage":"de"},{"@type":"Organization","@id":"https:\/\/racoon-cleaner.nl\/de\/#organization","name":"Racoon-Cleaner.nl","url":"https:\/\/racoon-cleaner.nl\/de\/","logo":{"@type":"ImageObject","inLanguage":"de","@id":"https:\/\/racoon-cleaner.nl\/de\/#\/schema\/logo\/image\/","url":"https:\/\/i1.wp.com\/racoon-cleaner.nl\/wp-content\/uploads\/2019\/12\/racoon-logo.png?fit=757%2C754&ssl=1","contentUrl":"https:\/\/i1.wp.com\/racoon-cleaner.nl\/wp-content\/uploads\/2019\/12\/racoon-logo.png?fit=757%2C754&ssl=1","width":757,"height":754,"caption":"Racoon-Cleaner.nl"},"image":{"@id":"https:\/\/racoon-cleaner.nl\/de\/#\/schema\/logo\/image\/"}}]}},"jetpack_sharing_enabled":true,"_links":{"self":[{"href":"https:\/\/racoon-cleaner.nl\/de\/wp-json\/wp\/v2\/product\/2040","targetHints":{"allow":["GET"]}}],"collection":[{"href":"https:\/\/racoon-cleaner.nl\/de\/wp-json\/wp\/v2\/product"}],"about":[{"href":"https:\/\/racoon-cleaner.nl\/de\/wp-json\/wp\/v2\/types\/product"}],"replies":[{"embeddable":true,"href":"https:\/\/racoon-cleaner.nl\/de\/wp-json\/wp\/v2\/comments?post=2040"}],"wp:featuredmedia":[{"embeddable":true,"href":"https:\/\/racoon-cleaner.nl\/de\/wp-json\/wp\/v2\/media\/4266"}],"wp:attachment":[{"href":"https:\/\/racoon-cleaner.nl\/de\/wp-json\/wp\/v2\/media?parent=2040"}],"wp:term":[{"taxonomy":"product_brand","embeddable":true,"href":"https:\/\/racoon-cleaner.nl\/de\/wp-json\/wp\/v2\/product_brand?post=2040"},{"taxonomy":"product_cat","embeddable":true,"href":"https:\/\/racoon-cleaner.nl\/de\/wp-json\/wp\/v2\/product_cat?post=2040"},{"taxonomy":"product_tag","embeddable":true,"href":"https:\/\/racoon-cleaner.nl\/de\/wp-json\/wp\/v2\/product_tag?post=2040"}],"curies":[{"name":"wp","href":"https:\/\/api.w.org\/{rel}","templated":true}]}}