{"id":2059,"date":"2020-08-07T15:18:53","date_gmt":"2020-04-09T08:09:24","guid":{"rendered":"https:\/\/racoon-cleaner.nl\/product\/racoon-green-mamba-car-shampoo-ph-neutral-1000ml\/"},"modified":"2020-04-09T08:09:53","modified_gmt":"2020-04-09T08:09:53","slug":"racoon-green-mamba-car-shampoo-ph-neutral-1000ml","status":"publish","type":"product","link":"https:\/\/racoon-cleaner.nl\/de\/produkt\/waschen\/shampoos-de\/racoon-green-mamba-car-shampoo-ph-neutral-1000ml\/","title":{"rendered":"Racoon GREEN MAMBA Car Shampoo \/ pH neutral &#8211; 1000ml"},"content":{"rendered":"<p># GREEN MAMBA  Car Shampoo &#8211; pH neutral <\/p>\n<p>Unser Klassiker!  Jetzt aber mit noch besserer Reinigungskraft und einem frischen Duft!<\/p>\n<p>Das neue Racoon &#8218;GREEN MAMBA Shampoo&#8216; sorgt trotz seiner milden und pH neutralen Formulierung f\u00fcr eine gr\u00fcndliche und zuverl\u00e4ssige Fahrzeugw\u00e4sche, ohne dabei den Lack oder bestehende Wachsschichten und Lackversiegelungen \/ Coatings anzugreifen. Selbst bei h\u00e4ufiger Fahrzeugw\u00e4sche mit diesem Shampoo wird die Haltbarkeit der Versiegelungen nicht beeintr\u00e4chtigt!<\/p>\n<p>Durch waschaktive Tenside werden alle g\u00e4ngigen Schmutzablagerungen auf Lack, Glas und Kunststoff zuverl\u00e4ssig gel\u00f6st und die Gefahr von Mikro-Kratzern bei der  Handw\u00e4sche wird zudem durch innovative Gleitadditive noch mehr reduziert! <\/p>\n<p>Das Shampoo l\u00e4sst sich dann nach dem Waschvorgang ganz leicht mit klarem Wasser absp\u00fclen und hinterl\u00e4sst keinerlei Flecken oder Schlieren!<\/p>\n<p>&#8211; Green Mamba &#8211; Reinigt kraftvoll und effektiv!<br \/>\n&#8211; Green Mamba &#8211; Aber schonend zu Material und Umwelt!<br \/>\n&#8211; Green Mamba &#8211; Auch f\u00fcr versiegelte und gewachste Lacke bestens geeignet!<\/p>\n<p>Und jetzt mit einem frischen, intensiven Apfel-Duft! Aber bitte nicht reinbei\u00dfen!!!<\/p>\n<p>Erh\u00e4ltlich in 50ml und 1.000ml Flaschen, sowie in 5, 10 und 20 Ltr Kanistern.<\/p>\n<p>Vor Gebrauch gut sch\u00fctteln!<br \/>\nMischungsverh\u00e4ltnis: 40 &#8211; 50ml Shampoo in 10 L warmes Waschwasser geben!<\/p>\n<span class=\"et_bloom_bottom_trigger\"><\/span>","protected":false},"excerpt":{"rendered":"<p>Racoon GREEN MAMBA Car Shampoo \/ pH neutral &#8211; 1000ml<\/p>\n","protected":false},"featured_media":4510,"comment_status":"closed","ping_status":"open","template":"","meta":{"_et_pb_use_builder":"","_et_pb_old_content":"","_et_gb_content_width":""},"product_brand":[],"product_cat":[427,138],"product_tag":[189],"class_list":{"0":"post-2059","1":"product","2":"type-product","3":"status-publish","4":"has-post-thumbnail","6":"product_cat-shampoos-de","7":"product_cat-waschen","8":"product_tag-wasch-poliermittel","9":"pa_kleur-grun","10":"pa_materiaal-flussigkeit","12":"first","13":"instock","14":"taxable","15":"shipping-taxable","16":"purchasable","17":"product-type-simple"},"yoast_head":"<!-- This site is optimized with the Yoast SEO plugin v27.4 - https:\/\/yoast.com\/product\/yoast-seo-wordpress\/ -->\n<title>Racoon GREEN MAMBA Car Shampoo \/ pH neutral - 1000ml - Racoon-Cleaner<\/title>\n<meta name=\"robots\" content=\"index, follow, max-snippet:-1, max-image-preview:large, max-video-preview:-1\" \/>\n<link rel=\"canonical\" href=\"https:\/\/racoon-cleaner.nl\/de\/produkt\/waschen\/shampoos-de\/racoon-green-mamba-car-shampoo-ph-neutral-1000ml\/\" \/>\n<meta property=\"og:locale\" content=\"de_DE\" \/>\n<meta property=\"og:type\" content=\"article\" \/>\n<meta property=\"og:title\" content=\"Racoon GREEN MAMBA Car Shampoo \/ pH neutral - 1000ml - Racoon-Cleaner\" \/>\n<meta property=\"og:description\" content=\"Racoon GREEN MAMBA Car Shampoo \/ pH neutral - 1000ml\" \/>\n<meta property=\"og:url\" content=\"https:\/\/racoon-cleaner.nl\/de\/produkt\/waschen\/shampoos-de\/racoon-green-mamba-car-shampoo-ph-neutral-1000ml\/\" \/>\n<meta property=\"og:site_name\" content=\"Racoon-Cleaner\" \/>\n<meta property=\"article:modified_time\" content=\"2020-04-09T08:09:53+00:00\" \/>\n<meta property=\"og:image\" content=\"https:\/\/i0.wp.com\/racoon-cleaner.nl\/wp-content\/uploads\/2020\/08\/RN_GREMAM1_1.jpg?fit=800%2C800&ssl=1\" \/>\n\t<meta property=\"og:image:width\" content=\"800\" \/>\n\t<meta property=\"og:image:height\" content=\"800\" \/>\n\t<meta property=\"og:image:type\" content=\"image\/jpeg\" \/>\n<meta name=\"twitter:card\" content=\"summary_large_image\" \/>\n<meta name=\"twitter:label1\" content=\"Gesch\u00e4tzte Lesezeit\" \/>\n\t<meta name=\"twitter:data1\" content=\"1\u00a0Minute\" \/>\n<script type=\"application\/ld+json\" class=\"yoast-schema-graph\">{\"@context\":\"https:\\\/\\\/schema.org\",\"@graph\":[{\"@type\":\"WebPage\",\"@id\":\"https:\\\/\\\/racoon-cleaner.nl\\\/de\\\/produkt\\\/waschen\\\/shampoos-de\\\/racoon-green-mamba-car-shampoo-ph-neutral-1000ml\\\/\",\"url\":\"https:\\\/\\\/racoon-cleaner.nl\\\/de\\\/produkt\\\/waschen\\\/shampoos-de\\\/racoon-green-mamba-car-shampoo-ph-neutral-1000ml\\\/\",\"name\":\"Racoon GREEN MAMBA Car Shampoo \\\/ pH neutral - 1000ml - Racoon-Cleaner\",\"isPartOf\":{\"@id\":\"https:\\\/\\\/racoon-cleaner.nl\\\/de\\\/#website\"},\"primaryImageOfPage\":{\"@id\":\"https:\\\/\\\/racoon-cleaner.nl\\\/de\\\/produkt\\\/waschen\\\/shampoos-de\\\/racoon-green-mamba-car-shampoo-ph-neutral-1000ml\\\/#primaryimage\"},\"image\":{\"@id\":\"https:\\\/\\\/racoon-cleaner.nl\\\/de\\\/produkt\\\/waschen\\\/shampoos-de\\\/racoon-green-mamba-car-shampoo-ph-neutral-1000ml\\\/#primaryimage\"},\"thumbnailUrl\":\"https:\\\/\\\/racoon-cleaner.nl\\\/wp-content\\\/uploads\\\/2020\\\/08\\\/RN_GREMAM1_1.jpg\",\"datePublished\":\"2020-04-09T08:09:24+00:00\",\"dateModified\":\"2020-04-09T08:09:53+00:00\",\"breadcrumb\":{\"@id\":\"https:\\\/\\\/racoon-cleaner.nl\\\/de\\\/produkt\\\/waschen\\\/shampoos-de\\\/racoon-green-mamba-car-shampoo-ph-neutral-1000ml\\\/#breadcrumb\"},\"inLanguage\":\"de\",\"potentialAction\":[{\"@type\":\"ReadAction\",\"target\":[\"https:\\\/\\\/racoon-cleaner.nl\\\/de\\\/produkt\\\/waschen\\\/shampoos-de\\\/racoon-green-mamba-car-shampoo-ph-neutral-1000ml\\\/\"]}]},{\"@type\":\"ImageObject\",\"inLanguage\":\"de\",\"@id\":\"https:\\\/\\\/racoon-cleaner.nl\\\/de\\\/produkt\\\/waschen\\\/shampoos-de\\\/racoon-green-mamba-car-shampoo-ph-neutral-1000ml\\\/#primaryimage\",\"url\":\"https:\\\/\\\/racoon-cleaner.nl\\\/wp-content\\\/uploads\\\/2020\\\/08\\\/RN_GREMAM1_1.jpg\",\"contentUrl\":\"https:\\\/\\\/racoon-cleaner.nl\\\/wp-content\\\/uploads\\\/2020\\\/08\\\/RN_GREMAM1_1.jpg\",\"width\":800,\"height\":800},{\"@type\":\"BreadcrumbList\",\"@id\":\"https:\\\/\\\/racoon-cleaner.nl\\\/de\\\/produkt\\\/waschen\\\/shampoos-de\\\/racoon-green-mamba-car-shampoo-ph-neutral-1000ml\\\/#breadcrumb\",\"itemListElement\":[{\"@type\":\"ListItem\",\"position\":1,\"name\":\"Home\",\"item\":\"https:\\\/\\\/racoon-cleaner.nl\\\/de\\\/\"},{\"@type\":\"ListItem\",\"position\":2,\"name\":\"Shop\",\"item\":\"https:\\\/\\\/racoon-cleaner.nl\\\/de\\\/shop\\\/\"},{\"@type\":\"ListItem\",\"position\":3,\"name\":\"Racoon GREEN MAMBA Car Shampoo \\\/ pH neutral &#8211; 1000ml\"}]},{\"@type\":\"WebSite\",\"@id\":\"https:\\\/\\\/racoon-cleaner.nl\\\/de\\\/#website\",\"url\":\"https:\\\/\\\/racoon-cleaner.nl\\\/de\\\/\",\"name\":\"Racoon-cleaner\",\"description\":\"Reinigings- en verzorgingsproducten\",\"publisher\":{\"@id\":\"https:\\\/\\\/racoon-cleaner.nl\\\/de\\\/#organization\"},\"potentialAction\":[{\"@type\":\"SearchAction\",\"target\":{\"@type\":\"EntryPoint\",\"urlTemplate\":\"https:\\\/\\\/racoon-cleaner.nl\\\/de\\\/?s={search_term_string}\"},\"query-input\":{\"@type\":\"PropertyValueSpecification\",\"valueRequired\":true,\"valueName\":\"search_term_string\"}}],\"inLanguage\":\"de\"},{\"@type\":\"Organization\",\"@id\":\"https:\\\/\\\/racoon-cleaner.nl\\\/de\\\/#organization\",\"name\":\"Racoon-Cleaner.nl\",\"url\":\"https:\\\/\\\/racoon-cleaner.nl\\\/de\\\/\",\"logo\":{\"@type\":\"ImageObject\",\"inLanguage\":\"de\",\"@id\":\"https:\\\/\\\/racoon-cleaner.nl\\\/de\\\/#\\\/schema\\\/logo\\\/image\\\/\",\"url\":\"https:\\\/\\\/i1.wp.com\\\/racoon-cleaner.nl\\\/wp-content\\\/uploads\\\/2019\\\/12\\\/racoon-logo.png?fit=757%2C754&ssl=1\",\"contentUrl\":\"https:\\\/\\\/i1.wp.com\\\/racoon-cleaner.nl\\\/wp-content\\\/uploads\\\/2019\\\/12\\\/racoon-logo.png?fit=757%2C754&ssl=1\",\"width\":757,\"height\":754,\"caption\":\"Racoon-Cleaner.nl\"},\"image\":{\"@id\":\"https:\\\/\\\/racoon-cleaner.nl\\\/de\\\/#\\\/schema\\\/logo\\\/image\\\/\"}}]}<\/script>\n<!-- \/ Yoast SEO plugin. -->","yoast_head_json":{"title":"Racoon GREEN MAMBA Car Shampoo \/ pH neutral - 1000ml - Racoon-Cleaner","robots":{"index":"index","follow":"follow","max-snippet":"max-snippet:-1","max-image-preview":"max-image-preview:large","max-video-preview":"max-video-preview:-1"},"canonical":"https:\/\/racoon-cleaner.nl\/de\/produkt\/waschen\/shampoos-de\/racoon-green-mamba-car-shampoo-ph-neutral-1000ml\/","og_locale":"de_DE","og_type":"article","og_title":"Racoon GREEN MAMBA Car Shampoo \/ pH neutral - 1000ml - Racoon-Cleaner","og_description":"Racoon GREEN MAMBA Car Shampoo \/ pH neutral - 1000ml","og_url":"https:\/\/racoon-cleaner.nl\/de\/produkt\/waschen\/shampoos-de\/racoon-green-mamba-car-shampoo-ph-neutral-1000ml\/","og_site_name":"Racoon-Cleaner","article_modified_time":"2020-04-09T08:09:53+00:00","og_image":[{"width":800,"height":800,"url":"https:\/\/i0.wp.com\/racoon-cleaner.nl\/wp-content\/uploads\/2020\/08\/RN_GREMAM1_1.jpg?fit=800%2C800&ssl=1","type":"image\/jpeg"}],"twitter_card":"summary_large_image","twitter_misc":{"Gesch\u00e4tzte Lesezeit":"1\u00a0Minute"},"schema":{"@context":"https:\/\/schema.org","@graph":[{"@type":"WebPage","@id":"https:\/\/racoon-cleaner.nl\/de\/produkt\/waschen\/shampoos-de\/racoon-green-mamba-car-shampoo-ph-neutral-1000ml\/","url":"https:\/\/racoon-cleaner.nl\/de\/produkt\/waschen\/shampoos-de\/racoon-green-mamba-car-shampoo-ph-neutral-1000ml\/","name":"Racoon GREEN MAMBA Car Shampoo \/ pH neutral - 1000ml - Racoon-Cleaner","isPartOf":{"@id":"https:\/\/racoon-cleaner.nl\/de\/#website"},"primaryImageOfPage":{"@id":"https:\/\/racoon-cleaner.nl\/de\/produkt\/waschen\/shampoos-de\/racoon-green-mamba-car-shampoo-ph-neutral-1000ml\/#primaryimage"},"image":{"@id":"https:\/\/racoon-cleaner.nl\/de\/produkt\/waschen\/shampoos-de\/racoon-green-mamba-car-shampoo-ph-neutral-1000ml\/#primaryimage"},"thumbnailUrl":"https:\/\/racoon-cleaner.nl\/wp-content\/uploads\/2020\/08\/RN_GREMAM1_1.jpg","datePublished":"2020-04-09T08:09:24+00:00","dateModified":"2020-04-09T08:09:53+00:00","breadcrumb":{"@id":"https:\/\/racoon-cleaner.nl\/de\/produkt\/waschen\/shampoos-de\/racoon-green-mamba-car-shampoo-ph-neutral-1000ml\/#breadcrumb"},"inLanguage":"de","potentialAction":[{"@type":"ReadAction","target":["https:\/\/racoon-cleaner.nl\/de\/produkt\/waschen\/shampoos-de\/racoon-green-mamba-car-shampoo-ph-neutral-1000ml\/"]}]},{"@type":"ImageObject","inLanguage":"de","@id":"https:\/\/racoon-cleaner.nl\/de\/produkt\/waschen\/shampoos-de\/racoon-green-mamba-car-shampoo-ph-neutral-1000ml\/#primaryimage","url":"https:\/\/racoon-cleaner.nl\/wp-content\/uploads\/2020\/08\/RN_GREMAM1_1.jpg","contentUrl":"https:\/\/racoon-cleaner.nl\/wp-content\/uploads\/2020\/08\/RN_GREMAM1_1.jpg","width":800,"height":800},{"@type":"BreadcrumbList","@id":"https:\/\/racoon-cleaner.nl\/de\/produkt\/waschen\/shampoos-de\/racoon-green-mamba-car-shampoo-ph-neutral-1000ml\/#breadcrumb","itemListElement":[{"@type":"ListItem","position":1,"name":"Home","item":"https:\/\/racoon-cleaner.nl\/de\/"},{"@type":"ListItem","position":2,"name":"Shop","item":"https:\/\/racoon-cleaner.nl\/de\/shop\/"},{"@type":"ListItem","position":3,"name":"Racoon GREEN MAMBA Car Shampoo \/ pH neutral &#8211; 1000ml"}]},{"@type":"WebSite","@id":"https:\/\/racoon-cleaner.nl\/de\/#website","url":"https:\/\/racoon-cleaner.nl\/de\/","name":"Racoon-cleaner","description":"Reinigings- en verzorgingsproducten","publisher":{"@id":"https:\/\/racoon-cleaner.nl\/de\/#organization"},"potentialAction":[{"@type":"SearchAction","target":{"@type":"EntryPoint","urlTemplate":"https:\/\/racoon-cleaner.nl\/de\/?s={search_term_string}"},"query-input":{"@type":"PropertyValueSpecification","valueRequired":true,"valueName":"search_term_string"}}],"inLanguage":"de"},{"@type":"Organization","@id":"https:\/\/racoon-cleaner.nl\/de\/#organization","name":"Racoon-Cleaner.nl","url":"https:\/\/racoon-cleaner.nl\/de\/","logo":{"@type":"ImageObject","inLanguage":"de","@id":"https:\/\/racoon-cleaner.nl\/de\/#\/schema\/logo\/image\/","url":"https:\/\/i1.wp.com\/racoon-cleaner.nl\/wp-content\/uploads\/2019\/12\/racoon-logo.png?fit=757%2C754&ssl=1","contentUrl":"https:\/\/i1.wp.com\/racoon-cleaner.nl\/wp-content\/uploads\/2019\/12\/racoon-logo.png?fit=757%2C754&ssl=1","width":757,"height":754,"caption":"Racoon-Cleaner.nl"},"image":{"@id":"https:\/\/racoon-cleaner.nl\/de\/#\/schema\/logo\/image\/"}}]}},"jetpack_sharing_enabled":true,"_links":{"self":[{"href":"https:\/\/racoon-cleaner.nl\/de\/wp-json\/wp\/v2\/product\/2059","targetHints":{"allow":["GET"]}}],"collection":[{"href":"https:\/\/racoon-cleaner.nl\/de\/wp-json\/wp\/v2\/product"}],"about":[{"href":"https:\/\/racoon-cleaner.nl\/de\/wp-json\/wp\/v2\/types\/product"}],"replies":[{"embeddable":true,"href":"https:\/\/racoon-cleaner.nl\/de\/wp-json\/wp\/v2\/comments?post=2059"}],"wp:featuredmedia":[{"embeddable":true,"href":"https:\/\/racoon-cleaner.nl\/de\/wp-json\/wp\/v2\/media\/4510"}],"wp:attachment":[{"href":"https:\/\/racoon-cleaner.nl\/de\/wp-json\/wp\/v2\/media?parent=2059"}],"wp:term":[{"taxonomy":"product_brand","embeddable":true,"href":"https:\/\/racoon-cleaner.nl\/de\/wp-json\/wp\/v2\/product_brand?post=2059"},{"taxonomy":"product_cat","embeddable":true,"href":"https:\/\/racoon-cleaner.nl\/de\/wp-json\/wp\/v2\/product_cat?post=2059"},{"taxonomy":"product_tag","embeddable":true,"href":"https:\/\/racoon-cleaner.nl\/de\/wp-json\/wp\/v2\/product_tag?post=2059"}],"curies":[{"name":"wp","href":"https:\/\/api.w.org\/{rel}","templated":true}]}}