{"id":2076,"date":"2020-08-07T15:37:59","date_gmt":"2020-04-09T08:10:34","guid":{"rendered":"https:\/\/racoon-cleaner.nl\/product\/racoon-polish-perfect-pearl-antihologram-politur-200ml\/"},"modified":"2020-04-09T08:10:38","modified_gmt":"2020-04-09T08:10:38","slug":"racoon-polish-perfect-pearl-antihologram-politur-200ml","status":"publish","type":"product","link":"https:\/\/racoon-cleaner.nl\/de\/produkt\/reinigung-vorbereitung\/reinigungsmittel\/racoon-polish-perfect-pearl-antihologram-politur-200ml\/","title":{"rendered":"Racoon POLISH PERFECT PEARL Antihologram Politur &#8211; 200ml"},"content":{"rendered":"<p># PERFECT PEARL POLISH  Antihologramm Politur<\/p>\n<p>F\u00fcr ein brillantes und dauerhaftes Spiegelglanz-Finish! <\/p>\n<p>Frei von F\u00fcllstoffen und Silikon-\u00d6len!  <\/p>\n<p>F\u00fcr alle Auto-Lackarten und empfindlichen Farbt\u00f6ne geeignet! Speziell entwickelt f\u00fcr die mechanische Entfernung von Polierspuren, Grauschleier, Mikrokratzern und Hologrammen.<br \/>\nSehr ergiebig und r\u00fcckstandslos entfernbar.. <\/p>\n<p>F\u00fcr die manuelle und maschinelle Verarbeitung (Rotations- und Exzenter-Poliermaschinen) geeignet. Beste Resultate werden mit unseren entsprechend abgestimmten Racoon POLIERPADS GELB erzielt! <\/p>\n<p>Erh\u00e4ltlich in 200ml und 1.000ml Flaschen.<\/p>\n<p>Vor Gebrauch gut sch\u00fctteln! Wir empfehlen das Tragen von Einweghandschuhen!<br \/>\nErst an einer unauff\u00e4lligen Stelle testen und nicht auf hei\u00dfen Oberfl\u00e4chen anwenden! <\/p>\n<p>Das Pad mu\u00df d\u00fcnn, aber vollst\u00e4ndig, mit der Politur bedeckt sein. Bei mittlerer Drehzahl (ca. 2.000) und mittlerem Druck dann im Kreuzgang sorgf\u00e4ltig verarbeiten. Wir empfehlen, mit etwas h\u00f6heren Druck und geringer Umdrehungszahl zu beginnen &#8211; dann den Druck reduzieren und mit h\u00f6herer Drehzahl auspolieren. Anschlie\u00dfend die Produktreste mit einem weichen und sauberen Mikrofasertuch entfernen.<\/p>\n<p>Vor Frost und Hitze sch\u00fctzen!<\/p>\n<span class=\"et_bloom_bottom_trigger\"><\/span>","protected":false},"excerpt":{"rendered":"<p>Racoon POLISH PERFECT PEARL Antihologram Politur &#8211; 200ml<\/p>\n","protected":false},"featured_media":4782,"comment_status":"closed","ping_status":"open","template":"","meta":{"_et_pb_use_builder":"","_et_pb_old_content":"","_et_gb_content_width":""},"product_brand":[],"product_cat":[385,379,391,397],"product_tag":[189],"class_list":{"0":"post-2076","1":"product","2":"type-product","3":"status-publish","4":"has-post-thumbnail","6":"product_cat-polieren-wachs","7":"product_cat-poliermittel","8":"product_cat-reinigung-vorbereitung","9":"product_cat-reinigungsmittel","10":"product_tag-wasch-poliermittel","11":"pa_kleur-grau","12":"pa_materiaal-flussigkeit","14":"first","15":"instock","16":"taxable","17":"shipping-taxable","18":"purchasable","19":"product-type-simple"},"yoast_head":"<!-- This site is optimized with the Yoast SEO plugin v27.4 - https:\/\/yoast.com\/product\/yoast-seo-wordpress\/ -->\n<title>Racoon POLISH PERFECT PEARL Antihologram Politur - 200ml - Racoon-Cleaner<\/title>\n<meta name=\"robots\" content=\"index, follow, max-snippet:-1, max-image-preview:large, max-video-preview:-1\" \/>\n<link rel=\"canonical\" href=\"https:\/\/racoon-cleaner.nl\/de\/produkt\/reinigung-vorbereitung\/reinigungsmittel\/racoon-polish-perfect-pearl-antihologram-politur-200ml\/\" \/>\n<meta property=\"og:locale\" content=\"de_DE\" \/>\n<meta property=\"og:type\" content=\"article\" \/>\n<meta property=\"og:title\" content=\"Racoon POLISH PERFECT PEARL Antihologram Politur - 200ml - Racoon-Cleaner\" \/>\n<meta property=\"og:description\" content=\"Racoon POLISH PERFECT PEARL Antihologram Politur - 200ml\" \/>\n<meta property=\"og:url\" content=\"https:\/\/racoon-cleaner.nl\/de\/produkt\/reinigung-vorbereitung\/reinigungsmittel\/racoon-polish-perfect-pearl-antihologram-politur-200ml\/\" \/>\n<meta property=\"og:site_name\" content=\"Racoon-Cleaner\" \/>\n<meta property=\"article:modified_time\" content=\"2020-04-09T08:10:38+00:00\" \/>\n<meta property=\"og:image\" content=\"https:\/\/i0.wp.com\/racoon-cleaner.nl\/wp-content\/uploads\/2020\/08\/RN_POLANT200_1.jpg?fit=800%2C800&ssl=1\" \/>\n\t<meta property=\"og:image:width\" content=\"800\" \/>\n\t<meta property=\"og:image:height\" content=\"800\" \/>\n\t<meta property=\"og:image:type\" content=\"image\/jpeg\" \/>\n<meta name=\"twitter:card\" content=\"summary_large_image\" \/>\n<meta name=\"twitter:label1\" content=\"Gesch\u00e4tzte Lesezeit\" \/>\n\t<meta name=\"twitter:data1\" content=\"1\u00a0Minute\" \/>\n<script type=\"application\/ld+json\" class=\"yoast-schema-graph\">{\"@context\":\"https:\\\/\\\/schema.org\",\"@graph\":[{\"@type\":\"WebPage\",\"@id\":\"https:\\\/\\\/racoon-cleaner.nl\\\/de\\\/produkt\\\/reinigung-vorbereitung\\\/reinigungsmittel\\\/racoon-polish-perfect-pearl-antihologram-politur-200ml\\\/\",\"url\":\"https:\\\/\\\/racoon-cleaner.nl\\\/de\\\/produkt\\\/reinigung-vorbereitung\\\/reinigungsmittel\\\/racoon-polish-perfect-pearl-antihologram-politur-200ml\\\/\",\"name\":\"Racoon POLISH PERFECT PEARL Antihologram Politur - 200ml - Racoon-Cleaner\",\"isPartOf\":{\"@id\":\"https:\\\/\\\/racoon-cleaner.nl\\\/de\\\/#website\"},\"primaryImageOfPage\":{\"@id\":\"https:\\\/\\\/racoon-cleaner.nl\\\/de\\\/produkt\\\/reinigung-vorbereitung\\\/reinigungsmittel\\\/racoon-polish-perfect-pearl-antihologram-politur-200ml\\\/#primaryimage\"},\"image\":{\"@id\":\"https:\\\/\\\/racoon-cleaner.nl\\\/de\\\/produkt\\\/reinigung-vorbereitung\\\/reinigungsmittel\\\/racoon-polish-perfect-pearl-antihologram-politur-200ml\\\/#primaryimage\"},\"thumbnailUrl\":\"https:\\\/\\\/racoon-cleaner.nl\\\/wp-content\\\/uploads\\\/2020\\\/08\\\/RN_POLANT200_1.jpg\",\"datePublished\":\"2020-04-09T08:10:34+00:00\",\"dateModified\":\"2020-04-09T08:10:38+00:00\",\"breadcrumb\":{\"@id\":\"https:\\\/\\\/racoon-cleaner.nl\\\/de\\\/produkt\\\/reinigung-vorbereitung\\\/reinigungsmittel\\\/racoon-polish-perfect-pearl-antihologram-politur-200ml\\\/#breadcrumb\"},\"inLanguage\":\"de\",\"potentialAction\":[{\"@type\":\"ReadAction\",\"target\":[\"https:\\\/\\\/racoon-cleaner.nl\\\/de\\\/produkt\\\/reinigung-vorbereitung\\\/reinigungsmittel\\\/racoon-polish-perfect-pearl-antihologram-politur-200ml\\\/\"]}]},{\"@type\":\"ImageObject\",\"inLanguage\":\"de\",\"@id\":\"https:\\\/\\\/racoon-cleaner.nl\\\/de\\\/produkt\\\/reinigung-vorbereitung\\\/reinigungsmittel\\\/racoon-polish-perfect-pearl-antihologram-politur-200ml\\\/#primaryimage\",\"url\":\"https:\\\/\\\/racoon-cleaner.nl\\\/wp-content\\\/uploads\\\/2020\\\/08\\\/RN_POLANT200_1.jpg\",\"contentUrl\":\"https:\\\/\\\/racoon-cleaner.nl\\\/wp-content\\\/uploads\\\/2020\\\/08\\\/RN_POLANT200_1.jpg\",\"width\":800,\"height\":800},{\"@type\":\"BreadcrumbList\",\"@id\":\"https:\\\/\\\/racoon-cleaner.nl\\\/de\\\/produkt\\\/reinigung-vorbereitung\\\/reinigungsmittel\\\/racoon-polish-perfect-pearl-antihologram-politur-200ml\\\/#breadcrumb\",\"itemListElement\":[{\"@type\":\"ListItem\",\"position\":1,\"name\":\"Home\",\"item\":\"https:\\\/\\\/racoon-cleaner.nl\\\/de\\\/\"},{\"@type\":\"ListItem\",\"position\":2,\"name\":\"Shop\",\"item\":\"https:\\\/\\\/racoon-cleaner.nl\\\/de\\\/shop\\\/\"},{\"@type\":\"ListItem\",\"position\":3,\"name\":\"Racoon POLISH PERFECT PEARL Antihologram Politur &#8211; 200ml\"}]},{\"@type\":\"WebSite\",\"@id\":\"https:\\\/\\\/racoon-cleaner.nl\\\/de\\\/#website\",\"url\":\"https:\\\/\\\/racoon-cleaner.nl\\\/de\\\/\",\"name\":\"Racoon-cleaner\",\"description\":\"Reinigings- en verzorgingsproducten\",\"publisher\":{\"@id\":\"https:\\\/\\\/racoon-cleaner.nl\\\/de\\\/#organization\"},\"potentialAction\":[{\"@type\":\"SearchAction\",\"target\":{\"@type\":\"EntryPoint\",\"urlTemplate\":\"https:\\\/\\\/racoon-cleaner.nl\\\/de\\\/?s={search_term_string}\"},\"query-input\":{\"@type\":\"PropertyValueSpecification\",\"valueRequired\":true,\"valueName\":\"search_term_string\"}}],\"inLanguage\":\"de\"},{\"@type\":\"Organization\",\"@id\":\"https:\\\/\\\/racoon-cleaner.nl\\\/de\\\/#organization\",\"name\":\"Racoon-Cleaner.nl\",\"url\":\"https:\\\/\\\/racoon-cleaner.nl\\\/de\\\/\",\"logo\":{\"@type\":\"ImageObject\",\"inLanguage\":\"de\",\"@id\":\"https:\\\/\\\/racoon-cleaner.nl\\\/de\\\/#\\\/schema\\\/logo\\\/image\\\/\",\"url\":\"https:\\\/\\\/i1.wp.com\\\/racoon-cleaner.nl\\\/wp-content\\\/uploads\\\/2019\\\/12\\\/racoon-logo.png?fit=757%2C754&ssl=1\",\"contentUrl\":\"https:\\\/\\\/i1.wp.com\\\/racoon-cleaner.nl\\\/wp-content\\\/uploads\\\/2019\\\/12\\\/racoon-logo.png?fit=757%2C754&ssl=1\",\"width\":757,\"height\":754,\"caption\":\"Racoon-Cleaner.nl\"},\"image\":{\"@id\":\"https:\\\/\\\/racoon-cleaner.nl\\\/de\\\/#\\\/schema\\\/logo\\\/image\\\/\"}}]}<\/script>\n<!-- \/ Yoast SEO plugin. -->","yoast_head_json":{"title":"Racoon POLISH PERFECT PEARL Antihologram Politur - 200ml - Racoon-Cleaner","robots":{"index":"index","follow":"follow","max-snippet":"max-snippet:-1","max-image-preview":"max-image-preview:large","max-video-preview":"max-video-preview:-1"},"canonical":"https:\/\/racoon-cleaner.nl\/de\/produkt\/reinigung-vorbereitung\/reinigungsmittel\/racoon-polish-perfect-pearl-antihologram-politur-200ml\/","og_locale":"de_DE","og_type":"article","og_title":"Racoon POLISH PERFECT PEARL Antihologram Politur - 200ml - Racoon-Cleaner","og_description":"Racoon POLISH PERFECT PEARL Antihologram Politur - 200ml","og_url":"https:\/\/racoon-cleaner.nl\/de\/produkt\/reinigung-vorbereitung\/reinigungsmittel\/racoon-polish-perfect-pearl-antihologram-politur-200ml\/","og_site_name":"Racoon-Cleaner","article_modified_time":"2020-04-09T08:10:38+00:00","og_image":[{"width":800,"height":800,"url":"https:\/\/i0.wp.com\/racoon-cleaner.nl\/wp-content\/uploads\/2020\/08\/RN_POLANT200_1.jpg?fit=800%2C800&ssl=1","type":"image\/jpeg"}],"twitter_card":"summary_large_image","twitter_misc":{"Gesch\u00e4tzte Lesezeit":"1\u00a0Minute"},"schema":{"@context":"https:\/\/schema.org","@graph":[{"@type":"WebPage","@id":"https:\/\/racoon-cleaner.nl\/de\/produkt\/reinigung-vorbereitung\/reinigungsmittel\/racoon-polish-perfect-pearl-antihologram-politur-200ml\/","url":"https:\/\/racoon-cleaner.nl\/de\/produkt\/reinigung-vorbereitung\/reinigungsmittel\/racoon-polish-perfect-pearl-antihologram-politur-200ml\/","name":"Racoon POLISH PERFECT PEARL Antihologram Politur - 200ml - Racoon-Cleaner","isPartOf":{"@id":"https:\/\/racoon-cleaner.nl\/de\/#website"},"primaryImageOfPage":{"@id":"https:\/\/racoon-cleaner.nl\/de\/produkt\/reinigung-vorbereitung\/reinigungsmittel\/racoon-polish-perfect-pearl-antihologram-politur-200ml\/#primaryimage"},"image":{"@id":"https:\/\/racoon-cleaner.nl\/de\/produkt\/reinigung-vorbereitung\/reinigungsmittel\/racoon-polish-perfect-pearl-antihologram-politur-200ml\/#primaryimage"},"thumbnailUrl":"https:\/\/racoon-cleaner.nl\/wp-content\/uploads\/2020\/08\/RN_POLANT200_1.jpg","datePublished":"2020-04-09T08:10:34+00:00","dateModified":"2020-04-09T08:10:38+00:00","breadcrumb":{"@id":"https:\/\/racoon-cleaner.nl\/de\/produkt\/reinigung-vorbereitung\/reinigungsmittel\/racoon-polish-perfect-pearl-antihologram-politur-200ml\/#breadcrumb"},"inLanguage":"de","potentialAction":[{"@type":"ReadAction","target":["https:\/\/racoon-cleaner.nl\/de\/produkt\/reinigung-vorbereitung\/reinigungsmittel\/racoon-polish-perfect-pearl-antihologram-politur-200ml\/"]}]},{"@type":"ImageObject","inLanguage":"de","@id":"https:\/\/racoon-cleaner.nl\/de\/produkt\/reinigung-vorbereitung\/reinigungsmittel\/racoon-polish-perfect-pearl-antihologram-politur-200ml\/#primaryimage","url":"https:\/\/racoon-cleaner.nl\/wp-content\/uploads\/2020\/08\/RN_POLANT200_1.jpg","contentUrl":"https:\/\/racoon-cleaner.nl\/wp-content\/uploads\/2020\/08\/RN_POLANT200_1.jpg","width":800,"height":800},{"@type":"BreadcrumbList","@id":"https:\/\/racoon-cleaner.nl\/de\/produkt\/reinigung-vorbereitung\/reinigungsmittel\/racoon-polish-perfect-pearl-antihologram-politur-200ml\/#breadcrumb","itemListElement":[{"@type":"ListItem","position":1,"name":"Home","item":"https:\/\/racoon-cleaner.nl\/de\/"},{"@type":"ListItem","position":2,"name":"Shop","item":"https:\/\/racoon-cleaner.nl\/de\/shop\/"},{"@type":"ListItem","position":3,"name":"Racoon POLISH PERFECT PEARL Antihologram Politur &#8211; 200ml"}]},{"@type":"WebSite","@id":"https:\/\/racoon-cleaner.nl\/de\/#website","url":"https:\/\/racoon-cleaner.nl\/de\/","name":"Racoon-cleaner","description":"Reinigings- en verzorgingsproducten","publisher":{"@id":"https:\/\/racoon-cleaner.nl\/de\/#organization"},"potentialAction":[{"@type":"SearchAction","target":{"@type":"EntryPoint","urlTemplate":"https:\/\/racoon-cleaner.nl\/de\/?s={search_term_string}"},"query-input":{"@type":"PropertyValueSpecification","valueRequired":true,"valueName":"search_term_string"}}],"inLanguage":"de"},{"@type":"Organization","@id":"https:\/\/racoon-cleaner.nl\/de\/#organization","name":"Racoon-Cleaner.nl","url":"https:\/\/racoon-cleaner.nl\/de\/","logo":{"@type":"ImageObject","inLanguage":"de","@id":"https:\/\/racoon-cleaner.nl\/de\/#\/schema\/logo\/image\/","url":"https:\/\/i1.wp.com\/racoon-cleaner.nl\/wp-content\/uploads\/2019\/12\/racoon-logo.png?fit=757%2C754&ssl=1","contentUrl":"https:\/\/i1.wp.com\/racoon-cleaner.nl\/wp-content\/uploads\/2019\/12\/racoon-logo.png?fit=757%2C754&ssl=1","width":757,"height":754,"caption":"Racoon-Cleaner.nl"},"image":{"@id":"https:\/\/racoon-cleaner.nl\/de\/#\/schema\/logo\/image\/"}}]}},"jetpack_sharing_enabled":true,"_links":{"self":[{"href":"https:\/\/racoon-cleaner.nl\/de\/wp-json\/wp\/v2\/product\/2076","targetHints":{"allow":["GET"]}}],"collection":[{"href":"https:\/\/racoon-cleaner.nl\/de\/wp-json\/wp\/v2\/product"}],"about":[{"href":"https:\/\/racoon-cleaner.nl\/de\/wp-json\/wp\/v2\/types\/product"}],"replies":[{"embeddable":true,"href":"https:\/\/racoon-cleaner.nl\/de\/wp-json\/wp\/v2\/comments?post=2076"}],"wp:featuredmedia":[{"embeddable":true,"href":"https:\/\/racoon-cleaner.nl\/de\/wp-json\/wp\/v2\/media\/4782"}],"wp:attachment":[{"href":"https:\/\/racoon-cleaner.nl\/de\/wp-json\/wp\/v2\/media?parent=2076"}],"wp:term":[{"taxonomy":"product_brand","embeddable":true,"href":"https:\/\/racoon-cleaner.nl\/de\/wp-json\/wp\/v2\/product_brand?post=2076"},{"taxonomy":"product_cat","embeddable":true,"href":"https:\/\/racoon-cleaner.nl\/de\/wp-json\/wp\/v2\/product_cat?post=2076"},{"taxonomy":"product_tag","embeddable":true,"href":"https:\/\/racoon-cleaner.nl\/de\/wp-json\/wp\/v2\/product_tag?post=2076"}],"curies":[{"name":"wp","href":"https:\/\/api.w.org\/{rel}","templated":true}]}}