{"id":2086,"date":"2020-08-07T15:37:59","date_gmt":"2020-04-09T08:10:34","guid":{"rendered":"https:\/\/racoon-cleaner.nl\/product\/racoon-see-through-glasreiniger-100ml\/"},"modified":"2020-04-09T08:11:13","modified_gmt":"2020-04-09T08:11:13","slug":"racoon-see-through-glasreiniger-100ml","status":"publish","type":"product","link":"https:\/\/racoon-cleaner.nl\/de\/produkt\/reinigung-vorbereitung\/reinigungsmittel\/racoon-see-through-glasreiniger-100ml\/","title":{"rendered":"Racoon SEE THROUGH Glasreiniger &#8211; 100ml"},"content":{"rendered":"<p># SEE THROUGH   Glasreiniger<\/p>\n<p>Mehr als nur ein Glasreiniger!<\/p>\n<p>Glanzverst\u00e4rkend und mit neuer Langzeitwirkung!<\/p>\n<p>Dieser innovative, glanzverst\u00e4rkende GLASREINIGER mit Langzeitwirkung wurde f\u00fcr eine schnelle, gr\u00fcndliche Reinigung und Pflege aller glatten Glasfl\u00e4chen und Spiegel im Fahrzeug, aber auch im Haushalt, entwickelt. In Verbindung mit einem hochwertigen Mikrofasertuch, oder am besten mit unserem speziellen Glas-Reinigungstuch aus Mikrofasern, hinterl\u00e4sst er eine spiegelnd saubere Glasfl\u00e4che, ganz ohne Schlieren oder st\u00f6rende Streifen!<\/p>\n<p>Die neue, unsichtbare und konservierende Schutzschicht sorgt f\u00fcr einen verminderten Scheiben-beschlag und verz\u00f6gert auch die Neuverschmutzung! <\/p>\n<p>Glasversiegelungen werden durch diesen professionellen Reiniger nicht angegriffen, im Gegenteil der Effekt der Versiegelung wird sogar verbessert! Auf zus\u00e4tzliche Duftstoffe wurde ganz bewu\u00dft verzichtet um eine absolut saubere und wirklich streifenfreie Reinigung zu gew\u00e4hrleisten!<\/p>\n<p>&#8211; Klare und saubere Sicht!<br \/>\n&#8211; Reinigt und pflegt schonend in einem Arbeitsgang!<br \/>\n&#8211; Entfernt schnell und gr\u00fcndlich alle Arten von Verschmutzungen!<\/p>\n<p>Vor Gebrauch gut sch\u00fctteln! Reinigen Sie die Autoscheiben stets im Schatten!<br \/>\nAuf keinen Fall unter direkter Sonneneinwirkung oder auch auf hei\u00dfen Glasfl\u00e4chen,<br \/>\ndenn sonst trocknen die Scheiben zu schnell und es entstehen Streifen und Schlieren!<br \/>\nWir empfehlen das Tragen von Einweghandschuhen!<\/p>\n<p>Unverd\u00fcnnt direkt auf die Scheibe spr\u00fchen und kurz einwirken lassen. Anschlie\u00dfend die Fl\u00fcssigkeit und die Verschmutzungen mit einem trockenen Mikrofasertuch abwischen und leicht nachpolieren. Bei der Innenreinigung den Reiniger direkt auf das Tuch spr\u00fchen, damit er nicht auf Armaturen oder Textilien ger\u00e4t! <\/p>\n<p>Der hei\u00dfe Tipp vom Waschb\u00e4ren:<br \/>\nUnd f\u00fcr eine wirklich perfekte Glasreinigung empfehlen wir das Racoon # WAFFEL MIKROFASER TUCH! Die innovative Waffel-Struktur mit feinen und hochwertigen Fasern garantiert ein absolut sauberes und schlierenfreies Ergebnis, ohne irgendwelche Fussel oder Streifen! Den hartn\u00e4ckigen Schmutz in den schwer zug\u00e4nglichen Ecken k\u00f6nnen Sie einfach entfernen, wenn Sie das Tuch um einen Kochl\u00f6ffel wickeln.<\/p>\n<p>Erh\u00e4ltlich in 100ml und 500ml Flaschen, sowie im 5 Ltr Kanister.<\/p>\n<span class=\"et_bloom_bottom_trigger\"><\/span>","protected":false},"excerpt":{"rendered":"<p>Racoon SEE THROUGH Glasreiniger &#8211; 100ml<\/p>\n","protected":false},"featured_media":4914,"comment_status":"closed","ping_status":"open","template":"","meta":{"_et_pb_use_builder":"","_et_pb_old_content":"","_et_gb_content_width":""},"product_brand":[],"product_cat":[337,397],"product_tag":[189],"class_list":{"0":"post-2086","1":"product","2":"type-product","3":"status-publish","4":"has-post-thumbnail","6":"product_cat-diverses","7":"product_cat-reinigungsmittel","8":"product_tag-wasch-poliermittel","9":"pa_kleur-blau","10":"pa_kleur-transparent-de","11":"pa_materiaal-flussigkeit","13":"first","14":"instock","15":"taxable","16":"shipping-taxable","17":"purchasable","18":"product-type-simple"},"yoast_head":"<!-- This site is optimized with the Yoast SEO plugin v27.4 - https:\/\/yoast.com\/product\/yoast-seo-wordpress\/ -->\n<title>Racoon SEE THROUGH Glasreiniger - 100ml - Racoon-Cleaner<\/title>\n<meta name=\"robots\" content=\"index, follow, max-snippet:-1, max-image-preview:large, max-video-preview:-1\" \/>\n<link rel=\"canonical\" href=\"https:\/\/racoon-cleaner.nl\/de\/produkt\/reinigung-vorbereitung\/reinigungsmittel\/racoon-see-through-glasreiniger-100ml\/\" \/>\n<meta property=\"og:locale\" content=\"de_DE\" \/>\n<meta property=\"og:type\" content=\"article\" \/>\n<meta property=\"og:title\" content=\"Racoon SEE THROUGH Glasreiniger - 100ml - Racoon-Cleaner\" \/>\n<meta property=\"og:description\" content=\"Racoon SEE THROUGH Glasreiniger - 100ml\" \/>\n<meta property=\"og:url\" content=\"https:\/\/racoon-cleaner.nl\/de\/produkt\/reinigung-vorbereitung\/reinigungsmittel\/racoon-see-through-glasreiniger-100ml\/\" \/>\n<meta property=\"og:site_name\" content=\"Racoon-Cleaner\" \/>\n<meta property=\"article:modified_time\" content=\"2020-04-09T08:11:13+00:00\" \/>\n<meta property=\"og:image\" content=\"https:\/\/i0.wp.com\/racoon-cleaner.nl\/wp-content\/uploads\/2020\/08\/RN_SEETRO100_1.jpg?fit=800%2C800&ssl=1\" \/>\n\t<meta property=\"og:image:width\" content=\"800\" \/>\n\t<meta property=\"og:image:height\" content=\"800\" \/>\n\t<meta property=\"og:image:type\" content=\"image\/jpeg\" \/>\n<meta name=\"twitter:card\" content=\"summary_large_image\" \/>\n<meta name=\"twitter:label1\" content=\"Gesch\u00e4tzte Lesezeit\" \/>\n\t<meta name=\"twitter:data1\" content=\"2\u00a0Minuten\" \/>\n<script type=\"application\/ld+json\" class=\"yoast-schema-graph\">{\"@context\":\"https:\\\/\\\/schema.org\",\"@graph\":[{\"@type\":\"WebPage\",\"@id\":\"https:\\\/\\\/racoon-cleaner.nl\\\/de\\\/produkt\\\/reinigung-vorbereitung\\\/reinigungsmittel\\\/racoon-see-through-glasreiniger-100ml\\\/\",\"url\":\"https:\\\/\\\/racoon-cleaner.nl\\\/de\\\/produkt\\\/reinigung-vorbereitung\\\/reinigungsmittel\\\/racoon-see-through-glasreiniger-100ml\\\/\",\"name\":\"Racoon SEE THROUGH Glasreiniger - 100ml - Racoon-Cleaner\",\"isPartOf\":{\"@id\":\"https:\\\/\\\/racoon-cleaner.nl\\\/de\\\/#website\"},\"primaryImageOfPage\":{\"@id\":\"https:\\\/\\\/racoon-cleaner.nl\\\/de\\\/produkt\\\/reinigung-vorbereitung\\\/reinigungsmittel\\\/racoon-see-through-glasreiniger-100ml\\\/#primaryimage\"},\"image\":{\"@id\":\"https:\\\/\\\/racoon-cleaner.nl\\\/de\\\/produkt\\\/reinigung-vorbereitung\\\/reinigungsmittel\\\/racoon-see-through-glasreiniger-100ml\\\/#primaryimage\"},\"thumbnailUrl\":\"https:\\\/\\\/racoon-cleaner.nl\\\/wp-content\\\/uploads\\\/2020\\\/08\\\/RN_SEETRO100_1.jpg\",\"datePublished\":\"2020-04-09T08:10:34+00:00\",\"dateModified\":\"2020-04-09T08:11:13+00:00\",\"breadcrumb\":{\"@id\":\"https:\\\/\\\/racoon-cleaner.nl\\\/de\\\/produkt\\\/reinigung-vorbereitung\\\/reinigungsmittel\\\/racoon-see-through-glasreiniger-100ml\\\/#breadcrumb\"},\"inLanguage\":\"de\",\"potentialAction\":[{\"@type\":\"ReadAction\",\"target\":[\"https:\\\/\\\/racoon-cleaner.nl\\\/de\\\/produkt\\\/reinigung-vorbereitung\\\/reinigungsmittel\\\/racoon-see-through-glasreiniger-100ml\\\/\"]}]},{\"@type\":\"ImageObject\",\"inLanguage\":\"de\",\"@id\":\"https:\\\/\\\/racoon-cleaner.nl\\\/de\\\/produkt\\\/reinigung-vorbereitung\\\/reinigungsmittel\\\/racoon-see-through-glasreiniger-100ml\\\/#primaryimage\",\"url\":\"https:\\\/\\\/racoon-cleaner.nl\\\/wp-content\\\/uploads\\\/2020\\\/08\\\/RN_SEETRO100_1.jpg\",\"contentUrl\":\"https:\\\/\\\/racoon-cleaner.nl\\\/wp-content\\\/uploads\\\/2020\\\/08\\\/RN_SEETRO100_1.jpg\",\"width\":800,\"height\":800},{\"@type\":\"BreadcrumbList\",\"@id\":\"https:\\\/\\\/racoon-cleaner.nl\\\/de\\\/produkt\\\/reinigung-vorbereitung\\\/reinigungsmittel\\\/racoon-see-through-glasreiniger-100ml\\\/#breadcrumb\",\"itemListElement\":[{\"@type\":\"ListItem\",\"position\":1,\"name\":\"Home\",\"item\":\"https:\\\/\\\/racoon-cleaner.nl\\\/de\\\/\"},{\"@type\":\"ListItem\",\"position\":2,\"name\":\"Shop\",\"item\":\"https:\\\/\\\/racoon-cleaner.nl\\\/de\\\/shop\\\/\"},{\"@type\":\"ListItem\",\"position\":3,\"name\":\"Racoon SEE THROUGH Glasreiniger &#8211; 100ml\"}]},{\"@type\":\"WebSite\",\"@id\":\"https:\\\/\\\/racoon-cleaner.nl\\\/de\\\/#website\",\"url\":\"https:\\\/\\\/racoon-cleaner.nl\\\/de\\\/\",\"name\":\"Racoon-cleaner\",\"description\":\"Reinigings- en verzorgingsproducten\",\"publisher\":{\"@id\":\"https:\\\/\\\/racoon-cleaner.nl\\\/de\\\/#organization\"},\"potentialAction\":[{\"@type\":\"SearchAction\",\"target\":{\"@type\":\"EntryPoint\",\"urlTemplate\":\"https:\\\/\\\/racoon-cleaner.nl\\\/de\\\/?s={search_term_string}\"},\"query-input\":{\"@type\":\"PropertyValueSpecification\",\"valueRequired\":true,\"valueName\":\"search_term_string\"}}],\"inLanguage\":\"de\"},{\"@type\":\"Organization\",\"@id\":\"https:\\\/\\\/racoon-cleaner.nl\\\/de\\\/#organization\",\"name\":\"Racoon-Cleaner.nl\",\"url\":\"https:\\\/\\\/racoon-cleaner.nl\\\/de\\\/\",\"logo\":{\"@type\":\"ImageObject\",\"inLanguage\":\"de\",\"@id\":\"https:\\\/\\\/racoon-cleaner.nl\\\/de\\\/#\\\/schema\\\/logo\\\/image\\\/\",\"url\":\"https:\\\/\\\/i1.wp.com\\\/racoon-cleaner.nl\\\/wp-content\\\/uploads\\\/2019\\\/12\\\/racoon-logo.png?fit=757%2C754&ssl=1\",\"contentUrl\":\"https:\\\/\\\/i1.wp.com\\\/racoon-cleaner.nl\\\/wp-content\\\/uploads\\\/2019\\\/12\\\/racoon-logo.png?fit=757%2C754&ssl=1\",\"width\":757,\"height\":754,\"caption\":\"Racoon-Cleaner.nl\"},\"image\":{\"@id\":\"https:\\\/\\\/racoon-cleaner.nl\\\/de\\\/#\\\/schema\\\/logo\\\/image\\\/\"}}]}<\/script>\n<!-- \/ Yoast SEO plugin. -->","yoast_head_json":{"title":"Racoon SEE THROUGH Glasreiniger - 100ml - Racoon-Cleaner","robots":{"index":"index","follow":"follow","max-snippet":"max-snippet:-1","max-image-preview":"max-image-preview:large","max-video-preview":"max-video-preview:-1"},"canonical":"https:\/\/racoon-cleaner.nl\/de\/produkt\/reinigung-vorbereitung\/reinigungsmittel\/racoon-see-through-glasreiniger-100ml\/","og_locale":"de_DE","og_type":"article","og_title":"Racoon SEE THROUGH Glasreiniger - 100ml - Racoon-Cleaner","og_description":"Racoon SEE THROUGH Glasreiniger - 100ml","og_url":"https:\/\/racoon-cleaner.nl\/de\/produkt\/reinigung-vorbereitung\/reinigungsmittel\/racoon-see-through-glasreiniger-100ml\/","og_site_name":"Racoon-Cleaner","article_modified_time":"2020-04-09T08:11:13+00:00","og_image":[{"width":800,"height":800,"url":"https:\/\/i0.wp.com\/racoon-cleaner.nl\/wp-content\/uploads\/2020\/08\/RN_SEETRO100_1.jpg?fit=800%2C800&ssl=1","type":"image\/jpeg"}],"twitter_card":"summary_large_image","twitter_misc":{"Gesch\u00e4tzte Lesezeit":"2\u00a0Minuten"},"schema":{"@context":"https:\/\/schema.org","@graph":[{"@type":"WebPage","@id":"https:\/\/racoon-cleaner.nl\/de\/produkt\/reinigung-vorbereitung\/reinigungsmittel\/racoon-see-through-glasreiniger-100ml\/","url":"https:\/\/racoon-cleaner.nl\/de\/produkt\/reinigung-vorbereitung\/reinigungsmittel\/racoon-see-through-glasreiniger-100ml\/","name":"Racoon SEE THROUGH Glasreiniger - 100ml - Racoon-Cleaner","isPartOf":{"@id":"https:\/\/racoon-cleaner.nl\/de\/#website"},"primaryImageOfPage":{"@id":"https:\/\/racoon-cleaner.nl\/de\/produkt\/reinigung-vorbereitung\/reinigungsmittel\/racoon-see-through-glasreiniger-100ml\/#primaryimage"},"image":{"@id":"https:\/\/racoon-cleaner.nl\/de\/produkt\/reinigung-vorbereitung\/reinigungsmittel\/racoon-see-through-glasreiniger-100ml\/#primaryimage"},"thumbnailUrl":"https:\/\/racoon-cleaner.nl\/wp-content\/uploads\/2020\/08\/RN_SEETRO100_1.jpg","datePublished":"2020-04-09T08:10:34+00:00","dateModified":"2020-04-09T08:11:13+00:00","breadcrumb":{"@id":"https:\/\/racoon-cleaner.nl\/de\/produkt\/reinigung-vorbereitung\/reinigungsmittel\/racoon-see-through-glasreiniger-100ml\/#breadcrumb"},"inLanguage":"de","potentialAction":[{"@type":"ReadAction","target":["https:\/\/racoon-cleaner.nl\/de\/produkt\/reinigung-vorbereitung\/reinigungsmittel\/racoon-see-through-glasreiniger-100ml\/"]}]},{"@type":"ImageObject","inLanguage":"de","@id":"https:\/\/racoon-cleaner.nl\/de\/produkt\/reinigung-vorbereitung\/reinigungsmittel\/racoon-see-through-glasreiniger-100ml\/#primaryimage","url":"https:\/\/racoon-cleaner.nl\/wp-content\/uploads\/2020\/08\/RN_SEETRO100_1.jpg","contentUrl":"https:\/\/racoon-cleaner.nl\/wp-content\/uploads\/2020\/08\/RN_SEETRO100_1.jpg","width":800,"height":800},{"@type":"BreadcrumbList","@id":"https:\/\/racoon-cleaner.nl\/de\/produkt\/reinigung-vorbereitung\/reinigungsmittel\/racoon-see-through-glasreiniger-100ml\/#breadcrumb","itemListElement":[{"@type":"ListItem","position":1,"name":"Home","item":"https:\/\/racoon-cleaner.nl\/de\/"},{"@type":"ListItem","position":2,"name":"Shop","item":"https:\/\/racoon-cleaner.nl\/de\/shop\/"},{"@type":"ListItem","position":3,"name":"Racoon SEE THROUGH Glasreiniger &#8211; 100ml"}]},{"@type":"WebSite","@id":"https:\/\/racoon-cleaner.nl\/de\/#website","url":"https:\/\/racoon-cleaner.nl\/de\/","name":"Racoon-cleaner","description":"Reinigings- en verzorgingsproducten","publisher":{"@id":"https:\/\/racoon-cleaner.nl\/de\/#organization"},"potentialAction":[{"@type":"SearchAction","target":{"@type":"EntryPoint","urlTemplate":"https:\/\/racoon-cleaner.nl\/de\/?s={search_term_string}"},"query-input":{"@type":"PropertyValueSpecification","valueRequired":true,"valueName":"search_term_string"}}],"inLanguage":"de"},{"@type":"Organization","@id":"https:\/\/racoon-cleaner.nl\/de\/#organization","name":"Racoon-Cleaner.nl","url":"https:\/\/racoon-cleaner.nl\/de\/","logo":{"@type":"ImageObject","inLanguage":"de","@id":"https:\/\/racoon-cleaner.nl\/de\/#\/schema\/logo\/image\/","url":"https:\/\/i1.wp.com\/racoon-cleaner.nl\/wp-content\/uploads\/2019\/12\/racoon-logo.png?fit=757%2C754&ssl=1","contentUrl":"https:\/\/i1.wp.com\/racoon-cleaner.nl\/wp-content\/uploads\/2019\/12\/racoon-logo.png?fit=757%2C754&ssl=1","width":757,"height":754,"caption":"Racoon-Cleaner.nl"},"image":{"@id":"https:\/\/racoon-cleaner.nl\/de\/#\/schema\/logo\/image\/"}}]}},"jetpack_sharing_enabled":true,"_links":{"self":[{"href":"https:\/\/racoon-cleaner.nl\/de\/wp-json\/wp\/v2\/product\/2086","targetHints":{"allow":["GET"]}}],"collection":[{"href":"https:\/\/racoon-cleaner.nl\/de\/wp-json\/wp\/v2\/product"}],"about":[{"href":"https:\/\/racoon-cleaner.nl\/de\/wp-json\/wp\/v2\/types\/product"}],"replies":[{"embeddable":true,"href":"https:\/\/racoon-cleaner.nl\/de\/wp-json\/wp\/v2\/comments?post=2086"}],"wp:featuredmedia":[{"embeddable":true,"href":"https:\/\/racoon-cleaner.nl\/de\/wp-json\/wp\/v2\/media\/4914"}],"wp:attachment":[{"href":"https:\/\/racoon-cleaner.nl\/de\/wp-json\/wp\/v2\/media?parent=2086"}],"wp:term":[{"taxonomy":"product_brand","embeddable":true,"href":"https:\/\/racoon-cleaner.nl\/de\/wp-json\/wp\/v2\/product_brand?post=2086"},{"taxonomy":"product_cat","embeddable":true,"href":"https:\/\/racoon-cleaner.nl\/de\/wp-json\/wp\/v2\/product_cat?post=2086"},{"taxonomy":"product_tag","embeddable":true,"href":"https:\/\/racoon-cleaner.nl\/de\/wp-json\/wp\/v2\/product_tag?post=2086"}],"curies":[{"name":"wp","href":"https:\/\/api.w.org\/{rel}","templated":true}]}}