{"id":2092,"date":"2020-08-07T15:47:55","date_gmt":"2020-04-09T08:11:17","guid":{"rendered":"https:\/\/racoon-cleaner.nl\/product\/racoon-tidy-interior-innenraum-reiniger-100ml\/"},"modified":"2020-04-09T08:11:26","modified_gmt":"2020-04-09T08:11:26","slug":"racoon-tidy-interior-innenraum-reiniger-100ml","status":"publish","type":"product","link":"https:\/\/racoon-cleaner.nl\/de\/produkt\/innenraum\/innenreiniger\/racoon-tidy-interior-innenraum-reiniger-100ml\/","title":{"rendered":"Racoon TIDY INTERIOR Innenraum Reiniger &#8211; 100ml"},"content":{"rendered":"<p># TIDY INTERIOR   Innenraum-Reiniger<\/p>\n<p>F\u00fcr die umweltfreundliche und effiziente Reinigung aller Oberfl\u00e4chen im Innenraum!<\/p>\n<p>Mit einem angenehmen Duft und einer wirklich au\u00dfergew\u00f6hnlichen und porentiefen Reinigungskraft!<\/p>\n<p>F\u00fcr alle Textilpolster, alle Lederfl\u00e4chen, alle Kunststoffe, Gummiteile, Aluminium und auch Fu\u00dfmatten bestens geeignet! Bereits geringe Mengen dieses universell einsetzbaren Reinigers reichen aus um selbst hartn\u00e4ckige Verschmutzungen zuverl\u00e4ssig und m\u00fchelos zu beseitigen!<\/p>\n<p>TIDY INTERIOR hinterl\u00e4sst ein mattes Finish, aber keinerlei Flecken oder Streifen!<\/p>\n<p>&#8211; Sehr ergiebig und vielseitig einsetzbar!<br \/>\n&#8211; Reinigt schnell, einfach und schonend!<\/p>\n<p>Vor Gebrauch gut sch\u00fctteln!  Nicht auf hei\u00dfen Fl\u00e4chen anwenden!<br \/>\nAn geeigneter, unauff\u00e4lliger Stelle auf Materialvertr\u00e4glichkeit pr\u00fcfen!<br \/>\nWir empfehlen das Tragen von Einweghandschuhen!<\/p>\n<p>Den Reiniger auf ein Mikrofaser Tuch spr\u00fchen und die Oberfl\u00e4chen gr\u00fcndlich abwischen.<br \/>\nBei Textilien und st\u00e4rkeren Verschmutzungen die Fl\u00e4che direkt einspr\u00fchen und kurz einwirken lassen! Mit einer weichen B\u00fcrste oder einem Schwamm dann nacharbeiten und den gel\u00f6sten Schmutz sowie den entstandenen Schaum mit einem sauberen, feuchten Mikrofasertuch entfernen.<\/p>\n<p>Der hei\u00dfe Tipp vom Waschb\u00e4ren:<br \/>\nNach einer gr\u00fcndlichen Reinigung des Cockpits und aller Kunststoffteile im Fahrzeug-Innenraum empfehlen wir eine Pflege mit unserem  Racoon # COCKPIT DRESSING! Dieses spezielle Produkt wirkt antistatisch, sowie staubabweisend und die urspr\u00fcngliche Farbtiefe wird wieder optimal aufgefrischt!<\/p>\n<p>Nach der S\u00e4uberung von Textilpolstern und Verkleidungen sollten diese auch direkt versiegelt werden! Denn danach lassen sie sich dann mit viel weniger Zeit- und Arbeitsaufwand reinigen, Schmutz kann nicht mehr so schnell anhaften und auch Fl\u00fcssigkeiten perlen einfach ab! Hierf\u00fcr empfehlen wir unsere daf\u00fcr ganz spezielle  Racoon # TEXTILE PROTECT &#8211; Versiegelung! Die Versiegelung  ist resistent gegen mechanischen Abrieb, die Stoffe und Fasern bleiben aber trotzdem atmungsaktiv und weiterhin luftdurchl\u00e4ssig!<\/p>\n<p>Erh\u00e4ltlich in 100ml und 500ml Flaschen, sowie in 5, 10 und 20 Ltr Kanistern.<\/p>\n<span class=\"et_bloom_bottom_trigger\"><\/span>","protected":false},"excerpt":{"rendered":"<p>Racoon TIDY INTERIOR Innenraum Reiniger &#8211; 100ml<\/p>\n","protected":false},"featured_media":5002,"comment_status":"closed","ping_status":"open","template":"","meta":{"_et_pb_use_builder":"","_et_pb_old_content":"","_et_gb_content_width":""},"product_brand":[],"product_cat":[334,352,358],"product_tag":[189],"class_list":{"0":"post-2092","1":"product","2":"type-product","3":"status-publish","4":"has-post-thumbnail","6":"product_cat-detailer","7":"product_cat-innenraum","8":"product_cat-innenreiniger","9":"product_tag-wasch-poliermittel","10":"pa_kleur-grun","11":"pa_materiaal-flussigkeit","13":"first","14":"instock","15":"taxable","16":"shipping-taxable","17":"purchasable","18":"product-type-simple"},"yoast_head":"<!-- This site is optimized with the Yoast SEO plugin v27.4 - https:\/\/yoast.com\/product\/yoast-seo-wordpress\/ -->\n<title>Racoon TIDY INTERIOR Innenraum Reiniger - 100ml - Racoon-Cleaner<\/title>\n<meta name=\"robots\" content=\"index, follow, max-snippet:-1, max-image-preview:large, max-video-preview:-1\" \/>\n<link rel=\"canonical\" href=\"https:\/\/racoon-cleaner.nl\/de\/produkt\/innenraum\/innenreiniger\/racoon-tidy-interior-innenraum-reiniger-100ml\/\" \/>\n<meta property=\"og:locale\" content=\"de_DE\" \/>\n<meta property=\"og:type\" content=\"article\" \/>\n<meta property=\"og:title\" content=\"Racoon TIDY INTERIOR Innenraum Reiniger - 100ml - Racoon-Cleaner\" \/>\n<meta property=\"og:description\" content=\"Racoon TIDY INTERIOR Innenraum Reiniger - 100ml\" \/>\n<meta property=\"og:url\" content=\"https:\/\/racoon-cleaner.nl\/de\/produkt\/innenraum\/innenreiniger\/racoon-tidy-interior-innenraum-reiniger-100ml\/\" \/>\n<meta property=\"og:site_name\" content=\"Racoon-Cleaner\" \/>\n<meta property=\"article:modified_time\" content=\"2020-04-09T08:11:26+00:00\" \/>\n<meta property=\"og:image\" content=\"https:\/\/i2.wp.com\/racoon-cleaner.nl\/wp-content\/uploads\/2020\/08\/RN_TIDINT100_1.jpg?fit=800%2C800&ssl=1\" \/>\n\t<meta property=\"og:image:width\" content=\"800\" \/>\n\t<meta property=\"og:image:height\" content=\"800\" \/>\n\t<meta property=\"og:image:type\" content=\"image\/jpeg\" \/>\n<meta name=\"twitter:card\" content=\"summary_large_image\" \/>\n<meta name=\"twitter:label1\" content=\"Gesch\u00e4tzte Lesezeit\" \/>\n\t<meta name=\"twitter:data1\" content=\"2\u00a0Minuten\" \/>\n<script type=\"application\/ld+json\" class=\"yoast-schema-graph\">{\"@context\":\"https:\\\/\\\/schema.org\",\"@graph\":[{\"@type\":\"WebPage\",\"@id\":\"https:\\\/\\\/racoon-cleaner.nl\\\/de\\\/produkt\\\/innenraum\\\/innenreiniger\\\/racoon-tidy-interior-innenraum-reiniger-100ml\\\/\",\"url\":\"https:\\\/\\\/racoon-cleaner.nl\\\/de\\\/produkt\\\/innenraum\\\/innenreiniger\\\/racoon-tidy-interior-innenraum-reiniger-100ml\\\/\",\"name\":\"Racoon TIDY INTERIOR Innenraum Reiniger - 100ml - Racoon-Cleaner\",\"isPartOf\":{\"@id\":\"https:\\\/\\\/racoon-cleaner.nl\\\/de\\\/#website\"},\"primaryImageOfPage\":{\"@id\":\"https:\\\/\\\/racoon-cleaner.nl\\\/de\\\/produkt\\\/innenraum\\\/innenreiniger\\\/racoon-tidy-interior-innenraum-reiniger-100ml\\\/#primaryimage\"},\"image\":{\"@id\":\"https:\\\/\\\/racoon-cleaner.nl\\\/de\\\/produkt\\\/innenraum\\\/innenreiniger\\\/racoon-tidy-interior-innenraum-reiniger-100ml\\\/#primaryimage\"},\"thumbnailUrl\":\"https:\\\/\\\/racoon-cleaner.nl\\\/wp-content\\\/uploads\\\/2020\\\/08\\\/RN_TIDINT100_1.jpg\",\"datePublished\":\"2020-04-09T08:11:17+00:00\",\"dateModified\":\"2020-04-09T08:11:26+00:00\",\"breadcrumb\":{\"@id\":\"https:\\\/\\\/racoon-cleaner.nl\\\/de\\\/produkt\\\/innenraum\\\/innenreiniger\\\/racoon-tidy-interior-innenraum-reiniger-100ml\\\/#breadcrumb\"},\"inLanguage\":\"de\",\"potentialAction\":[{\"@type\":\"ReadAction\",\"target\":[\"https:\\\/\\\/racoon-cleaner.nl\\\/de\\\/produkt\\\/innenraum\\\/innenreiniger\\\/racoon-tidy-interior-innenraum-reiniger-100ml\\\/\"]}]},{\"@type\":\"ImageObject\",\"inLanguage\":\"de\",\"@id\":\"https:\\\/\\\/racoon-cleaner.nl\\\/de\\\/produkt\\\/innenraum\\\/innenreiniger\\\/racoon-tidy-interior-innenraum-reiniger-100ml\\\/#primaryimage\",\"url\":\"https:\\\/\\\/racoon-cleaner.nl\\\/wp-content\\\/uploads\\\/2020\\\/08\\\/RN_TIDINT100_1.jpg\",\"contentUrl\":\"https:\\\/\\\/racoon-cleaner.nl\\\/wp-content\\\/uploads\\\/2020\\\/08\\\/RN_TIDINT100_1.jpg\",\"width\":800,\"height\":800},{\"@type\":\"BreadcrumbList\",\"@id\":\"https:\\\/\\\/racoon-cleaner.nl\\\/de\\\/produkt\\\/innenraum\\\/innenreiniger\\\/racoon-tidy-interior-innenraum-reiniger-100ml\\\/#breadcrumb\",\"itemListElement\":[{\"@type\":\"ListItem\",\"position\":1,\"name\":\"Home\",\"item\":\"https:\\\/\\\/racoon-cleaner.nl\\\/de\\\/\"},{\"@type\":\"ListItem\",\"position\":2,\"name\":\"Shop\",\"item\":\"https:\\\/\\\/racoon-cleaner.nl\\\/de\\\/shop\\\/\"},{\"@type\":\"ListItem\",\"position\":3,\"name\":\"Racoon TIDY INTERIOR Innenraum Reiniger &#8211; 100ml\"}]},{\"@type\":\"WebSite\",\"@id\":\"https:\\\/\\\/racoon-cleaner.nl\\\/de\\\/#website\",\"url\":\"https:\\\/\\\/racoon-cleaner.nl\\\/de\\\/\",\"name\":\"Racoon-cleaner\",\"description\":\"Reinigings- en verzorgingsproducten\",\"publisher\":{\"@id\":\"https:\\\/\\\/racoon-cleaner.nl\\\/de\\\/#organization\"},\"potentialAction\":[{\"@type\":\"SearchAction\",\"target\":{\"@type\":\"EntryPoint\",\"urlTemplate\":\"https:\\\/\\\/racoon-cleaner.nl\\\/de\\\/?s={search_term_string}\"},\"query-input\":{\"@type\":\"PropertyValueSpecification\",\"valueRequired\":true,\"valueName\":\"search_term_string\"}}],\"inLanguage\":\"de\"},{\"@type\":\"Organization\",\"@id\":\"https:\\\/\\\/racoon-cleaner.nl\\\/de\\\/#organization\",\"name\":\"Racoon-Cleaner.nl\",\"url\":\"https:\\\/\\\/racoon-cleaner.nl\\\/de\\\/\",\"logo\":{\"@type\":\"ImageObject\",\"inLanguage\":\"de\",\"@id\":\"https:\\\/\\\/racoon-cleaner.nl\\\/de\\\/#\\\/schema\\\/logo\\\/image\\\/\",\"url\":\"https:\\\/\\\/i1.wp.com\\\/racoon-cleaner.nl\\\/wp-content\\\/uploads\\\/2019\\\/12\\\/racoon-logo.png?fit=757%2C754&ssl=1\",\"contentUrl\":\"https:\\\/\\\/i1.wp.com\\\/racoon-cleaner.nl\\\/wp-content\\\/uploads\\\/2019\\\/12\\\/racoon-logo.png?fit=757%2C754&ssl=1\",\"width\":757,\"height\":754,\"caption\":\"Racoon-Cleaner.nl\"},\"image\":{\"@id\":\"https:\\\/\\\/racoon-cleaner.nl\\\/de\\\/#\\\/schema\\\/logo\\\/image\\\/\"}}]}<\/script>\n<!-- \/ Yoast SEO plugin. -->","yoast_head_json":{"title":"Racoon TIDY INTERIOR Innenraum Reiniger - 100ml - Racoon-Cleaner","robots":{"index":"index","follow":"follow","max-snippet":"max-snippet:-1","max-image-preview":"max-image-preview:large","max-video-preview":"max-video-preview:-1"},"canonical":"https:\/\/racoon-cleaner.nl\/de\/produkt\/innenraum\/innenreiniger\/racoon-tidy-interior-innenraum-reiniger-100ml\/","og_locale":"de_DE","og_type":"article","og_title":"Racoon TIDY INTERIOR Innenraum Reiniger - 100ml - Racoon-Cleaner","og_description":"Racoon TIDY INTERIOR Innenraum Reiniger - 100ml","og_url":"https:\/\/racoon-cleaner.nl\/de\/produkt\/innenraum\/innenreiniger\/racoon-tidy-interior-innenraum-reiniger-100ml\/","og_site_name":"Racoon-Cleaner","article_modified_time":"2020-04-09T08:11:26+00:00","og_image":[{"width":800,"height":800,"url":"https:\/\/i2.wp.com\/racoon-cleaner.nl\/wp-content\/uploads\/2020\/08\/RN_TIDINT100_1.jpg?fit=800%2C800&ssl=1","type":"image\/jpeg"}],"twitter_card":"summary_large_image","twitter_misc":{"Gesch\u00e4tzte Lesezeit":"2\u00a0Minuten"},"schema":{"@context":"https:\/\/schema.org","@graph":[{"@type":"WebPage","@id":"https:\/\/racoon-cleaner.nl\/de\/produkt\/innenraum\/innenreiniger\/racoon-tidy-interior-innenraum-reiniger-100ml\/","url":"https:\/\/racoon-cleaner.nl\/de\/produkt\/innenraum\/innenreiniger\/racoon-tidy-interior-innenraum-reiniger-100ml\/","name":"Racoon TIDY INTERIOR Innenraum Reiniger - 100ml - Racoon-Cleaner","isPartOf":{"@id":"https:\/\/racoon-cleaner.nl\/de\/#website"},"primaryImageOfPage":{"@id":"https:\/\/racoon-cleaner.nl\/de\/produkt\/innenraum\/innenreiniger\/racoon-tidy-interior-innenraum-reiniger-100ml\/#primaryimage"},"image":{"@id":"https:\/\/racoon-cleaner.nl\/de\/produkt\/innenraum\/innenreiniger\/racoon-tidy-interior-innenraum-reiniger-100ml\/#primaryimage"},"thumbnailUrl":"https:\/\/racoon-cleaner.nl\/wp-content\/uploads\/2020\/08\/RN_TIDINT100_1.jpg","datePublished":"2020-04-09T08:11:17+00:00","dateModified":"2020-04-09T08:11:26+00:00","breadcrumb":{"@id":"https:\/\/racoon-cleaner.nl\/de\/produkt\/innenraum\/innenreiniger\/racoon-tidy-interior-innenraum-reiniger-100ml\/#breadcrumb"},"inLanguage":"de","potentialAction":[{"@type":"ReadAction","target":["https:\/\/racoon-cleaner.nl\/de\/produkt\/innenraum\/innenreiniger\/racoon-tidy-interior-innenraum-reiniger-100ml\/"]}]},{"@type":"ImageObject","inLanguage":"de","@id":"https:\/\/racoon-cleaner.nl\/de\/produkt\/innenraum\/innenreiniger\/racoon-tidy-interior-innenraum-reiniger-100ml\/#primaryimage","url":"https:\/\/racoon-cleaner.nl\/wp-content\/uploads\/2020\/08\/RN_TIDINT100_1.jpg","contentUrl":"https:\/\/racoon-cleaner.nl\/wp-content\/uploads\/2020\/08\/RN_TIDINT100_1.jpg","width":800,"height":800},{"@type":"BreadcrumbList","@id":"https:\/\/racoon-cleaner.nl\/de\/produkt\/innenraum\/innenreiniger\/racoon-tidy-interior-innenraum-reiniger-100ml\/#breadcrumb","itemListElement":[{"@type":"ListItem","position":1,"name":"Home","item":"https:\/\/racoon-cleaner.nl\/de\/"},{"@type":"ListItem","position":2,"name":"Shop","item":"https:\/\/racoon-cleaner.nl\/de\/shop\/"},{"@type":"ListItem","position":3,"name":"Racoon TIDY INTERIOR Innenraum Reiniger &#8211; 100ml"}]},{"@type":"WebSite","@id":"https:\/\/racoon-cleaner.nl\/de\/#website","url":"https:\/\/racoon-cleaner.nl\/de\/","name":"Racoon-cleaner","description":"Reinigings- en verzorgingsproducten","publisher":{"@id":"https:\/\/racoon-cleaner.nl\/de\/#organization"},"potentialAction":[{"@type":"SearchAction","target":{"@type":"EntryPoint","urlTemplate":"https:\/\/racoon-cleaner.nl\/de\/?s={search_term_string}"},"query-input":{"@type":"PropertyValueSpecification","valueRequired":true,"valueName":"search_term_string"}}],"inLanguage":"de"},{"@type":"Organization","@id":"https:\/\/racoon-cleaner.nl\/de\/#organization","name":"Racoon-Cleaner.nl","url":"https:\/\/racoon-cleaner.nl\/de\/","logo":{"@type":"ImageObject","inLanguage":"de","@id":"https:\/\/racoon-cleaner.nl\/de\/#\/schema\/logo\/image\/","url":"https:\/\/i1.wp.com\/racoon-cleaner.nl\/wp-content\/uploads\/2019\/12\/racoon-logo.png?fit=757%2C754&ssl=1","contentUrl":"https:\/\/i1.wp.com\/racoon-cleaner.nl\/wp-content\/uploads\/2019\/12\/racoon-logo.png?fit=757%2C754&ssl=1","width":757,"height":754,"caption":"Racoon-Cleaner.nl"},"image":{"@id":"https:\/\/racoon-cleaner.nl\/de\/#\/schema\/logo\/image\/"}}]}},"jetpack_sharing_enabled":true,"_links":{"self":[{"href":"https:\/\/racoon-cleaner.nl\/de\/wp-json\/wp\/v2\/product\/2092","targetHints":{"allow":["GET"]}}],"collection":[{"href":"https:\/\/racoon-cleaner.nl\/de\/wp-json\/wp\/v2\/product"}],"about":[{"href":"https:\/\/racoon-cleaner.nl\/de\/wp-json\/wp\/v2\/types\/product"}],"replies":[{"embeddable":true,"href":"https:\/\/racoon-cleaner.nl\/de\/wp-json\/wp\/v2\/comments?post=2092"}],"wp:featuredmedia":[{"embeddable":true,"href":"https:\/\/racoon-cleaner.nl\/de\/wp-json\/wp\/v2\/media\/5002"}],"wp:attachment":[{"href":"https:\/\/racoon-cleaner.nl\/de\/wp-json\/wp\/v2\/media?parent=2092"}],"wp:term":[{"taxonomy":"product_brand","embeddable":true,"href":"https:\/\/racoon-cleaner.nl\/de\/wp-json\/wp\/v2\/product_brand?post=2092"},{"taxonomy":"product_cat","embeddable":true,"href":"https:\/\/racoon-cleaner.nl\/de\/wp-json\/wp\/v2\/product_cat?post=2092"},{"taxonomy":"product_tag","embeddable":true,"href":"https:\/\/racoon-cleaner.nl\/de\/wp-json\/wp\/v2\/product_tag?post=2092"}],"curies":[{"name":"wp","href":"https:\/\/api.w.org\/{rel}","templated":true}]}}