{"id":2095,"date":"2020-08-07T15:47:55","date_gmt":"2020-04-09T08:11:17","guid":{"rendered":"https:\/\/racoon-cleaner.nl\/product\/racoon-trim-gloss-kunststoffpflege-aussen-100ml\/"},"modified":"2020-04-09T08:11:53","modified_gmt":"2020-04-09T08:11:53","slug":"racoon-trim-gloss-kunststoffpflege-aussen-100ml","status":"publish","type":"product","link":"https:\/\/racoon-cleaner.nl\/de\/produkt\/innenraum\/kunststoff-gummi-vinyl\/racoon-trim-gloss-kunststoffpflege-aussen-100ml\/","title":{"rendered":"Racoon TRIM GLOSS Kunststoffpflege \/ au\u00dfen &#8211; 100ml"},"content":{"rendered":"<p># TRIM GLOSS  Kunststoffpflege &#8211; au\u00dfen<\/p>\n<p>Die farbauffrischende und sch\u00fctzende Kunststoff-Pflege  &#8211;  V\u00f6llig frei von Silikon!<\/p>\n<p>Das sehr ergiebige Kombi-Produkt wirkt intensiv auffrischend bei bereits verblichenen und strapazierten Kunststoffteilen, sowie schmutzabweisend und als UV-Schutz auf allen lackierten und matten Plastik- \/ Kunststoffen im Au\u00dfenbereich. Racoon TRIM GLOSS sch\u00fctzt optimal vor Ausbleichen und Material-Verspr\u00f6dung und bildet ein nat\u00fcrliches mattes Finish mit langer Standzeit aus! <\/p>\n<p>&#8211; Effektiv, aber schonend zu Material und zur Umwelt!<\/p>\n<p>Erh\u00e4ltlich in 100ml und 500ml Flaschen!<\/p>\n<p>Vor Gebrauch gut sch\u00fctteln!<br \/>\nAuf keinen Fall unter direkter Sonneneinwirkung, auf hei\u00dfen Fl\u00e4chen und auf Glas anwenden!<br \/>\nWir empfehlen das Tragen von Einweghandschuhen!<\/p>\n<p>Die zu behandelnde Fl\u00e4che muss trocken und sauber sein!<br \/>\nGleichm\u00e4\u00dfig und sparsam mit einem feinporigen Schwamm oder Tuch auftragen und antrocknen lassen!<\/p>\n<span class=\"et_bloom_bottom_trigger\"><\/span>","protected":false},"excerpt":{"rendered":"<p>Racoon TRIM GLOSS Kunststoffpflege \/ au\u00dfen &#8211; 100ml<\/p>\n","protected":false},"featured_media":5062,"comment_status":"closed","ping_status":"open","template":"","meta":{"_et_pb_use_builder":"","_et_pb_old_content":"","_et_gb_content_width":""},"product_brand":[],"product_cat":[337,361],"product_tag":[189],"class_list":{"0":"post-2095","1":"product","2":"type-product","3":"status-publish","4":"has-post-thumbnail","6":"product_cat-diverses","7":"product_cat-kunststoff-gummi-vinyl","8":"product_tag-wasch-poliermittel","9":"pa_kleur-schwarz","10":"pa_materiaal-flussigkeit","12":"first","13":"instock","14":"taxable","15":"shipping-taxable","16":"purchasable","17":"product-type-simple"},"yoast_head":"<!-- This site is optimized with the Yoast SEO plugin v27.4 - https:\/\/yoast.com\/product\/yoast-seo-wordpress\/ -->\n<title>Racoon TRIM GLOSS Kunststoffpflege \/ au\u00dfen - 100ml - Racoon-Cleaner<\/title>\n<meta name=\"robots\" content=\"index, follow, max-snippet:-1, max-image-preview:large, max-video-preview:-1\" \/>\n<link rel=\"canonical\" href=\"https:\/\/racoon-cleaner.nl\/de\/produkt\/innenraum\/kunststoff-gummi-vinyl\/racoon-trim-gloss-kunststoffpflege-aussen-100ml\/\" \/>\n<meta property=\"og:locale\" content=\"de_DE\" \/>\n<meta property=\"og:type\" content=\"article\" \/>\n<meta property=\"og:title\" content=\"Racoon TRIM GLOSS Kunststoffpflege \/ au\u00dfen - 100ml - Racoon-Cleaner\" \/>\n<meta property=\"og:description\" content=\"Racoon TRIM GLOSS Kunststoffpflege \/ au\u00dfen - 100ml\" \/>\n<meta property=\"og:url\" content=\"https:\/\/racoon-cleaner.nl\/de\/produkt\/innenraum\/kunststoff-gummi-vinyl\/racoon-trim-gloss-kunststoffpflege-aussen-100ml\/\" \/>\n<meta property=\"og:site_name\" content=\"Racoon-Cleaner\" \/>\n<meta property=\"article:modified_time\" content=\"2020-04-09T08:11:53+00:00\" \/>\n<meta property=\"og:image\" content=\"https:\/\/i2.wp.com\/racoon-cleaner.nl\/wp-content\/uploads\/2020\/08\/RN_TRIGLO100_1.jpg?fit=800%2C800&ssl=1\" \/>\n\t<meta property=\"og:image:width\" content=\"800\" \/>\n\t<meta property=\"og:image:height\" content=\"800\" \/>\n\t<meta property=\"og:image:type\" content=\"image\/jpeg\" \/>\n<meta name=\"twitter:card\" content=\"summary_large_image\" \/>\n<meta name=\"twitter:label1\" content=\"Gesch\u00e4tzte Lesezeit\" \/>\n\t<meta name=\"twitter:data1\" content=\"1\u00a0Minute\" \/>\n<script type=\"application\/ld+json\" class=\"yoast-schema-graph\">{\"@context\":\"https:\\\/\\\/schema.org\",\"@graph\":[{\"@type\":\"WebPage\",\"@id\":\"https:\\\/\\\/racoon-cleaner.nl\\\/de\\\/produkt\\\/innenraum\\\/kunststoff-gummi-vinyl\\\/racoon-trim-gloss-kunststoffpflege-aussen-100ml\\\/\",\"url\":\"https:\\\/\\\/racoon-cleaner.nl\\\/de\\\/produkt\\\/innenraum\\\/kunststoff-gummi-vinyl\\\/racoon-trim-gloss-kunststoffpflege-aussen-100ml\\\/\",\"name\":\"Racoon TRIM GLOSS Kunststoffpflege \\\/ au\u00dfen - 100ml - Racoon-Cleaner\",\"isPartOf\":{\"@id\":\"https:\\\/\\\/racoon-cleaner.nl\\\/de\\\/#website\"},\"primaryImageOfPage\":{\"@id\":\"https:\\\/\\\/racoon-cleaner.nl\\\/de\\\/produkt\\\/innenraum\\\/kunststoff-gummi-vinyl\\\/racoon-trim-gloss-kunststoffpflege-aussen-100ml\\\/#primaryimage\"},\"image\":{\"@id\":\"https:\\\/\\\/racoon-cleaner.nl\\\/de\\\/produkt\\\/innenraum\\\/kunststoff-gummi-vinyl\\\/racoon-trim-gloss-kunststoffpflege-aussen-100ml\\\/#primaryimage\"},\"thumbnailUrl\":\"https:\\\/\\\/racoon-cleaner.nl\\\/wp-content\\\/uploads\\\/2020\\\/08\\\/RN_TRIGLO100_1.jpg\",\"datePublished\":\"2020-04-09T08:11:17+00:00\",\"dateModified\":\"2020-04-09T08:11:53+00:00\",\"breadcrumb\":{\"@id\":\"https:\\\/\\\/racoon-cleaner.nl\\\/de\\\/produkt\\\/innenraum\\\/kunststoff-gummi-vinyl\\\/racoon-trim-gloss-kunststoffpflege-aussen-100ml\\\/#breadcrumb\"},\"inLanguage\":\"de\",\"potentialAction\":[{\"@type\":\"ReadAction\",\"target\":[\"https:\\\/\\\/racoon-cleaner.nl\\\/de\\\/produkt\\\/innenraum\\\/kunststoff-gummi-vinyl\\\/racoon-trim-gloss-kunststoffpflege-aussen-100ml\\\/\"]}]},{\"@type\":\"ImageObject\",\"inLanguage\":\"de\",\"@id\":\"https:\\\/\\\/racoon-cleaner.nl\\\/de\\\/produkt\\\/innenraum\\\/kunststoff-gummi-vinyl\\\/racoon-trim-gloss-kunststoffpflege-aussen-100ml\\\/#primaryimage\",\"url\":\"https:\\\/\\\/racoon-cleaner.nl\\\/wp-content\\\/uploads\\\/2020\\\/08\\\/RN_TRIGLO100_1.jpg\",\"contentUrl\":\"https:\\\/\\\/racoon-cleaner.nl\\\/wp-content\\\/uploads\\\/2020\\\/08\\\/RN_TRIGLO100_1.jpg\",\"width\":800,\"height\":800},{\"@type\":\"BreadcrumbList\",\"@id\":\"https:\\\/\\\/racoon-cleaner.nl\\\/de\\\/produkt\\\/innenraum\\\/kunststoff-gummi-vinyl\\\/racoon-trim-gloss-kunststoffpflege-aussen-100ml\\\/#breadcrumb\",\"itemListElement\":[{\"@type\":\"ListItem\",\"position\":1,\"name\":\"Home\",\"item\":\"https:\\\/\\\/racoon-cleaner.nl\\\/de\\\/\"},{\"@type\":\"ListItem\",\"position\":2,\"name\":\"Shop\",\"item\":\"https:\\\/\\\/racoon-cleaner.nl\\\/de\\\/shop\\\/\"},{\"@type\":\"ListItem\",\"position\":3,\"name\":\"Racoon TRIM GLOSS Kunststoffpflege \\\/ au\u00dfen &#8211; 100ml\"}]},{\"@type\":\"WebSite\",\"@id\":\"https:\\\/\\\/racoon-cleaner.nl\\\/de\\\/#website\",\"url\":\"https:\\\/\\\/racoon-cleaner.nl\\\/de\\\/\",\"name\":\"Racoon-cleaner\",\"description\":\"Reinigings- en verzorgingsproducten\",\"publisher\":{\"@id\":\"https:\\\/\\\/racoon-cleaner.nl\\\/de\\\/#organization\"},\"potentialAction\":[{\"@type\":\"SearchAction\",\"target\":{\"@type\":\"EntryPoint\",\"urlTemplate\":\"https:\\\/\\\/racoon-cleaner.nl\\\/de\\\/?s={search_term_string}\"},\"query-input\":{\"@type\":\"PropertyValueSpecification\",\"valueRequired\":true,\"valueName\":\"search_term_string\"}}],\"inLanguage\":\"de\"},{\"@type\":\"Organization\",\"@id\":\"https:\\\/\\\/racoon-cleaner.nl\\\/de\\\/#organization\",\"name\":\"Racoon-Cleaner.nl\",\"url\":\"https:\\\/\\\/racoon-cleaner.nl\\\/de\\\/\",\"logo\":{\"@type\":\"ImageObject\",\"inLanguage\":\"de\",\"@id\":\"https:\\\/\\\/racoon-cleaner.nl\\\/de\\\/#\\\/schema\\\/logo\\\/image\\\/\",\"url\":\"https:\\\/\\\/i1.wp.com\\\/racoon-cleaner.nl\\\/wp-content\\\/uploads\\\/2019\\\/12\\\/racoon-logo.png?fit=757%2C754&ssl=1\",\"contentUrl\":\"https:\\\/\\\/i1.wp.com\\\/racoon-cleaner.nl\\\/wp-content\\\/uploads\\\/2019\\\/12\\\/racoon-logo.png?fit=757%2C754&ssl=1\",\"width\":757,\"height\":754,\"caption\":\"Racoon-Cleaner.nl\"},\"image\":{\"@id\":\"https:\\\/\\\/racoon-cleaner.nl\\\/de\\\/#\\\/schema\\\/logo\\\/image\\\/\"}}]}<\/script>\n<!-- \/ Yoast SEO plugin. -->","yoast_head_json":{"title":"Racoon TRIM GLOSS Kunststoffpflege \/ au\u00dfen - 100ml - Racoon-Cleaner","robots":{"index":"index","follow":"follow","max-snippet":"max-snippet:-1","max-image-preview":"max-image-preview:large","max-video-preview":"max-video-preview:-1"},"canonical":"https:\/\/racoon-cleaner.nl\/de\/produkt\/innenraum\/kunststoff-gummi-vinyl\/racoon-trim-gloss-kunststoffpflege-aussen-100ml\/","og_locale":"de_DE","og_type":"article","og_title":"Racoon TRIM GLOSS Kunststoffpflege \/ au\u00dfen - 100ml - Racoon-Cleaner","og_description":"Racoon TRIM GLOSS Kunststoffpflege \/ au\u00dfen - 100ml","og_url":"https:\/\/racoon-cleaner.nl\/de\/produkt\/innenraum\/kunststoff-gummi-vinyl\/racoon-trim-gloss-kunststoffpflege-aussen-100ml\/","og_site_name":"Racoon-Cleaner","article_modified_time":"2020-04-09T08:11:53+00:00","og_image":[{"width":800,"height":800,"url":"https:\/\/i2.wp.com\/racoon-cleaner.nl\/wp-content\/uploads\/2020\/08\/RN_TRIGLO100_1.jpg?fit=800%2C800&ssl=1","type":"image\/jpeg"}],"twitter_card":"summary_large_image","twitter_misc":{"Gesch\u00e4tzte Lesezeit":"1\u00a0Minute"},"schema":{"@context":"https:\/\/schema.org","@graph":[{"@type":"WebPage","@id":"https:\/\/racoon-cleaner.nl\/de\/produkt\/innenraum\/kunststoff-gummi-vinyl\/racoon-trim-gloss-kunststoffpflege-aussen-100ml\/","url":"https:\/\/racoon-cleaner.nl\/de\/produkt\/innenraum\/kunststoff-gummi-vinyl\/racoon-trim-gloss-kunststoffpflege-aussen-100ml\/","name":"Racoon TRIM GLOSS Kunststoffpflege \/ au\u00dfen - 100ml - Racoon-Cleaner","isPartOf":{"@id":"https:\/\/racoon-cleaner.nl\/de\/#website"},"primaryImageOfPage":{"@id":"https:\/\/racoon-cleaner.nl\/de\/produkt\/innenraum\/kunststoff-gummi-vinyl\/racoon-trim-gloss-kunststoffpflege-aussen-100ml\/#primaryimage"},"image":{"@id":"https:\/\/racoon-cleaner.nl\/de\/produkt\/innenraum\/kunststoff-gummi-vinyl\/racoon-trim-gloss-kunststoffpflege-aussen-100ml\/#primaryimage"},"thumbnailUrl":"https:\/\/racoon-cleaner.nl\/wp-content\/uploads\/2020\/08\/RN_TRIGLO100_1.jpg","datePublished":"2020-04-09T08:11:17+00:00","dateModified":"2020-04-09T08:11:53+00:00","breadcrumb":{"@id":"https:\/\/racoon-cleaner.nl\/de\/produkt\/innenraum\/kunststoff-gummi-vinyl\/racoon-trim-gloss-kunststoffpflege-aussen-100ml\/#breadcrumb"},"inLanguage":"de","potentialAction":[{"@type":"ReadAction","target":["https:\/\/racoon-cleaner.nl\/de\/produkt\/innenraum\/kunststoff-gummi-vinyl\/racoon-trim-gloss-kunststoffpflege-aussen-100ml\/"]}]},{"@type":"ImageObject","inLanguage":"de","@id":"https:\/\/racoon-cleaner.nl\/de\/produkt\/innenraum\/kunststoff-gummi-vinyl\/racoon-trim-gloss-kunststoffpflege-aussen-100ml\/#primaryimage","url":"https:\/\/racoon-cleaner.nl\/wp-content\/uploads\/2020\/08\/RN_TRIGLO100_1.jpg","contentUrl":"https:\/\/racoon-cleaner.nl\/wp-content\/uploads\/2020\/08\/RN_TRIGLO100_1.jpg","width":800,"height":800},{"@type":"BreadcrumbList","@id":"https:\/\/racoon-cleaner.nl\/de\/produkt\/innenraum\/kunststoff-gummi-vinyl\/racoon-trim-gloss-kunststoffpflege-aussen-100ml\/#breadcrumb","itemListElement":[{"@type":"ListItem","position":1,"name":"Home","item":"https:\/\/racoon-cleaner.nl\/de\/"},{"@type":"ListItem","position":2,"name":"Shop","item":"https:\/\/racoon-cleaner.nl\/de\/shop\/"},{"@type":"ListItem","position":3,"name":"Racoon TRIM GLOSS Kunststoffpflege \/ au\u00dfen &#8211; 100ml"}]},{"@type":"WebSite","@id":"https:\/\/racoon-cleaner.nl\/de\/#website","url":"https:\/\/racoon-cleaner.nl\/de\/","name":"Racoon-cleaner","description":"Reinigings- en verzorgingsproducten","publisher":{"@id":"https:\/\/racoon-cleaner.nl\/de\/#organization"},"potentialAction":[{"@type":"SearchAction","target":{"@type":"EntryPoint","urlTemplate":"https:\/\/racoon-cleaner.nl\/de\/?s={search_term_string}"},"query-input":{"@type":"PropertyValueSpecification","valueRequired":true,"valueName":"search_term_string"}}],"inLanguage":"de"},{"@type":"Organization","@id":"https:\/\/racoon-cleaner.nl\/de\/#organization","name":"Racoon-Cleaner.nl","url":"https:\/\/racoon-cleaner.nl\/de\/","logo":{"@type":"ImageObject","inLanguage":"de","@id":"https:\/\/racoon-cleaner.nl\/de\/#\/schema\/logo\/image\/","url":"https:\/\/i1.wp.com\/racoon-cleaner.nl\/wp-content\/uploads\/2019\/12\/racoon-logo.png?fit=757%2C754&ssl=1","contentUrl":"https:\/\/i1.wp.com\/racoon-cleaner.nl\/wp-content\/uploads\/2019\/12\/racoon-logo.png?fit=757%2C754&ssl=1","width":757,"height":754,"caption":"Racoon-Cleaner.nl"},"image":{"@id":"https:\/\/racoon-cleaner.nl\/de\/#\/schema\/logo\/image\/"}}]}},"jetpack_sharing_enabled":true,"_links":{"self":[{"href":"https:\/\/racoon-cleaner.nl\/de\/wp-json\/wp\/v2\/product\/2095","targetHints":{"allow":["GET"]}}],"collection":[{"href":"https:\/\/racoon-cleaner.nl\/de\/wp-json\/wp\/v2\/product"}],"about":[{"href":"https:\/\/racoon-cleaner.nl\/de\/wp-json\/wp\/v2\/types\/product"}],"replies":[{"embeddable":true,"href":"https:\/\/racoon-cleaner.nl\/de\/wp-json\/wp\/v2\/comments?post=2095"}],"wp:featuredmedia":[{"embeddable":true,"href":"https:\/\/racoon-cleaner.nl\/de\/wp-json\/wp\/v2\/media\/5062"}],"wp:attachment":[{"href":"https:\/\/racoon-cleaner.nl\/de\/wp-json\/wp\/v2\/media?parent=2095"}],"wp:term":[{"taxonomy":"product_brand","embeddable":true,"href":"https:\/\/racoon-cleaner.nl\/de\/wp-json\/wp\/v2\/product_brand?post=2095"},{"taxonomy":"product_cat","embeddable":true,"href":"https:\/\/racoon-cleaner.nl\/de\/wp-json\/wp\/v2\/product_cat?post=2095"},{"taxonomy":"product_tag","embeddable":true,"href":"https:\/\/racoon-cleaner.nl\/de\/wp-json\/wp\/v2\/product_tag?post=2095"}],"curies":[{"name":"wp","href":"https:\/\/api.w.org\/{rel}","templated":true}]}}