{"id":2097,"date":"2020-08-07T15:47:55","date_gmt":"2020-04-09T08:11:17","guid":{"rendered":"https:\/\/racoon-cleaner.nl\/product\/racoon-ultimate-shine-quick-detailer-5000ml\/"},"modified":"2020-04-09T08:11:55","modified_gmt":"2020-04-09T08:11:55","slug":"racoon-ultimate-shine-quick-detailer-5000ml","status":"publish","type":"product","link":"https:\/\/racoon-cleaner.nl\/de\/produkt\/detailer\/racoon-ultimate-shine-quick-detailer-5000ml\/","title":{"rendered":"Racoon ULTIMATE SHINE Quick Detailer &#8211; 5000ml"},"content":{"rendered":"<p># ULTIMATE SHINE  Quick Detailer<\/p>\n<p>Ein schneller, ultimativer Tiefen-Glanz und ein hydrophober Schutz der Oberfl\u00e4che!<\/p>\n<p>Dieser wasserbasierte, umweltfreundliche Schnell-Reiniger reinigt schnell und entfernt schonend alle g\u00e4ngigen Verschmutzungen im Au\u00dfenbereich des Fahrzeugs (auf Lack, Glas, Chrom, Kunststoff), effizient und sicher! Innovative Additive verst\u00e4rken gleichzeitig den Glanz und verleihen dem Lack eine noch bessere unglaubliche Gl\u00e4tte! Das Abperl-Verhalten wird dadurch auch optimiert und verz\u00f6gert somit auch eine schnelle Neuverschmutzung!<\/p>\n<p>Bestehende Versiegelungen und auch vorhandene Wachsschichten werden nicht angegriffen,<br \/>\nim Gegenteil &#8211; die Haltbarkeit wird optimiert und die Fl\u00e4chen bleiben somit noch l\u00e4nger gesch\u00fctzt.<\/p>\n<p>ULTIMATE SHINE f\u00fcr ein perfektes und glanzvolles Finish!<\/p>\n<p>&#8211; Sehr ergiebig und vielseitig einsetzbar &#8211; ohne Wasser und Schwamm!<br \/>\n&#8211; Reinigt, pflegt und konserviert schonend in einem Arbeitsgang!<br \/>\n&#8211; NEU! Jetzt mit einem &#8218;Sweet &#8211; Peachy&#8216; Duft!<\/p>\n<p>Erh\u00e4ltlich in 100ml und 500ml Flaschen, sowie in 5L, 10L und 20l Kanistern!<\/p>\n<p>Auf keinen Fall unter direkter Sonneneinwirkung oder auf hei\u00dfen Fl\u00e4chen anwenden!<br \/>\nVor Gebrauch gut sch\u00fctteln!  Wir empfehlen das Tragen von Einweghandschuhen!<\/p>\n<p>Das Produkt sparsam auf ein weiches Mikrofasertuch oder direkt d\u00fcnn auf die Oberfl\u00e4che spr\u00fchen und ohne Druck in kreisenden Bewegungen gr\u00fcndlich verteilen. Nach kurzer Einwirk-Zeit mit einem sauberen, trockenen Mikrofasertuch die behandelte Fl\u00e4che abwischen. Die Schmutzpartikel werden durch die in dem Reiniger enthaltenen Wirkstoffe gebunden und bleiben am Tuch haften.<\/p>\n<p>Der hei\u00dfe Tipp vom Waschb\u00e4ren:<br \/>\nEtwas # Racoon ULTIMATE SHINE direkt auf das Trockentuch spr\u00fchen!<br \/>\nDas Tuch gleitet dann noch viel besser \u00fcber die nasse Fahrzeugoberfl\u00e4che und garantiert zugleich eine wirklich schlieren- und streifenfreie, besonders glanzvolle Trocknung!<\/p>\n<span class=\"et_bloom_bottom_trigger\"><\/span>","protected":false},"excerpt":{"rendered":"<p>Racoon ULTIMATE SHINE Quick Detailer &#8211; 5000ml<\/p>\n","protected":false},"featured_media":5086,"comment_status":"closed","ping_status":"open","template":"","meta":{"_et_pb_use_builder":"","_et_pb_old_content":"","_et_gb_content_width":""},"product_brand":[],"product_cat":[334],"product_tag":[189],"class_list":{"0":"post-2097","1":"product","2":"type-product","3":"status-publish","4":"has-post-thumbnail","6":"product_cat-detailer","7":"product_tag-wasch-poliermittel","8":"pa_kleur-orange-de","9":"pa_materiaal-flussigkeit","11":"first","12":"instock","13":"taxable","14":"shipping-taxable","15":"purchasable","16":"product-type-simple"},"yoast_head":"<!-- This site is optimized with the Yoast SEO plugin v27.4 - https:\/\/yoast.com\/product\/yoast-seo-wordpress\/ -->\n<title>Racoon ULTIMATE SHINE Quick Detailer - 5000ml - Racoon-Cleaner<\/title>\n<meta name=\"robots\" content=\"index, follow, max-snippet:-1, max-image-preview:large, max-video-preview:-1\" \/>\n<link rel=\"canonical\" href=\"https:\/\/racoon-cleaner.nl\/de\/produkt\/detailer\/racoon-ultimate-shine-quick-detailer-5000ml\/\" \/>\n<meta property=\"og:locale\" content=\"de_DE\" \/>\n<meta property=\"og:type\" content=\"article\" \/>\n<meta property=\"og:title\" content=\"Racoon ULTIMATE SHINE Quick Detailer - 5000ml - Racoon-Cleaner\" \/>\n<meta property=\"og:description\" content=\"Racoon ULTIMATE SHINE Quick Detailer - 5000ml\" \/>\n<meta property=\"og:url\" content=\"https:\/\/racoon-cleaner.nl\/de\/produkt\/detailer\/racoon-ultimate-shine-quick-detailer-5000ml\/\" \/>\n<meta property=\"og:site_name\" content=\"Racoon-Cleaner\" \/>\n<meta property=\"article:modified_time\" content=\"2020-04-09T08:11:55+00:00\" \/>\n<meta property=\"og:image\" content=\"https:\/\/i0.wp.com\/racoon-cleaner.nl\/wp-content\/uploads\/2020\/08\/RN_ULTSHI5_1.jpg?fit=800%2C800&ssl=1\" \/>\n\t<meta property=\"og:image:width\" content=\"800\" \/>\n\t<meta property=\"og:image:height\" content=\"800\" \/>\n\t<meta property=\"og:image:type\" content=\"image\/jpeg\" \/>\n<meta name=\"twitter:card\" content=\"summary_large_image\" \/>\n<meta name=\"twitter:label1\" content=\"Gesch\u00e4tzte Lesezeit\" \/>\n\t<meta name=\"twitter:data1\" content=\"1\u00a0Minute\" \/>\n<script type=\"application\/ld+json\" class=\"yoast-schema-graph\">{\"@context\":\"https:\\\/\\\/schema.org\",\"@graph\":[{\"@type\":\"WebPage\",\"@id\":\"https:\\\/\\\/racoon-cleaner.nl\\\/de\\\/produkt\\\/detailer\\\/racoon-ultimate-shine-quick-detailer-5000ml\\\/\",\"url\":\"https:\\\/\\\/racoon-cleaner.nl\\\/de\\\/produkt\\\/detailer\\\/racoon-ultimate-shine-quick-detailer-5000ml\\\/\",\"name\":\"Racoon ULTIMATE SHINE Quick Detailer - 5000ml - Racoon-Cleaner\",\"isPartOf\":{\"@id\":\"https:\\\/\\\/racoon-cleaner.nl\\\/de\\\/#website\"},\"primaryImageOfPage\":{\"@id\":\"https:\\\/\\\/racoon-cleaner.nl\\\/de\\\/produkt\\\/detailer\\\/racoon-ultimate-shine-quick-detailer-5000ml\\\/#primaryimage\"},\"image\":{\"@id\":\"https:\\\/\\\/racoon-cleaner.nl\\\/de\\\/produkt\\\/detailer\\\/racoon-ultimate-shine-quick-detailer-5000ml\\\/#primaryimage\"},\"thumbnailUrl\":\"https:\\\/\\\/racoon-cleaner.nl\\\/wp-content\\\/uploads\\\/2020\\\/08\\\/RN_ULTSHI5_1.jpg\",\"datePublished\":\"2020-04-09T08:11:17+00:00\",\"dateModified\":\"2020-04-09T08:11:55+00:00\",\"breadcrumb\":{\"@id\":\"https:\\\/\\\/racoon-cleaner.nl\\\/de\\\/produkt\\\/detailer\\\/racoon-ultimate-shine-quick-detailer-5000ml\\\/#breadcrumb\"},\"inLanguage\":\"de\",\"potentialAction\":[{\"@type\":\"ReadAction\",\"target\":[\"https:\\\/\\\/racoon-cleaner.nl\\\/de\\\/produkt\\\/detailer\\\/racoon-ultimate-shine-quick-detailer-5000ml\\\/\"]}]},{\"@type\":\"ImageObject\",\"inLanguage\":\"de\",\"@id\":\"https:\\\/\\\/racoon-cleaner.nl\\\/de\\\/produkt\\\/detailer\\\/racoon-ultimate-shine-quick-detailer-5000ml\\\/#primaryimage\",\"url\":\"https:\\\/\\\/racoon-cleaner.nl\\\/wp-content\\\/uploads\\\/2020\\\/08\\\/RN_ULTSHI5_1.jpg\",\"contentUrl\":\"https:\\\/\\\/racoon-cleaner.nl\\\/wp-content\\\/uploads\\\/2020\\\/08\\\/RN_ULTSHI5_1.jpg\",\"width\":800,\"height\":800},{\"@type\":\"BreadcrumbList\",\"@id\":\"https:\\\/\\\/racoon-cleaner.nl\\\/de\\\/produkt\\\/detailer\\\/racoon-ultimate-shine-quick-detailer-5000ml\\\/#breadcrumb\",\"itemListElement\":[{\"@type\":\"ListItem\",\"position\":1,\"name\":\"Home\",\"item\":\"https:\\\/\\\/racoon-cleaner.nl\\\/de\\\/\"},{\"@type\":\"ListItem\",\"position\":2,\"name\":\"Shop\",\"item\":\"https:\\\/\\\/racoon-cleaner.nl\\\/de\\\/shop\\\/\"},{\"@type\":\"ListItem\",\"position\":3,\"name\":\"Racoon ULTIMATE SHINE Quick Detailer &#8211; 5000ml\"}]},{\"@type\":\"WebSite\",\"@id\":\"https:\\\/\\\/racoon-cleaner.nl\\\/de\\\/#website\",\"url\":\"https:\\\/\\\/racoon-cleaner.nl\\\/de\\\/\",\"name\":\"Racoon-cleaner\",\"description\":\"Reinigings- en verzorgingsproducten\",\"publisher\":{\"@id\":\"https:\\\/\\\/racoon-cleaner.nl\\\/de\\\/#organization\"},\"potentialAction\":[{\"@type\":\"SearchAction\",\"target\":{\"@type\":\"EntryPoint\",\"urlTemplate\":\"https:\\\/\\\/racoon-cleaner.nl\\\/de\\\/?s={search_term_string}\"},\"query-input\":{\"@type\":\"PropertyValueSpecification\",\"valueRequired\":true,\"valueName\":\"search_term_string\"}}],\"inLanguage\":\"de\"},{\"@type\":\"Organization\",\"@id\":\"https:\\\/\\\/racoon-cleaner.nl\\\/de\\\/#organization\",\"name\":\"Racoon-Cleaner.nl\",\"url\":\"https:\\\/\\\/racoon-cleaner.nl\\\/de\\\/\",\"logo\":{\"@type\":\"ImageObject\",\"inLanguage\":\"de\",\"@id\":\"https:\\\/\\\/racoon-cleaner.nl\\\/de\\\/#\\\/schema\\\/logo\\\/image\\\/\",\"url\":\"https:\\\/\\\/i1.wp.com\\\/racoon-cleaner.nl\\\/wp-content\\\/uploads\\\/2019\\\/12\\\/racoon-logo.png?fit=757%2C754&ssl=1\",\"contentUrl\":\"https:\\\/\\\/i1.wp.com\\\/racoon-cleaner.nl\\\/wp-content\\\/uploads\\\/2019\\\/12\\\/racoon-logo.png?fit=757%2C754&ssl=1\",\"width\":757,\"height\":754,\"caption\":\"Racoon-Cleaner.nl\"},\"image\":{\"@id\":\"https:\\\/\\\/racoon-cleaner.nl\\\/de\\\/#\\\/schema\\\/logo\\\/image\\\/\"}}]}<\/script>\n<!-- \/ Yoast SEO plugin. -->","yoast_head_json":{"title":"Racoon ULTIMATE SHINE Quick Detailer - 5000ml - Racoon-Cleaner","robots":{"index":"index","follow":"follow","max-snippet":"max-snippet:-1","max-image-preview":"max-image-preview:large","max-video-preview":"max-video-preview:-1"},"canonical":"https:\/\/racoon-cleaner.nl\/de\/produkt\/detailer\/racoon-ultimate-shine-quick-detailer-5000ml\/","og_locale":"de_DE","og_type":"article","og_title":"Racoon ULTIMATE SHINE Quick Detailer - 5000ml - Racoon-Cleaner","og_description":"Racoon ULTIMATE SHINE Quick Detailer - 5000ml","og_url":"https:\/\/racoon-cleaner.nl\/de\/produkt\/detailer\/racoon-ultimate-shine-quick-detailer-5000ml\/","og_site_name":"Racoon-Cleaner","article_modified_time":"2020-04-09T08:11:55+00:00","og_image":[{"width":800,"height":800,"url":"https:\/\/i0.wp.com\/racoon-cleaner.nl\/wp-content\/uploads\/2020\/08\/RN_ULTSHI5_1.jpg?fit=800%2C800&ssl=1","type":"image\/jpeg"}],"twitter_card":"summary_large_image","twitter_misc":{"Gesch\u00e4tzte Lesezeit":"1\u00a0Minute"},"schema":{"@context":"https:\/\/schema.org","@graph":[{"@type":"WebPage","@id":"https:\/\/racoon-cleaner.nl\/de\/produkt\/detailer\/racoon-ultimate-shine-quick-detailer-5000ml\/","url":"https:\/\/racoon-cleaner.nl\/de\/produkt\/detailer\/racoon-ultimate-shine-quick-detailer-5000ml\/","name":"Racoon ULTIMATE SHINE Quick Detailer - 5000ml - Racoon-Cleaner","isPartOf":{"@id":"https:\/\/racoon-cleaner.nl\/de\/#website"},"primaryImageOfPage":{"@id":"https:\/\/racoon-cleaner.nl\/de\/produkt\/detailer\/racoon-ultimate-shine-quick-detailer-5000ml\/#primaryimage"},"image":{"@id":"https:\/\/racoon-cleaner.nl\/de\/produkt\/detailer\/racoon-ultimate-shine-quick-detailer-5000ml\/#primaryimage"},"thumbnailUrl":"https:\/\/racoon-cleaner.nl\/wp-content\/uploads\/2020\/08\/RN_ULTSHI5_1.jpg","datePublished":"2020-04-09T08:11:17+00:00","dateModified":"2020-04-09T08:11:55+00:00","breadcrumb":{"@id":"https:\/\/racoon-cleaner.nl\/de\/produkt\/detailer\/racoon-ultimate-shine-quick-detailer-5000ml\/#breadcrumb"},"inLanguage":"de","potentialAction":[{"@type":"ReadAction","target":["https:\/\/racoon-cleaner.nl\/de\/produkt\/detailer\/racoon-ultimate-shine-quick-detailer-5000ml\/"]}]},{"@type":"ImageObject","inLanguage":"de","@id":"https:\/\/racoon-cleaner.nl\/de\/produkt\/detailer\/racoon-ultimate-shine-quick-detailer-5000ml\/#primaryimage","url":"https:\/\/racoon-cleaner.nl\/wp-content\/uploads\/2020\/08\/RN_ULTSHI5_1.jpg","contentUrl":"https:\/\/racoon-cleaner.nl\/wp-content\/uploads\/2020\/08\/RN_ULTSHI5_1.jpg","width":800,"height":800},{"@type":"BreadcrumbList","@id":"https:\/\/racoon-cleaner.nl\/de\/produkt\/detailer\/racoon-ultimate-shine-quick-detailer-5000ml\/#breadcrumb","itemListElement":[{"@type":"ListItem","position":1,"name":"Home","item":"https:\/\/racoon-cleaner.nl\/de\/"},{"@type":"ListItem","position":2,"name":"Shop","item":"https:\/\/racoon-cleaner.nl\/de\/shop\/"},{"@type":"ListItem","position":3,"name":"Racoon ULTIMATE SHINE Quick Detailer &#8211; 5000ml"}]},{"@type":"WebSite","@id":"https:\/\/racoon-cleaner.nl\/de\/#website","url":"https:\/\/racoon-cleaner.nl\/de\/","name":"Racoon-cleaner","description":"Reinigings- en verzorgingsproducten","publisher":{"@id":"https:\/\/racoon-cleaner.nl\/de\/#organization"},"potentialAction":[{"@type":"SearchAction","target":{"@type":"EntryPoint","urlTemplate":"https:\/\/racoon-cleaner.nl\/de\/?s={search_term_string}"},"query-input":{"@type":"PropertyValueSpecification","valueRequired":true,"valueName":"search_term_string"}}],"inLanguage":"de"},{"@type":"Organization","@id":"https:\/\/racoon-cleaner.nl\/de\/#organization","name":"Racoon-Cleaner.nl","url":"https:\/\/racoon-cleaner.nl\/de\/","logo":{"@type":"ImageObject","inLanguage":"de","@id":"https:\/\/racoon-cleaner.nl\/de\/#\/schema\/logo\/image\/","url":"https:\/\/i1.wp.com\/racoon-cleaner.nl\/wp-content\/uploads\/2019\/12\/racoon-logo.png?fit=757%2C754&ssl=1","contentUrl":"https:\/\/i1.wp.com\/racoon-cleaner.nl\/wp-content\/uploads\/2019\/12\/racoon-logo.png?fit=757%2C754&ssl=1","width":757,"height":754,"caption":"Racoon-Cleaner.nl"},"image":{"@id":"https:\/\/racoon-cleaner.nl\/de\/#\/schema\/logo\/image\/"}}]}},"jetpack_sharing_enabled":true,"_links":{"self":[{"href":"https:\/\/racoon-cleaner.nl\/de\/wp-json\/wp\/v2\/product\/2097","targetHints":{"allow":["GET"]}}],"collection":[{"href":"https:\/\/racoon-cleaner.nl\/de\/wp-json\/wp\/v2\/product"}],"about":[{"href":"https:\/\/racoon-cleaner.nl\/de\/wp-json\/wp\/v2\/types\/product"}],"replies":[{"embeddable":true,"href":"https:\/\/racoon-cleaner.nl\/de\/wp-json\/wp\/v2\/comments?post=2097"}],"wp:featuredmedia":[{"embeddable":true,"href":"https:\/\/racoon-cleaner.nl\/de\/wp-json\/wp\/v2\/media\/5086"}],"wp:attachment":[{"href":"https:\/\/racoon-cleaner.nl\/de\/wp-json\/wp\/v2\/media?parent=2097"}],"wp:term":[{"taxonomy":"product_brand","embeddable":true,"href":"https:\/\/racoon-cleaner.nl\/de\/wp-json\/wp\/v2\/product_brand?post=2097"},{"taxonomy":"product_cat","embeddable":true,"href":"https:\/\/racoon-cleaner.nl\/de\/wp-json\/wp\/v2\/product_cat?post=2097"},{"taxonomy":"product_tag","embeddable":true,"href":"https:\/\/racoon-cleaner.nl\/de\/wp-json\/wp\/v2\/product_tag?post=2097"}],"curies":[{"name":"wp","href":"https:\/\/api.w.org\/{rel}","templated":true}]}}