{"id":2100,"date":"2020-08-07T15:57:04","date_gmt":"2020-04-09T08:11:59","guid":{"rendered":"https:\/\/racoon-cleaner.nl\/product\/racoon-water-spot-remover-wasserflecken-entferner-500ml\/"},"modified":"2020-04-09T08:12:02","modified_gmt":"2020-04-09T08:12:02","slug":"racoon-water-spot-remover-wasserflecken-entferner-500ml","status":"publish","type":"product","link":"https:\/\/racoon-cleaner.nl\/de\/produkt\/detailer\/racoon-water-spot-remover-wasserflecken-entferner-500ml\/","title":{"rendered":"Racoon WATER SPOT REMOVER Wasserflecken-Entferner &#8211; 500ml"},"content":{"rendered":"<p># WATER SPOT REMOVER  Wasserflecken-Entferner<\/p>\n<p>St\u00f6rende Wasserflecken und Kalkr\u00e4nder werden schnell , m\u00fchelos aber schonend entfernt!<\/p>\n<p>Wasserflecken, die durch kalkhaltiges Wasser oder durch sauren Regen entstehen und beim Trocknen R\u00e4nder auf den Oberfl\u00e4chen hinterlassen, werden mit diesem speziellen, wasserbasierten Racoon Reiniger schnell und gr\u00fcndlich, aber auch sehr schonend entfernt!<\/p>\n<p>Bestehende Versiegelungen und auch vorhandene Wachsschichten werden nicht angegriffen!<\/p>\n<p>&#8211; Sehr ergiebig und vielseitig einsetzbar &#8211; ohne Wasser und Schwamm!<br \/>\n&#8211; Reinigt, pflegt und konserviert auch schonend in einem Arbeitsgang!<\/p>\n<p>Erh\u00e4ltlich in 200ml und 500ml Flaschen!<\/p>\n<p>Auf keinen Fall unter direkter Sonneneinwirkung oder auf hei\u00dfen Fl\u00e4chen anwenden!<br \/>\nVor Gebrauch gut sch\u00fctteln!  Wir empfehlen das Tragen von Einweghandschuhen!<\/p>\n<p>Auf ein weiches Mikrofasertuch aufspr\u00fchen, ohne Druck in kreisenden Bewegungen auf die zu behandelnden Oberfla\u0308chen auftragen und mit einem frischen, kratzfreien Mikrofasertuch abwischen. Bei starken Wasserflecken direkt auf die Fl\u00e4che spr\u00fchen, kurz einwirken lassen und abwischen!<\/p>\n<p>Der hei\u00dfe Tipp vom Waschb\u00e4ren:<br \/>\nPerfekt auch direkt nach der Wagenw\u00e4sche f\u00fcr eine garantiert fleckenfrei Trocknung!<br \/>\nEtwas # Racoon WATER SPOT REMOVER direkt auf das Trockentuch spr\u00fchen und die Fl\u00e4chen dann abwischen!<\/p>\n<span class=\"et_bloom_bottom_trigger\"><\/span>","protected":false},"excerpt":{"rendered":"<p>Racoon WATER SPOT REMOVER Wasserflecken-Entferner &#8211; 500ml<\/p>\n","protected":false},"featured_media":5126,"comment_status":"closed","ping_status":"open","template":"","meta":{"_et_pb_use_builder":"","_et_pb_old_content":"","_et_gb_content_width":""},"product_brand":[],"product_cat":[334],"product_tag":[189],"class_list":{"0":"post-2100","1":"product","2":"type-product","3":"status-publish","4":"has-post-thumbnail","6":"product_cat-detailer","7":"product_tag-wasch-poliermittel","8":"pa_kleur-weiss","9":"pa_materiaal-flussigkeit","11":"first","12":"instock","13":"taxable","14":"shipping-taxable","15":"purchasable","16":"product-type-simple"},"yoast_head":"<!-- This site is optimized with the Yoast SEO plugin v27.4 - https:\/\/yoast.com\/product\/yoast-seo-wordpress\/ -->\n<title>Racoon WATER SPOT REMOVER Wasserflecken-Entferner - 500ml - Racoon-Cleaner<\/title>\n<meta name=\"robots\" content=\"index, follow, max-snippet:-1, max-image-preview:large, max-video-preview:-1\" \/>\n<link rel=\"canonical\" href=\"https:\/\/racoon-cleaner.nl\/de\/produkt\/detailer\/racoon-water-spot-remover-wasserflecken-entferner-500ml\/\" \/>\n<meta property=\"og:locale\" content=\"de_DE\" \/>\n<meta property=\"og:type\" content=\"article\" \/>\n<meta property=\"og:title\" content=\"Racoon WATER SPOT REMOVER Wasserflecken-Entferner - 500ml - Racoon-Cleaner\" \/>\n<meta property=\"og:description\" content=\"Racoon WATER SPOT REMOVER Wasserflecken-Entferner - 500ml\" \/>\n<meta property=\"og:url\" content=\"https:\/\/racoon-cleaner.nl\/de\/produkt\/detailer\/racoon-water-spot-remover-wasserflecken-entferner-500ml\/\" \/>\n<meta property=\"og:site_name\" content=\"Racoon-Cleaner\" \/>\n<meta property=\"article:modified_time\" content=\"2020-04-09T08:12:02+00:00\" \/>\n<meta property=\"og:image\" content=\"https:\/\/i2.wp.com\/racoon-cleaner.nl\/wp-content\/uploads\/2020\/08\/RN_WATSPO500_1.jpg?fit=800%2C800&ssl=1\" \/>\n\t<meta property=\"og:image:width\" content=\"800\" \/>\n\t<meta property=\"og:image:height\" content=\"800\" \/>\n\t<meta property=\"og:image:type\" content=\"image\/jpeg\" \/>\n<meta name=\"twitter:card\" content=\"summary_large_image\" \/>\n<meta name=\"twitter:label1\" content=\"Gesch\u00e4tzte Lesezeit\" \/>\n\t<meta name=\"twitter:data1\" content=\"1\u00a0Minute\" \/>\n<script type=\"application\/ld+json\" class=\"yoast-schema-graph\">{\"@context\":\"https:\\\/\\\/schema.org\",\"@graph\":[{\"@type\":\"WebPage\",\"@id\":\"https:\\\/\\\/racoon-cleaner.nl\\\/de\\\/produkt\\\/detailer\\\/racoon-water-spot-remover-wasserflecken-entferner-500ml\\\/\",\"url\":\"https:\\\/\\\/racoon-cleaner.nl\\\/de\\\/produkt\\\/detailer\\\/racoon-water-spot-remover-wasserflecken-entferner-500ml\\\/\",\"name\":\"Racoon WATER SPOT REMOVER Wasserflecken-Entferner - 500ml - Racoon-Cleaner\",\"isPartOf\":{\"@id\":\"https:\\\/\\\/racoon-cleaner.nl\\\/de\\\/#website\"},\"primaryImageOfPage\":{\"@id\":\"https:\\\/\\\/racoon-cleaner.nl\\\/de\\\/produkt\\\/detailer\\\/racoon-water-spot-remover-wasserflecken-entferner-500ml\\\/#primaryimage\"},\"image\":{\"@id\":\"https:\\\/\\\/racoon-cleaner.nl\\\/de\\\/produkt\\\/detailer\\\/racoon-water-spot-remover-wasserflecken-entferner-500ml\\\/#primaryimage\"},\"thumbnailUrl\":\"https:\\\/\\\/racoon-cleaner.nl\\\/wp-content\\\/uploads\\\/2020\\\/08\\\/RN_WATSPO500_1.jpg\",\"datePublished\":\"2020-04-09T08:11:59+00:00\",\"dateModified\":\"2020-04-09T08:12:02+00:00\",\"breadcrumb\":{\"@id\":\"https:\\\/\\\/racoon-cleaner.nl\\\/de\\\/produkt\\\/detailer\\\/racoon-water-spot-remover-wasserflecken-entferner-500ml\\\/#breadcrumb\"},\"inLanguage\":\"de\",\"potentialAction\":[{\"@type\":\"ReadAction\",\"target\":[\"https:\\\/\\\/racoon-cleaner.nl\\\/de\\\/produkt\\\/detailer\\\/racoon-water-spot-remover-wasserflecken-entferner-500ml\\\/\"]}]},{\"@type\":\"ImageObject\",\"inLanguage\":\"de\",\"@id\":\"https:\\\/\\\/racoon-cleaner.nl\\\/de\\\/produkt\\\/detailer\\\/racoon-water-spot-remover-wasserflecken-entferner-500ml\\\/#primaryimage\",\"url\":\"https:\\\/\\\/racoon-cleaner.nl\\\/wp-content\\\/uploads\\\/2020\\\/08\\\/RN_WATSPO500_1.jpg\",\"contentUrl\":\"https:\\\/\\\/racoon-cleaner.nl\\\/wp-content\\\/uploads\\\/2020\\\/08\\\/RN_WATSPO500_1.jpg\",\"width\":800,\"height\":800},{\"@type\":\"BreadcrumbList\",\"@id\":\"https:\\\/\\\/racoon-cleaner.nl\\\/de\\\/produkt\\\/detailer\\\/racoon-water-spot-remover-wasserflecken-entferner-500ml\\\/#breadcrumb\",\"itemListElement\":[{\"@type\":\"ListItem\",\"position\":1,\"name\":\"Home\",\"item\":\"https:\\\/\\\/racoon-cleaner.nl\\\/de\\\/\"},{\"@type\":\"ListItem\",\"position\":2,\"name\":\"Shop\",\"item\":\"https:\\\/\\\/racoon-cleaner.nl\\\/de\\\/shop\\\/\"},{\"@type\":\"ListItem\",\"position\":3,\"name\":\"Racoon WATER SPOT REMOVER Wasserflecken-Entferner &#8211; 500ml\"}]},{\"@type\":\"WebSite\",\"@id\":\"https:\\\/\\\/racoon-cleaner.nl\\\/de\\\/#website\",\"url\":\"https:\\\/\\\/racoon-cleaner.nl\\\/de\\\/\",\"name\":\"Racoon-cleaner\",\"description\":\"Reinigings- en verzorgingsproducten\",\"publisher\":{\"@id\":\"https:\\\/\\\/racoon-cleaner.nl\\\/de\\\/#organization\"},\"potentialAction\":[{\"@type\":\"SearchAction\",\"target\":{\"@type\":\"EntryPoint\",\"urlTemplate\":\"https:\\\/\\\/racoon-cleaner.nl\\\/de\\\/?s={search_term_string}\"},\"query-input\":{\"@type\":\"PropertyValueSpecification\",\"valueRequired\":true,\"valueName\":\"search_term_string\"}}],\"inLanguage\":\"de\"},{\"@type\":\"Organization\",\"@id\":\"https:\\\/\\\/racoon-cleaner.nl\\\/de\\\/#organization\",\"name\":\"Racoon-Cleaner.nl\",\"url\":\"https:\\\/\\\/racoon-cleaner.nl\\\/de\\\/\",\"logo\":{\"@type\":\"ImageObject\",\"inLanguage\":\"de\",\"@id\":\"https:\\\/\\\/racoon-cleaner.nl\\\/de\\\/#\\\/schema\\\/logo\\\/image\\\/\",\"url\":\"https:\\\/\\\/i1.wp.com\\\/racoon-cleaner.nl\\\/wp-content\\\/uploads\\\/2019\\\/12\\\/racoon-logo.png?fit=757%2C754&ssl=1\",\"contentUrl\":\"https:\\\/\\\/i1.wp.com\\\/racoon-cleaner.nl\\\/wp-content\\\/uploads\\\/2019\\\/12\\\/racoon-logo.png?fit=757%2C754&ssl=1\",\"width\":757,\"height\":754,\"caption\":\"Racoon-Cleaner.nl\"},\"image\":{\"@id\":\"https:\\\/\\\/racoon-cleaner.nl\\\/de\\\/#\\\/schema\\\/logo\\\/image\\\/\"}}]}<\/script>\n<!-- \/ Yoast SEO plugin. -->","yoast_head_json":{"title":"Racoon WATER SPOT REMOVER Wasserflecken-Entferner - 500ml - Racoon-Cleaner","robots":{"index":"index","follow":"follow","max-snippet":"max-snippet:-1","max-image-preview":"max-image-preview:large","max-video-preview":"max-video-preview:-1"},"canonical":"https:\/\/racoon-cleaner.nl\/de\/produkt\/detailer\/racoon-water-spot-remover-wasserflecken-entferner-500ml\/","og_locale":"de_DE","og_type":"article","og_title":"Racoon WATER SPOT REMOVER Wasserflecken-Entferner - 500ml - Racoon-Cleaner","og_description":"Racoon WATER SPOT REMOVER Wasserflecken-Entferner - 500ml","og_url":"https:\/\/racoon-cleaner.nl\/de\/produkt\/detailer\/racoon-water-spot-remover-wasserflecken-entferner-500ml\/","og_site_name":"Racoon-Cleaner","article_modified_time":"2020-04-09T08:12:02+00:00","og_image":[{"width":800,"height":800,"url":"https:\/\/i2.wp.com\/racoon-cleaner.nl\/wp-content\/uploads\/2020\/08\/RN_WATSPO500_1.jpg?fit=800%2C800&ssl=1","type":"image\/jpeg"}],"twitter_card":"summary_large_image","twitter_misc":{"Gesch\u00e4tzte Lesezeit":"1\u00a0Minute"},"schema":{"@context":"https:\/\/schema.org","@graph":[{"@type":"WebPage","@id":"https:\/\/racoon-cleaner.nl\/de\/produkt\/detailer\/racoon-water-spot-remover-wasserflecken-entferner-500ml\/","url":"https:\/\/racoon-cleaner.nl\/de\/produkt\/detailer\/racoon-water-spot-remover-wasserflecken-entferner-500ml\/","name":"Racoon WATER SPOT REMOVER Wasserflecken-Entferner - 500ml - Racoon-Cleaner","isPartOf":{"@id":"https:\/\/racoon-cleaner.nl\/de\/#website"},"primaryImageOfPage":{"@id":"https:\/\/racoon-cleaner.nl\/de\/produkt\/detailer\/racoon-water-spot-remover-wasserflecken-entferner-500ml\/#primaryimage"},"image":{"@id":"https:\/\/racoon-cleaner.nl\/de\/produkt\/detailer\/racoon-water-spot-remover-wasserflecken-entferner-500ml\/#primaryimage"},"thumbnailUrl":"https:\/\/racoon-cleaner.nl\/wp-content\/uploads\/2020\/08\/RN_WATSPO500_1.jpg","datePublished":"2020-04-09T08:11:59+00:00","dateModified":"2020-04-09T08:12:02+00:00","breadcrumb":{"@id":"https:\/\/racoon-cleaner.nl\/de\/produkt\/detailer\/racoon-water-spot-remover-wasserflecken-entferner-500ml\/#breadcrumb"},"inLanguage":"de","potentialAction":[{"@type":"ReadAction","target":["https:\/\/racoon-cleaner.nl\/de\/produkt\/detailer\/racoon-water-spot-remover-wasserflecken-entferner-500ml\/"]}]},{"@type":"ImageObject","inLanguage":"de","@id":"https:\/\/racoon-cleaner.nl\/de\/produkt\/detailer\/racoon-water-spot-remover-wasserflecken-entferner-500ml\/#primaryimage","url":"https:\/\/racoon-cleaner.nl\/wp-content\/uploads\/2020\/08\/RN_WATSPO500_1.jpg","contentUrl":"https:\/\/racoon-cleaner.nl\/wp-content\/uploads\/2020\/08\/RN_WATSPO500_1.jpg","width":800,"height":800},{"@type":"BreadcrumbList","@id":"https:\/\/racoon-cleaner.nl\/de\/produkt\/detailer\/racoon-water-spot-remover-wasserflecken-entferner-500ml\/#breadcrumb","itemListElement":[{"@type":"ListItem","position":1,"name":"Home","item":"https:\/\/racoon-cleaner.nl\/de\/"},{"@type":"ListItem","position":2,"name":"Shop","item":"https:\/\/racoon-cleaner.nl\/de\/shop\/"},{"@type":"ListItem","position":3,"name":"Racoon WATER SPOT REMOVER Wasserflecken-Entferner &#8211; 500ml"}]},{"@type":"WebSite","@id":"https:\/\/racoon-cleaner.nl\/de\/#website","url":"https:\/\/racoon-cleaner.nl\/de\/","name":"Racoon-cleaner","description":"Reinigings- en verzorgingsproducten","publisher":{"@id":"https:\/\/racoon-cleaner.nl\/de\/#organization"},"potentialAction":[{"@type":"SearchAction","target":{"@type":"EntryPoint","urlTemplate":"https:\/\/racoon-cleaner.nl\/de\/?s={search_term_string}"},"query-input":{"@type":"PropertyValueSpecification","valueRequired":true,"valueName":"search_term_string"}}],"inLanguage":"de"},{"@type":"Organization","@id":"https:\/\/racoon-cleaner.nl\/de\/#organization","name":"Racoon-Cleaner.nl","url":"https:\/\/racoon-cleaner.nl\/de\/","logo":{"@type":"ImageObject","inLanguage":"de","@id":"https:\/\/racoon-cleaner.nl\/de\/#\/schema\/logo\/image\/","url":"https:\/\/i1.wp.com\/racoon-cleaner.nl\/wp-content\/uploads\/2019\/12\/racoon-logo.png?fit=757%2C754&ssl=1","contentUrl":"https:\/\/i1.wp.com\/racoon-cleaner.nl\/wp-content\/uploads\/2019\/12\/racoon-logo.png?fit=757%2C754&ssl=1","width":757,"height":754,"caption":"Racoon-Cleaner.nl"},"image":{"@id":"https:\/\/racoon-cleaner.nl\/de\/#\/schema\/logo\/image\/"}}]}},"jetpack_sharing_enabled":true,"_links":{"self":[{"href":"https:\/\/racoon-cleaner.nl\/de\/wp-json\/wp\/v2\/product\/2100","targetHints":{"allow":["GET"]}}],"collection":[{"href":"https:\/\/racoon-cleaner.nl\/de\/wp-json\/wp\/v2\/product"}],"about":[{"href":"https:\/\/racoon-cleaner.nl\/de\/wp-json\/wp\/v2\/types\/product"}],"replies":[{"embeddable":true,"href":"https:\/\/racoon-cleaner.nl\/de\/wp-json\/wp\/v2\/comments?post=2100"}],"wp:featuredmedia":[{"embeddable":true,"href":"https:\/\/racoon-cleaner.nl\/de\/wp-json\/wp\/v2\/media\/5126"}],"wp:attachment":[{"href":"https:\/\/racoon-cleaner.nl\/de\/wp-json\/wp\/v2\/media?parent=2100"}],"wp:term":[{"taxonomy":"product_brand","embeddable":true,"href":"https:\/\/racoon-cleaner.nl\/de\/wp-json\/wp\/v2\/product_brand?post=2100"},{"taxonomy":"product_cat","embeddable":true,"href":"https:\/\/racoon-cleaner.nl\/de\/wp-json\/wp\/v2\/product_cat?post=2100"},{"taxonomy":"product_tag","embeddable":true,"href":"https:\/\/racoon-cleaner.nl\/de\/wp-json\/wp\/v2\/product_tag?post=2100"}],"curies":[{"name":"wp","href":"https:\/\/api.w.org\/{rel}","templated":true}]}}