{"id":2105,"date":"2020-08-07T15:57:04","date_gmt":"2020-04-09T08:11:59","guid":{"rendered":"https:\/\/racoon-cleaner.nl\/product\/racoon-wheel-tornado-felgenreiniger-500ml\/"},"modified":"2020-12-01T21:13:56","modified_gmt":"2020-12-01T20:13:56","slug":"racoon-wheel-cleaner-felgenreiniger-500ml","status":"publish","type":"product","link":"https:\/\/racoon-cleaner.nl\/de\/produkt\/felgen-reifen\/felgenreiniger\/racoon-wheel-cleaner-felgenreiniger-500ml\/","title":{"rendered":"Racoon WHEEL CLEANER Felgenreiniger &#8211; 500ml"},"content":{"rendered":"<p># WHEEL CLEANER Felgenreiniger<\/p>\n<p>Mit neuer Racoon-Rezeptur, einer stabileren Anhaftung und einer noch besseren aktiven Schmutz-L\u00f6sekraft!<\/p>\n<p>Diese schwarze Schicht aus eingebranntem Bremsstaub, Gummi- und Metallabrieb, Teer, \u00d6len und Salze haftet \u00e4u\u00dferst hartn\u00e4ckig auf allen Felgen und macht sie dadurch auch sehr unansehnlich! Aber, mit normalen Reinigern oder einem Shampoo kommt man hier nicht weit!<\/p>\n<p>WHEEL CLEANER  &#8211;  Entfernt dagegen sehr effektiv und restlos im Handumdrehen selbst die hart-n\u00e4ckigsten Ablagerungen! Die Verf\u00e4rbung des Reinigers zeigt das aktive L\u00f6sen des Schmutzes an und die Felgen erhalten wieder ihr neuwertiges Aussehen und den urspr\u00fcnglichen Glanz zur\u00fcck! <\/p>\n<p>WHEEL CLEANER &#8211; Mit seiner nicht aggressiven und sehr schonenden Formulierung, s\u00e4urefrei und pH-neutral, ist somit auch f\u00fcr hochwertige und empfindliche Felgen bestens geeignet!  Bereits bestehende Versiegelungen oder Wachse werden in keinster Weise angegriffen oder beeintr\u00e4chtigt!<\/p>\n<p>&#8211; Schonend zum Material und zur Umwelt &#8211; und dann die strahlend saubere Wirkung!<br \/>\n&#8211; Die sehr gute Haftkraft erm\u00f6glicht eine einfache und schnelle Anwendung!<br \/>\n&#8211; L\u00f6st selbst hartn\u00e4ckigsten Schmutz wirksam von Felgen aller Art!<\/p>\n<p>Auf keinen Fall bei Sonneneinwirkung und \/ oder auf hei\u00dfen Felgen anwenden!<br \/>\nAn geeigneter, unauff\u00e4lliger Stelle auf Materialvertr\u00e4glichkeit pr\u00fcfen!<br \/>\nWir empfehlen das Tragen von Einweghandschuhen!<\/p>\n<p>Vor Gebrauch gut sch\u00fctteln! Gleichm\u00e4\u00dfig auf die trockenen und k\u00fchlen Felgen spr\u00fchen und<br \/>\nje nach Au\u00dfentemperatur 2 &#8211; 5 Minuten wirken, aber nicht antrocknen lassen! Wenn der<br \/>\nFarbindikator zu dunkelrot wechselt, ist die aktive Reaktion beendet! Bei Bedarf die Felge mit einem Schwamm, Felgenpinsel oder -b\u00fcrste bearbeiten! Danach mit klarem Wasser gr\u00fcndlich absp\u00fclen! <\/p>\n<p>Der hei\u00dfe Tipp vom Waschb\u00e4ren:<br \/>\nNach der Reinigung empfehlen wir eine Versiegelung mit unserem  Racoon # WHEEL SHIELD oder Racoon # RIM GLOSS COAT ! Durch diese speziellen Felgen-Versiegelungen entsteht dann eine abso-lut unsichtbare, glatte und sehr widerstandsf\u00e4hige Keramik-Schutzschicht. Die Neuverschmutzung und das Einbrennen von Bremsstaub wird deutlich vermindert und die Felgen lassen sich in Zukunft mit bedeutend weniger Zeit- und Arbeitsaufwand reinigen!<\/p>\n<p>Erh\u00e4ltlich in 100ml und 500ml Flaschen, sowie in 5, 10 und 20 Ltr Kanistern.<\/p>\n<span class=\"et_bloom_bottom_trigger\"><\/span>","protected":false},"excerpt":{"rendered":"<p>Racoon WHEEL CLEANER Felgenreiniger &#8211; 500ml<\/p>\n","protected":false},"featured_media":6114,"comment_status":"closed","ping_status":"closed","template":"","meta":{"_et_pb_use_builder":"","_et_pb_old_content":"","_et_gb_content_width":""},"product_brand":[],"product_cat":[400,409],"product_tag":[189],"class_list":{"0":"post-2105","1":"product","2":"type-product","3":"status-publish","4":"has-post-thumbnail","6":"product_cat-felgen-reifen","7":"product_cat-felgenreiniger","8":"product_tag-wasch-poliermittel","9":"pa_kleur-gelb","10":"pa_materiaal-flussigkeit","12":"first","13":"instock","14":"taxable","15":"shipping-taxable","16":"purchasable","17":"product-type-simple"},"yoast_head":"<!-- This site is optimized with the Yoast SEO plugin v27.4 - https:\/\/yoast.com\/product\/yoast-seo-wordpress\/ -->\n<title>Racoon WHEEL CLEANER Felgenreiniger - 500ml - Racoon-Cleaner<\/title>\n<meta name=\"robots\" content=\"index, follow, max-snippet:-1, max-image-preview:large, max-video-preview:-1\" \/>\n<link rel=\"canonical\" href=\"https:\/\/racoon-cleaner.nl\/de\/produkt\/felgen-reifen\/felgenreiniger\/racoon-wheel-cleaner-felgenreiniger-500ml\/\" \/>\n<meta property=\"og:locale\" content=\"de_DE\" \/>\n<meta property=\"og:type\" content=\"article\" \/>\n<meta property=\"og:title\" content=\"Racoon WHEEL CLEANER Felgenreiniger - 500ml - Racoon-Cleaner\" \/>\n<meta property=\"og:description\" content=\"Racoon WHEEL CLEANER Felgenreiniger - 500ml\" \/>\n<meta property=\"og:url\" content=\"https:\/\/racoon-cleaner.nl\/de\/produkt\/felgen-reifen\/felgenreiniger\/racoon-wheel-cleaner-felgenreiniger-500ml\/\" \/>\n<meta property=\"og:site_name\" content=\"Racoon-Cleaner\" \/>\n<meta property=\"article:modified_time\" content=\"2020-12-01T20:13:56+00:00\" \/>\n<meta property=\"og:image\" content=\"https:\/\/i0.wp.com\/racoon-cleaner.nl\/wp-content\/uploads\/2020\/08\/RN_WHETOR500_1-1.jpg?fit=800%2C800&ssl=1\" \/>\n\t<meta property=\"og:image:width\" content=\"800\" \/>\n\t<meta property=\"og:image:height\" content=\"800\" \/>\n\t<meta property=\"og:image:type\" content=\"image\/jpeg\" \/>\n<meta name=\"twitter:card\" content=\"summary_large_image\" \/>\n<meta name=\"twitter:label1\" content=\"Gesch\u00e4tzte Lesezeit\" \/>\n\t<meta name=\"twitter:data1\" content=\"2\u00a0Minuten\" \/>\n<script type=\"application\/ld+json\" class=\"yoast-schema-graph\">{\"@context\":\"https:\\\/\\\/schema.org\",\"@graph\":[{\"@type\":\"WebPage\",\"@id\":\"https:\\\/\\\/racoon-cleaner.nl\\\/de\\\/produkt\\\/felgen-reifen\\\/felgenreiniger\\\/racoon-wheel-cleaner-felgenreiniger-500ml\\\/\",\"url\":\"https:\\\/\\\/racoon-cleaner.nl\\\/de\\\/produkt\\\/felgen-reifen\\\/felgenreiniger\\\/racoon-wheel-cleaner-felgenreiniger-500ml\\\/\",\"name\":\"Racoon WHEEL CLEANER Felgenreiniger - 500ml - Racoon-Cleaner\",\"isPartOf\":{\"@id\":\"https:\\\/\\\/racoon-cleaner.nl\\\/de\\\/#website\"},\"primaryImageOfPage\":{\"@id\":\"https:\\\/\\\/racoon-cleaner.nl\\\/de\\\/produkt\\\/felgen-reifen\\\/felgenreiniger\\\/racoon-wheel-cleaner-felgenreiniger-500ml\\\/#primaryimage\"},\"image\":{\"@id\":\"https:\\\/\\\/racoon-cleaner.nl\\\/de\\\/produkt\\\/felgen-reifen\\\/felgenreiniger\\\/racoon-wheel-cleaner-felgenreiniger-500ml\\\/#primaryimage\"},\"thumbnailUrl\":\"https:\\\/\\\/racoon-cleaner.nl\\\/wp-content\\\/uploads\\\/2020\\\/08\\\/RN_WHETOR500_1-1.jpg\",\"datePublished\":\"2020-04-09T08:11:59+00:00\",\"dateModified\":\"2020-12-01T20:13:56+00:00\",\"breadcrumb\":{\"@id\":\"https:\\\/\\\/racoon-cleaner.nl\\\/de\\\/produkt\\\/felgen-reifen\\\/felgenreiniger\\\/racoon-wheel-cleaner-felgenreiniger-500ml\\\/#breadcrumb\"},\"inLanguage\":\"de\",\"potentialAction\":[{\"@type\":\"ReadAction\",\"target\":[\"https:\\\/\\\/racoon-cleaner.nl\\\/de\\\/produkt\\\/felgen-reifen\\\/felgenreiniger\\\/racoon-wheel-cleaner-felgenreiniger-500ml\\\/\"]}]},{\"@type\":\"ImageObject\",\"inLanguage\":\"de\",\"@id\":\"https:\\\/\\\/racoon-cleaner.nl\\\/de\\\/produkt\\\/felgen-reifen\\\/felgenreiniger\\\/racoon-wheel-cleaner-felgenreiniger-500ml\\\/#primaryimage\",\"url\":\"https:\\\/\\\/racoon-cleaner.nl\\\/wp-content\\\/uploads\\\/2020\\\/08\\\/RN_WHETOR500_1-1.jpg\",\"contentUrl\":\"https:\\\/\\\/racoon-cleaner.nl\\\/wp-content\\\/uploads\\\/2020\\\/08\\\/RN_WHETOR500_1-1.jpg\",\"width\":800,\"height\":800},{\"@type\":\"BreadcrumbList\",\"@id\":\"https:\\\/\\\/racoon-cleaner.nl\\\/de\\\/produkt\\\/felgen-reifen\\\/felgenreiniger\\\/racoon-wheel-cleaner-felgenreiniger-500ml\\\/#breadcrumb\",\"itemListElement\":[{\"@type\":\"ListItem\",\"position\":1,\"name\":\"Home\",\"item\":\"https:\\\/\\\/racoon-cleaner.nl\\\/de\\\/\"},{\"@type\":\"ListItem\",\"position\":2,\"name\":\"Shop\",\"item\":\"https:\\\/\\\/racoon-cleaner.nl\\\/de\\\/shop\\\/\"},{\"@type\":\"ListItem\",\"position\":3,\"name\":\"Racoon WHEEL CLEANER Felgenreiniger &#8211; 500ml\"}]},{\"@type\":\"WebSite\",\"@id\":\"https:\\\/\\\/racoon-cleaner.nl\\\/de\\\/#website\",\"url\":\"https:\\\/\\\/racoon-cleaner.nl\\\/de\\\/\",\"name\":\"Racoon-cleaner\",\"description\":\"Reinigings- en verzorgingsproducten\",\"publisher\":{\"@id\":\"https:\\\/\\\/racoon-cleaner.nl\\\/de\\\/#organization\"},\"potentialAction\":[{\"@type\":\"SearchAction\",\"target\":{\"@type\":\"EntryPoint\",\"urlTemplate\":\"https:\\\/\\\/racoon-cleaner.nl\\\/de\\\/?s={search_term_string}\"},\"query-input\":{\"@type\":\"PropertyValueSpecification\",\"valueRequired\":true,\"valueName\":\"search_term_string\"}}],\"inLanguage\":\"de\"},{\"@type\":\"Organization\",\"@id\":\"https:\\\/\\\/racoon-cleaner.nl\\\/de\\\/#organization\",\"name\":\"Racoon-Cleaner.nl\",\"url\":\"https:\\\/\\\/racoon-cleaner.nl\\\/de\\\/\",\"logo\":{\"@type\":\"ImageObject\",\"inLanguage\":\"de\",\"@id\":\"https:\\\/\\\/racoon-cleaner.nl\\\/de\\\/#\\\/schema\\\/logo\\\/image\\\/\",\"url\":\"https:\\\/\\\/i1.wp.com\\\/racoon-cleaner.nl\\\/wp-content\\\/uploads\\\/2019\\\/12\\\/racoon-logo.png?fit=757%2C754&ssl=1\",\"contentUrl\":\"https:\\\/\\\/i1.wp.com\\\/racoon-cleaner.nl\\\/wp-content\\\/uploads\\\/2019\\\/12\\\/racoon-logo.png?fit=757%2C754&ssl=1\",\"width\":757,\"height\":754,\"caption\":\"Racoon-Cleaner.nl\"},\"image\":{\"@id\":\"https:\\\/\\\/racoon-cleaner.nl\\\/de\\\/#\\\/schema\\\/logo\\\/image\\\/\"}}]}<\/script>\n<!-- \/ Yoast SEO plugin. -->","yoast_head_json":{"title":"Racoon WHEEL CLEANER Felgenreiniger - 500ml - Racoon-Cleaner","robots":{"index":"index","follow":"follow","max-snippet":"max-snippet:-1","max-image-preview":"max-image-preview:large","max-video-preview":"max-video-preview:-1"},"canonical":"https:\/\/racoon-cleaner.nl\/de\/produkt\/felgen-reifen\/felgenreiniger\/racoon-wheel-cleaner-felgenreiniger-500ml\/","og_locale":"de_DE","og_type":"article","og_title":"Racoon WHEEL CLEANER Felgenreiniger - 500ml - Racoon-Cleaner","og_description":"Racoon WHEEL CLEANER Felgenreiniger - 500ml","og_url":"https:\/\/racoon-cleaner.nl\/de\/produkt\/felgen-reifen\/felgenreiniger\/racoon-wheel-cleaner-felgenreiniger-500ml\/","og_site_name":"Racoon-Cleaner","article_modified_time":"2020-12-01T20:13:56+00:00","og_image":[{"width":800,"height":800,"url":"https:\/\/i0.wp.com\/racoon-cleaner.nl\/wp-content\/uploads\/2020\/08\/RN_WHETOR500_1-1.jpg?fit=800%2C800&ssl=1","type":"image\/jpeg"}],"twitter_card":"summary_large_image","twitter_misc":{"Gesch\u00e4tzte Lesezeit":"2\u00a0Minuten"},"schema":{"@context":"https:\/\/schema.org","@graph":[{"@type":"WebPage","@id":"https:\/\/racoon-cleaner.nl\/de\/produkt\/felgen-reifen\/felgenreiniger\/racoon-wheel-cleaner-felgenreiniger-500ml\/","url":"https:\/\/racoon-cleaner.nl\/de\/produkt\/felgen-reifen\/felgenreiniger\/racoon-wheel-cleaner-felgenreiniger-500ml\/","name":"Racoon WHEEL CLEANER Felgenreiniger - 500ml - Racoon-Cleaner","isPartOf":{"@id":"https:\/\/racoon-cleaner.nl\/de\/#website"},"primaryImageOfPage":{"@id":"https:\/\/racoon-cleaner.nl\/de\/produkt\/felgen-reifen\/felgenreiniger\/racoon-wheel-cleaner-felgenreiniger-500ml\/#primaryimage"},"image":{"@id":"https:\/\/racoon-cleaner.nl\/de\/produkt\/felgen-reifen\/felgenreiniger\/racoon-wheel-cleaner-felgenreiniger-500ml\/#primaryimage"},"thumbnailUrl":"https:\/\/racoon-cleaner.nl\/wp-content\/uploads\/2020\/08\/RN_WHETOR500_1-1.jpg","datePublished":"2020-04-09T08:11:59+00:00","dateModified":"2020-12-01T20:13:56+00:00","breadcrumb":{"@id":"https:\/\/racoon-cleaner.nl\/de\/produkt\/felgen-reifen\/felgenreiniger\/racoon-wheel-cleaner-felgenreiniger-500ml\/#breadcrumb"},"inLanguage":"de","potentialAction":[{"@type":"ReadAction","target":["https:\/\/racoon-cleaner.nl\/de\/produkt\/felgen-reifen\/felgenreiniger\/racoon-wheel-cleaner-felgenreiniger-500ml\/"]}]},{"@type":"ImageObject","inLanguage":"de","@id":"https:\/\/racoon-cleaner.nl\/de\/produkt\/felgen-reifen\/felgenreiniger\/racoon-wheel-cleaner-felgenreiniger-500ml\/#primaryimage","url":"https:\/\/racoon-cleaner.nl\/wp-content\/uploads\/2020\/08\/RN_WHETOR500_1-1.jpg","contentUrl":"https:\/\/racoon-cleaner.nl\/wp-content\/uploads\/2020\/08\/RN_WHETOR500_1-1.jpg","width":800,"height":800},{"@type":"BreadcrumbList","@id":"https:\/\/racoon-cleaner.nl\/de\/produkt\/felgen-reifen\/felgenreiniger\/racoon-wheel-cleaner-felgenreiniger-500ml\/#breadcrumb","itemListElement":[{"@type":"ListItem","position":1,"name":"Home","item":"https:\/\/racoon-cleaner.nl\/de\/"},{"@type":"ListItem","position":2,"name":"Shop","item":"https:\/\/racoon-cleaner.nl\/de\/shop\/"},{"@type":"ListItem","position":3,"name":"Racoon WHEEL CLEANER Felgenreiniger &#8211; 500ml"}]},{"@type":"WebSite","@id":"https:\/\/racoon-cleaner.nl\/de\/#website","url":"https:\/\/racoon-cleaner.nl\/de\/","name":"Racoon-cleaner","description":"Reinigings- en verzorgingsproducten","publisher":{"@id":"https:\/\/racoon-cleaner.nl\/de\/#organization"},"potentialAction":[{"@type":"SearchAction","target":{"@type":"EntryPoint","urlTemplate":"https:\/\/racoon-cleaner.nl\/de\/?s={search_term_string}"},"query-input":{"@type":"PropertyValueSpecification","valueRequired":true,"valueName":"search_term_string"}}],"inLanguage":"de"},{"@type":"Organization","@id":"https:\/\/racoon-cleaner.nl\/de\/#organization","name":"Racoon-Cleaner.nl","url":"https:\/\/racoon-cleaner.nl\/de\/","logo":{"@type":"ImageObject","inLanguage":"de","@id":"https:\/\/racoon-cleaner.nl\/de\/#\/schema\/logo\/image\/","url":"https:\/\/i1.wp.com\/racoon-cleaner.nl\/wp-content\/uploads\/2019\/12\/racoon-logo.png?fit=757%2C754&ssl=1","contentUrl":"https:\/\/i1.wp.com\/racoon-cleaner.nl\/wp-content\/uploads\/2019\/12\/racoon-logo.png?fit=757%2C754&ssl=1","width":757,"height":754,"caption":"Racoon-Cleaner.nl"},"image":{"@id":"https:\/\/racoon-cleaner.nl\/de\/#\/schema\/logo\/image\/"}}]}},"jetpack_sharing_enabled":true,"_links":{"self":[{"href":"https:\/\/racoon-cleaner.nl\/de\/wp-json\/wp\/v2\/product\/2105","targetHints":{"allow":["GET"]}}],"collection":[{"href":"https:\/\/racoon-cleaner.nl\/de\/wp-json\/wp\/v2\/product"}],"about":[{"href":"https:\/\/racoon-cleaner.nl\/de\/wp-json\/wp\/v2\/types\/product"}],"replies":[{"embeddable":true,"href":"https:\/\/racoon-cleaner.nl\/de\/wp-json\/wp\/v2\/comments?post=2105"}],"wp:featuredmedia":[{"embeddable":true,"href":"https:\/\/racoon-cleaner.nl\/de\/wp-json\/wp\/v2\/media\/6114"}],"wp:attachment":[{"href":"https:\/\/racoon-cleaner.nl\/de\/wp-json\/wp\/v2\/media?parent=2105"}],"wp:term":[{"taxonomy":"product_brand","embeddable":true,"href":"https:\/\/racoon-cleaner.nl\/de\/wp-json\/wp\/v2\/product_brand?post=2105"},{"taxonomy":"product_cat","embeddable":true,"href":"https:\/\/racoon-cleaner.nl\/de\/wp-json\/wp\/v2\/product_cat?post=2105"},{"taxonomy":"product_tag","embeddable":true,"href":"https:\/\/racoon-cleaner.nl\/de\/wp-json\/wp\/v2\/product_tag?post=2105"}],"curies":[{"name":"wp","href":"https:\/\/api.w.org\/{rel}","templated":true}]}}