{"id":2561,"date":"2020-08-07T15:18:53","date_gmt":"2020-04-09T08:09:24","guid":{"rendered":"https:\/\/racoon-cleaner.nl\/product\/racoon-convertible-top-protect-versiegelung-fuer-cabrioverdecke-500ml\/"},"modified":"2020-04-09T08:09:29","modified_gmt":"2020-04-09T08:09:29","slug":"racoon-convertible-top-protect-versiegelung-fuer-cabrioverdecke-500ml","status":"publish","type":"product","link":"https:\/\/racoon-cleaner.nl\/de\/produkt\/diverses\/cabriolet-de\/racoon-convertible-top-protect-versiegelung-fuer-cabrioverdecke-500ml\/","title":{"rendered":"Racoon CONVERTIBLE TOP PROTECT Versiegelung f\u00fcr Cabrioverdecke &#8211; 500ml"},"content":{"rendered":"<p># CONVERTIBLE TOP PROTECT  Die spezielle Versiegelung f\u00fcr Cabrio-Verdecke!<\/p>\n<p>Besonders Stoffverdecke brauchen regelm\u00e4\u00dfige Pflege und sollten auch gesch\u00fctzt werden!<\/p>\n<p>Denn das impr\u00e4gnierte Garn und der Stoff im Ganzen verlieren durch Umwelteinfl\u00fcsse, sowie bei jeder oft aggressiven W\u00e4sche, den werkseitigen Schutz! Mindestens einmal im Jahr sollte das Stoffverdeck neu versiegelt werden um keine Probleme mit undichten Stellen zu bekommen. <\/p>\n<p>Racoon # CONVERTIBLE TOP PROTECT &#8211; Die farbneutrale, unsichtbare und ultrad\u00fcnne Nano-Schutzschicht wirkt \u00fcber einen langen Zeitraum sehr effektiv wasser- und schmutzabweisend! Die Versiegelung hinterl\u00e4sst keinerlei Flecken oder R\u00e4nder und das Textil-Gewebe wird auch optisch nicht ver\u00e4ndert und bleibt weiterhin atmungsaktiv! <\/p>\n<p>Erh\u00e4ltlich in 200ml und 500ml Spr\u00fch-Flaschen.  &#8211; Verbrauch ca. 100ml f\u00fcr 1 &#8211; 2 m2<\/p>\n<p>Vor Gebrauch gut sch\u00fctteln!<br \/>\nNicht auf hei\u00dfen Verdecken oder unter direkter Sonneneinwirkung anwenden!<br \/>\nWir empfehlen das Tragen von Einweghandschuhen!<\/p>\n<p>Gleichm\u00e4\u00dfig und deckend auf die saubere, trockene Textilfl\u00e4che spr\u00fchen und mit einem sauberen Tuch oder Schwamm gleichm\u00e4\u00dfig einmassieren, danach vollst\u00e4ndig austrocknen lassen.<\/p>\n<p>Der hei\u00dfe Tipp vom Waschb\u00e4ren:<br \/>\nVor der Versiegelung muss das Cabrio-Verdeck allerdings sehr gr\u00fcndlich und porentief gereinigt werden! Hierf\u00fcr empfehlen wir unseren ganz speziellen Racoon # CONVERTIBLE TOP CLEANER!<\/p>\n<span class=\"et_bloom_bottom_trigger\"><\/span>","protected":false},"excerpt":{"rendered":"<p>Racoon CONVERTIBLE TOP PROTECT Versiegelung f\u00fcr Cabrioverdecke &#8211; 500ml<\/p>\n","protected":false},"featured_media":4374,"comment_status":"closed","ping_status":"open","template":"","meta":{"_et_pb_use_builder":"","_et_pb_old_content":"","_et_gb_content_width":""},"product_brand":[],"product_cat":[340,337],"product_tag":[189],"class_list":{"0":"post-2561","1":"product","2":"type-product","3":"status-publish","4":"has-post-thumbnail","6":"product_cat-cabriolet-de","7":"product_cat-diverses","8":"product_tag-wasch-poliermittel","9":"pa_kleur-klar","10":"pa_materiaal-flussigkeit","12":"first","13":"instock","14":"taxable","15":"shipping-taxable","16":"purchasable","17":"product-type-simple"},"yoast_head":"<!-- This site is optimized with the Yoast SEO plugin v27.5 - https:\/\/yoast.com\/product\/yoast-seo-wordpress\/ -->\n<title>Racoon CONVERTIBLE TOP PROTECT Versiegelung f\u00fcr Cabrioverdecke - 500ml - Racoon-Cleaner<\/title>\n<meta name=\"robots\" content=\"index, follow, max-snippet:-1, max-image-preview:large, max-video-preview:-1\" \/>\n<link rel=\"canonical\" href=\"https:\/\/racoon-cleaner.nl\/de\/produkt\/diverses\/cabriolet-de\/racoon-convertible-top-protect-versiegelung-fuer-cabrioverdecke-500ml\/\" \/>\n<meta property=\"og:locale\" content=\"de_DE\" \/>\n<meta property=\"og:type\" content=\"article\" \/>\n<meta property=\"og:title\" content=\"Racoon CONVERTIBLE TOP PROTECT Versiegelung f\u00fcr Cabrioverdecke - 500ml - Racoon-Cleaner\" \/>\n<meta property=\"og:description\" content=\"Racoon CONVERTIBLE TOP PROTECT Versiegelung f\u00fcr Cabrioverdecke - 500ml\" \/>\n<meta property=\"og:url\" content=\"https:\/\/racoon-cleaner.nl\/de\/produkt\/diverses\/cabriolet-de\/racoon-convertible-top-protect-versiegelung-fuer-cabrioverdecke-500ml\/\" \/>\n<meta property=\"og:site_name\" content=\"Racoon-Cleaner\" \/>\n<meta property=\"article:modified_time\" content=\"2020-04-09T08:09:29+00:00\" \/>\n<meta property=\"og:image\" content=\"https:\/\/i0.wp.com\/racoon-cleaner.nl\/wp-content\/uploads\/2020\/08\/RN_CONTOPPRO500_1.jpg?fit=800%2C800&ssl=1\" \/>\n\t<meta property=\"og:image:width\" content=\"800\" \/>\n\t<meta property=\"og:image:height\" content=\"800\" \/>\n\t<meta property=\"og:image:type\" content=\"image\/jpeg\" \/>\n<meta name=\"twitter:card\" content=\"summary_large_image\" \/>\n<meta name=\"twitter:label1\" content=\"Gesch\u00e4tzte Lesezeit\" \/>\n\t<meta name=\"twitter:data1\" content=\"1\u00a0Minute\" \/>\n<script type=\"application\/ld+json\" class=\"yoast-schema-graph\">{\"@context\":\"https:\\\/\\\/schema.org\",\"@graph\":[{\"@type\":\"WebPage\",\"@id\":\"https:\\\/\\\/racoon-cleaner.nl\\\/de\\\/produkt\\\/diverses\\\/cabriolet-de\\\/racoon-convertible-top-protect-versiegelung-fuer-cabrioverdecke-500ml\\\/\",\"url\":\"https:\\\/\\\/racoon-cleaner.nl\\\/de\\\/produkt\\\/diverses\\\/cabriolet-de\\\/racoon-convertible-top-protect-versiegelung-fuer-cabrioverdecke-500ml\\\/\",\"name\":\"Racoon CONVERTIBLE TOP PROTECT Versiegelung f\u00fcr Cabrioverdecke - 500ml - Racoon-Cleaner\",\"isPartOf\":{\"@id\":\"https:\\\/\\\/racoon-cleaner.nl\\\/de\\\/#website\"},\"primaryImageOfPage\":{\"@id\":\"https:\\\/\\\/racoon-cleaner.nl\\\/de\\\/produkt\\\/diverses\\\/cabriolet-de\\\/racoon-convertible-top-protect-versiegelung-fuer-cabrioverdecke-500ml\\\/#primaryimage\"},\"image\":{\"@id\":\"https:\\\/\\\/racoon-cleaner.nl\\\/de\\\/produkt\\\/diverses\\\/cabriolet-de\\\/racoon-convertible-top-protect-versiegelung-fuer-cabrioverdecke-500ml\\\/#primaryimage\"},\"thumbnailUrl\":\"https:\\\/\\\/racoon-cleaner.nl\\\/wp-content\\\/uploads\\\/2020\\\/08\\\/RN_CONTOPPRO500_1.jpg\",\"datePublished\":\"2020-04-09T08:09:24+00:00\",\"dateModified\":\"2020-04-09T08:09:29+00:00\",\"breadcrumb\":{\"@id\":\"https:\\\/\\\/racoon-cleaner.nl\\\/de\\\/produkt\\\/diverses\\\/cabriolet-de\\\/racoon-convertible-top-protect-versiegelung-fuer-cabrioverdecke-500ml\\\/#breadcrumb\"},\"inLanguage\":\"de\",\"potentialAction\":[{\"@type\":\"ReadAction\",\"target\":[\"https:\\\/\\\/racoon-cleaner.nl\\\/de\\\/produkt\\\/diverses\\\/cabriolet-de\\\/racoon-convertible-top-protect-versiegelung-fuer-cabrioverdecke-500ml\\\/\"]}]},{\"@type\":\"ImageObject\",\"inLanguage\":\"de\",\"@id\":\"https:\\\/\\\/racoon-cleaner.nl\\\/de\\\/produkt\\\/diverses\\\/cabriolet-de\\\/racoon-convertible-top-protect-versiegelung-fuer-cabrioverdecke-500ml\\\/#primaryimage\",\"url\":\"https:\\\/\\\/racoon-cleaner.nl\\\/wp-content\\\/uploads\\\/2020\\\/08\\\/RN_CONTOPPRO500_1.jpg\",\"contentUrl\":\"https:\\\/\\\/racoon-cleaner.nl\\\/wp-content\\\/uploads\\\/2020\\\/08\\\/RN_CONTOPPRO500_1.jpg\",\"width\":800,\"height\":800},{\"@type\":\"BreadcrumbList\",\"@id\":\"https:\\\/\\\/racoon-cleaner.nl\\\/de\\\/produkt\\\/diverses\\\/cabriolet-de\\\/racoon-convertible-top-protect-versiegelung-fuer-cabrioverdecke-500ml\\\/#breadcrumb\",\"itemListElement\":[{\"@type\":\"ListItem\",\"position\":1,\"name\":\"Home\",\"item\":\"https:\\\/\\\/racoon-cleaner.nl\\\/de\\\/\"},{\"@type\":\"ListItem\",\"position\":2,\"name\":\"Shop\",\"item\":\"https:\\\/\\\/racoon-cleaner.nl\\\/de\\\/shop\\\/\"},{\"@type\":\"ListItem\",\"position\":3,\"name\":\"Racoon CONVERTIBLE TOP PROTECT Versiegelung f\u00fcr Cabrioverdecke &#8211; 500ml\"}]},{\"@type\":\"WebSite\",\"@id\":\"https:\\\/\\\/racoon-cleaner.nl\\\/de\\\/#website\",\"url\":\"https:\\\/\\\/racoon-cleaner.nl\\\/de\\\/\",\"name\":\"Racoon-cleaner\",\"description\":\"Reinigings- en verzorgingsproducten\",\"publisher\":{\"@id\":\"https:\\\/\\\/racoon-cleaner.nl\\\/de\\\/#organization\"},\"potentialAction\":[{\"@type\":\"SearchAction\",\"target\":{\"@type\":\"EntryPoint\",\"urlTemplate\":\"https:\\\/\\\/racoon-cleaner.nl\\\/de\\\/?s={search_term_string}\"},\"query-input\":{\"@type\":\"PropertyValueSpecification\",\"valueRequired\":true,\"valueName\":\"search_term_string\"}}],\"inLanguage\":\"de\"},{\"@type\":\"Organization\",\"@id\":\"https:\\\/\\\/racoon-cleaner.nl\\\/de\\\/#organization\",\"name\":\"Racoon-Cleaner.nl\",\"url\":\"https:\\\/\\\/racoon-cleaner.nl\\\/de\\\/\",\"logo\":{\"@type\":\"ImageObject\",\"inLanguage\":\"de\",\"@id\":\"https:\\\/\\\/racoon-cleaner.nl\\\/de\\\/#\\\/schema\\\/logo\\\/image\\\/\",\"url\":\"https:\\\/\\\/i1.wp.com\\\/racoon-cleaner.nl\\\/wp-content\\\/uploads\\\/2019\\\/12\\\/racoon-logo.png?fit=757%2C754&ssl=1\",\"contentUrl\":\"https:\\\/\\\/i1.wp.com\\\/racoon-cleaner.nl\\\/wp-content\\\/uploads\\\/2019\\\/12\\\/racoon-logo.png?fit=757%2C754&ssl=1\",\"width\":757,\"height\":754,\"caption\":\"Racoon-Cleaner.nl\"},\"image\":{\"@id\":\"https:\\\/\\\/racoon-cleaner.nl\\\/de\\\/#\\\/schema\\\/logo\\\/image\\\/\"}}]}<\/script>\n<!-- \/ Yoast SEO plugin. -->","yoast_head_json":{"title":"Racoon CONVERTIBLE TOP PROTECT Versiegelung f\u00fcr Cabrioverdecke - 500ml - Racoon-Cleaner","robots":{"index":"index","follow":"follow","max-snippet":"max-snippet:-1","max-image-preview":"max-image-preview:large","max-video-preview":"max-video-preview:-1"},"canonical":"https:\/\/racoon-cleaner.nl\/de\/produkt\/diverses\/cabriolet-de\/racoon-convertible-top-protect-versiegelung-fuer-cabrioverdecke-500ml\/","og_locale":"de_DE","og_type":"article","og_title":"Racoon CONVERTIBLE TOP PROTECT Versiegelung f\u00fcr Cabrioverdecke - 500ml - Racoon-Cleaner","og_description":"Racoon CONVERTIBLE TOP PROTECT Versiegelung f\u00fcr Cabrioverdecke - 500ml","og_url":"https:\/\/racoon-cleaner.nl\/de\/produkt\/diverses\/cabriolet-de\/racoon-convertible-top-protect-versiegelung-fuer-cabrioverdecke-500ml\/","og_site_name":"Racoon-Cleaner","article_modified_time":"2020-04-09T08:09:29+00:00","og_image":[{"width":800,"height":800,"url":"https:\/\/i0.wp.com\/racoon-cleaner.nl\/wp-content\/uploads\/2020\/08\/RN_CONTOPPRO500_1.jpg?fit=800%2C800&ssl=1","type":"image\/jpeg"}],"twitter_card":"summary_large_image","twitter_misc":{"Gesch\u00e4tzte Lesezeit":"1\u00a0Minute"},"schema":{"@context":"https:\/\/schema.org","@graph":[{"@type":"WebPage","@id":"https:\/\/racoon-cleaner.nl\/de\/produkt\/diverses\/cabriolet-de\/racoon-convertible-top-protect-versiegelung-fuer-cabrioverdecke-500ml\/","url":"https:\/\/racoon-cleaner.nl\/de\/produkt\/diverses\/cabriolet-de\/racoon-convertible-top-protect-versiegelung-fuer-cabrioverdecke-500ml\/","name":"Racoon CONVERTIBLE TOP PROTECT Versiegelung f\u00fcr Cabrioverdecke - 500ml - Racoon-Cleaner","isPartOf":{"@id":"https:\/\/racoon-cleaner.nl\/de\/#website"},"primaryImageOfPage":{"@id":"https:\/\/racoon-cleaner.nl\/de\/produkt\/diverses\/cabriolet-de\/racoon-convertible-top-protect-versiegelung-fuer-cabrioverdecke-500ml\/#primaryimage"},"image":{"@id":"https:\/\/racoon-cleaner.nl\/de\/produkt\/diverses\/cabriolet-de\/racoon-convertible-top-protect-versiegelung-fuer-cabrioverdecke-500ml\/#primaryimage"},"thumbnailUrl":"https:\/\/racoon-cleaner.nl\/wp-content\/uploads\/2020\/08\/RN_CONTOPPRO500_1.jpg","datePublished":"2020-04-09T08:09:24+00:00","dateModified":"2020-04-09T08:09:29+00:00","breadcrumb":{"@id":"https:\/\/racoon-cleaner.nl\/de\/produkt\/diverses\/cabriolet-de\/racoon-convertible-top-protect-versiegelung-fuer-cabrioverdecke-500ml\/#breadcrumb"},"inLanguage":"de","potentialAction":[{"@type":"ReadAction","target":["https:\/\/racoon-cleaner.nl\/de\/produkt\/diverses\/cabriolet-de\/racoon-convertible-top-protect-versiegelung-fuer-cabrioverdecke-500ml\/"]}]},{"@type":"ImageObject","inLanguage":"de","@id":"https:\/\/racoon-cleaner.nl\/de\/produkt\/diverses\/cabriolet-de\/racoon-convertible-top-protect-versiegelung-fuer-cabrioverdecke-500ml\/#primaryimage","url":"https:\/\/racoon-cleaner.nl\/wp-content\/uploads\/2020\/08\/RN_CONTOPPRO500_1.jpg","contentUrl":"https:\/\/racoon-cleaner.nl\/wp-content\/uploads\/2020\/08\/RN_CONTOPPRO500_1.jpg","width":800,"height":800},{"@type":"BreadcrumbList","@id":"https:\/\/racoon-cleaner.nl\/de\/produkt\/diverses\/cabriolet-de\/racoon-convertible-top-protect-versiegelung-fuer-cabrioverdecke-500ml\/#breadcrumb","itemListElement":[{"@type":"ListItem","position":1,"name":"Home","item":"https:\/\/racoon-cleaner.nl\/de\/"},{"@type":"ListItem","position":2,"name":"Shop","item":"https:\/\/racoon-cleaner.nl\/de\/shop\/"},{"@type":"ListItem","position":3,"name":"Racoon CONVERTIBLE TOP PROTECT Versiegelung f\u00fcr Cabrioverdecke &#8211; 500ml"}]},{"@type":"WebSite","@id":"https:\/\/racoon-cleaner.nl\/de\/#website","url":"https:\/\/racoon-cleaner.nl\/de\/","name":"Racoon-cleaner","description":"Reinigings- en verzorgingsproducten","publisher":{"@id":"https:\/\/racoon-cleaner.nl\/de\/#organization"},"potentialAction":[{"@type":"SearchAction","target":{"@type":"EntryPoint","urlTemplate":"https:\/\/racoon-cleaner.nl\/de\/?s={search_term_string}"},"query-input":{"@type":"PropertyValueSpecification","valueRequired":true,"valueName":"search_term_string"}}],"inLanguage":"de"},{"@type":"Organization","@id":"https:\/\/racoon-cleaner.nl\/de\/#organization","name":"Racoon-Cleaner.nl","url":"https:\/\/racoon-cleaner.nl\/de\/","logo":{"@type":"ImageObject","inLanguage":"de","@id":"https:\/\/racoon-cleaner.nl\/de\/#\/schema\/logo\/image\/","url":"https:\/\/i1.wp.com\/racoon-cleaner.nl\/wp-content\/uploads\/2019\/12\/racoon-logo.png?fit=757%2C754&ssl=1","contentUrl":"https:\/\/i1.wp.com\/racoon-cleaner.nl\/wp-content\/uploads\/2019\/12\/racoon-logo.png?fit=757%2C754&ssl=1","width":757,"height":754,"caption":"Racoon-Cleaner.nl"},"image":{"@id":"https:\/\/racoon-cleaner.nl\/de\/#\/schema\/logo\/image\/"}}]}},"jetpack_sharing_enabled":true,"_links":{"self":[{"href":"https:\/\/racoon-cleaner.nl\/de\/wp-json\/wp\/v2\/product\/2561","targetHints":{"allow":["GET"]}}],"collection":[{"href":"https:\/\/racoon-cleaner.nl\/de\/wp-json\/wp\/v2\/product"}],"about":[{"href":"https:\/\/racoon-cleaner.nl\/de\/wp-json\/wp\/v2\/types\/product"}],"replies":[{"embeddable":true,"href":"https:\/\/racoon-cleaner.nl\/de\/wp-json\/wp\/v2\/comments?post=2561"}],"wp:featuredmedia":[{"embeddable":true,"href":"https:\/\/racoon-cleaner.nl\/de\/wp-json\/wp\/v2\/media\/4374"}],"wp:attachment":[{"href":"https:\/\/racoon-cleaner.nl\/de\/wp-json\/wp\/v2\/media?parent=2561"}],"wp:term":[{"taxonomy":"product_brand","embeddable":true,"href":"https:\/\/racoon-cleaner.nl\/de\/wp-json\/wp\/v2\/product_brand?post=2561"},{"taxonomy":"product_cat","embeddable":true,"href":"https:\/\/racoon-cleaner.nl\/de\/wp-json\/wp\/v2\/product_cat?post=2561"},{"taxonomy":"product_tag","embeddable":true,"href":"https:\/\/racoon-cleaner.nl\/de\/wp-json\/wp\/v2\/product_tag?post=2561"}],"curies":[{"name":"wp","href":"https:\/\/api.w.org\/{rel}","templated":true}]}}