{"id":2567,"date":"2020-08-07T15:37:59","date_gmt":"2020-04-09T08:10:34","guid":{"rendered":"https:\/\/racoon-cleaner.nl\/product\/racoon-rim-gloss-coat-felgenversiegelung-100ml\/"},"modified":"2020-04-09T08:10:48","modified_gmt":"2020-04-09T08:10:48","slug":"racoon-rim-gloss-coat-felgenversiegelung-100ml","status":"publish","type":"product","link":"https:\/\/racoon-cleaner.nl\/de\/produkt\/felgen-reifen\/felgenwachs\/racoon-rim-gloss-coat-felgenversiegelung-100ml\/","title":{"rendered":"Racoon RIM GLOSS COAT &#8211; Felgenversiegelung &#8211; 100ml"},"content":{"rendered":"<p># RIM GLOSS COAT   Die Hochglanz &#8211; Felgenversiegelung<\/p>\n<p>Funkelnder Tiefenglanz und ein effektiver, lang anhaltender Schutz Ihrer Felgen &#8211; auch im Winter!<\/p>\n<p>Racoon RIM GLOSS COAT  hilft Sch\u00e4den bereits im Vorfeld zu vermeiden! Die Versiegelung sch\u00fctzt zwar nicht vor Stra\u00dfenschmutz und dem Metallabrieb der Bremsen &#8211; aber von versiegelten Felgen l\u00f6st sich der Schmutz ohne gro\u00dfen Aufwand und m\u00fchsame Handarbeit! Dank unserer neuen Formulierung, ein blitzblank, funkelnder Tiefenglanz, mit einem au\u00dfergew\u00f6hnlichem Abperl-Effekt! <\/p>\n<p>Erh\u00e4ltlich in 100ml und 200ml Flaschen.<\/p>\n<p>Vor Gebrauch gut sch\u00fctteln! Wir empfehlen das Tragen von Einweghandschuhen!<br \/>\nAuf keinen Fall unter direkter Sonneneinwirkung oder auf hei\u00dfen Felgen anwenden!<\/p>\n<p>Racoon # RIM GLOSS COAT auf ein weiches Poliertuch (kein Mikrofasertuch) geben und unter leichtem Druck mit kreisf\u00f6rmigen Bewegungen sparsam auf die trockene und sehr gr\u00fcndlich gereinigte Felge, in alle Ecken und Winkel, auftragen! Nach einigen Minuten das \u00fcbersch\u00fcssige Material mit einem weichen Tuch auf Hochglanz auspolieren! Die Versiegelung ist danach sofort grifffest, und nach ca. 60min bei normaler Umgebungstemperatur vollst\u00e4ndig ausgeh\u00e4rtet.<\/p>\n<p>Der hei\u00dfe Tipp vom Waschb\u00e4ren:<br \/>\nDie Anwendung der Felgen-Versiegelung ist sehr einfach und kann ohne spezielle Vorkenntnisse verarbeitet werden!  Allerdings muss auf eine intensive Reinigung und Vorbereitung der zu versiegelnden Felgenoberfl\u00e4che geachtet werden um eine optimale und langanhaltende Anbindung zu erm\u00f6glichen! Die Stabilit\u00e4t und Abrasionsfestigkeit der Versiegelung h\u00e4ngt n\u00e4mlich davon ab, wie gut sie chemisch anbinden kann! F\u00fcr eine gr\u00fcndliche,Reinigung und Vorbereitung empfehlen wir unseren Felgenreiniger Racoon # WHEEL CLEANER und unseren speziell auf die Versiegelung abgestimmten Racoon # ALCOHOLIC &#8211; Degreaser \/ Entfetter. Diese garantieren eine saubere und reaktive Oberfl\u00e4che!<\/p>\n<span class=\"et_bloom_bottom_trigger\"><\/span>","protected":false},"excerpt":{"rendered":"<p>Racoon RIM GLOSS COAT &#8211; Felgenversiegelung &#8211; 100ml<\/p>\n","protected":false},"featured_media":4826,"comment_status":"closed","ping_status":"open","template":"","meta":{"_et_pb_use_builder":"","_et_pb_old_content":"","_et_gb_content_width":""},"product_brand":[],"product_cat":[400,412,415],"product_tag":[189],"class_list":{"0":"post-2567","1":"product","2":"type-product","3":"status-publish","4":"has-post-thumbnail","6":"product_cat-felgen-reifen","7":"product_cat-felgenwachs","8":"product_cat-versiegelung","9":"product_tag-wasch-poliermittel","10":"pa_kleur-weiss","11":"pa_materiaal-flussigkeit","13":"first","14":"instock","15":"taxable","16":"shipping-taxable","17":"purchasable","18":"product-type-simple"},"yoast_head":"<!-- This site is optimized with the Yoast SEO plugin v27.4 - https:\/\/yoast.com\/product\/yoast-seo-wordpress\/ -->\n<title>Racoon RIM GLOSS COAT - Felgenversiegelung - 100ml - Racoon-Cleaner<\/title>\n<meta name=\"robots\" content=\"index, follow, max-snippet:-1, max-image-preview:large, max-video-preview:-1\" \/>\n<link rel=\"canonical\" href=\"https:\/\/racoon-cleaner.nl\/de\/produkt\/felgen-reifen\/felgenwachs\/racoon-rim-gloss-coat-felgenversiegelung-100ml\/\" \/>\n<meta property=\"og:locale\" content=\"de_DE\" \/>\n<meta property=\"og:type\" content=\"article\" \/>\n<meta property=\"og:title\" content=\"Racoon RIM GLOSS COAT - Felgenversiegelung - 100ml - Racoon-Cleaner\" \/>\n<meta property=\"og:description\" content=\"Racoon RIM GLOSS COAT - Felgenversiegelung - 100ml\" \/>\n<meta property=\"og:url\" content=\"https:\/\/racoon-cleaner.nl\/de\/produkt\/felgen-reifen\/felgenwachs\/racoon-rim-gloss-coat-felgenversiegelung-100ml\/\" \/>\n<meta property=\"og:site_name\" content=\"Racoon-Cleaner\" \/>\n<meta property=\"article:modified_time\" content=\"2020-04-09T08:10:48+00:00\" \/>\n<meta property=\"og:image\" content=\"https:\/\/i2.wp.com\/racoon-cleaner.nl\/wp-content\/uploads\/2020\/08\/RN_RIMGLOCOA100_1.jpg?fit=800%2C800&ssl=1\" \/>\n\t<meta property=\"og:image:width\" content=\"800\" \/>\n\t<meta property=\"og:image:height\" content=\"800\" \/>\n\t<meta property=\"og:image:type\" content=\"image\/jpeg\" \/>\n<meta name=\"twitter:card\" content=\"summary_large_image\" \/>\n<meta name=\"twitter:label1\" content=\"Gesch\u00e4tzte Lesezeit\" \/>\n\t<meta name=\"twitter:data1\" content=\"1\u00a0Minute\" \/>\n<script type=\"application\/ld+json\" class=\"yoast-schema-graph\">{\"@context\":\"https:\\\/\\\/schema.org\",\"@graph\":[{\"@type\":\"WebPage\",\"@id\":\"https:\\\/\\\/racoon-cleaner.nl\\\/de\\\/produkt\\\/felgen-reifen\\\/felgenwachs\\\/racoon-rim-gloss-coat-felgenversiegelung-100ml\\\/\",\"url\":\"https:\\\/\\\/racoon-cleaner.nl\\\/de\\\/produkt\\\/felgen-reifen\\\/felgenwachs\\\/racoon-rim-gloss-coat-felgenversiegelung-100ml\\\/\",\"name\":\"Racoon RIM GLOSS COAT - Felgenversiegelung - 100ml - Racoon-Cleaner\",\"isPartOf\":{\"@id\":\"https:\\\/\\\/racoon-cleaner.nl\\\/de\\\/#website\"},\"primaryImageOfPage\":{\"@id\":\"https:\\\/\\\/racoon-cleaner.nl\\\/de\\\/produkt\\\/felgen-reifen\\\/felgenwachs\\\/racoon-rim-gloss-coat-felgenversiegelung-100ml\\\/#primaryimage\"},\"image\":{\"@id\":\"https:\\\/\\\/racoon-cleaner.nl\\\/de\\\/produkt\\\/felgen-reifen\\\/felgenwachs\\\/racoon-rim-gloss-coat-felgenversiegelung-100ml\\\/#primaryimage\"},\"thumbnailUrl\":\"https:\\\/\\\/racoon-cleaner.nl\\\/wp-content\\\/uploads\\\/2020\\\/08\\\/RN_RIMGLOCOA100_1.jpg\",\"datePublished\":\"2020-04-09T08:10:34+00:00\",\"dateModified\":\"2020-04-09T08:10:48+00:00\",\"breadcrumb\":{\"@id\":\"https:\\\/\\\/racoon-cleaner.nl\\\/de\\\/produkt\\\/felgen-reifen\\\/felgenwachs\\\/racoon-rim-gloss-coat-felgenversiegelung-100ml\\\/#breadcrumb\"},\"inLanguage\":\"de\",\"potentialAction\":[{\"@type\":\"ReadAction\",\"target\":[\"https:\\\/\\\/racoon-cleaner.nl\\\/de\\\/produkt\\\/felgen-reifen\\\/felgenwachs\\\/racoon-rim-gloss-coat-felgenversiegelung-100ml\\\/\"]}]},{\"@type\":\"ImageObject\",\"inLanguage\":\"de\",\"@id\":\"https:\\\/\\\/racoon-cleaner.nl\\\/de\\\/produkt\\\/felgen-reifen\\\/felgenwachs\\\/racoon-rim-gloss-coat-felgenversiegelung-100ml\\\/#primaryimage\",\"url\":\"https:\\\/\\\/racoon-cleaner.nl\\\/wp-content\\\/uploads\\\/2020\\\/08\\\/RN_RIMGLOCOA100_1.jpg\",\"contentUrl\":\"https:\\\/\\\/racoon-cleaner.nl\\\/wp-content\\\/uploads\\\/2020\\\/08\\\/RN_RIMGLOCOA100_1.jpg\",\"width\":800,\"height\":800},{\"@type\":\"BreadcrumbList\",\"@id\":\"https:\\\/\\\/racoon-cleaner.nl\\\/de\\\/produkt\\\/felgen-reifen\\\/felgenwachs\\\/racoon-rim-gloss-coat-felgenversiegelung-100ml\\\/#breadcrumb\",\"itemListElement\":[{\"@type\":\"ListItem\",\"position\":1,\"name\":\"Home\",\"item\":\"https:\\\/\\\/racoon-cleaner.nl\\\/de\\\/\"},{\"@type\":\"ListItem\",\"position\":2,\"name\":\"Shop\",\"item\":\"https:\\\/\\\/racoon-cleaner.nl\\\/de\\\/shop\\\/\"},{\"@type\":\"ListItem\",\"position\":3,\"name\":\"Racoon RIM GLOSS COAT &#8211; Felgenversiegelung &#8211; 100ml\"}]},{\"@type\":\"WebSite\",\"@id\":\"https:\\\/\\\/racoon-cleaner.nl\\\/de\\\/#website\",\"url\":\"https:\\\/\\\/racoon-cleaner.nl\\\/de\\\/\",\"name\":\"Racoon-cleaner\",\"description\":\"Reinigings- en verzorgingsproducten\",\"publisher\":{\"@id\":\"https:\\\/\\\/racoon-cleaner.nl\\\/de\\\/#organization\"},\"potentialAction\":[{\"@type\":\"SearchAction\",\"target\":{\"@type\":\"EntryPoint\",\"urlTemplate\":\"https:\\\/\\\/racoon-cleaner.nl\\\/de\\\/?s={search_term_string}\"},\"query-input\":{\"@type\":\"PropertyValueSpecification\",\"valueRequired\":true,\"valueName\":\"search_term_string\"}}],\"inLanguage\":\"de\"},{\"@type\":\"Organization\",\"@id\":\"https:\\\/\\\/racoon-cleaner.nl\\\/de\\\/#organization\",\"name\":\"Racoon-Cleaner.nl\",\"url\":\"https:\\\/\\\/racoon-cleaner.nl\\\/de\\\/\",\"logo\":{\"@type\":\"ImageObject\",\"inLanguage\":\"de\",\"@id\":\"https:\\\/\\\/racoon-cleaner.nl\\\/de\\\/#\\\/schema\\\/logo\\\/image\\\/\",\"url\":\"https:\\\/\\\/i1.wp.com\\\/racoon-cleaner.nl\\\/wp-content\\\/uploads\\\/2019\\\/12\\\/racoon-logo.png?fit=757%2C754&ssl=1\",\"contentUrl\":\"https:\\\/\\\/i1.wp.com\\\/racoon-cleaner.nl\\\/wp-content\\\/uploads\\\/2019\\\/12\\\/racoon-logo.png?fit=757%2C754&ssl=1\",\"width\":757,\"height\":754,\"caption\":\"Racoon-Cleaner.nl\"},\"image\":{\"@id\":\"https:\\\/\\\/racoon-cleaner.nl\\\/de\\\/#\\\/schema\\\/logo\\\/image\\\/\"}}]}<\/script>\n<!-- \/ Yoast SEO plugin. -->","yoast_head_json":{"title":"Racoon RIM GLOSS COAT - Felgenversiegelung - 100ml - Racoon-Cleaner","robots":{"index":"index","follow":"follow","max-snippet":"max-snippet:-1","max-image-preview":"max-image-preview:large","max-video-preview":"max-video-preview:-1"},"canonical":"https:\/\/racoon-cleaner.nl\/de\/produkt\/felgen-reifen\/felgenwachs\/racoon-rim-gloss-coat-felgenversiegelung-100ml\/","og_locale":"de_DE","og_type":"article","og_title":"Racoon RIM GLOSS COAT - Felgenversiegelung - 100ml - Racoon-Cleaner","og_description":"Racoon RIM GLOSS COAT - Felgenversiegelung - 100ml","og_url":"https:\/\/racoon-cleaner.nl\/de\/produkt\/felgen-reifen\/felgenwachs\/racoon-rim-gloss-coat-felgenversiegelung-100ml\/","og_site_name":"Racoon-Cleaner","article_modified_time":"2020-04-09T08:10:48+00:00","og_image":[{"width":800,"height":800,"url":"https:\/\/i2.wp.com\/racoon-cleaner.nl\/wp-content\/uploads\/2020\/08\/RN_RIMGLOCOA100_1.jpg?fit=800%2C800&ssl=1","type":"image\/jpeg"}],"twitter_card":"summary_large_image","twitter_misc":{"Gesch\u00e4tzte Lesezeit":"1\u00a0Minute"},"schema":{"@context":"https:\/\/schema.org","@graph":[{"@type":"WebPage","@id":"https:\/\/racoon-cleaner.nl\/de\/produkt\/felgen-reifen\/felgenwachs\/racoon-rim-gloss-coat-felgenversiegelung-100ml\/","url":"https:\/\/racoon-cleaner.nl\/de\/produkt\/felgen-reifen\/felgenwachs\/racoon-rim-gloss-coat-felgenversiegelung-100ml\/","name":"Racoon RIM GLOSS COAT - Felgenversiegelung - 100ml - Racoon-Cleaner","isPartOf":{"@id":"https:\/\/racoon-cleaner.nl\/de\/#website"},"primaryImageOfPage":{"@id":"https:\/\/racoon-cleaner.nl\/de\/produkt\/felgen-reifen\/felgenwachs\/racoon-rim-gloss-coat-felgenversiegelung-100ml\/#primaryimage"},"image":{"@id":"https:\/\/racoon-cleaner.nl\/de\/produkt\/felgen-reifen\/felgenwachs\/racoon-rim-gloss-coat-felgenversiegelung-100ml\/#primaryimage"},"thumbnailUrl":"https:\/\/racoon-cleaner.nl\/wp-content\/uploads\/2020\/08\/RN_RIMGLOCOA100_1.jpg","datePublished":"2020-04-09T08:10:34+00:00","dateModified":"2020-04-09T08:10:48+00:00","breadcrumb":{"@id":"https:\/\/racoon-cleaner.nl\/de\/produkt\/felgen-reifen\/felgenwachs\/racoon-rim-gloss-coat-felgenversiegelung-100ml\/#breadcrumb"},"inLanguage":"de","potentialAction":[{"@type":"ReadAction","target":["https:\/\/racoon-cleaner.nl\/de\/produkt\/felgen-reifen\/felgenwachs\/racoon-rim-gloss-coat-felgenversiegelung-100ml\/"]}]},{"@type":"ImageObject","inLanguage":"de","@id":"https:\/\/racoon-cleaner.nl\/de\/produkt\/felgen-reifen\/felgenwachs\/racoon-rim-gloss-coat-felgenversiegelung-100ml\/#primaryimage","url":"https:\/\/racoon-cleaner.nl\/wp-content\/uploads\/2020\/08\/RN_RIMGLOCOA100_1.jpg","contentUrl":"https:\/\/racoon-cleaner.nl\/wp-content\/uploads\/2020\/08\/RN_RIMGLOCOA100_1.jpg","width":800,"height":800},{"@type":"BreadcrumbList","@id":"https:\/\/racoon-cleaner.nl\/de\/produkt\/felgen-reifen\/felgenwachs\/racoon-rim-gloss-coat-felgenversiegelung-100ml\/#breadcrumb","itemListElement":[{"@type":"ListItem","position":1,"name":"Home","item":"https:\/\/racoon-cleaner.nl\/de\/"},{"@type":"ListItem","position":2,"name":"Shop","item":"https:\/\/racoon-cleaner.nl\/de\/shop\/"},{"@type":"ListItem","position":3,"name":"Racoon RIM GLOSS COAT &#8211; Felgenversiegelung &#8211; 100ml"}]},{"@type":"WebSite","@id":"https:\/\/racoon-cleaner.nl\/de\/#website","url":"https:\/\/racoon-cleaner.nl\/de\/","name":"Racoon-cleaner","description":"Reinigings- en verzorgingsproducten","publisher":{"@id":"https:\/\/racoon-cleaner.nl\/de\/#organization"},"potentialAction":[{"@type":"SearchAction","target":{"@type":"EntryPoint","urlTemplate":"https:\/\/racoon-cleaner.nl\/de\/?s={search_term_string}"},"query-input":{"@type":"PropertyValueSpecification","valueRequired":true,"valueName":"search_term_string"}}],"inLanguage":"de"},{"@type":"Organization","@id":"https:\/\/racoon-cleaner.nl\/de\/#organization","name":"Racoon-Cleaner.nl","url":"https:\/\/racoon-cleaner.nl\/de\/","logo":{"@type":"ImageObject","inLanguage":"de","@id":"https:\/\/racoon-cleaner.nl\/de\/#\/schema\/logo\/image\/","url":"https:\/\/i1.wp.com\/racoon-cleaner.nl\/wp-content\/uploads\/2019\/12\/racoon-logo.png?fit=757%2C754&ssl=1","contentUrl":"https:\/\/i1.wp.com\/racoon-cleaner.nl\/wp-content\/uploads\/2019\/12\/racoon-logo.png?fit=757%2C754&ssl=1","width":757,"height":754,"caption":"Racoon-Cleaner.nl"},"image":{"@id":"https:\/\/racoon-cleaner.nl\/de\/#\/schema\/logo\/image\/"}}]}},"jetpack_sharing_enabled":true,"_links":{"self":[{"href":"https:\/\/racoon-cleaner.nl\/de\/wp-json\/wp\/v2\/product\/2567","targetHints":{"allow":["GET"]}}],"collection":[{"href":"https:\/\/racoon-cleaner.nl\/de\/wp-json\/wp\/v2\/product"}],"about":[{"href":"https:\/\/racoon-cleaner.nl\/de\/wp-json\/wp\/v2\/types\/product"}],"replies":[{"embeddable":true,"href":"https:\/\/racoon-cleaner.nl\/de\/wp-json\/wp\/v2\/comments?post=2567"}],"wp:featuredmedia":[{"embeddable":true,"href":"https:\/\/racoon-cleaner.nl\/de\/wp-json\/wp\/v2\/media\/4826"}],"wp:attachment":[{"href":"https:\/\/racoon-cleaner.nl\/de\/wp-json\/wp\/v2\/media?parent=2567"}],"wp:term":[{"taxonomy":"product_brand","embeddable":true,"href":"https:\/\/racoon-cleaner.nl\/de\/wp-json\/wp\/v2\/product_brand?post=2567"},{"taxonomy":"product_cat","embeddable":true,"href":"https:\/\/racoon-cleaner.nl\/de\/wp-json\/wp\/v2\/product_cat?post=2567"},{"taxonomy":"product_tag","embeddable":true,"href":"https:\/\/racoon-cleaner.nl\/de\/wp-json\/wp\/v2\/product_tag?post=2567"}],"curies":[{"name":"wp","href":"https:\/\/api.w.org\/{rel}","templated":true}]}}