{"id":2571,"date":"2020-08-07T15:47:55","date_gmt":"2020-04-09T08:11:17","guid":{"rendered":"https:\/\/racoon-cleaner.nl\/product\/racoon-textile-protect-textilversiegelung-200ml\/"},"modified":"2020-04-09T08:11:25","modified_gmt":"2020-04-09T08:11:25","slug":"racoon-textile-protect-textilversiegelung-200ml","status":"publish","type":"product","link":"https:\/\/racoon-cleaner.nl\/de\/produkt\/innenraum\/teppich-polsterreiniger\/racoon-textile-protect-textilversiegelung-200ml\/","title":{"rendered":"Racoon TEXTILE PROTECT Textilversiegelung &#8211; 200ml"},"content":{"rendered":"<p># TEXTILE PROTECT   Die Textil-Versiegelung \/ Sealant<\/p>\n<p>Perfekter Schutz! &#8211; Fl\u00fcssigkeiten perlen einfach ab und Schmutz kann nicht anhaften!<\/p>\n<p>Die neue, einfach und schnell anzuwendende Racoon Spray-Versiegelung f\u00fcr Polster und Textilien im Fahrzeug-Innenbereich! Eine unsichtbare, farbneutrale und ultrad\u00fcnne Schutzschicht wirkt effektiv \u00fcber einen sehr langen Zeitraum! Ohne Flecken und R\u00e4nder, ohne die Farbe und Haptik der Materialien zu ver\u00e4ndern!  Resistent gegen mechanischen Abrieb &#8211; aber die Stoffe und Fasern bleiben trotzdem atmungsaktiv und luftdurchl\u00e4ssig! <\/p>\n<p>Erh\u00e4ltlich in einer handlichen 200ml Spr\u00fch-Flasche.  &#8211; Verbrauch ca. 100ml f\u00fcr 2 m2<\/p>\n<p>Vor Gebrauch gut sch\u00fctteln!<br \/>\nNicht auf hei\u00dfen Textilien oder unter direkter Sonneneinwirkung anwenden!<br \/>\nWir empfehlen das Tragen von Einweghandschuhen!<\/p>\n<p>Die zu beschichtende Oberfl\u00e4che muss trocken und frei von allen Verschmutzungen sein!<br \/>\nGleichm\u00e4\u00dfig und deckend auf die trockene Textilfl\u00e4che aufspr\u00fchen und mit einem Tuch oder Schwamm ohne Druck leicht verteilen und danach vollst\u00e4ndig austrocknen lassen!<\/p>\n<p>Der hei\u00dfe Tipp vom Waschb\u00e4ren:<br \/>\nVor einer Versiegelung von Textilien und Stoffen sollten diese allerdings sehr gr\u00fcndlich gereinigt werden! Hierf\u00fcr empfehlen wir unseren ganz speziellen Innenraum-Reiniger Racoon # TIDY INTERIOR! Nach der Reinigung die Textilfl\u00e4chen noch einmal absaugen um auch wirklich letzte Staub- und Schmutzpartikel zu entfernen, denn sonst werden diese n\u00e4mlich mit &#8218;versiegelt&#8216;!<\/p>\n<span class=\"et_bloom_bottom_trigger\"><\/span>","protected":false},"excerpt":{"rendered":"<p>Racoon TEXTILE PROTECT Textilversiegelung &#8211; 200ml<\/p>\n","protected":false},"featured_media":4994,"comment_status":"closed","ping_status":"open","template":"","meta":{"_et_pb_use_builder":"","_et_pb_old_content":"","_et_gb_content_width":""},"product_brand":[],"product_cat":[352,367],"product_tag":[189],"class_list":{"0":"post-2571","1":"product","2":"type-product","3":"status-publish","4":"has-post-thumbnail","6":"product_cat-innenraum","7":"product_cat-teppich-polsterreiniger","8":"product_tag-wasch-poliermittel","9":"pa_kleur-klar","10":"pa_materiaal-flussigkeit","12":"first","13":"instock","14":"taxable","15":"shipping-taxable","16":"purchasable","17":"product-type-simple"},"yoast_head":"<!-- This site is optimized with the Yoast SEO plugin v27.4 - https:\/\/yoast.com\/product\/yoast-seo-wordpress\/ -->\n<title>Racoon TEXTILE PROTECT Textilversiegelung - 200ml - Racoon-Cleaner<\/title>\n<meta name=\"robots\" content=\"index, follow, max-snippet:-1, max-image-preview:large, max-video-preview:-1\" \/>\n<link rel=\"canonical\" href=\"https:\/\/racoon-cleaner.nl\/de\/produkt\/innenraum\/teppich-polsterreiniger\/racoon-textile-protect-textilversiegelung-200ml\/\" \/>\n<meta property=\"og:locale\" content=\"de_DE\" \/>\n<meta property=\"og:type\" content=\"article\" \/>\n<meta property=\"og:title\" content=\"Racoon TEXTILE PROTECT Textilversiegelung - 200ml - Racoon-Cleaner\" \/>\n<meta property=\"og:description\" content=\"Racoon TEXTILE PROTECT Textilversiegelung - 200ml\" \/>\n<meta property=\"og:url\" content=\"https:\/\/racoon-cleaner.nl\/de\/produkt\/innenraum\/teppich-polsterreiniger\/racoon-textile-protect-textilversiegelung-200ml\/\" \/>\n<meta property=\"og:site_name\" content=\"Racoon-Cleaner\" \/>\n<meta property=\"article:modified_time\" content=\"2020-04-09T08:11:25+00:00\" \/>\n<meta property=\"og:image\" content=\"https:\/\/i2.wp.com\/racoon-cleaner.nl\/wp-content\/uploads\/2020\/08\/RN_TEXPRO200_1.jpg?fit=800%2C800&ssl=1\" \/>\n\t<meta property=\"og:image:width\" content=\"800\" \/>\n\t<meta property=\"og:image:height\" content=\"800\" \/>\n\t<meta property=\"og:image:type\" content=\"image\/jpeg\" \/>\n<meta name=\"twitter:card\" content=\"summary_large_image\" \/>\n<meta name=\"twitter:label1\" content=\"Gesch\u00e4tzte Lesezeit\" \/>\n\t<meta name=\"twitter:data1\" content=\"1\u00a0Minute\" \/>\n<script type=\"application\/ld+json\" class=\"yoast-schema-graph\">{\"@context\":\"https:\\\/\\\/schema.org\",\"@graph\":[{\"@type\":\"WebPage\",\"@id\":\"https:\\\/\\\/racoon-cleaner.nl\\\/de\\\/produkt\\\/innenraum\\\/teppich-polsterreiniger\\\/racoon-textile-protect-textilversiegelung-200ml\\\/\",\"url\":\"https:\\\/\\\/racoon-cleaner.nl\\\/de\\\/produkt\\\/innenraum\\\/teppich-polsterreiniger\\\/racoon-textile-protect-textilversiegelung-200ml\\\/\",\"name\":\"Racoon TEXTILE PROTECT Textilversiegelung - 200ml - Racoon-Cleaner\",\"isPartOf\":{\"@id\":\"https:\\\/\\\/racoon-cleaner.nl\\\/de\\\/#website\"},\"primaryImageOfPage\":{\"@id\":\"https:\\\/\\\/racoon-cleaner.nl\\\/de\\\/produkt\\\/innenraum\\\/teppich-polsterreiniger\\\/racoon-textile-protect-textilversiegelung-200ml\\\/#primaryimage\"},\"image\":{\"@id\":\"https:\\\/\\\/racoon-cleaner.nl\\\/de\\\/produkt\\\/innenraum\\\/teppich-polsterreiniger\\\/racoon-textile-protect-textilversiegelung-200ml\\\/#primaryimage\"},\"thumbnailUrl\":\"https:\\\/\\\/racoon-cleaner.nl\\\/wp-content\\\/uploads\\\/2020\\\/08\\\/RN_TEXPRO200_1.jpg\",\"datePublished\":\"2020-04-09T08:11:17+00:00\",\"dateModified\":\"2020-04-09T08:11:25+00:00\",\"breadcrumb\":{\"@id\":\"https:\\\/\\\/racoon-cleaner.nl\\\/de\\\/produkt\\\/innenraum\\\/teppich-polsterreiniger\\\/racoon-textile-protect-textilversiegelung-200ml\\\/#breadcrumb\"},\"inLanguage\":\"de\",\"potentialAction\":[{\"@type\":\"ReadAction\",\"target\":[\"https:\\\/\\\/racoon-cleaner.nl\\\/de\\\/produkt\\\/innenraum\\\/teppich-polsterreiniger\\\/racoon-textile-protect-textilversiegelung-200ml\\\/\"]}]},{\"@type\":\"ImageObject\",\"inLanguage\":\"de\",\"@id\":\"https:\\\/\\\/racoon-cleaner.nl\\\/de\\\/produkt\\\/innenraum\\\/teppich-polsterreiniger\\\/racoon-textile-protect-textilversiegelung-200ml\\\/#primaryimage\",\"url\":\"https:\\\/\\\/racoon-cleaner.nl\\\/wp-content\\\/uploads\\\/2020\\\/08\\\/RN_TEXPRO200_1.jpg\",\"contentUrl\":\"https:\\\/\\\/racoon-cleaner.nl\\\/wp-content\\\/uploads\\\/2020\\\/08\\\/RN_TEXPRO200_1.jpg\",\"width\":800,\"height\":800},{\"@type\":\"BreadcrumbList\",\"@id\":\"https:\\\/\\\/racoon-cleaner.nl\\\/de\\\/produkt\\\/innenraum\\\/teppich-polsterreiniger\\\/racoon-textile-protect-textilversiegelung-200ml\\\/#breadcrumb\",\"itemListElement\":[{\"@type\":\"ListItem\",\"position\":1,\"name\":\"Home\",\"item\":\"https:\\\/\\\/racoon-cleaner.nl\\\/de\\\/\"},{\"@type\":\"ListItem\",\"position\":2,\"name\":\"Shop\",\"item\":\"https:\\\/\\\/racoon-cleaner.nl\\\/de\\\/shop\\\/\"},{\"@type\":\"ListItem\",\"position\":3,\"name\":\"Racoon TEXTILE PROTECT Textilversiegelung &#8211; 200ml\"}]},{\"@type\":\"WebSite\",\"@id\":\"https:\\\/\\\/racoon-cleaner.nl\\\/de\\\/#website\",\"url\":\"https:\\\/\\\/racoon-cleaner.nl\\\/de\\\/\",\"name\":\"Racoon-cleaner\",\"description\":\"Reinigings- en verzorgingsproducten\",\"publisher\":{\"@id\":\"https:\\\/\\\/racoon-cleaner.nl\\\/de\\\/#organization\"},\"potentialAction\":[{\"@type\":\"SearchAction\",\"target\":{\"@type\":\"EntryPoint\",\"urlTemplate\":\"https:\\\/\\\/racoon-cleaner.nl\\\/de\\\/?s={search_term_string}\"},\"query-input\":{\"@type\":\"PropertyValueSpecification\",\"valueRequired\":true,\"valueName\":\"search_term_string\"}}],\"inLanguage\":\"de\"},{\"@type\":\"Organization\",\"@id\":\"https:\\\/\\\/racoon-cleaner.nl\\\/de\\\/#organization\",\"name\":\"Racoon-Cleaner.nl\",\"url\":\"https:\\\/\\\/racoon-cleaner.nl\\\/de\\\/\",\"logo\":{\"@type\":\"ImageObject\",\"inLanguage\":\"de\",\"@id\":\"https:\\\/\\\/racoon-cleaner.nl\\\/de\\\/#\\\/schema\\\/logo\\\/image\\\/\",\"url\":\"https:\\\/\\\/i1.wp.com\\\/racoon-cleaner.nl\\\/wp-content\\\/uploads\\\/2019\\\/12\\\/racoon-logo.png?fit=757%2C754&ssl=1\",\"contentUrl\":\"https:\\\/\\\/i1.wp.com\\\/racoon-cleaner.nl\\\/wp-content\\\/uploads\\\/2019\\\/12\\\/racoon-logo.png?fit=757%2C754&ssl=1\",\"width\":757,\"height\":754,\"caption\":\"Racoon-Cleaner.nl\"},\"image\":{\"@id\":\"https:\\\/\\\/racoon-cleaner.nl\\\/de\\\/#\\\/schema\\\/logo\\\/image\\\/\"}}]}<\/script>\n<!-- \/ Yoast SEO plugin. -->","yoast_head_json":{"title":"Racoon TEXTILE PROTECT Textilversiegelung - 200ml - Racoon-Cleaner","robots":{"index":"index","follow":"follow","max-snippet":"max-snippet:-1","max-image-preview":"max-image-preview:large","max-video-preview":"max-video-preview:-1"},"canonical":"https:\/\/racoon-cleaner.nl\/de\/produkt\/innenraum\/teppich-polsterreiniger\/racoon-textile-protect-textilversiegelung-200ml\/","og_locale":"de_DE","og_type":"article","og_title":"Racoon TEXTILE PROTECT Textilversiegelung - 200ml - Racoon-Cleaner","og_description":"Racoon TEXTILE PROTECT Textilversiegelung - 200ml","og_url":"https:\/\/racoon-cleaner.nl\/de\/produkt\/innenraum\/teppich-polsterreiniger\/racoon-textile-protect-textilversiegelung-200ml\/","og_site_name":"Racoon-Cleaner","article_modified_time":"2020-04-09T08:11:25+00:00","og_image":[{"width":800,"height":800,"url":"https:\/\/i2.wp.com\/racoon-cleaner.nl\/wp-content\/uploads\/2020\/08\/RN_TEXPRO200_1.jpg?fit=800%2C800&ssl=1","type":"image\/jpeg"}],"twitter_card":"summary_large_image","twitter_misc":{"Gesch\u00e4tzte Lesezeit":"1\u00a0Minute"},"schema":{"@context":"https:\/\/schema.org","@graph":[{"@type":"WebPage","@id":"https:\/\/racoon-cleaner.nl\/de\/produkt\/innenraum\/teppich-polsterreiniger\/racoon-textile-protect-textilversiegelung-200ml\/","url":"https:\/\/racoon-cleaner.nl\/de\/produkt\/innenraum\/teppich-polsterreiniger\/racoon-textile-protect-textilversiegelung-200ml\/","name":"Racoon TEXTILE PROTECT Textilversiegelung - 200ml - Racoon-Cleaner","isPartOf":{"@id":"https:\/\/racoon-cleaner.nl\/de\/#website"},"primaryImageOfPage":{"@id":"https:\/\/racoon-cleaner.nl\/de\/produkt\/innenraum\/teppich-polsterreiniger\/racoon-textile-protect-textilversiegelung-200ml\/#primaryimage"},"image":{"@id":"https:\/\/racoon-cleaner.nl\/de\/produkt\/innenraum\/teppich-polsterreiniger\/racoon-textile-protect-textilversiegelung-200ml\/#primaryimage"},"thumbnailUrl":"https:\/\/racoon-cleaner.nl\/wp-content\/uploads\/2020\/08\/RN_TEXPRO200_1.jpg","datePublished":"2020-04-09T08:11:17+00:00","dateModified":"2020-04-09T08:11:25+00:00","breadcrumb":{"@id":"https:\/\/racoon-cleaner.nl\/de\/produkt\/innenraum\/teppich-polsterreiniger\/racoon-textile-protect-textilversiegelung-200ml\/#breadcrumb"},"inLanguage":"de","potentialAction":[{"@type":"ReadAction","target":["https:\/\/racoon-cleaner.nl\/de\/produkt\/innenraum\/teppich-polsterreiniger\/racoon-textile-protect-textilversiegelung-200ml\/"]}]},{"@type":"ImageObject","inLanguage":"de","@id":"https:\/\/racoon-cleaner.nl\/de\/produkt\/innenraum\/teppich-polsterreiniger\/racoon-textile-protect-textilversiegelung-200ml\/#primaryimage","url":"https:\/\/racoon-cleaner.nl\/wp-content\/uploads\/2020\/08\/RN_TEXPRO200_1.jpg","contentUrl":"https:\/\/racoon-cleaner.nl\/wp-content\/uploads\/2020\/08\/RN_TEXPRO200_1.jpg","width":800,"height":800},{"@type":"BreadcrumbList","@id":"https:\/\/racoon-cleaner.nl\/de\/produkt\/innenraum\/teppich-polsterreiniger\/racoon-textile-protect-textilversiegelung-200ml\/#breadcrumb","itemListElement":[{"@type":"ListItem","position":1,"name":"Home","item":"https:\/\/racoon-cleaner.nl\/de\/"},{"@type":"ListItem","position":2,"name":"Shop","item":"https:\/\/racoon-cleaner.nl\/de\/shop\/"},{"@type":"ListItem","position":3,"name":"Racoon TEXTILE PROTECT Textilversiegelung &#8211; 200ml"}]},{"@type":"WebSite","@id":"https:\/\/racoon-cleaner.nl\/de\/#website","url":"https:\/\/racoon-cleaner.nl\/de\/","name":"Racoon-cleaner","description":"Reinigings- en verzorgingsproducten","publisher":{"@id":"https:\/\/racoon-cleaner.nl\/de\/#organization"},"potentialAction":[{"@type":"SearchAction","target":{"@type":"EntryPoint","urlTemplate":"https:\/\/racoon-cleaner.nl\/de\/?s={search_term_string}"},"query-input":{"@type":"PropertyValueSpecification","valueRequired":true,"valueName":"search_term_string"}}],"inLanguage":"de"},{"@type":"Organization","@id":"https:\/\/racoon-cleaner.nl\/de\/#organization","name":"Racoon-Cleaner.nl","url":"https:\/\/racoon-cleaner.nl\/de\/","logo":{"@type":"ImageObject","inLanguage":"de","@id":"https:\/\/racoon-cleaner.nl\/de\/#\/schema\/logo\/image\/","url":"https:\/\/i1.wp.com\/racoon-cleaner.nl\/wp-content\/uploads\/2019\/12\/racoon-logo.png?fit=757%2C754&ssl=1","contentUrl":"https:\/\/i1.wp.com\/racoon-cleaner.nl\/wp-content\/uploads\/2019\/12\/racoon-logo.png?fit=757%2C754&ssl=1","width":757,"height":754,"caption":"Racoon-Cleaner.nl"},"image":{"@id":"https:\/\/racoon-cleaner.nl\/de\/#\/schema\/logo\/image\/"}}]}},"jetpack_sharing_enabled":true,"_links":{"self":[{"href":"https:\/\/racoon-cleaner.nl\/de\/wp-json\/wp\/v2\/product\/2571","targetHints":{"allow":["GET"]}}],"collection":[{"href":"https:\/\/racoon-cleaner.nl\/de\/wp-json\/wp\/v2\/product"}],"about":[{"href":"https:\/\/racoon-cleaner.nl\/de\/wp-json\/wp\/v2\/types\/product"}],"replies":[{"embeddable":true,"href":"https:\/\/racoon-cleaner.nl\/de\/wp-json\/wp\/v2\/comments?post=2571"}],"wp:featuredmedia":[{"embeddable":true,"href":"https:\/\/racoon-cleaner.nl\/de\/wp-json\/wp\/v2\/media\/4994"}],"wp:attachment":[{"href":"https:\/\/racoon-cleaner.nl\/de\/wp-json\/wp\/v2\/media?parent=2571"}],"wp:term":[{"taxonomy":"product_brand","embeddable":true,"href":"https:\/\/racoon-cleaner.nl\/de\/wp-json\/wp\/v2\/product_brand?post=2571"},{"taxonomy":"product_cat","embeddable":true,"href":"https:\/\/racoon-cleaner.nl\/de\/wp-json\/wp\/v2\/product_cat?post=2571"},{"taxonomy":"product_tag","embeddable":true,"href":"https:\/\/racoon-cleaner.nl\/de\/wp-json\/wp\/v2\/product_tag?post=2571"}],"curies":[{"name":"wp","href":"https:\/\/api.w.org\/{rel}","templated":true}]}}