{"id":2907,"date":"2020-08-07T15:18:53","date_gmt":"2020-04-09T08:09:24","guid":{"rendered":"https:\/\/racoon-cleaner.nl\/product\/racoon-engine-styler-vanilla-reiniger-pflege-motoraum-5000ml\/"},"modified":"2020-04-09T08:09:45","modified_gmt":"2020-04-09T08:09:45","slug":"racoon-engine-styler-vanilla-reiniger-pflege-motoraum-5000ml","status":"publish","type":"product","link":"https:\/\/racoon-cleaner.nl\/de\/produkt\/reinigung-vorbereitung\/reinigungsmittel\/racoon-engine-styler-vanilla-reiniger-pflege-motoraum-5000ml\/","title":{"rendered":"Racoon ENGINE STYLER VANILLA Reiniger + Pflege Motoraum &#8211; 5000ml"},"content":{"rendered":"<p># ENGINE STYLER VANILLA   Der Reiniger und die Pflege f\u00fcr den Motorraum<\/p>\n<p>Reinigt und konserviert! &#8211; Schnell und einfach alle Oberfl\u00e4chen unter der Motorhaube!<\/p>\n<p>Beseitigt schnell und zuverl\u00e4ssig alle staubigen \u00d6l- und Fettverschmutzungen. Durch den wasserverdr\u00e4ngenden Kriecheffekt werden selbst schwer zug\u00e4nglich Stellen erreicht. Tief einziehende pflegende Wirkstoffe, mit einem seidenmatten Glanzeffekt und einem frischem Vanille-Duft, verleihen ein neuwertiges Aussehen und bieten einen lang anhaltenden Schutzfilm gegen Schmutz, N\u00e4sse, Korrosion, Rissbildung und Ausbleichen! <\/p>\n<p>Erh\u00e4ltlich in 500ml Flaschen und im 5 L Kanister.<\/p>\n<p>Vor Gebrauch gut sch\u00fctteln! Wir empfehlen das Tragen von Einweghandschuhen!<br \/>\nAuf keinen Fall unter direkter Sonneneinwirkung oder auf hei\u00dfen Fl\u00e4chen anwenden!<\/p>\n<p>Die zu behandelnde Fl\u00e4che sollte trocken sein!<br \/>\nGleichm\u00e4\u00dfig und sparsam mit einem feinporigen Schwamm auftragen und kurz einwirken lassen. Dann den gel\u00f6sten Schmutz mit einem Tuch gr\u00fcndlich abwischen!<\/p>\n<span class=\"et_bloom_bottom_trigger\"><\/span>","protected":false},"excerpt":{"rendered":"<p>Racoon ENGINE STYLER VANILLA Reiniger + Pflege Motoraum &#8211; 5000ml<\/p>\n","protected":false},"featured_media":4414,"comment_status":"closed","ping_status":"open","template":"","meta":{"_et_pb_use_builder":"","_et_pb_old_content":"","_et_gb_content_width":""},"product_brand":[],"product_cat":[391,397,349],"product_tag":[189],"class_list":{"0":"post-2907","1":"product","2":"type-product","3":"status-publish","4":"has-post-thumbnail","6":"product_cat-reinigung-vorbereitung","7":"product_cat-reinigungsmittel","8":"product_cat-technische-sprays-de","9":"product_tag-wasch-poliermittel","10":"pa_kleur-klar","11":"pa_materiaal-flussigkeit","13":"first","14":"instock","15":"taxable","16":"shipping-taxable","17":"purchasable","18":"product-type-simple"},"yoast_head":"<!-- This site is optimized with the Yoast SEO plugin v27.4 - https:\/\/yoast.com\/product\/yoast-seo-wordpress\/ -->\n<title>Racoon ENGINE STYLER VANILLA Reiniger + Pflege Motoraum - 5000ml - Racoon-Cleaner<\/title>\n<meta name=\"robots\" content=\"index, follow, max-snippet:-1, max-image-preview:large, max-video-preview:-1\" \/>\n<link rel=\"canonical\" href=\"https:\/\/racoon-cleaner.nl\/de\/produkt\/reinigung-vorbereitung\/reinigungsmittel\/racoon-engine-styler-vanilla-reiniger-pflege-motoraum-5000ml\/\" \/>\n<meta property=\"og:locale\" content=\"de_DE\" \/>\n<meta property=\"og:type\" content=\"article\" \/>\n<meta property=\"og:title\" content=\"Racoon ENGINE STYLER VANILLA Reiniger + Pflege Motoraum - 5000ml - Racoon-Cleaner\" \/>\n<meta property=\"og:description\" content=\"Racoon ENGINE STYLER VANILLA Reiniger + Pflege Motoraum - 5000ml\" \/>\n<meta property=\"og:url\" content=\"https:\/\/racoon-cleaner.nl\/de\/produkt\/reinigung-vorbereitung\/reinigungsmittel\/racoon-engine-styler-vanilla-reiniger-pflege-motoraum-5000ml\/\" \/>\n<meta property=\"og:site_name\" content=\"Racoon-Cleaner\" \/>\n<meta property=\"article:modified_time\" content=\"2020-04-09T08:09:45+00:00\" \/>\n<meta property=\"og:image\" content=\"https:\/\/i0.wp.com\/racoon-cleaner.nl\/wp-content\/uploads\/2020\/08\/RN_ENGSTY5_1.jpg?fit=800%2C800&ssl=1\" \/>\n\t<meta property=\"og:image:width\" content=\"800\" \/>\n\t<meta property=\"og:image:height\" content=\"800\" \/>\n\t<meta property=\"og:image:type\" content=\"image\/jpeg\" \/>\n<meta name=\"twitter:card\" content=\"summary_large_image\" \/>\n<meta name=\"twitter:label1\" content=\"Gesch\u00e4tzte Lesezeit\" \/>\n\t<meta name=\"twitter:data1\" content=\"1\u00a0Minute\" \/>\n<script type=\"application\/ld+json\" class=\"yoast-schema-graph\">{\"@context\":\"https:\\\/\\\/schema.org\",\"@graph\":[{\"@type\":\"WebPage\",\"@id\":\"https:\\\/\\\/racoon-cleaner.nl\\\/de\\\/produkt\\\/reinigung-vorbereitung\\\/reinigungsmittel\\\/racoon-engine-styler-vanilla-reiniger-pflege-motoraum-5000ml\\\/\",\"url\":\"https:\\\/\\\/racoon-cleaner.nl\\\/de\\\/produkt\\\/reinigung-vorbereitung\\\/reinigungsmittel\\\/racoon-engine-styler-vanilla-reiniger-pflege-motoraum-5000ml\\\/\",\"name\":\"Racoon ENGINE STYLER VANILLA Reiniger + Pflege Motoraum - 5000ml - Racoon-Cleaner\",\"isPartOf\":{\"@id\":\"https:\\\/\\\/racoon-cleaner.nl\\\/de\\\/#website\"},\"primaryImageOfPage\":{\"@id\":\"https:\\\/\\\/racoon-cleaner.nl\\\/de\\\/produkt\\\/reinigung-vorbereitung\\\/reinigungsmittel\\\/racoon-engine-styler-vanilla-reiniger-pflege-motoraum-5000ml\\\/#primaryimage\"},\"image\":{\"@id\":\"https:\\\/\\\/racoon-cleaner.nl\\\/de\\\/produkt\\\/reinigung-vorbereitung\\\/reinigungsmittel\\\/racoon-engine-styler-vanilla-reiniger-pflege-motoraum-5000ml\\\/#primaryimage\"},\"thumbnailUrl\":\"https:\\\/\\\/racoon-cleaner.nl\\\/wp-content\\\/uploads\\\/2020\\\/08\\\/RN_ENGSTY5_1.jpg\",\"datePublished\":\"2020-04-09T08:09:24+00:00\",\"dateModified\":\"2020-04-09T08:09:45+00:00\",\"breadcrumb\":{\"@id\":\"https:\\\/\\\/racoon-cleaner.nl\\\/de\\\/produkt\\\/reinigung-vorbereitung\\\/reinigungsmittel\\\/racoon-engine-styler-vanilla-reiniger-pflege-motoraum-5000ml\\\/#breadcrumb\"},\"inLanguage\":\"de\",\"potentialAction\":[{\"@type\":\"ReadAction\",\"target\":[\"https:\\\/\\\/racoon-cleaner.nl\\\/de\\\/produkt\\\/reinigung-vorbereitung\\\/reinigungsmittel\\\/racoon-engine-styler-vanilla-reiniger-pflege-motoraum-5000ml\\\/\"]}]},{\"@type\":\"ImageObject\",\"inLanguage\":\"de\",\"@id\":\"https:\\\/\\\/racoon-cleaner.nl\\\/de\\\/produkt\\\/reinigung-vorbereitung\\\/reinigungsmittel\\\/racoon-engine-styler-vanilla-reiniger-pflege-motoraum-5000ml\\\/#primaryimage\",\"url\":\"https:\\\/\\\/racoon-cleaner.nl\\\/wp-content\\\/uploads\\\/2020\\\/08\\\/RN_ENGSTY5_1.jpg\",\"contentUrl\":\"https:\\\/\\\/racoon-cleaner.nl\\\/wp-content\\\/uploads\\\/2020\\\/08\\\/RN_ENGSTY5_1.jpg\",\"width\":800,\"height\":800},{\"@type\":\"BreadcrumbList\",\"@id\":\"https:\\\/\\\/racoon-cleaner.nl\\\/de\\\/produkt\\\/reinigung-vorbereitung\\\/reinigungsmittel\\\/racoon-engine-styler-vanilla-reiniger-pflege-motoraum-5000ml\\\/#breadcrumb\",\"itemListElement\":[{\"@type\":\"ListItem\",\"position\":1,\"name\":\"Home\",\"item\":\"https:\\\/\\\/racoon-cleaner.nl\\\/de\\\/\"},{\"@type\":\"ListItem\",\"position\":2,\"name\":\"Shop\",\"item\":\"https:\\\/\\\/racoon-cleaner.nl\\\/de\\\/shop\\\/\"},{\"@type\":\"ListItem\",\"position\":3,\"name\":\"Racoon ENGINE STYLER VANILLA Reiniger + Pflege Motoraum &#8211; 5000ml\"}]},{\"@type\":\"WebSite\",\"@id\":\"https:\\\/\\\/racoon-cleaner.nl\\\/de\\\/#website\",\"url\":\"https:\\\/\\\/racoon-cleaner.nl\\\/de\\\/\",\"name\":\"Racoon-cleaner\",\"description\":\"Reinigings- en verzorgingsproducten\",\"publisher\":{\"@id\":\"https:\\\/\\\/racoon-cleaner.nl\\\/de\\\/#organization\"},\"potentialAction\":[{\"@type\":\"SearchAction\",\"target\":{\"@type\":\"EntryPoint\",\"urlTemplate\":\"https:\\\/\\\/racoon-cleaner.nl\\\/de\\\/?s={search_term_string}\"},\"query-input\":{\"@type\":\"PropertyValueSpecification\",\"valueRequired\":true,\"valueName\":\"search_term_string\"}}],\"inLanguage\":\"de\"},{\"@type\":\"Organization\",\"@id\":\"https:\\\/\\\/racoon-cleaner.nl\\\/de\\\/#organization\",\"name\":\"Racoon-Cleaner.nl\",\"url\":\"https:\\\/\\\/racoon-cleaner.nl\\\/de\\\/\",\"logo\":{\"@type\":\"ImageObject\",\"inLanguage\":\"de\",\"@id\":\"https:\\\/\\\/racoon-cleaner.nl\\\/de\\\/#\\\/schema\\\/logo\\\/image\\\/\",\"url\":\"https:\\\/\\\/i1.wp.com\\\/racoon-cleaner.nl\\\/wp-content\\\/uploads\\\/2019\\\/12\\\/racoon-logo.png?fit=757%2C754&ssl=1\",\"contentUrl\":\"https:\\\/\\\/i1.wp.com\\\/racoon-cleaner.nl\\\/wp-content\\\/uploads\\\/2019\\\/12\\\/racoon-logo.png?fit=757%2C754&ssl=1\",\"width\":757,\"height\":754,\"caption\":\"Racoon-Cleaner.nl\"},\"image\":{\"@id\":\"https:\\\/\\\/racoon-cleaner.nl\\\/de\\\/#\\\/schema\\\/logo\\\/image\\\/\"}}]}<\/script>\n<!-- \/ Yoast SEO plugin. -->","yoast_head_json":{"title":"Racoon ENGINE STYLER VANILLA Reiniger + Pflege Motoraum - 5000ml - Racoon-Cleaner","robots":{"index":"index","follow":"follow","max-snippet":"max-snippet:-1","max-image-preview":"max-image-preview:large","max-video-preview":"max-video-preview:-1"},"canonical":"https:\/\/racoon-cleaner.nl\/de\/produkt\/reinigung-vorbereitung\/reinigungsmittel\/racoon-engine-styler-vanilla-reiniger-pflege-motoraum-5000ml\/","og_locale":"de_DE","og_type":"article","og_title":"Racoon ENGINE STYLER VANILLA Reiniger + Pflege Motoraum - 5000ml - Racoon-Cleaner","og_description":"Racoon ENGINE STYLER VANILLA Reiniger + Pflege Motoraum - 5000ml","og_url":"https:\/\/racoon-cleaner.nl\/de\/produkt\/reinigung-vorbereitung\/reinigungsmittel\/racoon-engine-styler-vanilla-reiniger-pflege-motoraum-5000ml\/","og_site_name":"Racoon-Cleaner","article_modified_time":"2020-04-09T08:09:45+00:00","og_image":[{"width":800,"height":800,"url":"https:\/\/i0.wp.com\/racoon-cleaner.nl\/wp-content\/uploads\/2020\/08\/RN_ENGSTY5_1.jpg?fit=800%2C800&ssl=1","type":"image\/jpeg"}],"twitter_card":"summary_large_image","twitter_misc":{"Gesch\u00e4tzte Lesezeit":"1\u00a0Minute"},"schema":{"@context":"https:\/\/schema.org","@graph":[{"@type":"WebPage","@id":"https:\/\/racoon-cleaner.nl\/de\/produkt\/reinigung-vorbereitung\/reinigungsmittel\/racoon-engine-styler-vanilla-reiniger-pflege-motoraum-5000ml\/","url":"https:\/\/racoon-cleaner.nl\/de\/produkt\/reinigung-vorbereitung\/reinigungsmittel\/racoon-engine-styler-vanilla-reiniger-pflege-motoraum-5000ml\/","name":"Racoon ENGINE STYLER VANILLA Reiniger + Pflege Motoraum - 5000ml - Racoon-Cleaner","isPartOf":{"@id":"https:\/\/racoon-cleaner.nl\/de\/#website"},"primaryImageOfPage":{"@id":"https:\/\/racoon-cleaner.nl\/de\/produkt\/reinigung-vorbereitung\/reinigungsmittel\/racoon-engine-styler-vanilla-reiniger-pflege-motoraum-5000ml\/#primaryimage"},"image":{"@id":"https:\/\/racoon-cleaner.nl\/de\/produkt\/reinigung-vorbereitung\/reinigungsmittel\/racoon-engine-styler-vanilla-reiniger-pflege-motoraum-5000ml\/#primaryimage"},"thumbnailUrl":"https:\/\/racoon-cleaner.nl\/wp-content\/uploads\/2020\/08\/RN_ENGSTY5_1.jpg","datePublished":"2020-04-09T08:09:24+00:00","dateModified":"2020-04-09T08:09:45+00:00","breadcrumb":{"@id":"https:\/\/racoon-cleaner.nl\/de\/produkt\/reinigung-vorbereitung\/reinigungsmittel\/racoon-engine-styler-vanilla-reiniger-pflege-motoraum-5000ml\/#breadcrumb"},"inLanguage":"de","potentialAction":[{"@type":"ReadAction","target":["https:\/\/racoon-cleaner.nl\/de\/produkt\/reinigung-vorbereitung\/reinigungsmittel\/racoon-engine-styler-vanilla-reiniger-pflege-motoraum-5000ml\/"]}]},{"@type":"ImageObject","inLanguage":"de","@id":"https:\/\/racoon-cleaner.nl\/de\/produkt\/reinigung-vorbereitung\/reinigungsmittel\/racoon-engine-styler-vanilla-reiniger-pflege-motoraum-5000ml\/#primaryimage","url":"https:\/\/racoon-cleaner.nl\/wp-content\/uploads\/2020\/08\/RN_ENGSTY5_1.jpg","contentUrl":"https:\/\/racoon-cleaner.nl\/wp-content\/uploads\/2020\/08\/RN_ENGSTY5_1.jpg","width":800,"height":800},{"@type":"BreadcrumbList","@id":"https:\/\/racoon-cleaner.nl\/de\/produkt\/reinigung-vorbereitung\/reinigungsmittel\/racoon-engine-styler-vanilla-reiniger-pflege-motoraum-5000ml\/#breadcrumb","itemListElement":[{"@type":"ListItem","position":1,"name":"Home","item":"https:\/\/racoon-cleaner.nl\/de\/"},{"@type":"ListItem","position":2,"name":"Shop","item":"https:\/\/racoon-cleaner.nl\/de\/shop\/"},{"@type":"ListItem","position":3,"name":"Racoon ENGINE STYLER VANILLA Reiniger + Pflege Motoraum &#8211; 5000ml"}]},{"@type":"WebSite","@id":"https:\/\/racoon-cleaner.nl\/de\/#website","url":"https:\/\/racoon-cleaner.nl\/de\/","name":"Racoon-cleaner","description":"Reinigings- en verzorgingsproducten","publisher":{"@id":"https:\/\/racoon-cleaner.nl\/de\/#organization"},"potentialAction":[{"@type":"SearchAction","target":{"@type":"EntryPoint","urlTemplate":"https:\/\/racoon-cleaner.nl\/de\/?s={search_term_string}"},"query-input":{"@type":"PropertyValueSpecification","valueRequired":true,"valueName":"search_term_string"}}],"inLanguage":"de"},{"@type":"Organization","@id":"https:\/\/racoon-cleaner.nl\/de\/#organization","name":"Racoon-Cleaner.nl","url":"https:\/\/racoon-cleaner.nl\/de\/","logo":{"@type":"ImageObject","inLanguage":"de","@id":"https:\/\/racoon-cleaner.nl\/de\/#\/schema\/logo\/image\/","url":"https:\/\/i1.wp.com\/racoon-cleaner.nl\/wp-content\/uploads\/2019\/12\/racoon-logo.png?fit=757%2C754&ssl=1","contentUrl":"https:\/\/i1.wp.com\/racoon-cleaner.nl\/wp-content\/uploads\/2019\/12\/racoon-logo.png?fit=757%2C754&ssl=1","width":757,"height":754,"caption":"Racoon-Cleaner.nl"},"image":{"@id":"https:\/\/racoon-cleaner.nl\/de\/#\/schema\/logo\/image\/"}}]}},"jetpack_sharing_enabled":true,"_links":{"self":[{"href":"https:\/\/racoon-cleaner.nl\/de\/wp-json\/wp\/v2\/product\/2907","targetHints":{"allow":["GET"]}}],"collection":[{"href":"https:\/\/racoon-cleaner.nl\/de\/wp-json\/wp\/v2\/product"}],"about":[{"href":"https:\/\/racoon-cleaner.nl\/de\/wp-json\/wp\/v2\/types\/product"}],"replies":[{"embeddable":true,"href":"https:\/\/racoon-cleaner.nl\/de\/wp-json\/wp\/v2\/comments?post=2907"}],"wp:featuredmedia":[{"embeddable":true,"href":"https:\/\/racoon-cleaner.nl\/de\/wp-json\/wp\/v2\/media\/4414"}],"wp:attachment":[{"href":"https:\/\/racoon-cleaner.nl\/de\/wp-json\/wp\/v2\/media?parent=2907"}],"wp:term":[{"taxonomy":"product_brand","embeddable":true,"href":"https:\/\/racoon-cleaner.nl\/de\/wp-json\/wp\/v2\/product_brand?post=2907"},{"taxonomy":"product_cat","embeddable":true,"href":"https:\/\/racoon-cleaner.nl\/de\/wp-json\/wp\/v2\/product_cat?post=2907"},{"taxonomy":"product_tag","embeddable":true,"href":"https:\/\/racoon-cleaner.nl\/de\/wp-json\/wp\/v2\/product_tag?post=2907"}],"curies":[{"name":"wp","href":"https:\/\/api.w.org\/{rel}","templated":true}]}}