{"id":2942,"date":"2020-08-07T15:37:59","date_gmt":"2020-04-09T08:10:34","guid":{"rendered":"https:\/\/racoon-cleaner.nl\/product\/racoon-waffel-mikrofasertuch-40x40cm\/"},"modified":"2020-04-09T08:11:09","modified_gmt":"2020-04-09T08:11:09","slug":"racoon-waffel-mikrofasertuch-40x40cm","status":"publish","type":"product","link":"https:\/\/racoon-cleaner.nl\/de\/produkt\/waschen\/mikrofasertucher\/racoon-waffel-mikrofasertuch-40x40cm\/","title":{"rendered":"Racoon WAFFEL MIKROFASERTUCH (40x40cm)"},"content":{"rendered":"<p># RC WAFFEL MIKROFASER-TUCH   (40x40cm)<\/p>\n<p>Das extrem saugf\u00e4hige und absolut kratzfreie Waffel-Trockentuch!<\/p>\n<p>Klein im Format, aber ganz gro\u00df in der Leistung!<\/p>\n<p>Das neue kleine Mikrofaser-Trockentuch von Racoon mit einer innovativen Waffel-Struktur!<br \/>\nAuch bestens f\u00fcr eine perfekte, gr\u00fcndliche Glasreinigung und schnelle Trocknung geeignet. Die hochwertigen, feinen Fasern garantieren ein absolut sauberes und schlieren-freies Ergebnis, ohne irgendwelche Fussel oder Streifen! Durch das handliche Format und die weiche Rand Kettelung kann es aber auch sehr gut f\u00fcr eine kratzfreie Trocknung von kleinen Lackoberfl\u00e4chen und Kunststoffen verwendet werden! Die Struktur garantiert durch die enorme Wasseraufnahme auch hier ein perfektes Resultat.<\/p>\n<p>Vor dem Erstgebrauch empfehlen wir ein einfaches Auswaschen in lauwarmen Wasser!<br \/>\nMaschinenw\u00e4sche bis 60\u00b0 &#8211; aber bitte keine Weichsp\u00fcler oder Bleichmittel verwenden!<\/p>\n<p>Um die F\u00e4higkeiten des Tuchs lange zu erhalten, empfehlen wir unser spezielles Mikrofaser-Waschmittel Racoon # FLUFFY! Denn neben der hervorragenden Reinigungskraft werden die Fasern auch wieder aufgerichtet und erhalten ihre urspr\u00fcngliche Saugkraft zur\u00fcck! Und selbst nach vielen Waschvorg\u00e4ngen bleibt das hochwertige Tuch auch formstabil!<\/p>\n<p>&#8211; Gr\u00f6\u00dfe: 40 x 40 cm<br \/>\n&#8211; Gewicht: GSM 320<br \/>\n&#8211; Farbe: blau<br \/>\n&#8211; Zusammensetzung: 80% Polyester 20% Polyamide<br \/>\n&#8211; Einzeln in einem Polybag verpackt<\/p>\n<p>Der hei\u00dfe Tipp vom Waschb\u00e4ren:<br \/>\nUm die Fasern nicht zu besch\u00e4digen bitte auf den W\u00e4schetrockner verzichten!<br \/>\nDas feuchte Tuch einfach an der Luft trocknen lassen und anschlie\u00dfend gut aussch\u00fctteln und ausklopfen! Dadurch werden die Mikrofasern wieder optimal regeneriert und die Saugf\u00e4higkeit bleibt somit lange erhalten!<\/p>\n<span class=\"et_bloom_bottom_trigger\"><\/span>","protected":false},"excerpt":{"rendered":"<p>Racoon WAFFEL MIKROFASERTUCH (40x40cm)<\/p>\n","protected":false},"featured_media":4862,"comment_status":"closed","ping_status":"open","template":"","meta":{"_et_pb_use_builder":"","_et_pb_old_content":"","_et_gb_content_width":""},"product_brand":[],"product_cat":[424],"product_tag":[189],"class_list":{"0":"post-2942","1":"product","2":"type-product","3":"status-publish","4":"has-post-thumbnail","6":"product_cat-mikrofasertucher","7":"product_tag-wasch-poliermittel","8":"pa_kleur-blau","9":"pa_materiaal-microfiber-de","11":"first","12":"instock","13":"taxable","14":"shipping-taxable","15":"purchasable","16":"product-type-simple"},"yoast_head":"<!-- This site is optimized with the Yoast SEO plugin v27.4 - https:\/\/yoast.com\/product\/yoast-seo-wordpress\/ -->\n<title>Racoon WAFFEL MIKROFASERTUCH (40x40cm) - Racoon-Cleaner<\/title>\n<meta name=\"robots\" content=\"index, follow, max-snippet:-1, max-image-preview:large, max-video-preview:-1\" \/>\n<link rel=\"canonical\" href=\"https:\/\/racoon-cleaner.nl\/de\/produkt\/waschen\/mikrofasertucher\/racoon-waffel-mikrofasertuch-40x40cm\/\" \/>\n<meta property=\"og:locale\" content=\"de_DE\" \/>\n<meta property=\"og:type\" content=\"article\" \/>\n<meta property=\"og:title\" content=\"Racoon WAFFEL MIKROFASERTUCH (40x40cm) - Racoon-Cleaner\" \/>\n<meta property=\"og:description\" content=\"Racoon WAFFEL MIKROFASERTUCH (40x40cm)\" \/>\n<meta property=\"og:url\" content=\"https:\/\/racoon-cleaner.nl\/de\/produkt\/waschen\/mikrofasertucher\/racoon-waffel-mikrofasertuch-40x40cm\/\" \/>\n<meta property=\"og:site_name\" content=\"Racoon-Cleaner\" \/>\n<meta property=\"article:modified_time\" content=\"2020-04-09T08:11:09+00:00\" \/>\n<meta property=\"og:image\" content=\"https:\/\/i0.wp.com\/racoon-cleaner.nl\/wp-content\/uploads\/2020\/08\/RN_RMFWAS_1.jpg?fit=800%2C800&ssl=1\" \/>\n\t<meta property=\"og:image:width\" content=\"800\" \/>\n\t<meta property=\"og:image:height\" content=\"800\" \/>\n\t<meta property=\"og:image:type\" content=\"image\/jpeg\" \/>\n<meta name=\"twitter:card\" content=\"summary_large_image\" \/>\n<meta name=\"twitter:label1\" content=\"Gesch\u00e4tzte Lesezeit\" \/>\n\t<meta name=\"twitter:data1\" content=\"1\u00a0Minute\" \/>\n<script type=\"application\/ld+json\" class=\"yoast-schema-graph\">{\"@context\":\"https:\\\/\\\/schema.org\",\"@graph\":[{\"@type\":\"WebPage\",\"@id\":\"https:\\\/\\\/racoon-cleaner.nl\\\/de\\\/produkt\\\/waschen\\\/mikrofasertucher\\\/racoon-waffel-mikrofasertuch-40x40cm\\\/\",\"url\":\"https:\\\/\\\/racoon-cleaner.nl\\\/de\\\/produkt\\\/waschen\\\/mikrofasertucher\\\/racoon-waffel-mikrofasertuch-40x40cm\\\/\",\"name\":\"Racoon WAFFEL MIKROFASERTUCH (40x40cm) - Racoon-Cleaner\",\"isPartOf\":{\"@id\":\"https:\\\/\\\/racoon-cleaner.nl\\\/de\\\/#website\"},\"primaryImageOfPage\":{\"@id\":\"https:\\\/\\\/racoon-cleaner.nl\\\/de\\\/produkt\\\/waschen\\\/mikrofasertucher\\\/racoon-waffel-mikrofasertuch-40x40cm\\\/#primaryimage\"},\"image\":{\"@id\":\"https:\\\/\\\/racoon-cleaner.nl\\\/de\\\/produkt\\\/waschen\\\/mikrofasertucher\\\/racoon-waffel-mikrofasertuch-40x40cm\\\/#primaryimage\"},\"thumbnailUrl\":\"https:\\\/\\\/racoon-cleaner.nl\\\/wp-content\\\/uploads\\\/2020\\\/08\\\/RN_RMFWAS_1.jpg\",\"datePublished\":\"2020-04-09T08:10:34+00:00\",\"dateModified\":\"2020-04-09T08:11:09+00:00\",\"breadcrumb\":{\"@id\":\"https:\\\/\\\/racoon-cleaner.nl\\\/de\\\/produkt\\\/waschen\\\/mikrofasertucher\\\/racoon-waffel-mikrofasertuch-40x40cm\\\/#breadcrumb\"},\"inLanguage\":\"de\",\"potentialAction\":[{\"@type\":\"ReadAction\",\"target\":[\"https:\\\/\\\/racoon-cleaner.nl\\\/de\\\/produkt\\\/waschen\\\/mikrofasertucher\\\/racoon-waffel-mikrofasertuch-40x40cm\\\/\"]}]},{\"@type\":\"ImageObject\",\"inLanguage\":\"de\",\"@id\":\"https:\\\/\\\/racoon-cleaner.nl\\\/de\\\/produkt\\\/waschen\\\/mikrofasertucher\\\/racoon-waffel-mikrofasertuch-40x40cm\\\/#primaryimage\",\"url\":\"https:\\\/\\\/racoon-cleaner.nl\\\/wp-content\\\/uploads\\\/2020\\\/08\\\/RN_RMFWAS_1.jpg\",\"contentUrl\":\"https:\\\/\\\/racoon-cleaner.nl\\\/wp-content\\\/uploads\\\/2020\\\/08\\\/RN_RMFWAS_1.jpg\",\"width\":800,\"height\":800},{\"@type\":\"BreadcrumbList\",\"@id\":\"https:\\\/\\\/racoon-cleaner.nl\\\/de\\\/produkt\\\/waschen\\\/mikrofasertucher\\\/racoon-waffel-mikrofasertuch-40x40cm\\\/#breadcrumb\",\"itemListElement\":[{\"@type\":\"ListItem\",\"position\":1,\"name\":\"Home\",\"item\":\"https:\\\/\\\/racoon-cleaner.nl\\\/de\\\/\"},{\"@type\":\"ListItem\",\"position\":2,\"name\":\"Shop\",\"item\":\"https:\\\/\\\/racoon-cleaner.nl\\\/de\\\/shop\\\/\"},{\"@type\":\"ListItem\",\"position\":3,\"name\":\"Racoon WAFFEL MIKROFASERTUCH (40x40cm)\"}]},{\"@type\":\"WebSite\",\"@id\":\"https:\\\/\\\/racoon-cleaner.nl\\\/de\\\/#website\",\"url\":\"https:\\\/\\\/racoon-cleaner.nl\\\/de\\\/\",\"name\":\"Racoon-cleaner\",\"description\":\"Reinigings- en verzorgingsproducten\",\"publisher\":{\"@id\":\"https:\\\/\\\/racoon-cleaner.nl\\\/de\\\/#organization\"},\"potentialAction\":[{\"@type\":\"SearchAction\",\"target\":{\"@type\":\"EntryPoint\",\"urlTemplate\":\"https:\\\/\\\/racoon-cleaner.nl\\\/de\\\/?s={search_term_string}\"},\"query-input\":{\"@type\":\"PropertyValueSpecification\",\"valueRequired\":true,\"valueName\":\"search_term_string\"}}],\"inLanguage\":\"de\"},{\"@type\":\"Organization\",\"@id\":\"https:\\\/\\\/racoon-cleaner.nl\\\/de\\\/#organization\",\"name\":\"Racoon-Cleaner.nl\",\"url\":\"https:\\\/\\\/racoon-cleaner.nl\\\/de\\\/\",\"logo\":{\"@type\":\"ImageObject\",\"inLanguage\":\"de\",\"@id\":\"https:\\\/\\\/racoon-cleaner.nl\\\/de\\\/#\\\/schema\\\/logo\\\/image\\\/\",\"url\":\"https:\\\/\\\/i1.wp.com\\\/racoon-cleaner.nl\\\/wp-content\\\/uploads\\\/2019\\\/12\\\/racoon-logo.png?fit=757%2C754&ssl=1\",\"contentUrl\":\"https:\\\/\\\/i1.wp.com\\\/racoon-cleaner.nl\\\/wp-content\\\/uploads\\\/2019\\\/12\\\/racoon-logo.png?fit=757%2C754&ssl=1\",\"width\":757,\"height\":754,\"caption\":\"Racoon-Cleaner.nl\"},\"image\":{\"@id\":\"https:\\\/\\\/racoon-cleaner.nl\\\/de\\\/#\\\/schema\\\/logo\\\/image\\\/\"}}]}<\/script>\n<!-- \/ Yoast SEO plugin. -->","yoast_head_json":{"title":"Racoon WAFFEL MIKROFASERTUCH (40x40cm) - Racoon-Cleaner","robots":{"index":"index","follow":"follow","max-snippet":"max-snippet:-1","max-image-preview":"max-image-preview:large","max-video-preview":"max-video-preview:-1"},"canonical":"https:\/\/racoon-cleaner.nl\/de\/produkt\/waschen\/mikrofasertucher\/racoon-waffel-mikrofasertuch-40x40cm\/","og_locale":"de_DE","og_type":"article","og_title":"Racoon WAFFEL MIKROFASERTUCH (40x40cm) - Racoon-Cleaner","og_description":"Racoon WAFFEL MIKROFASERTUCH (40x40cm)","og_url":"https:\/\/racoon-cleaner.nl\/de\/produkt\/waschen\/mikrofasertucher\/racoon-waffel-mikrofasertuch-40x40cm\/","og_site_name":"Racoon-Cleaner","article_modified_time":"2020-04-09T08:11:09+00:00","og_image":[{"width":800,"height":800,"url":"https:\/\/i0.wp.com\/racoon-cleaner.nl\/wp-content\/uploads\/2020\/08\/RN_RMFWAS_1.jpg?fit=800%2C800&ssl=1","type":"image\/jpeg"}],"twitter_card":"summary_large_image","twitter_misc":{"Gesch\u00e4tzte Lesezeit":"1\u00a0Minute"},"schema":{"@context":"https:\/\/schema.org","@graph":[{"@type":"WebPage","@id":"https:\/\/racoon-cleaner.nl\/de\/produkt\/waschen\/mikrofasertucher\/racoon-waffel-mikrofasertuch-40x40cm\/","url":"https:\/\/racoon-cleaner.nl\/de\/produkt\/waschen\/mikrofasertucher\/racoon-waffel-mikrofasertuch-40x40cm\/","name":"Racoon WAFFEL MIKROFASERTUCH (40x40cm) - Racoon-Cleaner","isPartOf":{"@id":"https:\/\/racoon-cleaner.nl\/de\/#website"},"primaryImageOfPage":{"@id":"https:\/\/racoon-cleaner.nl\/de\/produkt\/waschen\/mikrofasertucher\/racoon-waffel-mikrofasertuch-40x40cm\/#primaryimage"},"image":{"@id":"https:\/\/racoon-cleaner.nl\/de\/produkt\/waschen\/mikrofasertucher\/racoon-waffel-mikrofasertuch-40x40cm\/#primaryimage"},"thumbnailUrl":"https:\/\/racoon-cleaner.nl\/wp-content\/uploads\/2020\/08\/RN_RMFWAS_1.jpg","datePublished":"2020-04-09T08:10:34+00:00","dateModified":"2020-04-09T08:11:09+00:00","breadcrumb":{"@id":"https:\/\/racoon-cleaner.nl\/de\/produkt\/waschen\/mikrofasertucher\/racoon-waffel-mikrofasertuch-40x40cm\/#breadcrumb"},"inLanguage":"de","potentialAction":[{"@type":"ReadAction","target":["https:\/\/racoon-cleaner.nl\/de\/produkt\/waschen\/mikrofasertucher\/racoon-waffel-mikrofasertuch-40x40cm\/"]}]},{"@type":"ImageObject","inLanguage":"de","@id":"https:\/\/racoon-cleaner.nl\/de\/produkt\/waschen\/mikrofasertucher\/racoon-waffel-mikrofasertuch-40x40cm\/#primaryimage","url":"https:\/\/racoon-cleaner.nl\/wp-content\/uploads\/2020\/08\/RN_RMFWAS_1.jpg","contentUrl":"https:\/\/racoon-cleaner.nl\/wp-content\/uploads\/2020\/08\/RN_RMFWAS_1.jpg","width":800,"height":800},{"@type":"BreadcrumbList","@id":"https:\/\/racoon-cleaner.nl\/de\/produkt\/waschen\/mikrofasertucher\/racoon-waffel-mikrofasertuch-40x40cm\/#breadcrumb","itemListElement":[{"@type":"ListItem","position":1,"name":"Home","item":"https:\/\/racoon-cleaner.nl\/de\/"},{"@type":"ListItem","position":2,"name":"Shop","item":"https:\/\/racoon-cleaner.nl\/de\/shop\/"},{"@type":"ListItem","position":3,"name":"Racoon WAFFEL MIKROFASERTUCH (40x40cm)"}]},{"@type":"WebSite","@id":"https:\/\/racoon-cleaner.nl\/de\/#website","url":"https:\/\/racoon-cleaner.nl\/de\/","name":"Racoon-cleaner","description":"Reinigings- en verzorgingsproducten","publisher":{"@id":"https:\/\/racoon-cleaner.nl\/de\/#organization"},"potentialAction":[{"@type":"SearchAction","target":{"@type":"EntryPoint","urlTemplate":"https:\/\/racoon-cleaner.nl\/de\/?s={search_term_string}"},"query-input":{"@type":"PropertyValueSpecification","valueRequired":true,"valueName":"search_term_string"}}],"inLanguage":"de"},{"@type":"Organization","@id":"https:\/\/racoon-cleaner.nl\/de\/#organization","name":"Racoon-Cleaner.nl","url":"https:\/\/racoon-cleaner.nl\/de\/","logo":{"@type":"ImageObject","inLanguage":"de","@id":"https:\/\/racoon-cleaner.nl\/de\/#\/schema\/logo\/image\/","url":"https:\/\/i1.wp.com\/racoon-cleaner.nl\/wp-content\/uploads\/2019\/12\/racoon-logo.png?fit=757%2C754&ssl=1","contentUrl":"https:\/\/i1.wp.com\/racoon-cleaner.nl\/wp-content\/uploads\/2019\/12\/racoon-logo.png?fit=757%2C754&ssl=1","width":757,"height":754,"caption":"Racoon-Cleaner.nl"},"image":{"@id":"https:\/\/racoon-cleaner.nl\/de\/#\/schema\/logo\/image\/"}}]}},"jetpack_sharing_enabled":true,"_links":{"self":[{"href":"https:\/\/racoon-cleaner.nl\/de\/wp-json\/wp\/v2\/product\/2942","targetHints":{"allow":["GET"]}}],"collection":[{"href":"https:\/\/racoon-cleaner.nl\/de\/wp-json\/wp\/v2\/product"}],"about":[{"href":"https:\/\/racoon-cleaner.nl\/de\/wp-json\/wp\/v2\/types\/product"}],"replies":[{"embeddable":true,"href":"https:\/\/racoon-cleaner.nl\/de\/wp-json\/wp\/v2\/comments?post=2942"}],"wp:featuredmedia":[{"embeddable":true,"href":"https:\/\/racoon-cleaner.nl\/de\/wp-json\/wp\/v2\/media\/4862"}],"wp:attachment":[{"href":"https:\/\/racoon-cleaner.nl\/de\/wp-json\/wp\/v2\/media?parent=2942"}],"wp:term":[{"taxonomy":"product_brand","embeddable":true,"href":"https:\/\/racoon-cleaner.nl\/de\/wp-json\/wp\/v2\/product_brand?post=2942"},{"taxonomy":"product_cat","embeddable":true,"href":"https:\/\/racoon-cleaner.nl\/de\/wp-json\/wp\/v2\/product_cat?post=2942"},{"taxonomy":"product_tag","embeddable":true,"href":"https:\/\/racoon-cleaner.nl\/de\/wp-json\/wp\/v2\/product_tag?post=2942"}],"curies":[{"name":"wp","href":"https:\/\/api.w.org\/{rel}","templated":true}]}}