{"id":5488,"date":"2020-11-24T12:34:02","date_gmt":"2020-11-24T13:10:54","guid":{"rendered":"https:\/\/racoon-cleaner.nl\/product\/unkategorisiert\/racoon-einkaufswagenloeser-schluesselanhaenger\/"},"modified":"2021-04-14T08:36:13","modified_gmt":"2021-04-14T06:36:13","slug":"racoon-einkaufswagenloeser-schluesselanhaenger","status":"publish","type":"product","link":"https:\/\/racoon-cleaner.nl\/de\/produkt\/diverses\/merchandise-de\/racoon-einkaufswagenloeser-schluesselanhaenger\/","title":{"rendered":"Racoon Einkaufswagenl\u00f6ser \/ Schl\u00fcsselanh\u00e4nger"},"content":{"rendered":"<p>Racoon Einkaufswagenl\u00f6ser \/ Schl\u00fcsselanh\u00e4nger<\/p>\n<span class=\"et_bloom_bottom_trigger\"><\/span>","protected":false},"excerpt":{"rendered":"<p>Racoon Einkaufswagenl\u00f6ser \/ Schl\u00fcsselanh\u00e4nger<\/p>\n","protected":false},"featured_media":5486,"comment_status":"closed","ping_status":"closed","template":"","meta":{"_et_pb_use_builder":"","_et_pb_old_content":"","_et_gb_content_width":""},"product_brand":[],"product_cat":[337,346],"product_tag":[],"class_list":{"0":"post-5488","1":"product","2":"type-product","3":"status-publish","4":"has-post-thumbnail","6":"product_cat-diverses","7":"product_cat-merchandise-de","8":"pa_farbe-multi","9":"pa_farbe-schwarz","10":"pa_kleur-schwarz","11":"pa_material-edelstahl","13":"first","14":"instock","15":"taxable","16":"shipping-taxable","17":"purchasable","18":"product-type-simple"},"yoast_head":"<!-- This site is optimized with the Yoast SEO plugin v27.4 - https:\/\/yoast.com\/product\/yoast-seo-wordpress\/ -->\n<title>Racoon Einkaufswagenl\u00f6ser \/ Schl\u00fcsselanh\u00e4nger - Racoon-Cleaner<\/title>\n<meta name=\"robots\" content=\"index, follow, max-snippet:-1, max-image-preview:large, max-video-preview:-1\" \/>\n<link rel=\"canonical\" href=\"https:\/\/racoon-cleaner.nl\/de\/produkt\/diverses\/merchandise-de\/racoon-einkaufswagenloeser-schluesselanhaenger\/\" \/>\n<meta property=\"og:locale\" content=\"de_DE\" \/>\n<meta property=\"og:type\" content=\"article\" \/>\n<meta property=\"og:title\" content=\"Racoon Einkaufswagenl\u00f6ser \/ Schl\u00fcsselanh\u00e4nger - Racoon-Cleaner\" \/>\n<meta property=\"og:description\" content=\"Racoon Einkaufswagenl\u00f6ser \/ Schl\u00fcsselanh\u00e4nger\" \/>\n<meta property=\"og:url\" content=\"https:\/\/racoon-cleaner.nl\/de\/produkt\/diverses\/merchandise-de\/racoon-einkaufswagenloeser-schluesselanhaenger\/\" \/>\n<meta property=\"og:site_name\" content=\"Racoon-Cleaner\" \/>\n<meta property=\"article:modified_time\" content=\"2021-04-14T06:36:13+00:00\" \/>\n<meta property=\"og:image\" content=\"https:\/\/i0.wp.com\/racoon-cleaner.nl\/wp-content\/uploads\/2020\/11\/RN_SHOPKEY_1.jpg?fit=800%2C800&ssl=1\" \/>\n\t<meta property=\"og:image:width\" content=\"800\" \/>\n\t<meta property=\"og:image:height\" content=\"800\" \/>\n\t<meta property=\"og:image:type\" content=\"image\/jpeg\" \/>\n<meta name=\"twitter:card\" content=\"summary_large_image\" \/>\n<script type=\"application\/ld+json\" class=\"yoast-schema-graph\">{\"@context\":\"https:\\\/\\\/schema.org\",\"@graph\":[{\"@type\":\"WebPage\",\"@id\":\"https:\\\/\\\/racoon-cleaner.nl\\\/de\\\/produkt\\\/diverses\\\/merchandise-de\\\/racoon-einkaufswagenloeser-schluesselanhaenger\\\/\",\"url\":\"https:\\\/\\\/racoon-cleaner.nl\\\/de\\\/produkt\\\/diverses\\\/merchandise-de\\\/racoon-einkaufswagenloeser-schluesselanhaenger\\\/\",\"name\":\"Racoon Einkaufswagenl\u00f6ser \\\/ Schl\u00fcsselanh\u00e4nger - Racoon-Cleaner\",\"isPartOf\":{\"@id\":\"https:\\\/\\\/racoon-cleaner.nl\\\/de\\\/#website\"},\"primaryImageOfPage\":{\"@id\":\"https:\\\/\\\/racoon-cleaner.nl\\\/de\\\/produkt\\\/diverses\\\/merchandise-de\\\/racoon-einkaufswagenloeser-schluesselanhaenger\\\/#primaryimage\"},\"image\":{\"@id\":\"https:\\\/\\\/racoon-cleaner.nl\\\/de\\\/produkt\\\/diverses\\\/merchandise-de\\\/racoon-einkaufswagenloeser-schluesselanhaenger\\\/#primaryimage\"},\"thumbnailUrl\":\"https:\\\/\\\/racoon-cleaner.nl\\\/wp-content\\\/uploads\\\/2020\\\/11\\\/RN_SHOPKEY_1.jpg\",\"datePublished\":\"2020-11-24T13:10:54+00:00\",\"dateModified\":\"2021-04-14T06:36:13+00:00\",\"breadcrumb\":{\"@id\":\"https:\\\/\\\/racoon-cleaner.nl\\\/de\\\/produkt\\\/diverses\\\/merchandise-de\\\/racoon-einkaufswagenloeser-schluesselanhaenger\\\/#breadcrumb\"},\"inLanguage\":\"de\",\"potentialAction\":[{\"@type\":\"ReadAction\",\"target\":[\"https:\\\/\\\/racoon-cleaner.nl\\\/de\\\/produkt\\\/diverses\\\/merchandise-de\\\/racoon-einkaufswagenloeser-schluesselanhaenger\\\/\"]}]},{\"@type\":\"ImageObject\",\"inLanguage\":\"de\",\"@id\":\"https:\\\/\\\/racoon-cleaner.nl\\\/de\\\/produkt\\\/diverses\\\/merchandise-de\\\/racoon-einkaufswagenloeser-schluesselanhaenger\\\/#primaryimage\",\"url\":\"https:\\\/\\\/racoon-cleaner.nl\\\/wp-content\\\/uploads\\\/2020\\\/11\\\/RN_SHOPKEY_1.jpg\",\"contentUrl\":\"https:\\\/\\\/racoon-cleaner.nl\\\/wp-content\\\/uploads\\\/2020\\\/11\\\/RN_SHOPKEY_1.jpg\",\"width\":800,\"height\":800},{\"@type\":\"BreadcrumbList\",\"@id\":\"https:\\\/\\\/racoon-cleaner.nl\\\/de\\\/produkt\\\/diverses\\\/merchandise-de\\\/racoon-einkaufswagenloeser-schluesselanhaenger\\\/#breadcrumb\",\"itemListElement\":[{\"@type\":\"ListItem\",\"position\":1,\"name\":\"Home\",\"item\":\"https:\\\/\\\/racoon-cleaner.nl\\\/de\\\/\"},{\"@type\":\"ListItem\",\"position\":2,\"name\":\"Shop\",\"item\":\"https:\\\/\\\/racoon-cleaner.nl\\\/de\\\/shop\\\/\"},{\"@type\":\"ListItem\",\"position\":3,\"name\":\"Racoon Einkaufswagenl\u00f6ser \\\/ Schl\u00fcsselanh\u00e4nger\"}]},{\"@type\":\"WebSite\",\"@id\":\"https:\\\/\\\/racoon-cleaner.nl\\\/de\\\/#website\",\"url\":\"https:\\\/\\\/racoon-cleaner.nl\\\/de\\\/\",\"name\":\"Racoon-cleaner\",\"description\":\"Reinigings- en verzorgingsproducten\",\"publisher\":{\"@id\":\"https:\\\/\\\/racoon-cleaner.nl\\\/de\\\/#organization\"},\"potentialAction\":[{\"@type\":\"SearchAction\",\"target\":{\"@type\":\"EntryPoint\",\"urlTemplate\":\"https:\\\/\\\/racoon-cleaner.nl\\\/de\\\/?s={search_term_string}\"},\"query-input\":{\"@type\":\"PropertyValueSpecification\",\"valueRequired\":true,\"valueName\":\"search_term_string\"}}],\"inLanguage\":\"de\"},{\"@type\":\"Organization\",\"@id\":\"https:\\\/\\\/racoon-cleaner.nl\\\/de\\\/#organization\",\"name\":\"Racoon-Cleaner.nl\",\"url\":\"https:\\\/\\\/racoon-cleaner.nl\\\/de\\\/\",\"logo\":{\"@type\":\"ImageObject\",\"inLanguage\":\"de\",\"@id\":\"https:\\\/\\\/racoon-cleaner.nl\\\/de\\\/#\\\/schema\\\/logo\\\/image\\\/\",\"url\":\"https:\\\/\\\/i1.wp.com\\\/racoon-cleaner.nl\\\/wp-content\\\/uploads\\\/2019\\\/12\\\/racoon-logo.png?fit=757%2C754&ssl=1\",\"contentUrl\":\"https:\\\/\\\/i1.wp.com\\\/racoon-cleaner.nl\\\/wp-content\\\/uploads\\\/2019\\\/12\\\/racoon-logo.png?fit=757%2C754&ssl=1\",\"width\":757,\"height\":754,\"caption\":\"Racoon-Cleaner.nl\"},\"image\":{\"@id\":\"https:\\\/\\\/racoon-cleaner.nl\\\/de\\\/#\\\/schema\\\/logo\\\/image\\\/\"}}]}<\/script>\n<!-- \/ Yoast SEO plugin. -->","yoast_head_json":{"title":"Racoon Einkaufswagenl\u00f6ser \/ Schl\u00fcsselanh\u00e4nger - Racoon-Cleaner","robots":{"index":"index","follow":"follow","max-snippet":"max-snippet:-1","max-image-preview":"max-image-preview:large","max-video-preview":"max-video-preview:-1"},"canonical":"https:\/\/racoon-cleaner.nl\/de\/produkt\/diverses\/merchandise-de\/racoon-einkaufswagenloeser-schluesselanhaenger\/","og_locale":"de_DE","og_type":"article","og_title":"Racoon Einkaufswagenl\u00f6ser \/ Schl\u00fcsselanh\u00e4nger - Racoon-Cleaner","og_description":"Racoon Einkaufswagenl\u00f6ser \/ Schl\u00fcsselanh\u00e4nger","og_url":"https:\/\/racoon-cleaner.nl\/de\/produkt\/diverses\/merchandise-de\/racoon-einkaufswagenloeser-schluesselanhaenger\/","og_site_name":"Racoon-Cleaner","article_modified_time":"2021-04-14T06:36:13+00:00","og_image":[{"width":800,"height":800,"url":"https:\/\/i0.wp.com\/racoon-cleaner.nl\/wp-content\/uploads\/2020\/11\/RN_SHOPKEY_1.jpg?fit=800%2C800&ssl=1","type":"image\/jpeg"}],"twitter_card":"summary_large_image","schema":{"@context":"https:\/\/schema.org","@graph":[{"@type":"WebPage","@id":"https:\/\/racoon-cleaner.nl\/de\/produkt\/diverses\/merchandise-de\/racoon-einkaufswagenloeser-schluesselanhaenger\/","url":"https:\/\/racoon-cleaner.nl\/de\/produkt\/diverses\/merchandise-de\/racoon-einkaufswagenloeser-schluesselanhaenger\/","name":"Racoon Einkaufswagenl\u00f6ser \/ Schl\u00fcsselanh\u00e4nger - Racoon-Cleaner","isPartOf":{"@id":"https:\/\/racoon-cleaner.nl\/de\/#website"},"primaryImageOfPage":{"@id":"https:\/\/racoon-cleaner.nl\/de\/produkt\/diverses\/merchandise-de\/racoon-einkaufswagenloeser-schluesselanhaenger\/#primaryimage"},"image":{"@id":"https:\/\/racoon-cleaner.nl\/de\/produkt\/diverses\/merchandise-de\/racoon-einkaufswagenloeser-schluesselanhaenger\/#primaryimage"},"thumbnailUrl":"https:\/\/racoon-cleaner.nl\/wp-content\/uploads\/2020\/11\/RN_SHOPKEY_1.jpg","datePublished":"2020-11-24T13:10:54+00:00","dateModified":"2021-04-14T06:36:13+00:00","breadcrumb":{"@id":"https:\/\/racoon-cleaner.nl\/de\/produkt\/diverses\/merchandise-de\/racoon-einkaufswagenloeser-schluesselanhaenger\/#breadcrumb"},"inLanguage":"de","potentialAction":[{"@type":"ReadAction","target":["https:\/\/racoon-cleaner.nl\/de\/produkt\/diverses\/merchandise-de\/racoon-einkaufswagenloeser-schluesselanhaenger\/"]}]},{"@type":"ImageObject","inLanguage":"de","@id":"https:\/\/racoon-cleaner.nl\/de\/produkt\/diverses\/merchandise-de\/racoon-einkaufswagenloeser-schluesselanhaenger\/#primaryimage","url":"https:\/\/racoon-cleaner.nl\/wp-content\/uploads\/2020\/11\/RN_SHOPKEY_1.jpg","contentUrl":"https:\/\/racoon-cleaner.nl\/wp-content\/uploads\/2020\/11\/RN_SHOPKEY_1.jpg","width":800,"height":800},{"@type":"BreadcrumbList","@id":"https:\/\/racoon-cleaner.nl\/de\/produkt\/diverses\/merchandise-de\/racoon-einkaufswagenloeser-schluesselanhaenger\/#breadcrumb","itemListElement":[{"@type":"ListItem","position":1,"name":"Home","item":"https:\/\/racoon-cleaner.nl\/de\/"},{"@type":"ListItem","position":2,"name":"Shop","item":"https:\/\/racoon-cleaner.nl\/de\/shop\/"},{"@type":"ListItem","position":3,"name":"Racoon Einkaufswagenl\u00f6ser \/ Schl\u00fcsselanh\u00e4nger"}]},{"@type":"WebSite","@id":"https:\/\/racoon-cleaner.nl\/de\/#website","url":"https:\/\/racoon-cleaner.nl\/de\/","name":"Racoon-cleaner","description":"Reinigings- en verzorgingsproducten","publisher":{"@id":"https:\/\/racoon-cleaner.nl\/de\/#organization"},"potentialAction":[{"@type":"SearchAction","target":{"@type":"EntryPoint","urlTemplate":"https:\/\/racoon-cleaner.nl\/de\/?s={search_term_string}"},"query-input":{"@type":"PropertyValueSpecification","valueRequired":true,"valueName":"search_term_string"}}],"inLanguage":"de"},{"@type":"Organization","@id":"https:\/\/racoon-cleaner.nl\/de\/#organization","name":"Racoon-Cleaner.nl","url":"https:\/\/racoon-cleaner.nl\/de\/","logo":{"@type":"ImageObject","inLanguage":"de","@id":"https:\/\/racoon-cleaner.nl\/de\/#\/schema\/logo\/image\/","url":"https:\/\/i1.wp.com\/racoon-cleaner.nl\/wp-content\/uploads\/2019\/12\/racoon-logo.png?fit=757%2C754&ssl=1","contentUrl":"https:\/\/i1.wp.com\/racoon-cleaner.nl\/wp-content\/uploads\/2019\/12\/racoon-logo.png?fit=757%2C754&ssl=1","width":757,"height":754,"caption":"Racoon-Cleaner.nl"},"image":{"@id":"https:\/\/racoon-cleaner.nl\/de\/#\/schema\/logo\/image\/"}}]}},"jetpack_sharing_enabled":true,"_links":{"self":[{"href":"https:\/\/racoon-cleaner.nl\/de\/wp-json\/wp\/v2\/product\/5488","targetHints":{"allow":["GET"]}}],"collection":[{"href":"https:\/\/racoon-cleaner.nl\/de\/wp-json\/wp\/v2\/product"}],"about":[{"href":"https:\/\/racoon-cleaner.nl\/de\/wp-json\/wp\/v2\/types\/product"}],"replies":[{"embeddable":true,"href":"https:\/\/racoon-cleaner.nl\/de\/wp-json\/wp\/v2\/comments?post=5488"}],"wp:featuredmedia":[{"embeddable":true,"href":"https:\/\/racoon-cleaner.nl\/de\/wp-json\/wp\/v2\/media\/5486"}],"wp:attachment":[{"href":"https:\/\/racoon-cleaner.nl\/de\/wp-json\/wp\/v2\/media?parent=5488"}],"wp:term":[{"taxonomy":"product_brand","embeddable":true,"href":"https:\/\/racoon-cleaner.nl\/de\/wp-json\/wp\/v2\/product_brand?post=5488"},{"taxonomy":"product_cat","embeddable":true,"href":"https:\/\/racoon-cleaner.nl\/de\/wp-json\/wp\/v2\/product_cat?post=5488"},{"taxonomy":"product_tag","embeddable":true,"href":"https:\/\/racoon-cleaner.nl\/de\/wp-json\/wp\/v2\/product_tag?post=5488"}],"curies":[{"name":"wp","href":"https:\/\/api.w.org\/{rel}","templated":true}]}}