{"id":3241,"date":"2020-04-16T11:24:01","date_gmt":"2020-04-16T11:24:01","guid":{"rendered":"https:\/\/racoon-cleaner.nl\/frais-de-livraison\/"},"modified":"2020-04-16T11:24:02","modified_gmt":"2020-04-16T11:24:02","slug":"frais-de-livraison","status":"publish","type":"page","link":"https:\/\/racoon-cleaner.nl\/fr\/frais-de-livraison\/","title":{"rendered":"Frais de livraison"},"content":{"rendered":"<p>[et_pb_section fb_built=\u00a0\u00bb1&Prime; _builder_version=\u00a0\u00bb4.0.9&Prime; background_color=\u00a0\u00bbrgba(0,0,0,0)\u00a0\u00bb][et_pb_row _builder_version=\u00a0\u00bb4.0.9&Prime; background_color=\u00a0\u00bb#ffffff\u00a0\u00bb][et_pb_column type=\u00a0\u00bb4_4&Prime; _builder_version=\u00a0\u00bb4.0.9&Prime;][et_pb_text _builder_version=\u00a0\u00bb4.0.9&Prime; custom_margin=\u00a0\u00bb||||false|false\u00a0\u00bb custom_padding=\u00a0\u00bb0px|30px|||false|false\u00a0\u00bb]<\/p>\n<h2 style=\"color: #e5007d;\">Frais de livraison<\/h2>\n<p>[\/et_pb_text][et_pb_text _builder_version=\u00a0\u00bb4.4.2&Prime; custom_margin=\u00a0\u00bb||||false|false\u00a0\u00bb custom_padding=\u00a0\u00bb||||false|false\u00a0\u00bb hover_enabled=\u00a0\u00bb0&Prime;]<\/p>\n<p><strong>les Pays-Bas<\/strong><\/p>\n<p>Par commande pass\u00e9e: 6,98 \u20ac*<br \/> * Remarque: les frais de livraison et les taxes sont estim\u00e9s et seront mis \u00e0 jour au moment du paiement en fonction de vos informations de facturation et d&rsquo;exp\u00e9dition. Pour les frais d&rsquo;exp\u00e9dition exacts, vous pouvez utiliser le calculateur d&rsquo;exp\u00e9dition sur la page du panier<\/p>\n<p>Toutes les commandes pass\u00e9es avant 17h00 un jour ouvrable (du lundi au vendredi) sont exp\u00e9di\u00e9es le m\u00eame jour.<\/p>\n<p>&nbsp;<\/p>\n<p><strong>Belgique et Allemagne:<\/strong><\/p>\n<p><span>Par commande pass\u00e9e: 7,98 \u20ac*<\/span><\/p>\n<p><span><\/span><\/p>\n<p><span><\/span><\/p>\n<p><strong>Luxembourg:<\/strong><\/p>\n<p><span>Par commande pass\u00e9e: 8,98 \u20ac*<\/span><\/p>\n<p> * Remarque: les frais de livraison et les taxes sont estim\u00e9s et seront mis \u00e0 jour au moment du paiement en fonction de vos informations de facturation et d&rsquo;exp\u00e9dition. Pour les frais d&rsquo;exp\u00e9dition exacts, vous pouvez utiliser le calculateur d&rsquo;exp\u00e9dition sur la page du panier<\/p>\n<p>Toutes les commandes pass\u00e9es avant 17h00 un jour ouvrable (du lundi au vendredi) sont exp\u00e9di\u00e9es le m\u00eame jour.<\/p>\n<p>&nbsp;<\/p>\n<p><strong>Autres pays d&rsquo;Europe:<\/strong><\/p>\n<p>Par commande pass\u00e9e: 14,95 \u20ac*<\/p>\n<p>* Remarque: les frais de livraison et les taxes sont estim\u00e9s et seront mis \u00e0 jour au moment du paiement en fonction de vos informations de facturation et d&rsquo;exp\u00e9dition. Pour les frais d&rsquo;exp\u00e9dition exacts, vous pouvez utiliser le calculateur d&rsquo;exp\u00e9dition sur la page du panier<\/p>\n<p>Toutes les commandes pass\u00e9es avant 17h00 un jour ouvrable (du lundi au vendredi) sont exp\u00e9di\u00e9es le m\u00eame jour.<\/p>\n<p>[\/et_pb_text][\/et_pb_column][\/et_pb_row][\/et_pb_section]<\/p>\n<span class=\"et_bloom_bottom_trigger\"><\/span>","protected":false},"excerpt":{"rendered":"<p>Frais de livraisonles Pays-Bas Par commande pass\u00e9e: 6,98 \u20ac* * Remarque: les frais de livraison et les taxes sont estim\u00e9s et seront mis \u00e0 jour au moment du paiement en fonction de vos informations de facturation et d&rsquo;exp\u00e9dition. Pour les frais d&rsquo;exp\u00e9dition exacts, vous pouvez utiliser le calculateur d&rsquo;exp\u00e9dition sur la page du panier Toutes [&hellip;]<\/p>\n","protected":false},"author":1,"featured_media":0,"parent":0,"menu_order":0,"comment_status":"closed","ping_status":"closed","template":"","meta":{"_et_pb_use_builder":"on","_et_pb_old_content":"","_et_gb_content_width":"","footnotes":""},"class_list":["post-3241","page","type-page","status-publish","hentry"],"yoast_head":"<!-- This site is optimized with the Yoast SEO plugin v27.4 - https:\/\/yoast.com\/product\/yoast-seo-wordpress\/ -->\n<title>Frais de livraison - Racoon-Cleaner<\/title>\n<meta name=\"robots\" content=\"index, follow, max-snippet:-1, max-image-preview:large, max-video-preview:-1\" \/>\n<link rel=\"canonical\" href=\"https:\/\/racoon-cleaner.nl\/fr\/frais-de-livraison\/\" \/>\n<meta property=\"og:locale\" content=\"fr_FR\" \/>\n<meta property=\"og:type\" content=\"article\" \/>\n<meta property=\"og:title\" content=\"Frais de livraison - Racoon-Cleaner\" \/>\n<meta property=\"og:description\" content=\"Frais de livraisonles Pays-Bas Par commande pass\u00e9e: 6,98 \u20ac* * Remarque: les frais de livraison et les taxes sont estim\u00e9s et seront mis \u00e0 jour au moment du paiement en fonction de vos informations de facturation et d&#039;exp\u00e9dition. Pour les frais d&#039;exp\u00e9dition exacts, vous pouvez utiliser le calculateur d&#039;exp\u00e9dition sur la page du panier Toutes [&hellip;]\" \/>\n<meta property=\"og:url\" content=\"https:\/\/racoon-cleaner.nl\/fr\/frais-de-livraison\/\" \/>\n<meta property=\"og:site_name\" content=\"Racoon-Cleaner\" \/>\n<meta property=\"article:modified_time\" content=\"2020-04-16T11:24:02+00:00\" \/>\n<meta name=\"twitter:card\" content=\"summary_large_image\" \/>\n<meta name=\"twitter:label1\" content=\"Dur\u00e9e de lecture estim\u00e9e\" \/>\n\t<meta name=\"twitter:data1\" content=\"2 minutes\" \/>\n<script type=\"application\/ld+json\" class=\"yoast-schema-graph\">{\"@context\":\"https:\\\/\\\/schema.org\",\"@graph\":[{\"@type\":\"WebPage\",\"@id\":\"https:\\\/\\\/racoon-cleaner.nl\\\/fr\\\/frais-de-livraison\\\/\",\"url\":\"https:\\\/\\\/racoon-cleaner.nl\\\/fr\\\/frais-de-livraison\\\/\",\"name\":\"Frais de livraison - Racoon-Cleaner\",\"isPartOf\":{\"@id\":\"https:\\\/\\\/racoon-cleaner.nl\\\/fr\\\/#website\"},\"datePublished\":\"2020-04-16T11:24:01+00:00\",\"dateModified\":\"2020-04-16T11:24:02+00:00\",\"breadcrumb\":{\"@id\":\"https:\\\/\\\/racoon-cleaner.nl\\\/fr\\\/frais-de-livraison\\\/#breadcrumb\"},\"inLanguage\":\"fr-FR\",\"potentialAction\":[{\"@type\":\"ReadAction\",\"target\":[\"https:\\\/\\\/racoon-cleaner.nl\\\/fr\\\/frais-de-livraison\\\/\"]}]},{\"@type\":\"BreadcrumbList\",\"@id\":\"https:\\\/\\\/racoon-cleaner.nl\\\/fr\\\/frais-de-livraison\\\/#breadcrumb\",\"itemListElement\":[{\"@type\":\"ListItem\",\"position\":1,\"name\":\"Home\",\"item\":\"https:\\\/\\\/racoon-cleaner.nl\\\/fr\\\/\"},{\"@type\":\"ListItem\",\"position\":2,\"name\":\"Frais de livraison\"}]},{\"@type\":\"WebSite\",\"@id\":\"https:\\\/\\\/racoon-cleaner.nl\\\/fr\\\/#website\",\"url\":\"https:\\\/\\\/racoon-cleaner.nl\\\/fr\\\/\",\"name\":\"Racoon-cleaner\",\"description\":\"Reinigings- en verzorgingsproducten\",\"publisher\":{\"@id\":\"https:\\\/\\\/racoon-cleaner.nl\\\/fr\\\/#organization\"},\"potentialAction\":[{\"@type\":\"SearchAction\",\"target\":{\"@type\":\"EntryPoint\",\"urlTemplate\":\"https:\\\/\\\/racoon-cleaner.nl\\\/fr\\\/?s={search_term_string}\"},\"query-input\":{\"@type\":\"PropertyValueSpecification\",\"valueRequired\":true,\"valueName\":\"search_term_string\"}}],\"inLanguage\":\"fr-FR\"},{\"@type\":\"Organization\",\"@id\":\"https:\\\/\\\/racoon-cleaner.nl\\\/fr\\\/#organization\",\"name\":\"Racoon-Cleaner.nl\",\"url\":\"https:\\\/\\\/racoon-cleaner.nl\\\/fr\\\/\",\"logo\":{\"@type\":\"ImageObject\",\"inLanguage\":\"fr-FR\",\"@id\":\"https:\\\/\\\/racoon-cleaner.nl\\\/fr\\\/#\\\/schema\\\/logo\\\/image\\\/\",\"url\":\"https:\\\/\\\/i1.wp.com\\\/racoon-cleaner.nl\\\/wp-content\\\/uploads\\\/2019\\\/12\\\/racoon-logo.png?fit=757%2C754&ssl=1\",\"contentUrl\":\"https:\\\/\\\/i1.wp.com\\\/racoon-cleaner.nl\\\/wp-content\\\/uploads\\\/2019\\\/12\\\/racoon-logo.png?fit=757%2C754&ssl=1\",\"width\":757,\"height\":754,\"caption\":\"Racoon-Cleaner.nl\"},\"image\":{\"@id\":\"https:\\\/\\\/racoon-cleaner.nl\\\/fr\\\/#\\\/schema\\\/logo\\\/image\\\/\"}}]}<\/script>\n<!-- \/ Yoast SEO plugin. -->","yoast_head_json":{"title":"Frais de livraison - Racoon-Cleaner","robots":{"index":"index","follow":"follow","max-snippet":"max-snippet:-1","max-image-preview":"max-image-preview:large","max-video-preview":"max-video-preview:-1"},"canonical":"https:\/\/racoon-cleaner.nl\/fr\/frais-de-livraison\/","og_locale":"fr_FR","og_type":"article","og_title":"Frais de livraison - Racoon-Cleaner","og_description":"Frais de livraisonles Pays-Bas Par commande pass\u00e9e: 6,98 \u20ac* * Remarque: les frais de livraison et les taxes sont estim\u00e9s et seront mis \u00e0 jour au moment du paiement en fonction de vos informations de facturation et d'exp\u00e9dition. Pour les frais d'exp\u00e9dition exacts, vous pouvez utiliser le calculateur d'exp\u00e9dition sur la page du panier Toutes [&hellip;]","og_url":"https:\/\/racoon-cleaner.nl\/fr\/frais-de-livraison\/","og_site_name":"Racoon-Cleaner","article_modified_time":"2020-04-16T11:24:02+00:00","twitter_card":"summary_large_image","twitter_misc":{"Dur\u00e9e de lecture estim\u00e9e":"2 minutes"},"schema":{"@context":"https:\/\/schema.org","@graph":[{"@type":"WebPage","@id":"https:\/\/racoon-cleaner.nl\/fr\/frais-de-livraison\/","url":"https:\/\/racoon-cleaner.nl\/fr\/frais-de-livraison\/","name":"Frais de livraison - Racoon-Cleaner","isPartOf":{"@id":"https:\/\/racoon-cleaner.nl\/fr\/#website"},"datePublished":"2020-04-16T11:24:01+00:00","dateModified":"2020-04-16T11:24:02+00:00","breadcrumb":{"@id":"https:\/\/racoon-cleaner.nl\/fr\/frais-de-livraison\/#breadcrumb"},"inLanguage":"fr-FR","potentialAction":[{"@type":"ReadAction","target":["https:\/\/racoon-cleaner.nl\/fr\/frais-de-livraison\/"]}]},{"@type":"BreadcrumbList","@id":"https:\/\/racoon-cleaner.nl\/fr\/frais-de-livraison\/#breadcrumb","itemListElement":[{"@type":"ListItem","position":1,"name":"Home","item":"https:\/\/racoon-cleaner.nl\/fr\/"},{"@type":"ListItem","position":2,"name":"Frais de livraison"}]},{"@type":"WebSite","@id":"https:\/\/racoon-cleaner.nl\/fr\/#website","url":"https:\/\/racoon-cleaner.nl\/fr\/","name":"Racoon-cleaner","description":"Reinigings- en verzorgingsproducten","publisher":{"@id":"https:\/\/racoon-cleaner.nl\/fr\/#organization"},"potentialAction":[{"@type":"SearchAction","target":{"@type":"EntryPoint","urlTemplate":"https:\/\/racoon-cleaner.nl\/fr\/?s={search_term_string}"},"query-input":{"@type":"PropertyValueSpecification","valueRequired":true,"valueName":"search_term_string"}}],"inLanguage":"fr-FR"},{"@type":"Organization","@id":"https:\/\/racoon-cleaner.nl\/fr\/#organization","name":"Racoon-Cleaner.nl","url":"https:\/\/racoon-cleaner.nl\/fr\/","logo":{"@type":"ImageObject","inLanguage":"fr-FR","@id":"https:\/\/racoon-cleaner.nl\/fr\/#\/schema\/logo\/image\/","url":"https:\/\/i1.wp.com\/racoon-cleaner.nl\/wp-content\/uploads\/2019\/12\/racoon-logo.png?fit=757%2C754&ssl=1","contentUrl":"https:\/\/i1.wp.com\/racoon-cleaner.nl\/wp-content\/uploads\/2019\/12\/racoon-logo.png?fit=757%2C754&ssl=1","width":757,"height":754,"caption":"Racoon-Cleaner.nl"},"image":{"@id":"https:\/\/racoon-cleaner.nl\/fr\/#\/schema\/logo\/image\/"}}]}},"jetpack_sharing_enabled":true,"_links":{"self":[{"href":"https:\/\/racoon-cleaner.nl\/fr\/wp-json\/wp\/v2\/pages\/3241","targetHints":{"allow":["GET"]}}],"collection":[{"href":"https:\/\/racoon-cleaner.nl\/fr\/wp-json\/wp\/v2\/pages"}],"about":[{"href":"https:\/\/racoon-cleaner.nl\/fr\/wp-json\/wp\/v2\/types\/page"}],"author":[{"embeddable":true,"href":"https:\/\/racoon-cleaner.nl\/fr\/wp-json\/wp\/v2\/users\/1"}],"replies":[{"embeddable":true,"href":"https:\/\/racoon-cleaner.nl\/fr\/wp-json\/wp\/v2\/comments?post=3241"}],"version-history":[{"count":0,"href":"https:\/\/racoon-cleaner.nl\/fr\/wp-json\/wp\/v2\/pages\/3241\/revisions"}],"wp:attachment":[{"href":"https:\/\/racoon-cleaner.nl\/fr\/wp-json\/wp\/v2\/media?parent=3241"}],"curies":[{"name":"wp","href":"https:\/\/api.w.org\/{rel}","templated":true}]}}