{"id":2122,"date":"2020-08-07T15:09:11","date_gmt":"2020-04-09T08:02:36","guid":{"rendered":"https:\/\/racoon-cleaner.nl\/product\/racoon-alcoholic-nettoyant-degraissant-100ml\/"},"modified":"2020-04-09T08:02:44","modified_gmt":"2020-04-09T08:02:44","slug":"racoon-alcoholic-nettoyant-degraissant-100ml","status":"publish","type":"product","link":"https:\/\/racoon-cleaner.nl\/fr\/product\/nettoyage-preparation\/nettoyants\/racoon-alcoholic-nettoyant-degraissant-100ml\/","title":{"rendered":"Racoon ALCOHOLIC  Nettoyant \/ D\u00e9graissant &#8211; 100ml"},"content":{"rendered":"<p># ALCOHOLIC   Nettoyant \/ D\u00e9graissant<\/p>\n<p>Pour une pr\u00e9paration optimale &#8211; avant chaque application de cire et coating!<\/p>\n<p>Les surfaces sont nettoy\u00e9es en douceur, sans r\u00e9sidus et soigneusement d\u00e9graiss\u00e9es !<br \/>\nM\u00eame les r\u00e9sidus de vieux produits de polissage ou de cires, d&rsquo;huiles et de graisses sont \u00e9limin\u00e9s de mani\u00e8re fiable ! <\/p>\n<p>Les surfaces peintes sont alors lisses et antistatiques !<br \/>\nLes nouveaux rev\u00eatements adh\u00e8rent mieux et leur effet protecteur dure plus longtemps ! <\/p>\n<p>Racoon ALCOHOLIC convient \u00e9galement parfaitement pour le nettoyage en profondeur des films de covering et des peintures mates ! <\/p>\n<p>Disponible en bouteilles de 100 ml et 500 ml, ainsi qu&rsquo;en bidons de 5 litres.<\/p>\n<p>Bien agiter avant utilisation ! Nous vous recommandons de porter des gants jetables !<br \/>\nNe pas utiliser sur des surfaces chaudes ou \u00e0 la lumi\u00e8re du soleil !<\/p>\n<p>Vaporisez le nettoyant directement apr\u00e8s le lavage de la voiture sur un chiffon ou sur la surface et \u00e9talez-le. Apr\u00e8s un court temps d&rsquo;\u00e9vacuation, essuyez avec un chiffon en microfibre adapt\u00e9 pour enlever et polir, r\u00e9p\u00e9tez si n\u00e9cessaire.<\/p>\n<span class=\"et_bloom_bottom_trigger\"><\/span>","protected":false},"excerpt":{"rendered":"<p>Racoon ALCOHOLIC  Nettoyant \/ D\u00e9graissant &#8211; 100ml<\/p>\n","protected":false},"featured_media":4249,"comment_status":"closed","ping_status":"open","template":"","meta":{"_et_pb_use_builder":"","_et_pb_old_content":"","_et_gb_content_width":""},"product_brand":[],"product_cat":[390,396],"product_tag":[188],"class_list":{"0":"post-2122","1":"product","2":"type-product","3":"status-publish","4":"has-post-thumbnail","6":"product_cat-nettoyage-preparation","7":"product_cat-nettoyants","8":"product_tag-shampoing-voiture","9":"pa_kleur-bleu","10":"pa_materiaal-liquide","12":"first","13":"onbackorder","14":"taxable","15":"shipping-taxable","16":"purchasable","17":"product-type-simple"},"yoast_head":"<!-- This site is optimized with the Yoast SEO plugin v27.4 - https:\/\/yoast.com\/product\/yoast-seo-wordpress\/ -->\n<title>Racoon ALCOHOLIC Nettoyant \/ D\u00e9graissant - 100ml - Racoon-Cleaner<\/title>\n<meta name=\"robots\" content=\"index, follow, max-snippet:-1, max-image-preview:large, max-video-preview:-1\" \/>\n<link rel=\"canonical\" href=\"https:\/\/racoon-cleaner.nl\/fr\/product\/nettoyage-preparation\/nettoyants\/racoon-alcoholic-nettoyant-degraissant-100ml\/\" \/>\n<meta property=\"og:locale\" content=\"fr_FR\" \/>\n<meta property=\"og:type\" content=\"article\" \/>\n<meta property=\"og:title\" content=\"Racoon ALCOHOLIC Nettoyant \/ D\u00e9graissant - 100ml - Racoon-Cleaner\" \/>\n<meta property=\"og:description\" content=\"Racoon ALCOHOLIC Nettoyant \/ D\u00e9graissant - 100ml\" \/>\n<meta property=\"og:url\" content=\"https:\/\/racoon-cleaner.nl\/fr\/product\/nettoyage-preparation\/nettoyants\/racoon-alcoholic-nettoyant-degraissant-100ml\/\" \/>\n<meta property=\"og:site_name\" content=\"Racoon-Cleaner\" \/>\n<meta property=\"article:modified_time\" content=\"2020-04-09T08:02:44+00:00\" \/>\n<meta property=\"og:image\" content=\"https:\/\/i2.wp.com\/racoon-cleaner.nl\/wp-content\/uploads\/2020\/08\/RN_ALC100_1.jpg?fit=800%2C800&ssl=1\" \/>\n\t<meta property=\"og:image:width\" content=\"800\" \/>\n\t<meta property=\"og:image:height\" content=\"800\" \/>\n\t<meta property=\"og:image:type\" content=\"image\/jpeg\" \/>\n<meta name=\"twitter:card\" content=\"summary_large_image\" \/>\n<meta name=\"twitter:label1\" content=\"Dur\u00e9e de lecture estim\u00e9e\" \/>\n\t<meta name=\"twitter:data1\" content=\"1 minute\" \/>\n<script type=\"application\/ld+json\" class=\"yoast-schema-graph\">{\"@context\":\"https:\\\/\\\/schema.org\",\"@graph\":[{\"@type\":\"WebPage\",\"@id\":\"https:\\\/\\\/racoon-cleaner.nl\\\/fr\\\/product\\\/nettoyage-preparation\\\/nettoyants\\\/racoon-alcoholic-nettoyant-degraissant-100ml\\\/\",\"url\":\"https:\\\/\\\/racoon-cleaner.nl\\\/fr\\\/product\\\/nettoyage-preparation\\\/nettoyants\\\/racoon-alcoholic-nettoyant-degraissant-100ml\\\/\",\"name\":\"Racoon ALCOHOLIC Nettoyant \\\/ D\u00e9graissant - 100ml - Racoon-Cleaner\",\"isPartOf\":{\"@id\":\"https:\\\/\\\/racoon-cleaner.nl\\\/fr\\\/#website\"},\"primaryImageOfPage\":{\"@id\":\"https:\\\/\\\/racoon-cleaner.nl\\\/fr\\\/product\\\/nettoyage-preparation\\\/nettoyants\\\/racoon-alcoholic-nettoyant-degraissant-100ml\\\/#primaryimage\"},\"image\":{\"@id\":\"https:\\\/\\\/racoon-cleaner.nl\\\/fr\\\/product\\\/nettoyage-preparation\\\/nettoyants\\\/racoon-alcoholic-nettoyant-degraissant-100ml\\\/#primaryimage\"},\"thumbnailUrl\":\"https:\\\/\\\/racoon-cleaner.nl\\\/wp-content\\\/uploads\\\/2020\\\/08\\\/RN_ALC100_1.jpg\",\"datePublished\":\"2020-04-09T08:02:36+00:00\",\"dateModified\":\"2020-04-09T08:02:44+00:00\",\"breadcrumb\":{\"@id\":\"https:\\\/\\\/racoon-cleaner.nl\\\/fr\\\/product\\\/nettoyage-preparation\\\/nettoyants\\\/racoon-alcoholic-nettoyant-degraissant-100ml\\\/#breadcrumb\"},\"inLanguage\":\"fr-FR\",\"potentialAction\":[{\"@type\":\"ReadAction\",\"target\":[\"https:\\\/\\\/racoon-cleaner.nl\\\/fr\\\/product\\\/nettoyage-preparation\\\/nettoyants\\\/racoon-alcoholic-nettoyant-degraissant-100ml\\\/\"]}]},{\"@type\":\"ImageObject\",\"inLanguage\":\"fr-FR\",\"@id\":\"https:\\\/\\\/racoon-cleaner.nl\\\/fr\\\/product\\\/nettoyage-preparation\\\/nettoyants\\\/racoon-alcoholic-nettoyant-degraissant-100ml\\\/#primaryimage\",\"url\":\"https:\\\/\\\/racoon-cleaner.nl\\\/wp-content\\\/uploads\\\/2020\\\/08\\\/RN_ALC100_1.jpg\",\"contentUrl\":\"https:\\\/\\\/racoon-cleaner.nl\\\/wp-content\\\/uploads\\\/2020\\\/08\\\/RN_ALC100_1.jpg\",\"width\":800,\"height\":800},{\"@type\":\"BreadcrumbList\",\"@id\":\"https:\\\/\\\/racoon-cleaner.nl\\\/fr\\\/product\\\/nettoyage-preparation\\\/nettoyants\\\/racoon-alcoholic-nettoyant-degraissant-100ml\\\/#breadcrumb\",\"itemListElement\":[{\"@type\":\"ListItem\",\"position\":1,\"name\":\"Home\",\"item\":\"https:\\\/\\\/racoon-cleaner.nl\\\/fr\\\/\"},{\"@type\":\"ListItem\",\"position\":2,\"name\":\"Boutique\",\"item\":\"https:\\\/\\\/racoon-cleaner.nl\\\/fr\\\/shop\\\/\"},{\"@type\":\"ListItem\",\"position\":3,\"name\":\"Racoon ALCOHOLIC Nettoyant \\\/ D\u00e9graissant &#8211; 100ml\"}]},{\"@type\":\"WebSite\",\"@id\":\"https:\\\/\\\/racoon-cleaner.nl\\\/fr\\\/#website\",\"url\":\"https:\\\/\\\/racoon-cleaner.nl\\\/fr\\\/\",\"name\":\"Racoon-cleaner\",\"description\":\"Reinigings- en verzorgingsproducten\",\"publisher\":{\"@id\":\"https:\\\/\\\/racoon-cleaner.nl\\\/fr\\\/#organization\"},\"potentialAction\":[{\"@type\":\"SearchAction\",\"target\":{\"@type\":\"EntryPoint\",\"urlTemplate\":\"https:\\\/\\\/racoon-cleaner.nl\\\/fr\\\/?s={search_term_string}\"},\"query-input\":{\"@type\":\"PropertyValueSpecification\",\"valueRequired\":true,\"valueName\":\"search_term_string\"}}],\"inLanguage\":\"fr-FR\"},{\"@type\":\"Organization\",\"@id\":\"https:\\\/\\\/racoon-cleaner.nl\\\/fr\\\/#organization\",\"name\":\"Racoon-Cleaner.nl\",\"url\":\"https:\\\/\\\/racoon-cleaner.nl\\\/fr\\\/\",\"logo\":{\"@type\":\"ImageObject\",\"inLanguage\":\"fr-FR\",\"@id\":\"https:\\\/\\\/racoon-cleaner.nl\\\/fr\\\/#\\\/schema\\\/logo\\\/image\\\/\",\"url\":\"https:\\\/\\\/i1.wp.com\\\/racoon-cleaner.nl\\\/wp-content\\\/uploads\\\/2019\\\/12\\\/racoon-logo.png?fit=757%2C754&ssl=1\",\"contentUrl\":\"https:\\\/\\\/i1.wp.com\\\/racoon-cleaner.nl\\\/wp-content\\\/uploads\\\/2019\\\/12\\\/racoon-logo.png?fit=757%2C754&ssl=1\",\"width\":757,\"height\":754,\"caption\":\"Racoon-Cleaner.nl\"},\"image\":{\"@id\":\"https:\\\/\\\/racoon-cleaner.nl\\\/fr\\\/#\\\/schema\\\/logo\\\/image\\\/\"}}]}<\/script>\n<!-- \/ Yoast SEO plugin. -->","yoast_head_json":{"title":"Racoon ALCOHOLIC Nettoyant \/ D\u00e9graissant - 100ml - Racoon-Cleaner","robots":{"index":"index","follow":"follow","max-snippet":"max-snippet:-1","max-image-preview":"max-image-preview:large","max-video-preview":"max-video-preview:-1"},"canonical":"https:\/\/racoon-cleaner.nl\/fr\/product\/nettoyage-preparation\/nettoyants\/racoon-alcoholic-nettoyant-degraissant-100ml\/","og_locale":"fr_FR","og_type":"article","og_title":"Racoon ALCOHOLIC Nettoyant \/ D\u00e9graissant - 100ml - Racoon-Cleaner","og_description":"Racoon ALCOHOLIC Nettoyant \/ D\u00e9graissant - 100ml","og_url":"https:\/\/racoon-cleaner.nl\/fr\/product\/nettoyage-preparation\/nettoyants\/racoon-alcoholic-nettoyant-degraissant-100ml\/","og_site_name":"Racoon-Cleaner","article_modified_time":"2020-04-09T08:02:44+00:00","og_image":[{"width":800,"height":800,"url":"https:\/\/i2.wp.com\/racoon-cleaner.nl\/wp-content\/uploads\/2020\/08\/RN_ALC100_1.jpg?fit=800%2C800&ssl=1","type":"image\/jpeg"}],"twitter_card":"summary_large_image","twitter_misc":{"Dur\u00e9e de lecture estim\u00e9e":"1 minute"},"schema":{"@context":"https:\/\/schema.org","@graph":[{"@type":"WebPage","@id":"https:\/\/racoon-cleaner.nl\/fr\/product\/nettoyage-preparation\/nettoyants\/racoon-alcoholic-nettoyant-degraissant-100ml\/","url":"https:\/\/racoon-cleaner.nl\/fr\/product\/nettoyage-preparation\/nettoyants\/racoon-alcoholic-nettoyant-degraissant-100ml\/","name":"Racoon ALCOHOLIC Nettoyant \/ D\u00e9graissant - 100ml - Racoon-Cleaner","isPartOf":{"@id":"https:\/\/racoon-cleaner.nl\/fr\/#website"},"primaryImageOfPage":{"@id":"https:\/\/racoon-cleaner.nl\/fr\/product\/nettoyage-preparation\/nettoyants\/racoon-alcoholic-nettoyant-degraissant-100ml\/#primaryimage"},"image":{"@id":"https:\/\/racoon-cleaner.nl\/fr\/product\/nettoyage-preparation\/nettoyants\/racoon-alcoholic-nettoyant-degraissant-100ml\/#primaryimage"},"thumbnailUrl":"https:\/\/racoon-cleaner.nl\/wp-content\/uploads\/2020\/08\/RN_ALC100_1.jpg","datePublished":"2020-04-09T08:02:36+00:00","dateModified":"2020-04-09T08:02:44+00:00","breadcrumb":{"@id":"https:\/\/racoon-cleaner.nl\/fr\/product\/nettoyage-preparation\/nettoyants\/racoon-alcoholic-nettoyant-degraissant-100ml\/#breadcrumb"},"inLanguage":"fr-FR","potentialAction":[{"@type":"ReadAction","target":["https:\/\/racoon-cleaner.nl\/fr\/product\/nettoyage-preparation\/nettoyants\/racoon-alcoholic-nettoyant-degraissant-100ml\/"]}]},{"@type":"ImageObject","inLanguage":"fr-FR","@id":"https:\/\/racoon-cleaner.nl\/fr\/product\/nettoyage-preparation\/nettoyants\/racoon-alcoholic-nettoyant-degraissant-100ml\/#primaryimage","url":"https:\/\/racoon-cleaner.nl\/wp-content\/uploads\/2020\/08\/RN_ALC100_1.jpg","contentUrl":"https:\/\/racoon-cleaner.nl\/wp-content\/uploads\/2020\/08\/RN_ALC100_1.jpg","width":800,"height":800},{"@type":"BreadcrumbList","@id":"https:\/\/racoon-cleaner.nl\/fr\/product\/nettoyage-preparation\/nettoyants\/racoon-alcoholic-nettoyant-degraissant-100ml\/#breadcrumb","itemListElement":[{"@type":"ListItem","position":1,"name":"Home","item":"https:\/\/racoon-cleaner.nl\/fr\/"},{"@type":"ListItem","position":2,"name":"Boutique","item":"https:\/\/racoon-cleaner.nl\/fr\/shop\/"},{"@type":"ListItem","position":3,"name":"Racoon ALCOHOLIC Nettoyant \/ D\u00e9graissant &#8211; 100ml"}]},{"@type":"WebSite","@id":"https:\/\/racoon-cleaner.nl\/fr\/#website","url":"https:\/\/racoon-cleaner.nl\/fr\/","name":"Racoon-cleaner","description":"Reinigings- en verzorgingsproducten","publisher":{"@id":"https:\/\/racoon-cleaner.nl\/fr\/#organization"},"potentialAction":[{"@type":"SearchAction","target":{"@type":"EntryPoint","urlTemplate":"https:\/\/racoon-cleaner.nl\/fr\/?s={search_term_string}"},"query-input":{"@type":"PropertyValueSpecification","valueRequired":true,"valueName":"search_term_string"}}],"inLanguage":"fr-FR"},{"@type":"Organization","@id":"https:\/\/racoon-cleaner.nl\/fr\/#organization","name":"Racoon-Cleaner.nl","url":"https:\/\/racoon-cleaner.nl\/fr\/","logo":{"@type":"ImageObject","inLanguage":"fr-FR","@id":"https:\/\/racoon-cleaner.nl\/fr\/#\/schema\/logo\/image\/","url":"https:\/\/i1.wp.com\/racoon-cleaner.nl\/wp-content\/uploads\/2019\/12\/racoon-logo.png?fit=757%2C754&ssl=1","contentUrl":"https:\/\/i1.wp.com\/racoon-cleaner.nl\/wp-content\/uploads\/2019\/12\/racoon-logo.png?fit=757%2C754&ssl=1","width":757,"height":754,"caption":"Racoon-Cleaner.nl"},"image":{"@id":"https:\/\/racoon-cleaner.nl\/fr\/#\/schema\/logo\/image\/"}}]}},"jetpack_sharing_enabled":true,"_links":{"self":[{"href":"https:\/\/racoon-cleaner.nl\/fr\/wp-json\/wp\/v2\/product\/2122","targetHints":{"allow":["GET"]}}],"collection":[{"href":"https:\/\/racoon-cleaner.nl\/fr\/wp-json\/wp\/v2\/product"}],"about":[{"href":"https:\/\/racoon-cleaner.nl\/fr\/wp-json\/wp\/v2\/types\/product"}],"replies":[{"embeddable":true,"href":"https:\/\/racoon-cleaner.nl\/fr\/wp-json\/wp\/v2\/comments?post=2122"}],"wp:featuredmedia":[{"embeddable":true,"href":"https:\/\/racoon-cleaner.nl\/fr\/wp-json\/wp\/v2\/media\/4249"}],"wp:attachment":[{"href":"https:\/\/racoon-cleaner.nl\/fr\/wp-json\/wp\/v2\/media?parent=2122"}],"wp:term":[{"taxonomy":"product_brand","embeddable":true,"href":"https:\/\/racoon-cleaner.nl\/fr\/wp-json\/wp\/v2\/product_brand?post=2122"},{"taxonomy":"product_cat","embeddable":true,"href":"https:\/\/racoon-cleaner.nl\/fr\/wp-json\/wp\/v2\/product_cat?post=2122"},{"taxonomy":"product_tag","embeddable":true,"href":"https:\/\/racoon-cleaner.nl\/fr\/wp-json\/wp\/v2\/product_tag?post=2122"}],"curies":[{"name":"wp","href":"https:\/\/api.w.org\/{rel}","templated":true}]}}