{"id":2129,"date":"2020-08-07T15:09:11","date_gmt":"2020-04-09T08:02:36","guid":{"rendered":"https:\/\/racoon-cleaner.nl\/product\/racoon-blue-shark-gloss-car-shampoing-1000ml\/"},"modified":"2020-04-09T08:02:50","modified_gmt":"2020-04-09T08:02:50","slug":"racoon-blue-shark-gloss-car-shampoing-1000ml","status":"publish","type":"product","link":"https:\/\/racoon-cleaner.nl\/fr\/product\/lavage\/shampooings\/racoon-blue-shark-gloss-car-shampoing-1000ml\/","title":{"rendered":"Racoon BLUE SHARK Gloss Car Shampoing &#8211; 1000ml"},"content":{"rendered":"<p># BLUE SHARK  Gloss Car Shampoo \/ pH neutre <\/p>\n<p>Brillant propre !  Le Nouveau Gloss Shampoing &lsquo;Blue Shark&rsquo; !<\/p>\n<p>Un nettoyage doux mais en profondeur avec un r\u00e9sultat propre et brillant !<\/p>\n<p>Racoon BLUE SHARK est un shampoing doux, au pH neutre, mais n\u00e9anmoins tr\u00e8s efficace, et a \u00e9t\u00e9 sp\u00e9cialement d\u00e9velopp\u00e9 pour toutes les peintures noires et fonc\u00e9es sensibles. Bien entendu, il convient aussi parfaitement \u00e0 toutes les peintures claires et offre un brillant parfait et propre.<\/p>\n<p>Des mati\u00e8res premi\u00e8res soigneusement s\u00e9lectionn\u00e9es et de haute qualit\u00e9 assurent un nettoyage intensif et fiable sans attaquer les couches de cire et les coatings existants. De nouveaux additifs de glissement innovants permettent au gant de lavage de glisser sans effort sur la surface, r\u00e9duisant ainsi le risque de rayures sur la peinture sensible! <\/p>\n<p>Ce shampooing cr\u00e9e une fine mousse active qui peut \u00eatre facilement rinc\u00e9e \u00e0 l&rsquo;eau claire apr\u00e8s le lavage, sans laisser de taches ou de traces ! Il n&rsquo;est donc pas n\u00e9cessaire de proc\u00e9der \u00e0 d&rsquo;autres travaux.<\/p>\n<p>D&rsquo;autres additifs donnent une finition tr\u00e8s lisse avec un effet hydrofuge et ralentissent ainsi la nouvelle salissure ! Les renfor\u00e7ateurs de brillance sp\u00e9ciaux int\u00e9gr\u00e9s se combinent avec les couches de protection de la peinture et permettent ainsi d&rsquo;obtenir l&rsquo;effet de brillance permanent souhait\u00e9 et un brillant profond unique. <\/p>\n<p>Et aussi l&rsquo;odeur est parfaite ! Comme une brise de mer fra\u00eeche &#8211; le &lsquo;Blue Shark&rsquo; est pr\u00eat \u00e0 partir!<\/p>\n<p>Disponible en bouteilles de 50ml et 1.000ml, ainsi qu&rsquo;en bidons de 5, 10 et 20 L.<\/p>\n<p>Bien agiter avant utilisation !<br \/>\nRapport de m\u00e9lange : 40 &#8211; 50ml de shampooing dans 10 L d&rsquo;eau de lavage chaude !<\/p>\n<span class=\"et_bloom_bottom_trigger\"><\/span>","protected":false},"excerpt":{"rendered":"<p>Racoon BLUE SHARK Gloss Car Shampoing &#8211; 1000ml<\/p>\n","protected":false},"featured_media":4317,"comment_status":"closed","ping_status":"open","template":"","meta":{"_et_pb_use_builder":"","_et_pb_old_content":"","_et_gb_content_width":""},"product_brand":[],"product_cat":[137,426],"product_tag":[188],"class_list":{"0":"post-2129","1":"product","2":"type-product","3":"status-publish","4":"has-post-thumbnail","6":"product_cat-lavage","7":"product_cat-shampooings","8":"product_tag-shampoing-voiture","9":"pa_kleur-bleu","10":"pa_materiaal-liquide","12":"first","13":"instock","14":"taxable","15":"shipping-taxable","16":"purchasable","17":"product-type-simple"},"yoast_head":"<!-- This site is optimized with the Yoast SEO plugin v27.4 - https:\/\/yoast.com\/product\/yoast-seo-wordpress\/ -->\n<title>Racoon BLUE SHARK Gloss Car Shampoing - 1000ml - Racoon-Cleaner<\/title>\n<meta name=\"robots\" content=\"index, follow, max-snippet:-1, max-image-preview:large, max-video-preview:-1\" \/>\n<link rel=\"canonical\" href=\"https:\/\/racoon-cleaner.nl\/fr\/product\/lavage\/shampooings\/racoon-blue-shark-gloss-car-shampoing-1000ml\/\" \/>\n<meta property=\"og:locale\" content=\"fr_FR\" \/>\n<meta property=\"og:type\" content=\"article\" \/>\n<meta property=\"og:title\" content=\"Racoon BLUE SHARK Gloss Car Shampoing - 1000ml - Racoon-Cleaner\" \/>\n<meta property=\"og:description\" content=\"Racoon BLUE SHARK Gloss Car Shampoing - 1000ml\" \/>\n<meta property=\"og:url\" content=\"https:\/\/racoon-cleaner.nl\/fr\/product\/lavage\/shampooings\/racoon-blue-shark-gloss-car-shampoing-1000ml\/\" \/>\n<meta property=\"og:site_name\" content=\"Racoon-Cleaner\" \/>\n<meta property=\"article:modified_time\" content=\"2020-04-09T08:02:50+00:00\" \/>\n<meta property=\"og:image\" content=\"https:\/\/i1.wp.com\/racoon-cleaner.nl\/wp-content\/uploads\/2020\/08\/RN_BLUSHA1_1.jpg?fit=800%2C800&ssl=1\" \/>\n\t<meta property=\"og:image:width\" content=\"800\" \/>\n\t<meta property=\"og:image:height\" content=\"800\" \/>\n\t<meta property=\"og:image:type\" content=\"image\/jpeg\" \/>\n<meta name=\"twitter:card\" content=\"summary_large_image\" \/>\n<meta name=\"twitter:label1\" content=\"Dur\u00e9e de lecture estim\u00e9e\" \/>\n\t<meta name=\"twitter:data1\" content=\"1 minute\" \/>\n<script type=\"application\/ld+json\" class=\"yoast-schema-graph\">{\"@context\":\"https:\\\/\\\/schema.org\",\"@graph\":[{\"@type\":\"WebPage\",\"@id\":\"https:\\\/\\\/racoon-cleaner.nl\\\/fr\\\/product\\\/lavage\\\/shampooings\\\/racoon-blue-shark-gloss-car-shampoing-1000ml\\\/\",\"url\":\"https:\\\/\\\/racoon-cleaner.nl\\\/fr\\\/product\\\/lavage\\\/shampooings\\\/racoon-blue-shark-gloss-car-shampoing-1000ml\\\/\",\"name\":\"Racoon BLUE SHARK Gloss Car Shampoing - 1000ml - Racoon-Cleaner\",\"isPartOf\":{\"@id\":\"https:\\\/\\\/racoon-cleaner.nl\\\/fr\\\/#website\"},\"primaryImageOfPage\":{\"@id\":\"https:\\\/\\\/racoon-cleaner.nl\\\/fr\\\/product\\\/lavage\\\/shampooings\\\/racoon-blue-shark-gloss-car-shampoing-1000ml\\\/#primaryimage\"},\"image\":{\"@id\":\"https:\\\/\\\/racoon-cleaner.nl\\\/fr\\\/product\\\/lavage\\\/shampooings\\\/racoon-blue-shark-gloss-car-shampoing-1000ml\\\/#primaryimage\"},\"thumbnailUrl\":\"https:\\\/\\\/racoon-cleaner.nl\\\/wp-content\\\/uploads\\\/2020\\\/08\\\/RN_BLUSHA1_1.jpg\",\"datePublished\":\"2020-04-09T08:02:36+00:00\",\"dateModified\":\"2020-04-09T08:02:50+00:00\",\"breadcrumb\":{\"@id\":\"https:\\\/\\\/racoon-cleaner.nl\\\/fr\\\/product\\\/lavage\\\/shampooings\\\/racoon-blue-shark-gloss-car-shampoing-1000ml\\\/#breadcrumb\"},\"inLanguage\":\"fr-FR\",\"potentialAction\":[{\"@type\":\"ReadAction\",\"target\":[\"https:\\\/\\\/racoon-cleaner.nl\\\/fr\\\/product\\\/lavage\\\/shampooings\\\/racoon-blue-shark-gloss-car-shampoing-1000ml\\\/\"]}]},{\"@type\":\"ImageObject\",\"inLanguage\":\"fr-FR\",\"@id\":\"https:\\\/\\\/racoon-cleaner.nl\\\/fr\\\/product\\\/lavage\\\/shampooings\\\/racoon-blue-shark-gloss-car-shampoing-1000ml\\\/#primaryimage\",\"url\":\"https:\\\/\\\/racoon-cleaner.nl\\\/wp-content\\\/uploads\\\/2020\\\/08\\\/RN_BLUSHA1_1.jpg\",\"contentUrl\":\"https:\\\/\\\/racoon-cleaner.nl\\\/wp-content\\\/uploads\\\/2020\\\/08\\\/RN_BLUSHA1_1.jpg\",\"width\":800,\"height\":800},{\"@type\":\"BreadcrumbList\",\"@id\":\"https:\\\/\\\/racoon-cleaner.nl\\\/fr\\\/product\\\/lavage\\\/shampooings\\\/racoon-blue-shark-gloss-car-shampoing-1000ml\\\/#breadcrumb\",\"itemListElement\":[{\"@type\":\"ListItem\",\"position\":1,\"name\":\"Home\",\"item\":\"https:\\\/\\\/racoon-cleaner.nl\\\/fr\\\/\"},{\"@type\":\"ListItem\",\"position\":2,\"name\":\"Boutique\",\"item\":\"https:\\\/\\\/racoon-cleaner.nl\\\/fr\\\/shop\\\/\"},{\"@type\":\"ListItem\",\"position\":3,\"name\":\"Racoon BLUE SHARK Gloss Car Shampoing &#8211; 1000ml\"}]},{\"@type\":\"WebSite\",\"@id\":\"https:\\\/\\\/racoon-cleaner.nl\\\/fr\\\/#website\",\"url\":\"https:\\\/\\\/racoon-cleaner.nl\\\/fr\\\/\",\"name\":\"Racoon-cleaner\",\"description\":\"Reinigings- en verzorgingsproducten\",\"publisher\":{\"@id\":\"https:\\\/\\\/racoon-cleaner.nl\\\/fr\\\/#organization\"},\"potentialAction\":[{\"@type\":\"SearchAction\",\"target\":{\"@type\":\"EntryPoint\",\"urlTemplate\":\"https:\\\/\\\/racoon-cleaner.nl\\\/fr\\\/?s={search_term_string}\"},\"query-input\":{\"@type\":\"PropertyValueSpecification\",\"valueRequired\":true,\"valueName\":\"search_term_string\"}}],\"inLanguage\":\"fr-FR\"},{\"@type\":\"Organization\",\"@id\":\"https:\\\/\\\/racoon-cleaner.nl\\\/fr\\\/#organization\",\"name\":\"Racoon-Cleaner.nl\",\"url\":\"https:\\\/\\\/racoon-cleaner.nl\\\/fr\\\/\",\"logo\":{\"@type\":\"ImageObject\",\"inLanguage\":\"fr-FR\",\"@id\":\"https:\\\/\\\/racoon-cleaner.nl\\\/fr\\\/#\\\/schema\\\/logo\\\/image\\\/\",\"url\":\"https:\\\/\\\/i1.wp.com\\\/racoon-cleaner.nl\\\/wp-content\\\/uploads\\\/2019\\\/12\\\/racoon-logo.png?fit=757%2C754&ssl=1\",\"contentUrl\":\"https:\\\/\\\/i1.wp.com\\\/racoon-cleaner.nl\\\/wp-content\\\/uploads\\\/2019\\\/12\\\/racoon-logo.png?fit=757%2C754&ssl=1\",\"width\":757,\"height\":754,\"caption\":\"Racoon-Cleaner.nl\"},\"image\":{\"@id\":\"https:\\\/\\\/racoon-cleaner.nl\\\/fr\\\/#\\\/schema\\\/logo\\\/image\\\/\"}}]}<\/script>\n<!-- \/ Yoast SEO plugin. -->","yoast_head_json":{"title":"Racoon BLUE SHARK Gloss Car Shampoing - 1000ml - Racoon-Cleaner","robots":{"index":"index","follow":"follow","max-snippet":"max-snippet:-1","max-image-preview":"max-image-preview:large","max-video-preview":"max-video-preview:-1"},"canonical":"https:\/\/racoon-cleaner.nl\/fr\/product\/lavage\/shampooings\/racoon-blue-shark-gloss-car-shampoing-1000ml\/","og_locale":"fr_FR","og_type":"article","og_title":"Racoon BLUE SHARK Gloss Car Shampoing - 1000ml - Racoon-Cleaner","og_description":"Racoon BLUE SHARK Gloss Car Shampoing - 1000ml","og_url":"https:\/\/racoon-cleaner.nl\/fr\/product\/lavage\/shampooings\/racoon-blue-shark-gloss-car-shampoing-1000ml\/","og_site_name":"Racoon-Cleaner","article_modified_time":"2020-04-09T08:02:50+00:00","og_image":[{"width":800,"height":800,"url":"https:\/\/i1.wp.com\/racoon-cleaner.nl\/wp-content\/uploads\/2020\/08\/RN_BLUSHA1_1.jpg?fit=800%2C800&ssl=1","type":"image\/jpeg"}],"twitter_card":"summary_large_image","twitter_misc":{"Dur\u00e9e de lecture estim\u00e9e":"1 minute"},"schema":{"@context":"https:\/\/schema.org","@graph":[{"@type":"WebPage","@id":"https:\/\/racoon-cleaner.nl\/fr\/product\/lavage\/shampooings\/racoon-blue-shark-gloss-car-shampoing-1000ml\/","url":"https:\/\/racoon-cleaner.nl\/fr\/product\/lavage\/shampooings\/racoon-blue-shark-gloss-car-shampoing-1000ml\/","name":"Racoon BLUE SHARK Gloss Car Shampoing - 1000ml - Racoon-Cleaner","isPartOf":{"@id":"https:\/\/racoon-cleaner.nl\/fr\/#website"},"primaryImageOfPage":{"@id":"https:\/\/racoon-cleaner.nl\/fr\/product\/lavage\/shampooings\/racoon-blue-shark-gloss-car-shampoing-1000ml\/#primaryimage"},"image":{"@id":"https:\/\/racoon-cleaner.nl\/fr\/product\/lavage\/shampooings\/racoon-blue-shark-gloss-car-shampoing-1000ml\/#primaryimage"},"thumbnailUrl":"https:\/\/racoon-cleaner.nl\/wp-content\/uploads\/2020\/08\/RN_BLUSHA1_1.jpg","datePublished":"2020-04-09T08:02:36+00:00","dateModified":"2020-04-09T08:02:50+00:00","breadcrumb":{"@id":"https:\/\/racoon-cleaner.nl\/fr\/product\/lavage\/shampooings\/racoon-blue-shark-gloss-car-shampoing-1000ml\/#breadcrumb"},"inLanguage":"fr-FR","potentialAction":[{"@type":"ReadAction","target":["https:\/\/racoon-cleaner.nl\/fr\/product\/lavage\/shampooings\/racoon-blue-shark-gloss-car-shampoing-1000ml\/"]}]},{"@type":"ImageObject","inLanguage":"fr-FR","@id":"https:\/\/racoon-cleaner.nl\/fr\/product\/lavage\/shampooings\/racoon-blue-shark-gloss-car-shampoing-1000ml\/#primaryimage","url":"https:\/\/racoon-cleaner.nl\/wp-content\/uploads\/2020\/08\/RN_BLUSHA1_1.jpg","contentUrl":"https:\/\/racoon-cleaner.nl\/wp-content\/uploads\/2020\/08\/RN_BLUSHA1_1.jpg","width":800,"height":800},{"@type":"BreadcrumbList","@id":"https:\/\/racoon-cleaner.nl\/fr\/product\/lavage\/shampooings\/racoon-blue-shark-gloss-car-shampoing-1000ml\/#breadcrumb","itemListElement":[{"@type":"ListItem","position":1,"name":"Home","item":"https:\/\/racoon-cleaner.nl\/fr\/"},{"@type":"ListItem","position":2,"name":"Boutique","item":"https:\/\/racoon-cleaner.nl\/fr\/shop\/"},{"@type":"ListItem","position":3,"name":"Racoon BLUE SHARK Gloss Car Shampoing &#8211; 1000ml"}]},{"@type":"WebSite","@id":"https:\/\/racoon-cleaner.nl\/fr\/#website","url":"https:\/\/racoon-cleaner.nl\/fr\/","name":"Racoon-cleaner","description":"Reinigings- en verzorgingsproducten","publisher":{"@id":"https:\/\/racoon-cleaner.nl\/fr\/#organization"},"potentialAction":[{"@type":"SearchAction","target":{"@type":"EntryPoint","urlTemplate":"https:\/\/racoon-cleaner.nl\/fr\/?s={search_term_string}"},"query-input":{"@type":"PropertyValueSpecification","valueRequired":true,"valueName":"search_term_string"}}],"inLanguage":"fr-FR"},{"@type":"Organization","@id":"https:\/\/racoon-cleaner.nl\/fr\/#organization","name":"Racoon-Cleaner.nl","url":"https:\/\/racoon-cleaner.nl\/fr\/","logo":{"@type":"ImageObject","inLanguage":"fr-FR","@id":"https:\/\/racoon-cleaner.nl\/fr\/#\/schema\/logo\/image\/","url":"https:\/\/i1.wp.com\/racoon-cleaner.nl\/wp-content\/uploads\/2019\/12\/racoon-logo.png?fit=757%2C754&ssl=1","contentUrl":"https:\/\/i1.wp.com\/racoon-cleaner.nl\/wp-content\/uploads\/2019\/12\/racoon-logo.png?fit=757%2C754&ssl=1","width":757,"height":754,"caption":"Racoon-Cleaner.nl"},"image":{"@id":"https:\/\/racoon-cleaner.nl\/fr\/#\/schema\/logo\/image\/"}}]}},"jetpack_sharing_enabled":true,"_links":{"self":[{"href":"https:\/\/racoon-cleaner.nl\/fr\/wp-json\/wp\/v2\/product\/2129","targetHints":{"allow":["GET"]}}],"collection":[{"href":"https:\/\/racoon-cleaner.nl\/fr\/wp-json\/wp\/v2\/product"}],"about":[{"href":"https:\/\/racoon-cleaner.nl\/fr\/wp-json\/wp\/v2\/types\/product"}],"replies":[{"embeddable":true,"href":"https:\/\/racoon-cleaner.nl\/fr\/wp-json\/wp\/v2\/comments?post=2129"}],"wp:featuredmedia":[{"embeddable":true,"href":"https:\/\/racoon-cleaner.nl\/fr\/wp-json\/wp\/v2\/media\/4317"}],"wp:attachment":[{"href":"https:\/\/racoon-cleaner.nl\/fr\/wp-json\/wp\/v2\/media?parent=2129"}],"wp:term":[{"taxonomy":"product_brand","embeddable":true,"href":"https:\/\/racoon-cleaner.nl\/fr\/wp-json\/wp\/v2\/product_brand?post=2129"},{"taxonomy":"product_cat","embeddable":true,"href":"https:\/\/racoon-cleaner.nl\/fr\/wp-json\/wp\/v2\/product_cat?post=2129"},{"taxonomy":"product_tag","embeddable":true,"href":"https:\/\/racoon-cleaner.nl\/fr\/wp-json\/wp\/v2\/product_tag?post=2129"}],"curies":[{"name":"wp","href":"https:\/\/api.w.org\/{rel}","templated":true}]}}