{"id":2143,"date":"2020-08-07T15:18:53","date_gmt":"2020-04-09T08:03:13","guid":{"rendered":"https:\/\/racoon-cleaner.nl\/product\/racoon-green-mamba-car-shampoing-ph-neutre-1000ml\/"},"modified":"2020-04-09T08:03:28","modified_gmt":"2020-04-09T08:03:28","slug":"racoon-green-mamba-car-shampoing-ph-neutre-1000ml","status":"publish","type":"product","link":"https:\/\/racoon-cleaner.nl\/fr\/product\/lavage\/shampooings\/racoon-green-mamba-car-shampoing-ph-neutre-1000ml\/","title":{"rendered":"Racoon GREEN MAMBA Car Shampoing \/ pH neutre &#8211; 1000ml"},"content":{"rendered":"<p># GREEN MAMBA  Car Shampoing &#8211; pH neutre<\/p>\n<p>Notre classique !  Mais maintenant avec un pouvoir nettoyant encore meilleur et un parfum frais !<\/p>\n<p>Le nouveau Racoon &lsquo;GREEN MAMBA Shampoo&rsquo;, malgr\u00e9 sa formulation douce et \u00e0 pH neutre, permet un lavage de voiture complet et fiable, sans attaquer la peinture ou les couches de cire existantes et les sealants \/ coatings de peinture.<br \/>\nM\u00eame en cas de lavage fr\u00e9quent avec ce shampooing, la durabilit\u00e9 des coatings n&rsquo;est pas affect\u00e9e !<\/p>\n<p>Les tensioactifs dissolvent de mani\u00e8re fiable tous les d\u00e9p\u00f4ts de salet\u00e9 courants sur la peinture, le verre et le plastique<br \/>\net le risque de micro-rayures lors du lavage est encore r\u00e9duit gr\u00e2ce \u00e0 des additifs de glissement innovants ! <\/p>\n<p>Le shampooing se rince ensuite facilement \u00e0 l&rsquo;eau claire apr\u00e8s le lavage et ne laisse ni taches ni traces !<\/p>\n<p>&#8211; Green Mamba &#8211; Nettoie puissamment et efficacement !<br \/>\n&#8211; Green Mamba &#8211; Mais doux pour les mat\u00e9riaux et l&rsquo;environnement !<br \/>\n&#8211; Green Mamba &#8211; Convient \u00e9galement aux laques scell\u00e9es et cir\u00e9es !<\/p>\n<p>Et maintenant avec un parfum frais et intense de pomme ! \u00c7a vous met l&rsquo;eau \u00e0 la bouche !!!<\/p>\n<p>Disponible en bouteilles de 50ml et 1.000ml, ainsi qu&rsquo;en bidons de 5, 10 et 20 litres.<\/p>\n<p>Bien agiter avant utilisation !<br \/>\nRapport de m\u00e9lange : 40 &#8211; 50 ml de shampooing dans 10 litres d&rsquo;eau ti\u00e8de !<\/p>\n<span class=\"et_bloom_bottom_trigger\"><\/span>","protected":false},"excerpt":{"rendered":"<p>Racoon GREEN MAMBA Car Shampoing \/ pH neutre &#8211; 1000ml<\/p>\n","protected":false},"featured_media":4509,"comment_status":"closed","ping_status":"open","template":"","meta":{"_et_pb_use_builder":"","_et_pb_old_content":"","_et_gb_content_width":""},"product_brand":[],"product_cat":[137,426],"product_tag":[188],"class_list":{"0":"post-2143","1":"product","2":"type-product","3":"status-publish","4":"has-post-thumbnail","6":"product_cat-lavage","7":"product_cat-shampooings","8":"product_tag-shampoing-voiture","9":"pa_kleur-vert","10":"pa_materiaal-liquide","12":"first","13":"instock","14":"taxable","15":"shipping-taxable","16":"purchasable","17":"product-type-simple"},"yoast_head":"<!-- This site is optimized with the Yoast SEO plugin v27.4 - https:\/\/yoast.com\/product\/yoast-seo-wordpress\/ -->\n<title>Racoon GREEN MAMBA Car Shampoing \/ pH neutre - 1000ml - Racoon-Cleaner<\/title>\n<meta name=\"robots\" content=\"index, follow, max-snippet:-1, max-image-preview:large, max-video-preview:-1\" \/>\n<link rel=\"canonical\" href=\"https:\/\/racoon-cleaner.nl\/fr\/product\/lavage\/shampooings\/racoon-green-mamba-car-shampoing-ph-neutre-1000ml\/\" \/>\n<meta property=\"og:locale\" content=\"fr_FR\" \/>\n<meta property=\"og:type\" content=\"article\" \/>\n<meta property=\"og:title\" content=\"Racoon GREEN MAMBA Car Shampoing \/ pH neutre - 1000ml - Racoon-Cleaner\" \/>\n<meta property=\"og:description\" content=\"Racoon GREEN MAMBA Car Shampoing \/ pH neutre - 1000ml\" \/>\n<meta property=\"og:url\" content=\"https:\/\/racoon-cleaner.nl\/fr\/product\/lavage\/shampooings\/racoon-green-mamba-car-shampoing-ph-neutre-1000ml\/\" \/>\n<meta property=\"og:site_name\" content=\"Racoon-Cleaner\" \/>\n<meta property=\"article:modified_time\" content=\"2020-04-09T08:03:28+00:00\" \/>\n<meta property=\"og:image\" content=\"https:\/\/i0.wp.com\/racoon-cleaner.nl\/wp-content\/uploads\/2020\/08\/RN_GREMAM1_1.jpg?fit=800%2C800&ssl=1\" \/>\n\t<meta property=\"og:image:width\" content=\"800\" \/>\n\t<meta property=\"og:image:height\" content=\"800\" \/>\n\t<meta property=\"og:image:type\" content=\"image\/jpeg\" \/>\n<meta name=\"twitter:card\" content=\"summary_large_image\" \/>\n<meta name=\"twitter:label1\" content=\"Dur\u00e9e de lecture estim\u00e9e\" \/>\n\t<meta name=\"twitter:data1\" content=\"1 minute\" \/>\n<script type=\"application\/ld+json\" class=\"yoast-schema-graph\">{\"@context\":\"https:\\\/\\\/schema.org\",\"@graph\":[{\"@type\":\"WebPage\",\"@id\":\"https:\\\/\\\/racoon-cleaner.nl\\\/fr\\\/product\\\/lavage\\\/shampooings\\\/racoon-green-mamba-car-shampoing-ph-neutre-1000ml\\\/\",\"url\":\"https:\\\/\\\/racoon-cleaner.nl\\\/fr\\\/product\\\/lavage\\\/shampooings\\\/racoon-green-mamba-car-shampoing-ph-neutre-1000ml\\\/\",\"name\":\"Racoon GREEN MAMBA Car Shampoing \\\/ pH neutre - 1000ml - Racoon-Cleaner\",\"isPartOf\":{\"@id\":\"https:\\\/\\\/racoon-cleaner.nl\\\/fr\\\/#website\"},\"primaryImageOfPage\":{\"@id\":\"https:\\\/\\\/racoon-cleaner.nl\\\/fr\\\/product\\\/lavage\\\/shampooings\\\/racoon-green-mamba-car-shampoing-ph-neutre-1000ml\\\/#primaryimage\"},\"image\":{\"@id\":\"https:\\\/\\\/racoon-cleaner.nl\\\/fr\\\/product\\\/lavage\\\/shampooings\\\/racoon-green-mamba-car-shampoing-ph-neutre-1000ml\\\/#primaryimage\"},\"thumbnailUrl\":\"https:\\\/\\\/racoon-cleaner.nl\\\/wp-content\\\/uploads\\\/2020\\\/08\\\/RN_GREMAM1_1.jpg\",\"datePublished\":\"2020-04-09T08:03:13+00:00\",\"dateModified\":\"2020-04-09T08:03:28+00:00\",\"breadcrumb\":{\"@id\":\"https:\\\/\\\/racoon-cleaner.nl\\\/fr\\\/product\\\/lavage\\\/shampooings\\\/racoon-green-mamba-car-shampoing-ph-neutre-1000ml\\\/#breadcrumb\"},\"inLanguage\":\"fr-FR\",\"potentialAction\":[{\"@type\":\"ReadAction\",\"target\":[\"https:\\\/\\\/racoon-cleaner.nl\\\/fr\\\/product\\\/lavage\\\/shampooings\\\/racoon-green-mamba-car-shampoing-ph-neutre-1000ml\\\/\"]}]},{\"@type\":\"ImageObject\",\"inLanguage\":\"fr-FR\",\"@id\":\"https:\\\/\\\/racoon-cleaner.nl\\\/fr\\\/product\\\/lavage\\\/shampooings\\\/racoon-green-mamba-car-shampoing-ph-neutre-1000ml\\\/#primaryimage\",\"url\":\"https:\\\/\\\/racoon-cleaner.nl\\\/wp-content\\\/uploads\\\/2020\\\/08\\\/RN_GREMAM1_1.jpg\",\"contentUrl\":\"https:\\\/\\\/racoon-cleaner.nl\\\/wp-content\\\/uploads\\\/2020\\\/08\\\/RN_GREMAM1_1.jpg\",\"width\":800,\"height\":800},{\"@type\":\"BreadcrumbList\",\"@id\":\"https:\\\/\\\/racoon-cleaner.nl\\\/fr\\\/product\\\/lavage\\\/shampooings\\\/racoon-green-mamba-car-shampoing-ph-neutre-1000ml\\\/#breadcrumb\",\"itemListElement\":[{\"@type\":\"ListItem\",\"position\":1,\"name\":\"Home\",\"item\":\"https:\\\/\\\/racoon-cleaner.nl\\\/fr\\\/\"},{\"@type\":\"ListItem\",\"position\":2,\"name\":\"Boutique\",\"item\":\"https:\\\/\\\/racoon-cleaner.nl\\\/fr\\\/shop\\\/\"},{\"@type\":\"ListItem\",\"position\":3,\"name\":\"Racoon GREEN MAMBA Car Shampoing \\\/ pH neutre &#8211; 1000ml\"}]},{\"@type\":\"WebSite\",\"@id\":\"https:\\\/\\\/racoon-cleaner.nl\\\/fr\\\/#website\",\"url\":\"https:\\\/\\\/racoon-cleaner.nl\\\/fr\\\/\",\"name\":\"Racoon-cleaner\",\"description\":\"Reinigings- en verzorgingsproducten\",\"publisher\":{\"@id\":\"https:\\\/\\\/racoon-cleaner.nl\\\/fr\\\/#organization\"},\"potentialAction\":[{\"@type\":\"SearchAction\",\"target\":{\"@type\":\"EntryPoint\",\"urlTemplate\":\"https:\\\/\\\/racoon-cleaner.nl\\\/fr\\\/?s={search_term_string}\"},\"query-input\":{\"@type\":\"PropertyValueSpecification\",\"valueRequired\":true,\"valueName\":\"search_term_string\"}}],\"inLanguage\":\"fr-FR\"},{\"@type\":\"Organization\",\"@id\":\"https:\\\/\\\/racoon-cleaner.nl\\\/fr\\\/#organization\",\"name\":\"Racoon-Cleaner.nl\",\"url\":\"https:\\\/\\\/racoon-cleaner.nl\\\/fr\\\/\",\"logo\":{\"@type\":\"ImageObject\",\"inLanguage\":\"fr-FR\",\"@id\":\"https:\\\/\\\/racoon-cleaner.nl\\\/fr\\\/#\\\/schema\\\/logo\\\/image\\\/\",\"url\":\"https:\\\/\\\/i1.wp.com\\\/racoon-cleaner.nl\\\/wp-content\\\/uploads\\\/2019\\\/12\\\/racoon-logo.png?fit=757%2C754&ssl=1\",\"contentUrl\":\"https:\\\/\\\/i1.wp.com\\\/racoon-cleaner.nl\\\/wp-content\\\/uploads\\\/2019\\\/12\\\/racoon-logo.png?fit=757%2C754&ssl=1\",\"width\":757,\"height\":754,\"caption\":\"Racoon-Cleaner.nl\"},\"image\":{\"@id\":\"https:\\\/\\\/racoon-cleaner.nl\\\/fr\\\/#\\\/schema\\\/logo\\\/image\\\/\"}}]}<\/script>\n<!-- \/ Yoast SEO plugin. -->","yoast_head_json":{"title":"Racoon GREEN MAMBA Car Shampoing \/ pH neutre - 1000ml - Racoon-Cleaner","robots":{"index":"index","follow":"follow","max-snippet":"max-snippet:-1","max-image-preview":"max-image-preview:large","max-video-preview":"max-video-preview:-1"},"canonical":"https:\/\/racoon-cleaner.nl\/fr\/product\/lavage\/shampooings\/racoon-green-mamba-car-shampoing-ph-neutre-1000ml\/","og_locale":"fr_FR","og_type":"article","og_title":"Racoon GREEN MAMBA Car Shampoing \/ pH neutre - 1000ml - Racoon-Cleaner","og_description":"Racoon GREEN MAMBA Car Shampoing \/ pH neutre - 1000ml","og_url":"https:\/\/racoon-cleaner.nl\/fr\/product\/lavage\/shampooings\/racoon-green-mamba-car-shampoing-ph-neutre-1000ml\/","og_site_name":"Racoon-Cleaner","article_modified_time":"2020-04-09T08:03:28+00:00","og_image":[{"width":800,"height":800,"url":"https:\/\/i0.wp.com\/racoon-cleaner.nl\/wp-content\/uploads\/2020\/08\/RN_GREMAM1_1.jpg?fit=800%2C800&ssl=1","type":"image\/jpeg"}],"twitter_card":"summary_large_image","twitter_misc":{"Dur\u00e9e de lecture estim\u00e9e":"1 minute"},"schema":{"@context":"https:\/\/schema.org","@graph":[{"@type":"WebPage","@id":"https:\/\/racoon-cleaner.nl\/fr\/product\/lavage\/shampooings\/racoon-green-mamba-car-shampoing-ph-neutre-1000ml\/","url":"https:\/\/racoon-cleaner.nl\/fr\/product\/lavage\/shampooings\/racoon-green-mamba-car-shampoing-ph-neutre-1000ml\/","name":"Racoon GREEN MAMBA Car Shampoing \/ pH neutre - 1000ml - Racoon-Cleaner","isPartOf":{"@id":"https:\/\/racoon-cleaner.nl\/fr\/#website"},"primaryImageOfPage":{"@id":"https:\/\/racoon-cleaner.nl\/fr\/product\/lavage\/shampooings\/racoon-green-mamba-car-shampoing-ph-neutre-1000ml\/#primaryimage"},"image":{"@id":"https:\/\/racoon-cleaner.nl\/fr\/product\/lavage\/shampooings\/racoon-green-mamba-car-shampoing-ph-neutre-1000ml\/#primaryimage"},"thumbnailUrl":"https:\/\/racoon-cleaner.nl\/wp-content\/uploads\/2020\/08\/RN_GREMAM1_1.jpg","datePublished":"2020-04-09T08:03:13+00:00","dateModified":"2020-04-09T08:03:28+00:00","breadcrumb":{"@id":"https:\/\/racoon-cleaner.nl\/fr\/product\/lavage\/shampooings\/racoon-green-mamba-car-shampoing-ph-neutre-1000ml\/#breadcrumb"},"inLanguage":"fr-FR","potentialAction":[{"@type":"ReadAction","target":["https:\/\/racoon-cleaner.nl\/fr\/product\/lavage\/shampooings\/racoon-green-mamba-car-shampoing-ph-neutre-1000ml\/"]}]},{"@type":"ImageObject","inLanguage":"fr-FR","@id":"https:\/\/racoon-cleaner.nl\/fr\/product\/lavage\/shampooings\/racoon-green-mamba-car-shampoing-ph-neutre-1000ml\/#primaryimage","url":"https:\/\/racoon-cleaner.nl\/wp-content\/uploads\/2020\/08\/RN_GREMAM1_1.jpg","contentUrl":"https:\/\/racoon-cleaner.nl\/wp-content\/uploads\/2020\/08\/RN_GREMAM1_1.jpg","width":800,"height":800},{"@type":"BreadcrumbList","@id":"https:\/\/racoon-cleaner.nl\/fr\/product\/lavage\/shampooings\/racoon-green-mamba-car-shampoing-ph-neutre-1000ml\/#breadcrumb","itemListElement":[{"@type":"ListItem","position":1,"name":"Home","item":"https:\/\/racoon-cleaner.nl\/fr\/"},{"@type":"ListItem","position":2,"name":"Boutique","item":"https:\/\/racoon-cleaner.nl\/fr\/shop\/"},{"@type":"ListItem","position":3,"name":"Racoon GREEN MAMBA Car Shampoing \/ pH neutre &#8211; 1000ml"}]},{"@type":"WebSite","@id":"https:\/\/racoon-cleaner.nl\/fr\/#website","url":"https:\/\/racoon-cleaner.nl\/fr\/","name":"Racoon-cleaner","description":"Reinigings- en verzorgingsproducten","publisher":{"@id":"https:\/\/racoon-cleaner.nl\/fr\/#organization"},"potentialAction":[{"@type":"SearchAction","target":{"@type":"EntryPoint","urlTemplate":"https:\/\/racoon-cleaner.nl\/fr\/?s={search_term_string}"},"query-input":{"@type":"PropertyValueSpecification","valueRequired":true,"valueName":"search_term_string"}}],"inLanguage":"fr-FR"},{"@type":"Organization","@id":"https:\/\/racoon-cleaner.nl\/fr\/#organization","name":"Racoon-Cleaner.nl","url":"https:\/\/racoon-cleaner.nl\/fr\/","logo":{"@type":"ImageObject","inLanguage":"fr-FR","@id":"https:\/\/racoon-cleaner.nl\/fr\/#\/schema\/logo\/image\/","url":"https:\/\/i1.wp.com\/racoon-cleaner.nl\/wp-content\/uploads\/2019\/12\/racoon-logo.png?fit=757%2C754&ssl=1","contentUrl":"https:\/\/i1.wp.com\/racoon-cleaner.nl\/wp-content\/uploads\/2019\/12\/racoon-logo.png?fit=757%2C754&ssl=1","width":757,"height":754,"caption":"Racoon-Cleaner.nl"},"image":{"@id":"https:\/\/racoon-cleaner.nl\/fr\/#\/schema\/logo\/image\/"}}]}},"jetpack_sharing_enabled":true,"_links":{"self":[{"href":"https:\/\/racoon-cleaner.nl\/fr\/wp-json\/wp\/v2\/product\/2143","targetHints":{"allow":["GET"]}}],"collection":[{"href":"https:\/\/racoon-cleaner.nl\/fr\/wp-json\/wp\/v2\/product"}],"about":[{"href":"https:\/\/racoon-cleaner.nl\/fr\/wp-json\/wp\/v2\/types\/product"}],"replies":[{"embeddable":true,"href":"https:\/\/racoon-cleaner.nl\/fr\/wp-json\/wp\/v2\/comments?post=2143"}],"wp:featuredmedia":[{"embeddable":true,"href":"https:\/\/racoon-cleaner.nl\/fr\/wp-json\/wp\/v2\/media\/4509"}],"wp:attachment":[{"href":"https:\/\/racoon-cleaner.nl\/fr\/wp-json\/wp\/v2\/media?parent=2143"}],"wp:term":[{"taxonomy":"product_brand","embeddable":true,"href":"https:\/\/racoon-cleaner.nl\/fr\/wp-json\/wp\/v2\/product_brand?post=2143"},{"taxonomy":"product_cat","embeddable":true,"href":"https:\/\/racoon-cleaner.nl\/fr\/wp-json\/wp\/v2\/product_cat?post=2143"},{"taxonomy":"product_tag","embeddable":true,"href":"https:\/\/racoon-cleaner.nl\/fr\/wp-json\/wp\/v2\/product_tag?post=2143"}],"curies":[{"name":"wp","href":"https:\/\/api.w.org\/{rel}","templated":true}]}}