{"id":2146,"date":"2020-08-07T15:18:53","date_gmt":"2020-04-09T08:03:13","guid":{"rendered":"https:\/\/racoon-cleaner.nl\/product\/racoon-horny-unicorn-car-shampoing-extra-fort-1000ml\/"},"modified":"2020-04-09T08:03:30","modified_gmt":"2020-04-09T08:03:30","slug":"racoon-horny-unicorn-car-shampoing-extra-fort-1000ml","status":"publish","type":"product","link":"https:\/\/racoon-cleaner.nl\/fr\/product\/lavage\/shampooings\/racoon-horny-unicorn-car-shampoing-extra-fort-1000ml\/","title":{"rendered":"Racoon HORNY UNICORN Car Shampoing \/ Extra Fort &#8211; 1000ml"},"content":{"rendered":"<p># HORNY UNICORN  Car Shampoing \/ Extra Fort <\/p>\n<p>Fort comme un ours !  Puissant, mais doux pour la peinture !<\/p>\n<p>Le shampooing Racoon HORNY UNICORN a \u00e9t\u00e9 sp\u00e9cialement d\u00e9velopp\u00e9 pour une utilisation en cas de salissures importantes, notamment pour l&rsquo;infestation de mousse et de verdure de toute sorte.  La nouvelle formule combine es composants de nettoyage et d&rsquo;entretien efficaces, un rehausseur de brillance et un adjuvant de s\u00e9chage sans attaquer la peinture ou les sealants et coatings ! <\/p>\n<p>Les couches de protection sont \u00e9galement entretenues de mani\u00e8re optimale et l&rsquo;effet de brillance est conserv\u00e9 plus longtemps. Le shampooing peut ensuite \u00eatre rinc\u00e9 facilement \u00e0 l&rsquo;eau claire apr\u00e8s le lavage, laissant pas de taches ou de traces !<\/p>\n<p>Disponible en bouteilles de 50ml et 1.000ml, ainsi qu&rsquo;en bidons de 5, 10 et 20 litres.<\/p>\n<p>Bien agiter avant utilisation !<br \/>\nRapport de m\u00e9lange recommand\u00e9 : env. 50 &#8211; 100 ml de shampooing dans 10 l d&rsquo;eau chaude.<\/p>\n<span class=\"et_bloom_bottom_trigger\"><\/span>","protected":false},"excerpt":{"rendered":"<p>Racoon HORNY UNICORN Car Shampoing \/ Extra Fort &#8211; 1000ml<\/p>\n","protected":false},"featured_media":4533,"comment_status":"closed","ping_status":"open","template":"","meta":{"_et_pb_use_builder":"","_et_pb_old_content":"","_et_gb_content_width":""},"product_brand":[],"product_cat":[137,426],"product_tag":[188],"class_list":{"0":"post-2146","1":"product","2":"type-product","3":"status-publish","4":"has-post-thumbnail","6":"product_cat-lavage","7":"product_cat-shampooings","8":"product_tag-shampoing-voiture","9":"pa_kleur-jaune","10":"pa_kleur-vert","11":"pa_materiaal-liquide","13":"first","14":"instock","15":"taxable","16":"shipping-taxable","17":"purchasable","18":"product-type-simple"},"yoast_head":"<!-- This site is optimized with the Yoast SEO plugin v27.4 - https:\/\/yoast.com\/product\/yoast-seo-wordpress\/ -->\n<title>Racoon HORNY UNICORN Car Shampoing \/ Extra Fort - 1000ml - Racoon-Cleaner<\/title>\n<meta name=\"robots\" content=\"index, follow, max-snippet:-1, max-image-preview:large, max-video-preview:-1\" \/>\n<link rel=\"canonical\" href=\"https:\/\/racoon-cleaner.nl\/fr\/product\/lavage\/shampooings\/racoon-horny-unicorn-car-shampoing-extra-fort-1000ml\/\" \/>\n<meta property=\"og:locale\" content=\"fr_FR\" \/>\n<meta property=\"og:type\" content=\"article\" \/>\n<meta property=\"og:title\" content=\"Racoon HORNY UNICORN Car Shampoing \/ Extra Fort - 1000ml - Racoon-Cleaner\" \/>\n<meta property=\"og:description\" content=\"Racoon HORNY UNICORN Car Shampoing \/ Extra Fort - 1000ml\" \/>\n<meta property=\"og:url\" content=\"https:\/\/racoon-cleaner.nl\/fr\/product\/lavage\/shampooings\/racoon-horny-unicorn-car-shampoing-extra-fort-1000ml\/\" \/>\n<meta property=\"og:site_name\" content=\"Racoon-Cleaner\" \/>\n<meta property=\"article:modified_time\" content=\"2020-04-09T08:03:30+00:00\" \/>\n<meta property=\"og:image\" content=\"https:\/\/i0.wp.com\/racoon-cleaner.nl\/wp-content\/uploads\/2020\/08\/RN_HORUNI1_1.jpg?fit=800%2C800&ssl=1\" \/>\n\t<meta property=\"og:image:width\" content=\"800\" \/>\n\t<meta property=\"og:image:height\" content=\"800\" \/>\n\t<meta property=\"og:image:type\" content=\"image\/jpeg\" \/>\n<meta name=\"twitter:card\" content=\"summary_large_image\" \/>\n<meta name=\"twitter:label1\" content=\"Dur\u00e9e de lecture estim\u00e9e\" \/>\n\t<meta name=\"twitter:data1\" content=\"1 minute\" \/>\n<script type=\"application\/ld+json\" class=\"yoast-schema-graph\">{\"@context\":\"https:\\\/\\\/schema.org\",\"@graph\":[{\"@type\":\"WebPage\",\"@id\":\"https:\\\/\\\/racoon-cleaner.nl\\\/fr\\\/product\\\/lavage\\\/shampooings\\\/racoon-horny-unicorn-car-shampoing-extra-fort-1000ml\\\/\",\"url\":\"https:\\\/\\\/racoon-cleaner.nl\\\/fr\\\/product\\\/lavage\\\/shampooings\\\/racoon-horny-unicorn-car-shampoing-extra-fort-1000ml\\\/\",\"name\":\"Racoon HORNY UNICORN Car Shampoing \\\/ Extra Fort - 1000ml - Racoon-Cleaner\",\"isPartOf\":{\"@id\":\"https:\\\/\\\/racoon-cleaner.nl\\\/fr\\\/#website\"},\"primaryImageOfPage\":{\"@id\":\"https:\\\/\\\/racoon-cleaner.nl\\\/fr\\\/product\\\/lavage\\\/shampooings\\\/racoon-horny-unicorn-car-shampoing-extra-fort-1000ml\\\/#primaryimage\"},\"image\":{\"@id\":\"https:\\\/\\\/racoon-cleaner.nl\\\/fr\\\/product\\\/lavage\\\/shampooings\\\/racoon-horny-unicorn-car-shampoing-extra-fort-1000ml\\\/#primaryimage\"},\"thumbnailUrl\":\"https:\\\/\\\/racoon-cleaner.nl\\\/wp-content\\\/uploads\\\/2020\\\/08\\\/RN_HORUNI1_1.jpg\",\"datePublished\":\"2020-04-09T08:03:13+00:00\",\"dateModified\":\"2020-04-09T08:03:30+00:00\",\"breadcrumb\":{\"@id\":\"https:\\\/\\\/racoon-cleaner.nl\\\/fr\\\/product\\\/lavage\\\/shampooings\\\/racoon-horny-unicorn-car-shampoing-extra-fort-1000ml\\\/#breadcrumb\"},\"inLanguage\":\"fr-FR\",\"potentialAction\":[{\"@type\":\"ReadAction\",\"target\":[\"https:\\\/\\\/racoon-cleaner.nl\\\/fr\\\/product\\\/lavage\\\/shampooings\\\/racoon-horny-unicorn-car-shampoing-extra-fort-1000ml\\\/\"]}]},{\"@type\":\"ImageObject\",\"inLanguage\":\"fr-FR\",\"@id\":\"https:\\\/\\\/racoon-cleaner.nl\\\/fr\\\/product\\\/lavage\\\/shampooings\\\/racoon-horny-unicorn-car-shampoing-extra-fort-1000ml\\\/#primaryimage\",\"url\":\"https:\\\/\\\/racoon-cleaner.nl\\\/wp-content\\\/uploads\\\/2020\\\/08\\\/RN_HORUNI1_1.jpg\",\"contentUrl\":\"https:\\\/\\\/racoon-cleaner.nl\\\/wp-content\\\/uploads\\\/2020\\\/08\\\/RN_HORUNI1_1.jpg\",\"width\":800,\"height\":800},{\"@type\":\"BreadcrumbList\",\"@id\":\"https:\\\/\\\/racoon-cleaner.nl\\\/fr\\\/product\\\/lavage\\\/shampooings\\\/racoon-horny-unicorn-car-shampoing-extra-fort-1000ml\\\/#breadcrumb\",\"itemListElement\":[{\"@type\":\"ListItem\",\"position\":1,\"name\":\"Home\",\"item\":\"https:\\\/\\\/racoon-cleaner.nl\\\/fr\\\/\"},{\"@type\":\"ListItem\",\"position\":2,\"name\":\"Boutique\",\"item\":\"https:\\\/\\\/racoon-cleaner.nl\\\/fr\\\/shop\\\/\"},{\"@type\":\"ListItem\",\"position\":3,\"name\":\"Racoon HORNY UNICORN Car Shampoing \\\/ Extra Fort &#8211; 1000ml\"}]},{\"@type\":\"WebSite\",\"@id\":\"https:\\\/\\\/racoon-cleaner.nl\\\/fr\\\/#website\",\"url\":\"https:\\\/\\\/racoon-cleaner.nl\\\/fr\\\/\",\"name\":\"Racoon-cleaner\",\"description\":\"Reinigings- en verzorgingsproducten\",\"publisher\":{\"@id\":\"https:\\\/\\\/racoon-cleaner.nl\\\/fr\\\/#organization\"},\"potentialAction\":[{\"@type\":\"SearchAction\",\"target\":{\"@type\":\"EntryPoint\",\"urlTemplate\":\"https:\\\/\\\/racoon-cleaner.nl\\\/fr\\\/?s={search_term_string}\"},\"query-input\":{\"@type\":\"PropertyValueSpecification\",\"valueRequired\":true,\"valueName\":\"search_term_string\"}}],\"inLanguage\":\"fr-FR\"},{\"@type\":\"Organization\",\"@id\":\"https:\\\/\\\/racoon-cleaner.nl\\\/fr\\\/#organization\",\"name\":\"Racoon-Cleaner.nl\",\"url\":\"https:\\\/\\\/racoon-cleaner.nl\\\/fr\\\/\",\"logo\":{\"@type\":\"ImageObject\",\"inLanguage\":\"fr-FR\",\"@id\":\"https:\\\/\\\/racoon-cleaner.nl\\\/fr\\\/#\\\/schema\\\/logo\\\/image\\\/\",\"url\":\"https:\\\/\\\/i1.wp.com\\\/racoon-cleaner.nl\\\/wp-content\\\/uploads\\\/2019\\\/12\\\/racoon-logo.png?fit=757%2C754&ssl=1\",\"contentUrl\":\"https:\\\/\\\/i1.wp.com\\\/racoon-cleaner.nl\\\/wp-content\\\/uploads\\\/2019\\\/12\\\/racoon-logo.png?fit=757%2C754&ssl=1\",\"width\":757,\"height\":754,\"caption\":\"Racoon-Cleaner.nl\"},\"image\":{\"@id\":\"https:\\\/\\\/racoon-cleaner.nl\\\/fr\\\/#\\\/schema\\\/logo\\\/image\\\/\"}}]}<\/script>\n<!-- \/ Yoast SEO plugin. -->","yoast_head_json":{"title":"Racoon HORNY UNICORN Car Shampoing \/ Extra Fort - 1000ml - Racoon-Cleaner","robots":{"index":"index","follow":"follow","max-snippet":"max-snippet:-1","max-image-preview":"max-image-preview:large","max-video-preview":"max-video-preview:-1"},"canonical":"https:\/\/racoon-cleaner.nl\/fr\/product\/lavage\/shampooings\/racoon-horny-unicorn-car-shampoing-extra-fort-1000ml\/","og_locale":"fr_FR","og_type":"article","og_title":"Racoon HORNY UNICORN Car Shampoing \/ Extra Fort - 1000ml - Racoon-Cleaner","og_description":"Racoon HORNY UNICORN Car Shampoing \/ Extra Fort - 1000ml","og_url":"https:\/\/racoon-cleaner.nl\/fr\/product\/lavage\/shampooings\/racoon-horny-unicorn-car-shampoing-extra-fort-1000ml\/","og_site_name":"Racoon-Cleaner","article_modified_time":"2020-04-09T08:03:30+00:00","og_image":[{"width":800,"height":800,"url":"https:\/\/i0.wp.com\/racoon-cleaner.nl\/wp-content\/uploads\/2020\/08\/RN_HORUNI1_1.jpg?fit=800%2C800&ssl=1","type":"image\/jpeg"}],"twitter_card":"summary_large_image","twitter_misc":{"Dur\u00e9e de lecture estim\u00e9e":"1 minute"},"schema":{"@context":"https:\/\/schema.org","@graph":[{"@type":"WebPage","@id":"https:\/\/racoon-cleaner.nl\/fr\/product\/lavage\/shampooings\/racoon-horny-unicorn-car-shampoing-extra-fort-1000ml\/","url":"https:\/\/racoon-cleaner.nl\/fr\/product\/lavage\/shampooings\/racoon-horny-unicorn-car-shampoing-extra-fort-1000ml\/","name":"Racoon HORNY UNICORN Car Shampoing \/ Extra Fort - 1000ml - Racoon-Cleaner","isPartOf":{"@id":"https:\/\/racoon-cleaner.nl\/fr\/#website"},"primaryImageOfPage":{"@id":"https:\/\/racoon-cleaner.nl\/fr\/product\/lavage\/shampooings\/racoon-horny-unicorn-car-shampoing-extra-fort-1000ml\/#primaryimage"},"image":{"@id":"https:\/\/racoon-cleaner.nl\/fr\/product\/lavage\/shampooings\/racoon-horny-unicorn-car-shampoing-extra-fort-1000ml\/#primaryimage"},"thumbnailUrl":"https:\/\/racoon-cleaner.nl\/wp-content\/uploads\/2020\/08\/RN_HORUNI1_1.jpg","datePublished":"2020-04-09T08:03:13+00:00","dateModified":"2020-04-09T08:03:30+00:00","breadcrumb":{"@id":"https:\/\/racoon-cleaner.nl\/fr\/product\/lavage\/shampooings\/racoon-horny-unicorn-car-shampoing-extra-fort-1000ml\/#breadcrumb"},"inLanguage":"fr-FR","potentialAction":[{"@type":"ReadAction","target":["https:\/\/racoon-cleaner.nl\/fr\/product\/lavage\/shampooings\/racoon-horny-unicorn-car-shampoing-extra-fort-1000ml\/"]}]},{"@type":"ImageObject","inLanguage":"fr-FR","@id":"https:\/\/racoon-cleaner.nl\/fr\/product\/lavage\/shampooings\/racoon-horny-unicorn-car-shampoing-extra-fort-1000ml\/#primaryimage","url":"https:\/\/racoon-cleaner.nl\/wp-content\/uploads\/2020\/08\/RN_HORUNI1_1.jpg","contentUrl":"https:\/\/racoon-cleaner.nl\/wp-content\/uploads\/2020\/08\/RN_HORUNI1_1.jpg","width":800,"height":800},{"@type":"BreadcrumbList","@id":"https:\/\/racoon-cleaner.nl\/fr\/product\/lavage\/shampooings\/racoon-horny-unicorn-car-shampoing-extra-fort-1000ml\/#breadcrumb","itemListElement":[{"@type":"ListItem","position":1,"name":"Home","item":"https:\/\/racoon-cleaner.nl\/fr\/"},{"@type":"ListItem","position":2,"name":"Boutique","item":"https:\/\/racoon-cleaner.nl\/fr\/shop\/"},{"@type":"ListItem","position":3,"name":"Racoon HORNY UNICORN Car Shampoing \/ Extra Fort &#8211; 1000ml"}]},{"@type":"WebSite","@id":"https:\/\/racoon-cleaner.nl\/fr\/#website","url":"https:\/\/racoon-cleaner.nl\/fr\/","name":"Racoon-cleaner","description":"Reinigings- en verzorgingsproducten","publisher":{"@id":"https:\/\/racoon-cleaner.nl\/fr\/#organization"},"potentialAction":[{"@type":"SearchAction","target":{"@type":"EntryPoint","urlTemplate":"https:\/\/racoon-cleaner.nl\/fr\/?s={search_term_string}"},"query-input":{"@type":"PropertyValueSpecification","valueRequired":true,"valueName":"search_term_string"}}],"inLanguage":"fr-FR"},{"@type":"Organization","@id":"https:\/\/racoon-cleaner.nl\/fr\/#organization","name":"Racoon-Cleaner.nl","url":"https:\/\/racoon-cleaner.nl\/fr\/","logo":{"@type":"ImageObject","inLanguage":"fr-FR","@id":"https:\/\/racoon-cleaner.nl\/fr\/#\/schema\/logo\/image\/","url":"https:\/\/i1.wp.com\/racoon-cleaner.nl\/wp-content\/uploads\/2019\/12\/racoon-logo.png?fit=757%2C754&ssl=1","contentUrl":"https:\/\/i1.wp.com\/racoon-cleaner.nl\/wp-content\/uploads\/2019\/12\/racoon-logo.png?fit=757%2C754&ssl=1","width":757,"height":754,"caption":"Racoon-Cleaner.nl"},"image":{"@id":"https:\/\/racoon-cleaner.nl\/fr\/#\/schema\/logo\/image\/"}}]}},"jetpack_sharing_enabled":true,"_links":{"self":[{"href":"https:\/\/racoon-cleaner.nl\/fr\/wp-json\/wp\/v2\/product\/2146","targetHints":{"allow":["GET"]}}],"collection":[{"href":"https:\/\/racoon-cleaner.nl\/fr\/wp-json\/wp\/v2\/product"}],"about":[{"href":"https:\/\/racoon-cleaner.nl\/fr\/wp-json\/wp\/v2\/types\/product"}],"replies":[{"embeddable":true,"href":"https:\/\/racoon-cleaner.nl\/fr\/wp-json\/wp\/v2\/comments?post=2146"}],"wp:featuredmedia":[{"embeddable":true,"href":"https:\/\/racoon-cleaner.nl\/fr\/wp-json\/wp\/v2\/media\/4533"}],"wp:attachment":[{"href":"https:\/\/racoon-cleaner.nl\/fr\/wp-json\/wp\/v2\/media?parent=2146"}],"wp:term":[{"taxonomy":"product_brand","embeddable":true,"href":"https:\/\/racoon-cleaner.nl\/fr\/wp-json\/wp\/v2\/product_brand?post=2146"},{"taxonomy":"product_cat","embeddable":true,"href":"https:\/\/racoon-cleaner.nl\/fr\/wp-json\/wp\/v2\/product_cat?post=2146"},{"taxonomy":"product_tag","embeddable":true,"href":"https:\/\/racoon-cleaner.nl\/fr\/wp-json\/wp\/v2\/product_tag?post=2146"}],"curies":[{"name":"wp","href":"https:\/\/api.w.org\/{rel}","templated":true}]}}