{"id":2159,"date":"2020-08-07T15:37:59","date_gmt":"2020-04-09T08:04:17","guid":{"rendered":"https:\/\/racoon-cleaner.nl\/product\/racoon-polish-perfect-pearl-antihologram-polish-1000ml\/"},"modified":"2020-04-09T08:04:28","modified_gmt":"2020-04-09T08:04:28","slug":"racoon-polish-perfect-pearl-antihologram-polish-1000ml","status":"publish","type":"product","link":"https:\/\/racoon-cleaner.nl\/fr\/product\/nettoyage-preparation\/nettoyants\/racoon-polish-perfect-pearl-antihologram-polish-1000ml\/","title":{"rendered":"Racoon POLISH PERFECT PEARL Antihologram Polish &#8211; 1000ml"},"content":{"rendered":"<p># PERFECT PEARL POLISH  Le polish Anti-Hologramme<\/p>\n<p>Pour pour un fini miroir brillant et durable !<\/p>\n<p>Sans agents de remplissage, ni huiles de silicone &#8211; convient \u00e0 toutes les peintures automobiles et \u00e0 toutes les couleurs sensibles ! Sp\u00e9cialement d\u00e9velopp\u00e9 pour l&rsquo;\u00e9limination m\u00e9canique des marques de polissage, de la brume grise, des micro-rayures et des hologrammes. Le polish est \u00e9conomique, facile \u00e0 travailler et peut \u00eatre enlev\u00e9 sans laisser de r\u00e9sidus !<\/p>\n<p>Convient \u00e0 l&rsquo;usinage manuel et m\u00e9canique (polisseuses rotatives et excentriques).<br \/>\nLes meilleurs r\u00e9sultats sont obtenus avec nos Racoon POLISH PADS JAUNE  ! <\/p>\n<p>Disponible en bouteilles de 200ml et 1.000ml.<\/p>\n<p>Bien agiter avant utilisation ! Nous vous recommandons de porter des gants jetables !<br \/>\nTester d&rsquo;abord sur un endroit peu visible et ne pas utiliser sur des surfaces chaudes !<\/p>\n<p>Le pad doit \u00eatre mince mais compl\u00e8tement recouvert de polish. A vitesse moyenne (env. 2.000) et \u00e0 pression moyenne, travailler soigneusement la couche transversale. Nous recommandons de commencer avec une pression l\u00e9g\u00e8rement plus \u00e9lev\u00e9e et un nombre de tours inf\u00e9rieur &#8211; puis de r\u00e9duire la pression et de polir \u00e0 une vitesse plus \u00e9lev\u00e9e. Enlever ensuite les r\u00e9sidus de produit \u00e0 l&rsquo;aide d&rsquo;un chiffon en microfibre doux et propre.<\/p>\n<p>Prot\u00e9ger du gel et de la chaleur !<\/p>\n<span class=\"et_bloom_bottom_trigger\"><\/span>","protected":false},"excerpt":{"rendered":"<p>Racoon POLISH PERFECT PEARL Antihologram Polish &#8211; 1000ml<\/p>\n","protected":false},"featured_media":4773,"comment_status":"closed","ping_status":"open","template":"","meta":{"_et_pb_use_builder":"","_et_pb_old_content":"","_et_gb_content_width":""},"product_brand":[],"product_cat":[384,378,390,396],"product_tag":[188],"class_list":{"0":"post-2159","1":"product","2":"type-product","3":"status-publish","4":"has-post-thumbnail","6":"product_cat-lustrage-cire","7":"product_cat-lustrants","8":"product_cat-nettoyage-preparation","9":"product_cat-nettoyants","10":"product_tag-shampoing-voiture","11":"pa_kleur-gris","12":"pa_materiaal-liquide","14":"first","15":"instock","16":"taxable","17":"shipping-taxable","18":"purchasable","19":"product-type-simple"},"yoast_head":"<!-- This site is optimized with the Yoast SEO plugin v27.4 - https:\/\/yoast.com\/product\/yoast-seo-wordpress\/ -->\n<title>Racoon POLISH PERFECT PEARL Antihologram Polish - 1000ml - Racoon-Cleaner<\/title>\n<meta name=\"robots\" content=\"index, follow, max-snippet:-1, max-image-preview:large, max-video-preview:-1\" \/>\n<link rel=\"canonical\" href=\"https:\/\/racoon-cleaner.nl\/fr\/product\/nettoyage-preparation\/nettoyants\/racoon-polish-perfect-pearl-antihologram-polish-1000ml\/\" \/>\n<meta property=\"og:locale\" content=\"fr_FR\" \/>\n<meta property=\"og:type\" content=\"article\" \/>\n<meta property=\"og:title\" content=\"Racoon POLISH PERFECT PEARL Antihologram Polish - 1000ml - Racoon-Cleaner\" \/>\n<meta property=\"og:description\" content=\"Racoon POLISH PERFECT PEARL Antihologram Polish - 1000ml\" \/>\n<meta property=\"og:url\" content=\"https:\/\/racoon-cleaner.nl\/fr\/product\/nettoyage-preparation\/nettoyants\/racoon-polish-perfect-pearl-antihologram-polish-1000ml\/\" \/>\n<meta property=\"og:site_name\" content=\"Racoon-Cleaner\" \/>\n<meta property=\"article:modified_time\" content=\"2020-04-09T08:04:28+00:00\" \/>\n<meta property=\"og:image\" content=\"https:\/\/i0.wp.com\/racoon-cleaner.nl\/wp-content\/uploads\/2020\/08\/RN_POLANT1_1.jpg?fit=800%2C800&ssl=1\" \/>\n\t<meta property=\"og:image:width\" content=\"800\" \/>\n\t<meta property=\"og:image:height\" content=\"800\" \/>\n\t<meta property=\"og:image:type\" content=\"image\/jpeg\" \/>\n<meta name=\"twitter:card\" content=\"summary_large_image\" \/>\n<meta name=\"twitter:label1\" content=\"Dur\u00e9e de lecture estim\u00e9e\" \/>\n\t<meta name=\"twitter:data1\" content=\"1 minute\" \/>\n<script type=\"application\/ld+json\" class=\"yoast-schema-graph\">{\"@context\":\"https:\\\/\\\/schema.org\",\"@graph\":[{\"@type\":\"WebPage\",\"@id\":\"https:\\\/\\\/racoon-cleaner.nl\\\/fr\\\/product\\\/nettoyage-preparation\\\/nettoyants\\\/racoon-polish-perfect-pearl-antihologram-polish-1000ml\\\/\",\"url\":\"https:\\\/\\\/racoon-cleaner.nl\\\/fr\\\/product\\\/nettoyage-preparation\\\/nettoyants\\\/racoon-polish-perfect-pearl-antihologram-polish-1000ml\\\/\",\"name\":\"Racoon POLISH PERFECT PEARL Antihologram Polish - 1000ml - Racoon-Cleaner\",\"isPartOf\":{\"@id\":\"https:\\\/\\\/racoon-cleaner.nl\\\/fr\\\/#website\"},\"primaryImageOfPage\":{\"@id\":\"https:\\\/\\\/racoon-cleaner.nl\\\/fr\\\/product\\\/nettoyage-preparation\\\/nettoyants\\\/racoon-polish-perfect-pearl-antihologram-polish-1000ml\\\/#primaryimage\"},\"image\":{\"@id\":\"https:\\\/\\\/racoon-cleaner.nl\\\/fr\\\/product\\\/nettoyage-preparation\\\/nettoyants\\\/racoon-polish-perfect-pearl-antihologram-polish-1000ml\\\/#primaryimage\"},\"thumbnailUrl\":\"https:\\\/\\\/racoon-cleaner.nl\\\/wp-content\\\/uploads\\\/2020\\\/08\\\/RN_POLANT1_1.jpg\",\"datePublished\":\"2020-04-09T08:04:17+00:00\",\"dateModified\":\"2020-04-09T08:04:28+00:00\",\"breadcrumb\":{\"@id\":\"https:\\\/\\\/racoon-cleaner.nl\\\/fr\\\/product\\\/nettoyage-preparation\\\/nettoyants\\\/racoon-polish-perfect-pearl-antihologram-polish-1000ml\\\/#breadcrumb\"},\"inLanguage\":\"fr-FR\",\"potentialAction\":[{\"@type\":\"ReadAction\",\"target\":[\"https:\\\/\\\/racoon-cleaner.nl\\\/fr\\\/product\\\/nettoyage-preparation\\\/nettoyants\\\/racoon-polish-perfect-pearl-antihologram-polish-1000ml\\\/\"]}]},{\"@type\":\"ImageObject\",\"inLanguage\":\"fr-FR\",\"@id\":\"https:\\\/\\\/racoon-cleaner.nl\\\/fr\\\/product\\\/nettoyage-preparation\\\/nettoyants\\\/racoon-polish-perfect-pearl-antihologram-polish-1000ml\\\/#primaryimage\",\"url\":\"https:\\\/\\\/racoon-cleaner.nl\\\/wp-content\\\/uploads\\\/2020\\\/08\\\/RN_POLANT1_1.jpg\",\"contentUrl\":\"https:\\\/\\\/racoon-cleaner.nl\\\/wp-content\\\/uploads\\\/2020\\\/08\\\/RN_POLANT1_1.jpg\",\"width\":800,\"height\":800},{\"@type\":\"BreadcrumbList\",\"@id\":\"https:\\\/\\\/racoon-cleaner.nl\\\/fr\\\/product\\\/nettoyage-preparation\\\/nettoyants\\\/racoon-polish-perfect-pearl-antihologram-polish-1000ml\\\/#breadcrumb\",\"itemListElement\":[{\"@type\":\"ListItem\",\"position\":1,\"name\":\"Home\",\"item\":\"https:\\\/\\\/racoon-cleaner.nl\\\/fr\\\/\"},{\"@type\":\"ListItem\",\"position\":2,\"name\":\"Boutique\",\"item\":\"https:\\\/\\\/racoon-cleaner.nl\\\/fr\\\/shop\\\/\"},{\"@type\":\"ListItem\",\"position\":3,\"name\":\"Racoon POLISH PERFECT PEARL Antihologram Polish &#8211; 1000ml\"}]},{\"@type\":\"WebSite\",\"@id\":\"https:\\\/\\\/racoon-cleaner.nl\\\/fr\\\/#website\",\"url\":\"https:\\\/\\\/racoon-cleaner.nl\\\/fr\\\/\",\"name\":\"Racoon-cleaner\",\"description\":\"Reinigings- en verzorgingsproducten\",\"publisher\":{\"@id\":\"https:\\\/\\\/racoon-cleaner.nl\\\/fr\\\/#organization\"},\"potentialAction\":[{\"@type\":\"SearchAction\",\"target\":{\"@type\":\"EntryPoint\",\"urlTemplate\":\"https:\\\/\\\/racoon-cleaner.nl\\\/fr\\\/?s={search_term_string}\"},\"query-input\":{\"@type\":\"PropertyValueSpecification\",\"valueRequired\":true,\"valueName\":\"search_term_string\"}}],\"inLanguage\":\"fr-FR\"},{\"@type\":\"Organization\",\"@id\":\"https:\\\/\\\/racoon-cleaner.nl\\\/fr\\\/#organization\",\"name\":\"Racoon-Cleaner.nl\",\"url\":\"https:\\\/\\\/racoon-cleaner.nl\\\/fr\\\/\",\"logo\":{\"@type\":\"ImageObject\",\"inLanguage\":\"fr-FR\",\"@id\":\"https:\\\/\\\/racoon-cleaner.nl\\\/fr\\\/#\\\/schema\\\/logo\\\/image\\\/\",\"url\":\"https:\\\/\\\/i1.wp.com\\\/racoon-cleaner.nl\\\/wp-content\\\/uploads\\\/2019\\\/12\\\/racoon-logo.png?fit=757%2C754&ssl=1\",\"contentUrl\":\"https:\\\/\\\/i1.wp.com\\\/racoon-cleaner.nl\\\/wp-content\\\/uploads\\\/2019\\\/12\\\/racoon-logo.png?fit=757%2C754&ssl=1\",\"width\":757,\"height\":754,\"caption\":\"Racoon-Cleaner.nl\"},\"image\":{\"@id\":\"https:\\\/\\\/racoon-cleaner.nl\\\/fr\\\/#\\\/schema\\\/logo\\\/image\\\/\"}}]}<\/script>\n<!-- \/ Yoast SEO plugin. -->","yoast_head_json":{"title":"Racoon POLISH PERFECT PEARL Antihologram Polish - 1000ml - Racoon-Cleaner","robots":{"index":"index","follow":"follow","max-snippet":"max-snippet:-1","max-image-preview":"max-image-preview:large","max-video-preview":"max-video-preview:-1"},"canonical":"https:\/\/racoon-cleaner.nl\/fr\/product\/nettoyage-preparation\/nettoyants\/racoon-polish-perfect-pearl-antihologram-polish-1000ml\/","og_locale":"fr_FR","og_type":"article","og_title":"Racoon POLISH PERFECT PEARL Antihologram Polish - 1000ml - Racoon-Cleaner","og_description":"Racoon POLISH PERFECT PEARL Antihologram Polish - 1000ml","og_url":"https:\/\/racoon-cleaner.nl\/fr\/product\/nettoyage-preparation\/nettoyants\/racoon-polish-perfect-pearl-antihologram-polish-1000ml\/","og_site_name":"Racoon-Cleaner","article_modified_time":"2020-04-09T08:04:28+00:00","og_image":[{"width":800,"height":800,"url":"https:\/\/i0.wp.com\/racoon-cleaner.nl\/wp-content\/uploads\/2020\/08\/RN_POLANT1_1.jpg?fit=800%2C800&ssl=1","type":"image\/jpeg"}],"twitter_card":"summary_large_image","twitter_misc":{"Dur\u00e9e de lecture estim\u00e9e":"1 minute"},"schema":{"@context":"https:\/\/schema.org","@graph":[{"@type":"WebPage","@id":"https:\/\/racoon-cleaner.nl\/fr\/product\/nettoyage-preparation\/nettoyants\/racoon-polish-perfect-pearl-antihologram-polish-1000ml\/","url":"https:\/\/racoon-cleaner.nl\/fr\/product\/nettoyage-preparation\/nettoyants\/racoon-polish-perfect-pearl-antihologram-polish-1000ml\/","name":"Racoon POLISH PERFECT PEARL Antihologram Polish - 1000ml - Racoon-Cleaner","isPartOf":{"@id":"https:\/\/racoon-cleaner.nl\/fr\/#website"},"primaryImageOfPage":{"@id":"https:\/\/racoon-cleaner.nl\/fr\/product\/nettoyage-preparation\/nettoyants\/racoon-polish-perfect-pearl-antihologram-polish-1000ml\/#primaryimage"},"image":{"@id":"https:\/\/racoon-cleaner.nl\/fr\/product\/nettoyage-preparation\/nettoyants\/racoon-polish-perfect-pearl-antihologram-polish-1000ml\/#primaryimage"},"thumbnailUrl":"https:\/\/racoon-cleaner.nl\/wp-content\/uploads\/2020\/08\/RN_POLANT1_1.jpg","datePublished":"2020-04-09T08:04:17+00:00","dateModified":"2020-04-09T08:04:28+00:00","breadcrumb":{"@id":"https:\/\/racoon-cleaner.nl\/fr\/product\/nettoyage-preparation\/nettoyants\/racoon-polish-perfect-pearl-antihologram-polish-1000ml\/#breadcrumb"},"inLanguage":"fr-FR","potentialAction":[{"@type":"ReadAction","target":["https:\/\/racoon-cleaner.nl\/fr\/product\/nettoyage-preparation\/nettoyants\/racoon-polish-perfect-pearl-antihologram-polish-1000ml\/"]}]},{"@type":"ImageObject","inLanguage":"fr-FR","@id":"https:\/\/racoon-cleaner.nl\/fr\/product\/nettoyage-preparation\/nettoyants\/racoon-polish-perfect-pearl-antihologram-polish-1000ml\/#primaryimage","url":"https:\/\/racoon-cleaner.nl\/wp-content\/uploads\/2020\/08\/RN_POLANT1_1.jpg","contentUrl":"https:\/\/racoon-cleaner.nl\/wp-content\/uploads\/2020\/08\/RN_POLANT1_1.jpg","width":800,"height":800},{"@type":"BreadcrumbList","@id":"https:\/\/racoon-cleaner.nl\/fr\/product\/nettoyage-preparation\/nettoyants\/racoon-polish-perfect-pearl-antihologram-polish-1000ml\/#breadcrumb","itemListElement":[{"@type":"ListItem","position":1,"name":"Home","item":"https:\/\/racoon-cleaner.nl\/fr\/"},{"@type":"ListItem","position":2,"name":"Boutique","item":"https:\/\/racoon-cleaner.nl\/fr\/shop\/"},{"@type":"ListItem","position":3,"name":"Racoon POLISH PERFECT PEARL Antihologram Polish &#8211; 1000ml"}]},{"@type":"WebSite","@id":"https:\/\/racoon-cleaner.nl\/fr\/#website","url":"https:\/\/racoon-cleaner.nl\/fr\/","name":"Racoon-cleaner","description":"Reinigings- en verzorgingsproducten","publisher":{"@id":"https:\/\/racoon-cleaner.nl\/fr\/#organization"},"potentialAction":[{"@type":"SearchAction","target":{"@type":"EntryPoint","urlTemplate":"https:\/\/racoon-cleaner.nl\/fr\/?s={search_term_string}"},"query-input":{"@type":"PropertyValueSpecification","valueRequired":true,"valueName":"search_term_string"}}],"inLanguage":"fr-FR"},{"@type":"Organization","@id":"https:\/\/racoon-cleaner.nl\/fr\/#organization","name":"Racoon-Cleaner.nl","url":"https:\/\/racoon-cleaner.nl\/fr\/","logo":{"@type":"ImageObject","inLanguage":"fr-FR","@id":"https:\/\/racoon-cleaner.nl\/fr\/#\/schema\/logo\/image\/","url":"https:\/\/i1.wp.com\/racoon-cleaner.nl\/wp-content\/uploads\/2019\/12\/racoon-logo.png?fit=757%2C754&ssl=1","contentUrl":"https:\/\/i1.wp.com\/racoon-cleaner.nl\/wp-content\/uploads\/2019\/12\/racoon-logo.png?fit=757%2C754&ssl=1","width":757,"height":754,"caption":"Racoon-Cleaner.nl"},"image":{"@id":"https:\/\/racoon-cleaner.nl\/fr\/#\/schema\/logo\/image\/"}}]}},"jetpack_sharing_enabled":true,"_links":{"self":[{"href":"https:\/\/racoon-cleaner.nl\/fr\/wp-json\/wp\/v2\/product\/2159","targetHints":{"allow":["GET"]}}],"collection":[{"href":"https:\/\/racoon-cleaner.nl\/fr\/wp-json\/wp\/v2\/product"}],"about":[{"href":"https:\/\/racoon-cleaner.nl\/fr\/wp-json\/wp\/v2\/types\/product"}],"replies":[{"embeddable":true,"href":"https:\/\/racoon-cleaner.nl\/fr\/wp-json\/wp\/v2\/comments?post=2159"}],"wp:featuredmedia":[{"embeddable":true,"href":"https:\/\/racoon-cleaner.nl\/fr\/wp-json\/wp\/v2\/media\/4773"}],"wp:attachment":[{"href":"https:\/\/racoon-cleaner.nl\/fr\/wp-json\/wp\/v2\/media?parent=2159"}],"wp:term":[{"taxonomy":"product_brand","embeddable":true,"href":"https:\/\/racoon-cleaner.nl\/fr\/wp-json\/wp\/v2\/product_brand?post=2159"},{"taxonomy":"product_cat","embeddable":true,"href":"https:\/\/racoon-cleaner.nl\/fr\/wp-json\/wp\/v2\/product_cat?post=2159"},{"taxonomy":"product_tag","embeddable":true,"href":"https:\/\/racoon-cleaner.nl\/fr\/wp-json\/wp\/v2\/product_tag?post=2159"}],"curies":[{"name":"wp","href":"https:\/\/api.w.org\/{rel}","templated":true}]}}