{"id":2170,"date":"2020-08-07T15:37:59","date_gmt":"2020-04-09T08:04:17","guid":{"rendered":"https:\/\/racoon-cleaner.nl\/product\/racoon-see-through-nettoyant-vitres-100ml\/"},"modified":"2020-04-09T08:05:08","modified_gmt":"2020-04-09T08:05:08","slug":"racoon-see-through-nettoyant-vitres-100ml","status":"publish","type":"product","link":"https:\/\/racoon-cleaner.nl\/fr\/product\/nettoyage-preparation\/nettoyants\/racoon-see-through-nettoyant-vitres-100ml\/","title":{"rendered":"Racoon SEE THROUGH Nettoyant vitres &#8211; 100ml"},"content":{"rendered":"<p># SEE THROUGH   Nettoyant vitres<\/p>\n<p>Plus qu&rsquo;un simple nettoyeur de vitres !<\/p>\n<p>Brillant et avec un nouvel effet \u00e0 long terme !<\/p>\n<p>Ce nettoyant pour vitres innovant et brillant avec un effet \u00e0 long terme a \u00e9t\u00e9 d\u00e9velopp\u00e9 pour le nettoyage et l&rsquo;entretien rapide et complet de toutes les surfaces vitr\u00e9es lisses et des miroirs dans les v\u00e9hicules, mais aussi dans la maison. En combinaison avec un chiffon en microfibres de haute qualit\u00e9, ou de pr\u00e9f\u00e9rence avec notre chiffon sp\u00e9cial de nettoyage du verre en microfibres, il laisse une surface de verre propre comme un miroir, sans aucune trace ni rayure g\u00eanante !<\/p>\n<p>Le nouveau rev\u00eatement protecteur est invisible et r\u00e9duit la formation de bu\u00e9e sur le pare-brise et retarde \u00e9galement l&rsquo;apparition de nouvelles salissures !<\/p>\n<p>Les coatings ne sont pas attaqu\u00e9s par ce nettoyant professionnel, au contraire, l&rsquo;effet protecteur du scellant est m\u00eame am\u00e9lior\u00e9 ! Les fragrances suppl\u00e9mentaires ont \u00e9t\u00e9 d\u00e9lib\u00e9r\u00e9ment \u00e9vit\u00e9s afin de garantir un nettoyage absolument propre et vraiment sans traces !<\/p>\n<p>&#8211; Une vue claire et nette !<br \/>\n&#8211; Nettoyer et soigner en douceur en une seule \u00e9tape !<br \/>\n&#8211; Elimine tous les types de salet\u00e9s rapidement et en profondeur !<\/p>\n<p>Bien agiter avant de l&rsquo;utiliser ! Nettoyez toujours les vitres de la voiture \u00e0 l&rsquo;ombre !<br \/>\nEn aucun cas, sous la lumi\u00e8re directe du soleil ou m\u00eame sur des surfaces vitr\u00e9es chaudes,<br \/>\nsinon ils s\u00e8chent trop rapidement et des traces et des stries apparaissent !<br \/>\nNous recommandons de porter des gants jetables !<\/p>\n<p>Vaporiser directement sur la vitre sans dilution et laisser agir un court instant. Essuyez ensuite le liquide et la salet\u00e9 avec un chiffon sec en microfibre et polissez l\u00e9g\u00e8rement.<br \/>\nLorsque vous nettoyez l&rsquo;int\u00e9rieur, vaporisez le nettoyant directement sur le chiffon afin qu&rsquo;il ne se retrouve pas sur le cockpit ou les textiles !<\/p>\n<p>L\u2019astuce de Racoon:<br \/>\nPour un nettoyage vraiment parfait des vitres, nous vous recommandons le chiffon Racoon # WAFER MICROFIBRE ! La structure innovante de la gaufre avec des fibres fines et de haute qualit\u00e9 garantit un r\u00e9sultat absolument propre et sans stries, sans peluches ni traces !  Vous pouvez facilement enlever la salet\u00e9 tenace dans les coins difficiles d&rsquo;acc\u00e8s en enroulant le tissu autour d&rsquo;une cuill\u00e8re en bois.<\/p>\n<p>Disponible en bouteilles de 100 ml et 500 ml, ainsi qu&rsquo;en bidons de 5 litres.<\/p>\n<span class=\"et_bloom_bottom_trigger\"><\/span>","protected":false},"excerpt":{"rendered":"<p>Racoon SEE THROUGH Nettoyant vitres &#8211; 100ml<\/p>\n","protected":false},"featured_media":4913,"comment_status":"closed","ping_status":"open","template":"","meta":{"_et_pb_use_builder":"","_et_pb_old_content":"","_et_gb_content_width":""},"product_brand":[],"product_cat":[336,396],"product_tag":[188],"class_list":{"0":"post-2170","1":"product","2":"type-product","3":"status-publish","4":"has-post-thumbnail","6":"product_cat-divers","7":"product_cat-nettoyants","8":"product_tag-shampoing-voiture","9":"pa_kleur-bleu","10":"pa_kleur-transparent-fr","11":"pa_materiaal-liquide","13":"first","14":"instock","15":"taxable","16":"shipping-taxable","17":"purchasable","18":"product-type-simple"},"yoast_head":"<!-- This site is optimized with the Yoast SEO plugin v27.4 - https:\/\/yoast.com\/product\/yoast-seo-wordpress\/ -->\n<title>Racoon SEE THROUGH Nettoyant vitres - 100ml - Racoon-Cleaner<\/title>\n<meta name=\"robots\" content=\"index, follow, max-snippet:-1, max-image-preview:large, max-video-preview:-1\" \/>\n<link rel=\"canonical\" href=\"https:\/\/racoon-cleaner.nl\/fr\/product\/nettoyage-preparation\/nettoyants\/racoon-see-through-nettoyant-vitres-100ml\/\" \/>\n<meta property=\"og:locale\" content=\"fr_FR\" \/>\n<meta property=\"og:type\" content=\"article\" \/>\n<meta property=\"og:title\" content=\"Racoon SEE THROUGH Nettoyant vitres - 100ml - Racoon-Cleaner\" \/>\n<meta property=\"og:description\" content=\"Racoon SEE THROUGH Nettoyant vitres - 100ml\" \/>\n<meta property=\"og:url\" content=\"https:\/\/racoon-cleaner.nl\/fr\/product\/nettoyage-preparation\/nettoyants\/racoon-see-through-nettoyant-vitres-100ml\/\" \/>\n<meta property=\"og:site_name\" content=\"Racoon-Cleaner\" \/>\n<meta property=\"article:modified_time\" content=\"2020-04-09T08:05:08+00:00\" \/>\n<meta property=\"og:image\" content=\"https:\/\/i0.wp.com\/racoon-cleaner.nl\/wp-content\/uploads\/2020\/08\/RN_SEETRO100_1.jpg?fit=800%2C800&ssl=1\" \/>\n\t<meta property=\"og:image:width\" content=\"800\" \/>\n\t<meta property=\"og:image:height\" content=\"800\" \/>\n\t<meta property=\"og:image:type\" content=\"image\/jpeg\" \/>\n<meta name=\"twitter:card\" content=\"summary_large_image\" \/>\n<meta name=\"twitter:label1\" content=\"Dur\u00e9e de lecture estim\u00e9e\" \/>\n\t<meta name=\"twitter:data1\" content=\"2 minutes\" \/>\n<script type=\"application\/ld+json\" class=\"yoast-schema-graph\">{\"@context\":\"https:\\\/\\\/schema.org\",\"@graph\":[{\"@type\":\"WebPage\",\"@id\":\"https:\\\/\\\/racoon-cleaner.nl\\\/fr\\\/product\\\/nettoyage-preparation\\\/nettoyants\\\/racoon-see-through-nettoyant-vitres-100ml\\\/\",\"url\":\"https:\\\/\\\/racoon-cleaner.nl\\\/fr\\\/product\\\/nettoyage-preparation\\\/nettoyants\\\/racoon-see-through-nettoyant-vitres-100ml\\\/\",\"name\":\"Racoon SEE THROUGH Nettoyant vitres - 100ml - Racoon-Cleaner\",\"isPartOf\":{\"@id\":\"https:\\\/\\\/racoon-cleaner.nl\\\/fr\\\/#website\"},\"primaryImageOfPage\":{\"@id\":\"https:\\\/\\\/racoon-cleaner.nl\\\/fr\\\/product\\\/nettoyage-preparation\\\/nettoyants\\\/racoon-see-through-nettoyant-vitres-100ml\\\/#primaryimage\"},\"image\":{\"@id\":\"https:\\\/\\\/racoon-cleaner.nl\\\/fr\\\/product\\\/nettoyage-preparation\\\/nettoyants\\\/racoon-see-through-nettoyant-vitres-100ml\\\/#primaryimage\"},\"thumbnailUrl\":\"https:\\\/\\\/racoon-cleaner.nl\\\/wp-content\\\/uploads\\\/2020\\\/08\\\/RN_SEETRO100_1.jpg\",\"datePublished\":\"2020-04-09T08:04:17+00:00\",\"dateModified\":\"2020-04-09T08:05:08+00:00\",\"breadcrumb\":{\"@id\":\"https:\\\/\\\/racoon-cleaner.nl\\\/fr\\\/product\\\/nettoyage-preparation\\\/nettoyants\\\/racoon-see-through-nettoyant-vitres-100ml\\\/#breadcrumb\"},\"inLanguage\":\"fr-FR\",\"potentialAction\":[{\"@type\":\"ReadAction\",\"target\":[\"https:\\\/\\\/racoon-cleaner.nl\\\/fr\\\/product\\\/nettoyage-preparation\\\/nettoyants\\\/racoon-see-through-nettoyant-vitres-100ml\\\/\"]}]},{\"@type\":\"ImageObject\",\"inLanguage\":\"fr-FR\",\"@id\":\"https:\\\/\\\/racoon-cleaner.nl\\\/fr\\\/product\\\/nettoyage-preparation\\\/nettoyants\\\/racoon-see-through-nettoyant-vitres-100ml\\\/#primaryimage\",\"url\":\"https:\\\/\\\/racoon-cleaner.nl\\\/wp-content\\\/uploads\\\/2020\\\/08\\\/RN_SEETRO100_1.jpg\",\"contentUrl\":\"https:\\\/\\\/racoon-cleaner.nl\\\/wp-content\\\/uploads\\\/2020\\\/08\\\/RN_SEETRO100_1.jpg\",\"width\":800,\"height\":800},{\"@type\":\"BreadcrumbList\",\"@id\":\"https:\\\/\\\/racoon-cleaner.nl\\\/fr\\\/product\\\/nettoyage-preparation\\\/nettoyants\\\/racoon-see-through-nettoyant-vitres-100ml\\\/#breadcrumb\",\"itemListElement\":[{\"@type\":\"ListItem\",\"position\":1,\"name\":\"Home\",\"item\":\"https:\\\/\\\/racoon-cleaner.nl\\\/fr\\\/\"},{\"@type\":\"ListItem\",\"position\":2,\"name\":\"Boutique\",\"item\":\"https:\\\/\\\/racoon-cleaner.nl\\\/fr\\\/shop\\\/\"},{\"@type\":\"ListItem\",\"position\":3,\"name\":\"Racoon SEE THROUGH Nettoyant vitres &#8211; 100ml\"}]},{\"@type\":\"WebSite\",\"@id\":\"https:\\\/\\\/racoon-cleaner.nl\\\/fr\\\/#website\",\"url\":\"https:\\\/\\\/racoon-cleaner.nl\\\/fr\\\/\",\"name\":\"Racoon-cleaner\",\"description\":\"Reinigings- en verzorgingsproducten\",\"publisher\":{\"@id\":\"https:\\\/\\\/racoon-cleaner.nl\\\/fr\\\/#organization\"},\"potentialAction\":[{\"@type\":\"SearchAction\",\"target\":{\"@type\":\"EntryPoint\",\"urlTemplate\":\"https:\\\/\\\/racoon-cleaner.nl\\\/fr\\\/?s={search_term_string}\"},\"query-input\":{\"@type\":\"PropertyValueSpecification\",\"valueRequired\":true,\"valueName\":\"search_term_string\"}}],\"inLanguage\":\"fr-FR\"},{\"@type\":\"Organization\",\"@id\":\"https:\\\/\\\/racoon-cleaner.nl\\\/fr\\\/#organization\",\"name\":\"Racoon-Cleaner.nl\",\"url\":\"https:\\\/\\\/racoon-cleaner.nl\\\/fr\\\/\",\"logo\":{\"@type\":\"ImageObject\",\"inLanguage\":\"fr-FR\",\"@id\":\"https:\\\/\\\/racoon-cleaner.nl\\\/fr\\\/#\\\/schema\\\/logo\\\/image\\\/\",\"url\":\"https:\\\/\\\/i1.wp.com\\\/racoon-cleaner.nl\\\/wp-content\\\/uploads\\\/2019\\\/12\\\/racoon-logo.png?fit=757%2C754&ssl=1\",\"contentUrl\":\"https:\\\/\\\/i1.wp.com\\\/racoon-cleaner.nl\\\/wp-content\\\/uploads\\\/2019\\\/12\\\/racoon-logo.png?fit=757%2C754&ssl=1\",\"width\":757,\"height\":754,\"caption\":\"Racoon-Cleaner.nl\"},\"image\":{\"@id\":\"https:\\\/\\\/racoon-cleaner.nl\\\/fr\\\/#\\\/schema\\\/logo\\\/image\\\/\"}}]}<\/script>\n<!-- \/ Yoast SEO plugin. -->","yoast_head_json":{"title":"Racoon SEE THROUGH Nettoyant vitres - 100ml - Racoon-Cleaner","robots":{"index":"index","follow":"follow","max-snippet":"max-snippet:-1","max-image-preview":"max-image-preview:large","max-video-preview":"max-video-preview:-1"},"canonical":"https:\/\/racoon-cleaner.nl\/fr\/product\/nettoyage-preparation\/nettoyants\/racoon-see-through-nettoyant-vitres-100ml\/","og_locale":"fr_FR","og_type":"article","og_title":"Racoon SEE THROUGH Nettoyant vitres - 100ml - Racoon-Cleaner","og_description":"Racoon SEE THROUGH Nettoyant vitres - 100ml","og_url":"https:\/\/racoon-cleaner.nl\/fr\/product\/nettoyage-preparation\/nettoyants\/racoon-see-through-nettoyant-vitres-100ml\/","og_site_name":"Racoon-Cleaner","article_modified_time":"2020-04-09T08:05:08+00:00","og_image":[{"width":800,"height":800,"url":"https:\/\/i0.wp.com\/racoon-cleaner.nl\/wp-content\/uploads\/2020\/08\/RN_SEETRO100_1.jpg?fit=800%2C800&ssl=1","type":"image\/jpeg"}],"twitter_card":"summary_large_image","twitter_misc":{"Dur\u00e9e de lecture estim\u00e9e":"2 minutes"},"schema":{"@context":"https:\/\/schema.org","@graph":[{"@type":"WebPage","@id":"https:\/\/racoon-cleaner.nl\/fr\/product\/nettoyage-preparation\/nettoyants\/racoon-see-through-nettoyant-vitres-100ml\/","url":"https:\/\/racoon-cleaner.nl\/fr\/product\/nettoyage-preparation\/nettoyants\/racoon-see-through-nettoyant-vitres-100ml\/","name":"Racoon SEE THROUGH Nettoyant vitres - 100ml - Racoon-Cleaner","isPartOf":{"@id":"https:\/\/racoon-cleaner.nl\/fr\/#website"},"primaryImageOfPage":{"@id":"https:\/\/racoon-cleaner.nl\/fr\/product\/nettoyage-preparation\/nettoyants\/racoon-see-through-nettoyant-vitres-100ml\/#primaryimage"},"image":{"@id":"https:\/\/racoon-cleaner.nl\/fr\/product\/nettoyage-preparation\/nettoyants\/racoon-see-through-nettoyant-vitres-100ml\/#primaryimage"},"thumbnailUrl":"https:\/\/racoon-cleaner.nl\/wp-content\/uploads\/2020\/08\/RN_SEETRO100_1.jpg","datePublished":"2020-04-09T08:04:17+00:00","dateModified":"2020-04-09T08:05:08+00:00","breadcrumb":{"@id":"https:\/\/racoon-cleaner.nl\/fr\/product\/nettoyage-preparation\/nettoyants\/racoon-see-through-nettoyant-vitres-100ml\/#breadcrumb"},"inLanguage":"fr-FR","potentialAction":[{"@type":"ReadAction","target":["https:\/\/racoon-cleaner.nl\/fr\/product\/nettoyage-preparation\/nettoyants\/racoon-see-through-nettoyant-vitres-100ml\/"]}]},{"@type":"ImageObject","inLanguage":"fr-FR","@id":"https:\/\/racoon-cleaner.nl\/fr\/product\/nettoyage-preparation\/nettoyants\/racoon-see-through-nettoyant-vitres-100ml\/#primaryimage","url":"https:\/\/racoon-cleaner.nl\/wp-content\/uploads\/2020\/08\/RN_SEETRO100_1.jpg","contentUrl":"https:\/\/racoon-cleaner.nl\/wp-content\/uploads\/2020\/08\/RN_SEETRO100_1.jpg","width":800,"height":800},{"@type":"BreadcrumbList","@id":"https:\/\/racoon-cleaner.nl\/fr\/product\/nettoyage-preparation\/nettoyants\/racoon-see-through-nettoyant-vitres-100ml\/#breadcrumb","itemListElement":[{"@type":"ListItem","position":1,"name":"Home","item":"https:\/\/racoon-cleaner.nl\/fr\/"},{"@type":"ListItem","position":2,"name":"Boutique","item":"https:\/\/racoon-cleaner.nl\/fr\/shop\/"},{"@type":"ListItem","position":3,"name":"Racoon SEE THROUGH Nettoyant vitres &#8211; 100ml"}]},{"@type":"WebSite","@id":"https:\/\/racoon-cleaner.nl\/fr\/#website","url":"https:\/\/racoon-cleaner.nl\/fr\/","name":"Racoon-cleaner","description":"Reinigings- en verzorgingsproducten","publisher":{"@id":"https:\/\/racoon-cleaner.nl\/fr\/#organization"},"potentialAction":[{"@type":"SearchAction","target":{"@type":"EntryPoint","urlTemplate":"https:\/\/racoon-cleaner.nl\/fr\/?s={search_term_string}"},"query-input":{"@type":"PropertyValueSpecification","valueRequired":true,"valueName":"search_term_string"}}],"inLanguage":"fr-FR"},{"@type":"Organization","@id":"https:\/\/racoon-cleaner.nl\/fr\/#organization","name":"Racoon-Cleaner.nl","url":"https:\/\/racoon-cleaner.nl\/fr\/","logo":{"@type":"ImageObject","inLanguage":"fr-FR","@id":"https:\/\/racoon-cleaner.nl\/fr\/#\/schema\/logo\/image\/","url":"https:\/\/i1.wp.com\/racoon-cleaner.nl\/wp-content\/uploads\/2019\/12\/racoon-logo.png?fit=757%2C754&ssl=1","contentUrl":"https:\/\/i1.wp.com\/racoon-cleaner.nl\/wp-content\/uploads\/2019\/12\/racoon-logo.png?fit=757%2C754&ssl=1","width":757,"height":754,"caption":"Racoon-Cleaner.nl"},"image":{"@id":"https:\/\/racoon-cleaner.nl\/fr\/#\/schema\/logo\/image\/"}}]}},"jetpack_sharing_enabled":true,"_links":{"self":[{"href":"https:\/\/racoon-cleaner.nl\/fr\/wp-json\/wp\/v2\/product\/2170","targetHints":{"allow":["GET"]}}],"collection":[{"href":"https:\/\/racoon-cleaner.nl\/fr\/wp-json\/wp\/v2\/product"}],"about":[{"href":"https:\/\/racoon-cleaner.nl\/fr\/wp-json\/wp\/v2\/types\/product"}],"replies":[{"embeddable":true,"href":"https:\/\/racoon-cleaner.nl\/fr\/wp-json\/wp\/v2\/comments?post=2170"}],"wp:featuredmedia":[{"embeddable":true,"href":"https:\/\/racoon-cleaner.nl\/fr\/wp-json\/wp\/v2\/media\/4913"}],"wp:attachment":[{"href":"https:\/\/racoon-cleaner.nl\/fr\/wp-json\/wp\/v2\/media?parent=2170"}],"wp:term":[{"taxonomy":"product_brand","embeddable":true,"href":"https:\/\/racoon-cleaner.nl\/fr\/wp-json\/wp\/v2\/product_brand?post=2170"},{"taxonomy":"product_cat","embeddable":true,"href":"https:\/\/racoon-cleaner.nl\/fr\/wp-json\/wp\/v2\/product_cat?post=2170"},{"taxonomy":"product_tag","embeddable":true,"href":"https:\/\/racoon-cleaner.nl\/fr\/wp-json\/wp\/v2\/product_tag?post=2170"}],"curies":[{"name":"wp","href":"https:\/\/api.w.org\/{rel}","templated":true}]}}