{"id":2179,"date":"2020-08-07T15:47:55","date_gmt":"2020-04-09T08:05:12","guid":{"rendered":"https:\/\/racoon-cleaner.nl\/product\/racoon-trim-gloss-dressing-plastique-exterieur-100ml\/"},"modified":"2020-04-09T08:05:45","modified_gmt":"2020-04-09T08:05:45","slug":"racoon-trim-gloss-dressing-plastique-exterieur-100ml","status":"publish","type":"product","link":"https:\/\/racoon-cleaner.nl\/fr\/product\/interieur-fr\/plastique-caoutchouc-vinyl\/racoon-trim-gloss-dressing-plastique-exterieur-100ml\/","title":{"rendered":"Racoon TRIM GLOSS Dressing plastique \/ exterieur &#8211; 100ml"},"content":{"rendered":"<p># TRIM GLOSS  Entretien-Protection plastiques ext\u00e9rieurs<\/p>\n<p>Les plastiques sont prot\u00e9g\u00e9s et la couleur est rafra\u00eechie &#8211; Enti\u00e8rement exempt de silicone !<br \/>\nCe produit tr\u00e8s \u00e9conomique a un effet rafra\u00eechissant intensif sur les parties en plastique d\u00e9j\u00e0 d\u00e9color\u00e9es et fatigu\u00e9es. Il est \u00e9galement antisalissant et prot\u00e8ge contre les UV sur tous les plastiques peints et mats dans les zones ext\u00e9rieures. Racoon TRIM GLOSS prot\u00e8ge vraiment de mani\u00e8re optimale contre la d\u00e9coloration et la fragilisation des mat\u00e9riaux et forme un fini mat naturel avec une longue dur\u00e9e de vie !<\/p>\n<p>&#8211; Efficace, mais respectueux de la mati\u00e8re et de l&rsquo;environnement !<\/p>\n<p>Disponible en bouteilles de 100ml et 500ml !<\/p>\n<p>Ne pas utiliser en plein soleil ou sur des surfaces chaudes ! Ne pas utiliser sur du verre !<br \/>\nNous recommandons de porter des gants jetables !<\/p>\n<p>Bien agiter avant de l&rsquo;utiliser ! La surface \u00e0 traiter doit \u00eatre s\u00e8che et propre !<br \/>\nAppliquer uniform\u00e9ment et avec parcimonie avec une \u00e9ponge \u00e0 pores fins ou un chiffon et laisser s\u00e9cher!<\/p>\n<span class=\"et_bloom_bottom_trigger\"><\/span>","protected":false},"excerpt":{"rendered":"<p>Racoon TRIM GLOSS Dressing plastique \/ exterieur &#8211; 100ml<\/p>\n","protected":false},"featured_media":5061,"comment_status":"closed","ping_status":"open","template":"","meta":{"_et_pb_use_builder":"","_et_pb_old_content":"","_et_gb_content_width":""},"product_brand":[],"product_cat":[336,360],"product_tag":[188],"class_list":{"0":"post-2179","1":"product","2":"type-product","3":"status-publish","4":"has-post-thumbnail","6":"product_cat-divers","7":"product_cat-plastique-caoutchouc-vinyl","8":"product_tag-shampoing-voiture","9":"pa_kleur-noir","10":"pa_materiaal-liquide","12":"first","13":"instock","14":"taxable","15":"shipping-taxable","16":"purchasable","17":"product-type-simple"},"yoast_head":"<!-- This site is optimized with the Yoast SEO plugin v27.3 - https:\/\/yoast.com\/product\/yoast-seo-wordpress\/ -->\n<title>Racoon TRIM GLOSS Dressing plastique \/ exterieur - 100ml - Racoon-Cleaner<\/title>\n<meta name=\"robots\" content=\"index, follow, max-snippet:-1, max-image-preview:large, max-video-preview:-1\" \/>\n<link rel=\"canonical\" href=\"https:\/\/racoon-cleaner.nl\/fr\/product\/interieur-fr\/plastique-caoutchouc-vinyl\/racoon-trim-gloss-dressing-plastique-exterieur-100ml\/\" \/>\n<meta property=\"og:locale\" content=\"fr_FR\" \/>\n<meta property=\"og:type\" content=\"article\" \/>\n<meta property=\"og:title\" content=\"Racoon TRIM GLOSS Dressing plastique \/ exterieur - 100ml - Racoon-Cleaner\" \/>\n<meta property=\"og:description\" content=\"Racoon TRIM GLOSS Dressing plastique \/ exterieur - 100ml\" \/>\n<meta property=\"og:url\" content=\"https:\/\/racoon-cleaner.nl\/fr\/product\/interieur-fr\/plastique-caoutchouc-vinyl\/racoon-trim-gloss-dressing-plastique-exterieur-100ml\/\" \/>\n<meta property=\"og:site_name\" content=\"Racoon-Cleaner\" \/>\n<meta property=\"article:modified_time\" content=\"2020-04-09T08:05:45+00:00\" \/>\n<meta property=\"og:image\" content=\"https:\/\/i2.wp.com\/racoon-cleaner.nl\/wp-content\/uploads\/2020\/08\/RN_TRIGLO100_1.jpg?fit=800%2C800&ssl=1\" \/>\n\t<meta property=\"og:image:width\" content=\"800\" \/>\n\t<meta property=\"og:image:height\" content=\"800\" \/>\n\t<meta property=\"og:image:type\" content=\"image\/jpeg\" \/>\n<meta name=\"twitter:card\" content=\"summary_large_image\" \/>\n<meta name=\"twitter:label1\" content=\"Dur\u00e9e de lecture estim\u00e9e\" \/>\n\t<meta name=\"twitter:data1\" content=\"1 minute\" \/>\n<script type=\"application\/ld+json\" class=\"yoast-schema-graph\">{\"@context\":\"https:\\\/\\\/schema.org\",\"@graph\":[{\"@type\":\"WebPage\",\"@id\":\"https:\\\/\\\/racoon-cleaner.nl\\\/fr\\\/product\\\/interieur-fr\\\/plastique-caoutchouc-vinyl\\\/racoon-trim-gloss-dressing-plastique-exterieur-100ml\\\/\",\"url\":\"https:\\\/\\\/racoon-cleaner.nl\\\/fr\\\/product\\\/interieur-fr\\\/plastique-caoutchouc-vinyl\\\/racoon-trim-gloss-dressing-plastique-exterieur-100ml\\\/\",\"name\":\"Racoon TRIM GLOSS Dressing plastique \\\/ exterieur - 100ml - Racoon-Cleaner\",\"isPartOf\":{\"@id\":\"https:\\\/\\\/racoon-cleaner.nl\\\/fr\\\/#website\"},\"primaryImageOfPage\":{\"@id\":\"https:\\\/\\\/racoon-cleaner.nl\\\/fr\\\/product\\\/interieur-fr\\\/plastique-caoutchouc-vinyl\\\/racoon-trim-gloss-dressing-plastique-exterieur-100ml\\\/#primaryimage\"},\"image\":{\"@id\":\"https:\\\/\\\/racoon-cleaner.nl\\\/fr\\\/product\\\/interieur-fr\\\/plastique-caoutchouc-vinyl\\\/racoon-trim-gloss-dressing-plastique-exterieur-100ml\\\/#primaryimage\"},\"thumbnailUrl\":\"https:\\\/\\\/racoon-cleaner.nl\\\/wp-content\\\/uploads\\\/2020\\\/08\\\/RN_TRIGLO100_1.jpg\",\"datePublished\":\"2020-04-09T08:05:12+00:00\",\"dateModified\":\"2020-04-09T08:05:45+00:00\",\"breadcrumb\":{\"@id\":\"https:\\\/\\\/racoon-cleaner.nl\\\/fr\\\/product\\\/interieur-fr\\\/plastique-caoutchouc-vinyl\\\/racoon-trim-gloss-dressing-plastique-exterieur-100ml\\\/#breadcrumb\"},\"inLanguage\":\"fr-FR\",\"potentialAction\":[{\"@type\":\"ReadAction\",\"target\":[\"https:\\\/\\\/racoon-cleaner.nl\\\/fr\\\/product\\\/interieur-fr\\\/plastique-caoutchouc-vinyl\\\/racoon-trim-gloss-dressing-plastique-exterieur-100ml\\\/\"]}]},{\"@type\":\"ImageObject\",\"inLanguage\":\"fr-FR\",\"@id\":\"https:\\\/\\\/racoon-cleaner.nl\\\/fr\\\/product\\\/interieur-fr\\\/plastique-caoutchouc-vinyl\\\/racoon-trim-gloss-dressing-plastique-exterieur-100ml\\\/#primaryimage\",\"url\":\"https:\\\/\\\/racoon-cleaner.nl\\\/wp-content\\\/uploads\\\/2020\\\/08\\\/RN_TRIGLO100_1.jpg\",\"contentUrl\":\"https:\\\/\\\/racoon-cleaner.nl\\\/wp-content\\\/uploads\\\/2020\\\/08\\\/RN_TRIGLO100_1.jpg\",\"width\":800,\"height\":800},{\"@type\":\"BreadcrumbList\",\"@id\":\"https:\\\/\\\/racoon-cleaner.nl\\\/fr\\\/product\\\/interieur-fr\\\/plastique-caoutchouc-vinyl\\\/racoon-trim-gloss-dressing-plastique-exterieur-100ml\\\/#breadcrumb\",\"itemListElement\":[{\"@type\":\"ListItem\",\"position\":1,\"name\":\"Home\",\"item\":\"https:\\\/\\\/racoon-cleaner.nl\\\/fr\\\/\"},{\"@type\":\"ListItem\",\"position\":2,\"name\":\"Boutique\",\"item\":\"https:\\\/\\\/racoon-cleaner.nl\\\/fr\\\/shop\\\/\"},{\"@type\":\"ListItem\",\"position\":3,\"name\":\"Racoon TRIM GLOSS Dressing plastique \\\/ exterieur &#8211; 100ml\"}]},{\"@type\":\"WebSite\",\"@id\":\"https:\\\/\\\/racoon-cleaner.nl\\\/fr\\\/#website\",\"url\":\"https:\\\/\\\/racoon-cleaner.nl\\\/fr\\\/\",\"name\":\"Racoon-cleaner\",\"description\":\"Reinigings- en verzorgingsproducten\",\"publisher\":{\"@id\":\"https:\\\/\\\/racoon-cleaner.nl\\\/fr\\\/#organization\"},\"potentialAction\":[{\"@type\":\"SearchAction\",\"target\":{\"@type\":\"EntryPoint\",\"urlTemplate\":\"https:\\\/\\\/racoon-cleaner.nl\\\/fr\\\/?s={search_term_string}\"},\"query-input\":{\"@type\":\"PropertyValueSpecification\",\"valueRequired\":true,\"valueName\":\"search_term_string\"}}],\"inLanguage\":\"fr-FR\"},{\"@type\":\"Organization\",\"@id\":\"https:\\\/\\\/racoon-cleaner.nl\\\/fr\\\/#organization\",\"name\":\"Racoon-Cleaner.nl\",\"url\":\"https:\\\/\\\/racoon-cleaner.nl\\\/fr\\\/\",\"logo\":{\"@type\":\"ImageObject\",\"inLanguage\":\"fr-FR\",\"@id\":\"https:\\\/\\\/racoon-cleaner.nl\\\/fr\\\/#\\\/schema\\\/logo\\\/image\\\/\",\"url\":\"https:\\\/\\\/i1.wp.com\\\/racoon-cleaner.nl\\\/wp-content\\\/uploads\\\/2019\\\/12\\\/racoon-logo.png?fit=757%2C754&ssl=1\",\"contentUrl\":\"https:\\\/\\\/i1.wp.com\\\/racoon-cleaner.nl\\\/wp-content\\\/uploads\\\/2019\\\/12\\\/racoon-logo.png?fit=757%2C754&ssl=1\",\"width\":757,\"height\":754,\"caption\":\"Racoon-Cleaner.nl\"},\"image\":{\"@id\":\"https:\\\/\\\/racoon-cleaner.nl\\\/fr\\\/#\\\/schema\\\/logo\\\/image\\\/\"}}]}<\/script>\n<!-- \/ Yoast SEO plugin. -->","yoast_head_json":{"title":"Racoon TRIM GLOSS Dressing plastique \/ exterieur - 100ml - Racoon-Cleaner","robots":{"index":"index","follow":"follow","max-snippet":"max-snippet:-1","max-image-preview":"max-image-preview:large","max-video-preview":"max-video-preview:-1"},"canonical":"https:\/\/racoon-cleaner.nl\/fr\/product\/interieur-fr\/plastique-caoutchouc-vinyl\/racoon-trim-gloss-dressing-plastique-exterieur-100ml\/","og_locale":"fr_FR","og_type":"article","og_title":"Racoon TRIM GLOSS Dressing plastique \/ exterieur - 100ml - Racoon-Cleaner","og_description":"Racoon TRIM GLOSS Dressing plastique \/ exterieur - 100ml","og_url":"https:\/\/racoon-cleaner.nl\/fr\/product\/interieur-fr\/plastique-caoutchouc-vinyl\/racoon-trim-gloss-dressing-plastique-exterieur-100ml\/","og_site_name":"Racoon-Cleaner","article_modified_time":"2020-04-09T08:05:45+00:00","og_image":[{"width":800,"height":800,"url":"https:\/\/i2.wp.com\/racoon-cleaner.nl\/wp-content\/uploads\/2020\/08\/RN_TRIGLO100_1.jpg?fit=800%2C800&ssl=1","type":"image\/jpeg"}],"twitter_card":"summary_large_image","twitter_misc":{"Dur\u00e9e de lecture estim\u00e9e":"1 minute"},"schema":{"@context":"https:\/\/schema.org","@graph":[{"@type":"WebPage","@id":"https:\/\/racoon-cleaner.nl\/fr\/product\/interieur-fr\/plastique-caoutchouc-vinyl\/racoon-trim-gloss-dressing-plastique-exterieur-100ml\/","url":"https:\/\/racoon-cleaner.nl\/fr\/product\/interieur-fr\/plastique-caoutchouc-vinyl\/racoon-trim-gloss-dressing-plastique-exterieur-100ml\/","name":"Racoon TRIM GLOSS Dressing plastique \/ exterieur - 100ml - Racoon-Cleaner","isPartOf":{"@id":"https:\/\/racoon-cleaner.nl\/fr\/#website"},"primaryImageOfPage":{"@id":"https:\/\/racoon-cleaner.nl\/fr\/product\/interieur-fr\/plastique-caoutchouc-vinyl\/racoon-trim-gloss-dressing-plastique-exterieur-100ml\/#primaryimage"},"image":{"@id":"https:\/\/racoon-cleaner.nl\/fr\/product\/interieur-fr\/plastique-caoutchouc-vinyl\/racoon-trim-gloss-dressing-plastique-exterieur-100ml\/#primaryimage"},"thumbnailUrl":"https:\/\/racoon-cleaner.nl\/wp-content\/uploads\/2020\/08\/RN_TRIGLO100_1.jpg","datePublished":"2020-04-09T08:05:12+00:00","dateModified":"2020-04-09T08:05:45+00:00","breadcrumb":{"@id":"https:\/\/racoon-cleaner.nl\/fr\/product\/interieur-fr\/plastique-caoutchouc-vinyl\/racoon-trim-gloss-dressing-plastique-exterieur-100ml\/#breadcrumb"},"inLanguage":"fr-FR","potentialAction":[{"@type":"ReadAction","target":["https:\/\/racoon-cleaner.nl\/fr\/product\/interieur-fr\/plastique-caoutchouc-vinyl\/racoon-trim-gloss-dressing-plastique-exterieur-100ml\/"]}]},{"@type":"ImageObject","inLanguage":"fr-FR","@id":"https:\/\/racoon-cleaner.nl\/fr\/product\/interieur-fr\/plastique-caoutchouc-vinyl\/racoon-trim-gloss-dressing-plastique-exterieur-100ml\/#primaryimage","url":"https:\/\/racoon-cleaner.nl\/wp-content\/uploads\/2020\/08\/RN_TRIGLO100_1.jpg","contentUrl":"https:\/\/racoon-cleaner.nl\/wp-content\/uploads\/2020\/08\/RN_TRIGLO100_1.jpg","width":800,"height":800},{"@type":"BreadcrumbList","@id":"https:\/\/racoon-cleaner.nl\/fr\/product\/interieur-fr\/plastique-caoutchouc-vinyl\/racoon-trim-gloss-dressing-plastique-exterieur-100ml\/#breadcrumb","itemListElement":[{"@type":"ListItem","position":1,"name":"Home","item":"https:\/\/racoon-cleaner.nl\/fr\/"},{"@type":"ListItem","position":2,"name":"Boutique","item":"https:\/\/racoon-cleaner.nl\/fr\/shop\/"},{"@type":"ListItem","position":3,"name":"Racoon TRIM GLOSS Dressing plastique \/ exterieur &#8211; 100ml"}]},{"@type":"WebSite","@id":"https:\/\/racoon-cleaner.nl\/fr\/#website","url":"https:\/\/racoon-cleaner.nl\/fr\/","name":"Racoon-cleaner","description":"Reinigings- en verzorgingsproducten","publisher":{"@id":"https:\/\/racoon-cleaner.nl\/fr\/#organization"},"potentialAction":[{"@type":"SearchAction","target":{"@type":"EntryPoint","urlTemplate":"https:\/\/racoon-cleaner.nl\/fr\/?s={search_term_string}"},"query-input":{"@type":"PropertyValueSpecification","valueRequired":true,"valueName":"search_term_string"}}],"inLanguage":"fr-FR"},{"@type":"Organization","@id":"https:\/\/racoon-cleaner.nl\/fr\/#organization","name":"Racoon-Cleaner.nl","url":"https:\/\/racoon-cleaner.nl\/fr\/","logo":{"@type":"ImageObject","inLanguage":"fr-FR","@id":"https:\/\/racoon-cleaner.nl\/fr\/#\/schema\/logo\/image\/","url":"https:\/\/i1.wp.com\/racoon-cleaner.nl\/wp-content\/uploads\/2019\/12\/racoon-logo.png?fit=757%2C754&ssl=1","contentUrl":"https:\/\/i1.wp.com\/racoon-cleaner.nl\/wp-content\/uploads\/2019\/12\/racoon-logo.png?fit=757%2C754&ssl=1","width":757,"height":754,"caption":"Racoon-Cleaner.nl"},"image":{"@id":"https:\/\/racoon-cleaner.nl\/fr\/#\/schema\/logo\/image\/"}}]}},"jetpack_sharing_enabled":true,"_links":{"self":[{"href":"https:\/\/racoon-cleaner.nl\/fr\/wp-json\/wp\/v2\/product\/2179","targetHints":{"allow":["GET"]}}],"collection":[{"href":"https:\/\/racoon-cleaner.nl\/fr\/wp-json\/wp\/v2\/product"}],"about":[{"href":"https:\/\/racoon-cleaner.nl\/fr\/wp-json\/wp\/v2\/types\/product"}],"replies":[{"embeddable":true,"href":"https:\/\/racoon-cleaner.nl\/fr\/wp-json\/wp\/v2\/comments?post=2179"}],"wp:featuredmedia":[{"embeddable":true,"href":"https:\/\/racoon-cleaner.nl\/fr\/wp-json\/wp\/v2\/media\/5061"}],"wp:attachment":[{"href":"https:\/\/racoon-cleaner.nl\/fr\/wp-json\/wp\/v2\/media?parent=2179"}],"wp:term":[{"taxonomy":"product_brand","embeddable":true,"href":"https:\/\/racoon-cleaner.nl\/fr\/wp-json\/wp\/v2\/product_brand?post=2179"},{"taxonomy":"product_cat","embeddable":true,"href":"https:\/\/racoon-cleaner.nl\/fr\/wp-json\/wp\/v2\/product_cat?post=2179"},{"taxonomy":"product_tag","embeddable":true,"href":"https:\/\/racoon-cleaner.nl\/fr\/wp-json\/wp\/v2\/product_tag?post=2179"}],"curies":[{"name":"wp","href":"https:\/\/api.w.org\/{rel}","templated":true}]}}