{"id":2181,"date":"2020-08-07T15:47:55","date_gmt":"2020-04-09T08:05:12","guid":{"rendered":"https:\/\/racoon-cleaner.nl\/product\/racoon-ultimate-shine-quick-detailer-nettoyage-rapide-5000ml\/"},"modified":"2020-04-09T08:05:49","modified_gmt":"2020-04-09T08:05:49","slug":"racoon-ultimate-shine-quick-detailer-nettoyage-rapide-5000ml","status":"publish","type":"product","link":"https:\/\/racoon-cleaner.nl\/fr\/product\/detailers-fr\/racoon-ultimate-shine-quick-detailer-nettoyage-rapide-5000ml\/","title":{"rendered":"Racoon ULTIMATE SHINE Quick Detailer \/ Nettoyage rapide &#8211; 5000ml"},"content":{"rendered":"<p># ULTIMATE SHINE  Quick Detailer<\/p>\n<p>Une brillance rapide et ultime en profondeur et une protection hydrophobe de la surface !<\/p>\n<p>Ce nettoyant rapide \u00e0 base d&rsquo;eau et respectueux de l&rsquo;environnement nettoie rapidement et en douceur toutes les salissures courantes \u00e0 l&rsquo;ext\u00e9rieur du v\u00e9hicule (sur la peinture, le verre, le chrome, le plastique), de mani\u00e8re efficace et s\u00fbre !  Des additifs innovants am\u00e9liorent simultan\u00e9ment la brillance et donnent \u00e0 la peinture une incroyable douceur ! La protection est ainsi \u00e9galement optimis\u00e9e et retarde ainsi une nouvelle salissure rapide !<\/p>\n<p>Les scellants et les couches de cire existantes ne sont pas attaqu\u00e9s,<br \/>\nau contraire &#8211; la durabilit\u00e9 est optimis\u00e9e et les surfaces restent prot\u00e9g\u00e9es encore plus longtemps.<\/p>\n<p>ULTIMATE SHINE pour une finition parfaite et brillante !<\/p>\n<p>&#8211; Tr\u00e8s productif et universel &#8211; sans eau ni \u00e9ponge !<br \/>\n&#8211; Nettoyer, soigner et conserver en douceur en une seule op\u00e9ration !<br \/>\n&#8211; NOUVEAU ! Maintenant avec une parfum de &lsquo;P\u00eache&rsquo; douce et m\u00fbre !<\/p>\n<p>Disponible en bouteilles de 100ml et 500ml, ainsi qu&rsquo;en bidons de 5L, 10L et 20L !<\/p>\n<p>Ne jamais utiliser en plein soleil ou sur des surfaces chaudes !<br \/>\nBien agiter avant utilisation ! Nous vous recommandons de porter des gants jetables !<\/p>\n<p>Vaporiser le produit avec parcimonie sur un chiffon doux en microfibres ou directement en couche mince sur la surface et r\u00e9partir soigneusement en mouvements circulaires sans exercer de pression. Apr\u00e8s un court temps de contact, essuyer la surface trait\u00e9e avec un chiffon en microfibre propre et sec. Les particules de salet\u00e9 sont li\u00e9es par les principes actifs contenus dans le nettoyant et adh\u00e8rent au chiffon.<\/p>\n<p>L\u2019astuce de Racoon:<br \/>\nVaporisez un peu de # Racoon ULTIMATE SHINE directement sur le microfibre de s\u00e9chage !<br \/>\nLe tissu glisse alors beaucoup mieux sur la surface mouill\u00e9e du v\u00e9hicule et garantit en<br \/>\nm\u00eame temps un s\u00e9chage vraiment sans traces et surtout brillant !<\/p>\n<span class=\"et_bloom_bottom_trigger\"><\/span>","protected":false},"excerpt":{"rendered":"<p>Racoon ULTIMATE SHINE Quick Detailer \/ Nettoyage rapide &#8211; 5000ml<\/p>\n","protected":false},"featured_media":5085,"comment_status":"closed","ping_status":"open","template":"","meta":{"_et_pb_use_builder":"","_et_pb_old_content":"","_et_gb_content_width":""},"product_brand":[],"product_cat":[333],"product_tag":[188],"class_list":{"0":"post-2181","1":"product","2":"type-product","3":"status-publish","4":"has-post-thumbnail","6":"product_cat-detailers-fr","7":"product_tag-shampoing-voiture","8":"pa_kleur-orange-fr","9":"pa_materiaal-liquide","11":"first","12":"instock","13":"taxable","14":"shipping-taxable","15":"purchasable","16":"product-type-simple"},"yoast_head":"<!-- This site is optimized with the Yoast SEO plugin v27.4 - https:\/\/yoast.com\/product\/yoast-seo-wordpress\/ -->\n<title>Racoon ULTIMATE SHINE Quick Detailer \/ Nettoyage rapide - 5000ml - Racoon-Cleaner<\/title>\n<meta name=\"robots\" content=\"index, follow, max-snippet:-1, max-image-preview:large, max-video-preview:-1\" \/>\n<link rel=\"canonical\" href=\"https:\/\/racoon-cleaner.nl\/fr\/product\/detailers-fr\/racoon-ultimate-shine-quick-detailer-nettoyage-rapide-5000ml\/\" \/>\n<meta property=\"og:locale\" content=\"fr_FR\" \/>\n<meta property=\"og:type\" content=\"article\" \/>\n<meta property=\"og:title\" content=\"Racoon ULTIMATE SHINE Quick Detailer \/ Nettoyage rapide - 5000ml - Racoon-Cleaner\" \/>\n<meta property=\"og:description\" content=\"Racoon ULTIMATE SHINE Quick Detailer \/ Nettoyage rapide - 5000ml\" \/>\n<meta property=\"og:url\" content=\"https:\/\/racoon-cleaner.nl\/fr\/product\/detailers-fr\/racoon-ultimate-shine-quick-detailer-nettoyage-rapide-5000ml\/\" \/>\n<meta property=\"og:site_name\" content=\"Racoon-Cleaner\" \/>\n<meta property=\"article:modified_time\" content=\"2020-04-09T08:05:49+00:00\" \/>\n<meta property=\"og:image\" content=\"https:\/\/i0.wp.com\/racoon-cleaner.nl\/wp-content\/uploads\/2020\/08\/RN_ULTSHI5_1.jpg?fit=800%2C800&ssl=1\" \/>\n\t<meta property=\"og:image:width\" content=\"800\" \/>\n\t<meta property=\"og:image:height\" content=\"800\" \/>\n\t<meta property=\"og:image:type\" content=\"image\/jpeg\" \/>\n<meta name=\"twitter:card\" content=\"summary_large_image\" \/>\n<meta name=\"twitter:label1\" content=\"Dur\u00e9e de lecture estim\u00e9e\" \/>\n\t<meta name=\"twitter:data1\" content=\"2 minutes\" \/>\n<script type=\"application\/ld+json\" class=\"yoast-schema-graph\">{\"@context\":\"https:\\\/\\\/schema.org\",\"@graph\":[{\"@type\":\"WebPage\",\"@id\":\"https:\\\/\\\/racoon-cleaner.nl\\\/fr\\\/product\\\/detailers-fr\\\/racoon-ultimate-shine-quick-detailer-nettoyage-rapide-5000ml\\\/\",\"url\":\"https:\\\/\\\/racoon-cleaner.nl\\\/fr\\\/product\\\/detailers-fr\\\/racoon-ultimate-shine-quick-detailer-nettoyage-rapide-5000ml\\\/\",\"name\":\"Racoon ULTIMATE SHINE Quick Detailer \\\/ Nettoyage rapide - 5000ml - Racoon-Cleaner\",\"isPartOf\":{\"@id\":\"https:\\\/\\\/racoon-cleaner.nl\\\/fr\\\/#website\"},\"primaryImageOfPage\":{\"@id\":\"https:\\\/\\\/racoon-cleaner.nl\\\/fr\\\/product\\\/detailers-fr\\\/racoon-ultimate-shine-quick-detailer-nettoyage-rapide-5000ml\\\/#primaryimage\"},\"image\":{\"@id\":\"https:\\\/\\\/racoon-cleaner.nl\\\/fr\\\/product\\\/detailers-fr\\\/racoon-ultimate-shine-quick-detailer-nettoyage-rapide-5000ml\\\/#primaryimage\"},\"thumbnailUrl\":\"https:\\\/\\\/racoon-cleaner.nl\\\/wp-content\\\/uploads\\\/2020\\\/08\\\/RN_ULTSHI5_1.jpg\",\"datePublished\":\"2020-04-09T08:05:12+00:00\",\"dateModified\":\"2020-04-09T08:05:49+00:00\",\"breadcrumb\":{\"@id\":\"https:\\\/\\\/racoon-cleaner.nl\\\/fr\\\/product\\\/detailers-fr\\\/racoon-ultimate-shine-quick-detailer-nettoyage-rapide-5000ml\\\/#breadcrumb\"},\"inLanguage\":\"fr-FR\",\"potentialAction\":[{\"@type\":\"ReadAction\",\"target\":[\"https:\\\/\\\/racoon-cleaner.nl\\\/fr\\\/product\\\/detailers-fr\\\/racoon-ultimate-shine-quick-detailer-nettoyage-rapide-5000ml\\\/\"]}]},{\"@type\":\"ImageObject\",\"inLanguage\":\"fr-FR\",\"@id\":\"https:\\\/\\\/racoon-cleaner.nl\\\/fr\\\/product\\\/detailers-fr\\\/racoon-ultimate-shine-quick-detailer-nettoyage-rapide-5000ml\\\/#primaryimage\",\"url\":\"https:\\\/\\\/racoon-cleaner.nl\\\/wp-content\\\/uploads\\\/2020\\\/08\\\/RN_ULTSHI5_1.jpg\",\"contentUrl\":\"https:\\\/\\\/racoon-cleaner.nl\\\/wp-content\\\/uploads\\\/2020\\\/08\\\/RN_ULTSHI5_1.jpg\",\"width\":800,\"height\":800},{\"@type\":\"BreadcrumbList\",\"@id\":\"https:\\\/\\\/racoon-cleaner.nl\\\/fr\\\/product\\\/detailers-fr\\\/racoon-ultimate-shine-quick-detailer-nettoyage-rapide-5000ml\\\/#breadcrumb\",\"itemListElement\":[{\"@type\":\"ListItem\",\"position\":1,\"name\":\"Home\",\"item\":\"https:\\\/\\\/racoon-cleaner.nl\\\/fr\\\/\"},{\"@type\":\"ListItem\",\"position\":2,\"name\":\"Boutique\",\"item\":\"https:\\\/\\\/racoon-cleaner.nl\\\/fr\\\/shop\\\/\"},{\"@type\":\"ListItem\",\"position\":3,\"name\":\"Racoon ULTIMATE SHINE Quick Detailer \\\/ Nettoyage rapide &#8211; 5000ml\"}]},{\"@type\":\"WebSite\",\"@id\":\"https:\\\/\\\/racoon-cleaner.nl\\\/fr\\\/#website\",\"url\":\"https:\\\/\\\/racoon-cleaner.nl\\\/fr\\\/\",\"name\":\"Racoon-cleaner\",\"description\":\"Reinigings- en verzorgingsproducten\",\"publisher\":{\"@id\":\"https:\\\/\\\/racoon-cleaner.nl\\\/fr\\\/#organization\"},\"potentialAction\":[{\"@type\":\"SearchAction\",\"target\":{\"@type\":\"EntryPoint\",\"urlTemplate\":\"https:\\\/\\\/racoon-cleaner.nl\\\/fr\\\/?s={search_term_string}\"},\"query-input\":{\"@type\":\"PropertyValueSpecification\",\"valueRequired\":true,\"valueName\":\"search_term_string\"}}],\"inLanguage\":\"fr-FR\"},{\"@type\":\"Organization\",\"@id\":\"https:\\\/\\\/racoon-cleaner.nl\\\/fr\\\/#organization\",\"name\":\"Racoon-Cleaner.nl\",\"url\":\"https:\\\/\\\/racoon-cleaner.nl\\\/fr\\\/\",\"logo\":{\"@type\":\"ImageObject\",\"inLanguage\":\"fr-FR\",\"@id\":\"https:\\\/\\\/racoon-cleaner.nl\\\/fr\\\/#\\\/schema\\\/logo\\\/image\\\/\",\"url\":\"https:\\\/\\\/i1.wp.com\\\/racoon-cleaner.nl\\\/wp-content\\\/uploads\\\/2019\\\/12\\\/racoon-logo.png?fit=757%2C754&ssl=1\",\"contentUrl\":\"https:\\\/\\\/i1.wp.com\\\/racoon-cleaner.nl\\\/wp-content\\\/uploads\\\/2019\\\/12\\\/racoon-logo.png?fit=757%2C754&ssl=1\",\"width\":757,\"height\":754,\"caption\":\"Racoon-Cleaner.nl\"},\"image\":{\"@id\":\"https:\\\/\\\/racoon-cleaner.nl\\\/fr\\\/#\\\/schema\\\/logo\\\/image\\\/\"}}]}<\/script>\n<!-- \/ Yoast SEO plugin. -->","yoast_head_json":{"title":"Racoon ULTIMATE SHINE Quick Detailer \/ Nettoyage rapide - 5000ml - Racoon-Cleaner","robots":{"index":"index","follow":"follow","max-snippet":"max-snippet:-1","max-image-preview":"max-image-preview:large","max-video-preview":"max-video-preview:-1"},"canonical":"https:\/\/racoon-cleaner.nl\/fr\/product\/detailers-fr\/racoon-ultimate-shine-quick-detailer-nettoyage-rapide-5000ml\/","og_locale":"fr_FR","og_type":"article","og_title":"Racoon ULTIMATE SHINE Quick Detailer \/ Nettoyage rapide - 5000ml - Racoon-Cleaner","og_description":"Racoon ULTIMATE SHINE Quick Detailer \/ Nettoyage rapide - 5000ml","og_url":"https:\/\/racoon-cleaner.nl\/fr\/product\/detailers-fr\/racoon-ultimate-shine-quick-detailer-nettoyage-rapide-5000ml\/","og_site_name":"Racoon-Cleaner","article_modified_time":"2020-04-09T08:05:49+00:00","og_image":[{"width":800,"height":800,"url":"https:\/\/i0.wp.com\/racoon-cleaner.nl\/wp-content\/uploads\/2020\/08\/RN_ULTSHI5_1.jpg?fit=800%2C800&ssl=1","type":"image\/jpeg"}],"twitter_card":"summary_large_image","twitter_misc":{"Dur\u00e9e de lecture estim\u00e9e":"2 minutes"},"schema":{"@context":"https:\/\/schema.org","@graph":[{"@type":"WebPage","@id":"https:\/\/racoon-cleaner.nl\/fr\/product\/detailers-fr\/racoon-ultimate-shine-quick-detailer-nettoyage-rapide-5000ml\/","url":"https:\/\/racoon-cleaner.nl\/fr\/product\/detailers-fr\/racoon-ultimate-shine-quick-detailer-nettoyage-rapide-5000ml\/","name":"Racoon ULTIMATE SHINE Quick Detailer \/ Nettoyage rapide - 5000ml - Racoon-Cleaner","isPartOf":{"@id":"https:\/\/racoon-cleaner.nl\/fr\/#website"},"primaryImageOfPage":{"@id":"https:\/\/racoon-cleaner.nl\/fr\/product\/detailers-fr\/racoon-ultimate-shine-quick-detailer-nettoyage-rapide-5000ml\/#primaryimage"},"image":{"@id":"https:\/\/racoon-cleaner.nl\/fr\/product\/detailers-fr\/racoon-ultimate-shine-quick-detailer-nettoyage-rapide-5000ml\/#primaryimage"},"thumbnailUrl":"https:\/\/racoon-cleaner.nl\/wp-content\/uploads\/2020\/08\/RN_ULTSHI5_1.jpg","datePublished":"2020-04-09T08:05:12+00:00","dateModified":"2020-04-09T08:05:49+00:00","breadcrumb":{"@id":"https:\/\/racoon-cleaner.nl\/fr\/product\/detailers-fr\/racoon-ultimate-shine-quick-detailer-nettoyage-rapide-5000ml\/#breadcrumb"},"inLanguage":"fr-FR","potentialAction":[{"@type":"ReadAction","target":["https:\/\/racoon-cleaner.nl\/fr\/product\/detailers-fr\/racoon-ultimate-shine-quick-detailer-nettoyage-rapide-5000ml\/"]}]},{"@type":"ImageObject","inLanguage":"fr-FR","@id":"https:\/\/racoon-cleaner.nl\/fr\/product\/detailers-fr\/racoon-ultimate-shine-quick-detailer-nettoyage-rapide-5000ml\/#primaryimage","url":"https:\/\/racoon-cleaner.nl\/wp-content\/uploads\/2020\/08\/RN_ULTSHI5_1.jpg","contentUrl":"https:\/\/racoon-cleaner.nl\/wp-content\/uploads\/2020\/08\/RN_ULTSHI5_1.jpg","width":800,"height":800},{"@type":"BreadcrumbList","@id":"https:\/\/racoon-cleaner.nl\/fr\/product\/detailers-fr\/racoon-ultimate-shine-quick-detailer-nettoyage-rapide-5000ml\/#breadcrumb","itemListElement":[{"@type":"ListItem","position":1,"name":"Home","item":"https:\/\/racoon-cleaner.nl\/fr\/"},{"@type":"ListItem","position":2,"name":"Boutique","item":"https:\/\/racoon-cleaner.nl\/fr\/shop\/"},{"@type":"ListItem","position":3,"name":"Racoon ULTIMATE SHINE Quick Detailer \/ Nettoyage rapide &#8211; 5000ml"}]},{"@type":"WebSite","@id":"https:\/\/racoon-cleaner.nl\/fr\/#website","url":"https:\/\/racoon-cleaner.nl\/fr\/","name":"Racoon-cleaner","description":"Reinigings- en verzorgingsproducten","publisher":{"@id":"https:\/\/racoon-cleaner.nl\/fr\/#organization"},"potentialAction":[{"@type":"SearchAction","target":{"@type":"EntryPoint","urlTemplate":"https:\/\/racoon-cleaner.nl\/fr\/?s={search_term_string}"},"query-input":{"@type":"PropertyValueSpecification","valueRequired":true,"valueName":"search_term_string"}}],"inLanguage":"fr-FR"},{"@type":"Organization","@id":"https:\/\/racoon-cleaner.nl\/fr\/#organization","name":"Racoon-Cleaner.nl","url":"https:\/\/racoon-cleaner.nl\/fr\/","logo":{"@type":"ImageObject","inLanguage":"fr-FR","@id":"https:\/\/racoon-cleaner.nl\/fr\/#\/schema\/logo\/image\/","url":"https:\/\/i1.wp.com\/racoon-cleaner.nl\/wp-content\/uploads\/2019\/12\/racoon-logo.png?fit=757%2C754&ssl=1","contentUrl":"https:\/\/i1.wp.com\/racoon-cleaner.nl\/wp-content\/uploads\/2019\/12\/racoon-logo.png?fit=757%2C754&ssl=1","width":757,"height":754,"caption":"Racoon-Cleaner.nl"},"image":{"@id":"https:\/\/racoon-cleaner.nl\/fr\/#\/schema\/logo\/image\/"}}]}},"jetpack_sharing_enabled":true,"_links":{"self":[{"href":"https:\/\/racoon-cleaner.nl\/fr\/wp-json\/wp\/v2\/product\/2181","targetHints":{"allow":["GET"]}}],"collection":[{"href":"https:\/\/racoon-cleaner.nl\/fr\/wp-json\/wp\/v2\/product"}],"about":[{"href":"https:\/\/racoon-cleaner.nl\/fr\/wp-json\/wp\/v2\/types\/product"}],"replies":[{"embeddable":true,"href":"https:\/\/racoon-cleaner.nl\/fr\/wp-json\/wp\/v2\/comments?post=2181"}],"wp:featuredmedia":[{"embeddable":true,"href":"https:\/\/racoon-cleaner.nl\/fr\/wp-json\/wp\/v2\/media\/5085"}],"wp:attachment":[{"href":"https:\/\/racoon-cleaner.nl\/fr\/wp-json\/wp\/v2\/media?parent=2181"}],"wp:term":[{"taxonomy":"product_brand","embeddable":true,"href":"https:\/\/racoon-cleaner.nl\/fr\/wp-json\/wp\/v2\/product_brand?post=2181"},{"taxonomy":"product_cat","embeddable":true,"href":"https:\/\/racoon-cleaner.nl\/fr\/wp-json\/wp\/v2\/product_cat?post=2181"},{"taxonomy":"product_tag","embeddable":true,"href":"https:\/\/racoon-cleaner.nl\/fr\/wp-json\/wp\/v2\/product_tag?post=2181"}],"curies":[{"name":"wp","href":"https:\/\/api.w.org\/{rel}","templated":true}]}}