{"id":2182,"date":"2020-08-07T15:47:55","date_gmt":"2020-04-09T08:05:12","guid":{"rendered":"https:\/\/racoon-cleaner.nl\/product\/racoon-ultimate-shine-wrap-quick-detailer-wrap-mate-500ml\/"},"modified":"2020-04-09T08:05:50","modified_gmt":"2020-04-09T08:05:50","slug":"racoon-ultimate-shine-wrap-quick-detailer-wrap-mate-500ml","status":"publish","type":"product","link":"https:\/\/racoon-cleaner.nl\/fr\/product\/divers\/peintures-mates-films\/racoon-ultimate-shine-wrap-quick-detailer-wrap-mate-500ml\/","title":{"rendered":"Racoon ULTIMATE SHINE WRAP Quick Detailer Wrap + Mate &#8211; 500ml"},"content":{"rendered":"<p># ULTIMATE SHINE WRAP  Quick Detailer Wrap + Mate <\/p>\n<p>Le nettoyant rapide par excellence pour les films de covering et toutes les surfaces mates !<\/p>\n<p>Dans la tendance actuelle ! Ce nouveau Racoon Detailer \u00e0 base d&rsquo;eau a \u00e9t\u00e9 sp\u00e9cialement d\u00e9velopp\u00e9 pour toutes les surfaces de v\u00e9hicules mates et des films de covering. Il nettoie rapidement et efficacement les surfaces, m\u00eame les jantes peintes mates, enl\u00e8ve les d\u00e9p\u00f4ts de poussi\u00e8re, la salet\u00e9, les traces de doigts et en m\u00eame temps produit un fini absolument parfait, mais sans \u00e9clat ! La structure de la surface est \u00e9galement rafra\u00eechie et r\u00e9g\u00e9n\u00e9r\u00e9e.<\/p>\n<p>Les coatings existants ne sont pas attaqu\u00e9s, au contraire &#8211; la durabilit\u00e9 est optimis\u00e9e et les surfaces restent prot\u00e9g\u00e9es plus longtemps. De plus, les additifs d&rsquo;entretien ont un effet d\u00e9perlant et ralentissent l&rsquo;apparition de nouvelles salissures !<\/p>\n<p>Le produit ne contient aucun ingr\u00e9dient susceptible de donner \u00e0 la surface un brillant ind\u00e9sirable &#8211; mais il contient des additifs de glissement suppl\u00e9mentaires de tr\u00e8s haute qualit\u00e9 pour un nettoyage en douceur ! <\/p>\n<p>&#8211; Ultime et respectueux de l\u2019environnement, pour un nettoyage efficace et en douceur !<br \/>\n&#8211; Nettoie, entretient et prot\u00e8ge toutes les surfaces mates et les films de covering!<br \/>\n&#8211; Mais ne donne pas un aspect brillant!<br \/>\n&#8211; Facile \u00e0 utiliser &#8211; sans eau ni \u00e9ponge !<\/p>\n<p>Disponible en flacons de 500ml avec pulv\u00e9risateur (plus grands r\u00e9cipients sur demande !).<\/p>\n<p>Ne jamais utiliser en plein soleil ou sur des surfaces chaudes !<br \/>\nBien agiter avant utilisation ! Nous vous recommandons de porter des gants jetables ! <\/p>\n<p>Vaporiser le produit avec parcimonie sur un chiffon doux en microfibres ou directement en couche mince sur la surface et r\u00e9partir soigneusement en mouvements circulaires sans exercer de pression. Apr\u00e8s un court temps de contact, essuyer la surface trait\u00e9e avec un chiffon en microfibre propre et sec. Les particules de salet\u00e9 sont li\u00e9es par les principes actifs contenus dans le nettoyant et adh\u00e8rent au chiffon.<\/p>\n<p>Pour le \u201eGrand Lavage\u201c de toutes les surfaces de v\u00e9hicules mates ou lamin\u00e9es<br \/>\nnous recommandons notre shampooing Racoon # CRAZY FLAMINGO!<\/p>\n<span class=\"et_bloom_bottom_trigger\"><\/span>","protected":false},"excerpt":{"rendered":"<p>Racoon ULTIMATE SHINE WRAP Quick Detailer Wrap + Mate &#8211; 500ml<\/p>\n","protected":false},"featured_media":5101,"comment_status":"closed","ping_status":"open","template":"","meta":{"_et_pb_use_builder":"","_et_pb_old_content":"","_et_gb_content_width":""},"product_brand":[],"product_cat":[333,342],"product_tag":[188],"class_list":{"0":"post-2182","1":"product","2":"type-product","3":"status-publish","4":"has-post-thumbnail","6":"product_cat-detailers-fr","7":"product_cat-peintures-mates-films","8":"product_tag-shampoing-voiture","9":"pa_kleur-jaune","10":"pa_materiaal-liquide","12":"first","13":"instock","14":"taxable","15":"shipping-taxable","16":"purchasable","17":"product-type-simple"},"yoast_head":"<!-- This site is optimized with the Yoast SEO plugin v27.4 - https:\/\/yoast.com\/product\/yoast-seo-wordpress\/ -->\n<title>Racoon ULTIMATE SHINE WRAP Quick Detailer Wrap + Mate - 500ml - Racoon-Cleaner<\/title>\n<meta name=\"robots\" content=\"index, follow, max-snippet:-1, max-image-preview:large, max-video-preview:-1\" \/>\n<link rel=\"canonical\" href=\"https:\/\/racoon-cleaner.nl\/fr\/product\/divers\/peintures-mates-films\/racoon-ultimate-shine-wrap-quick-detailer-wrap-mate-500ml\/\" \/>\n<meta property=\"og:locale\" content=\"fr_FR\" \/>\n<meta property=\"og:type\" content=\"article\" \/>\n<meta property=\"og:title\" content=\"Racoon ULTIMATE SHINE WRAP Quick Detailer Wrap + Mate - 500ml - Racoon-Cleaner\" \/>\n<meta property=\"og:description\" content=\"Racoon ULTIMATE SHINE WRAP Quick Detailer Wrap + Mate - 500ml\" \/>\n<meta property=\"og:url\" content=\"https:\/\/racoon-cleaner.nl\/fr\/product\/divers\/peintures-mates-films\/racoon-ultimate-shine-wrap-quick-detailer-wrap-mate-500ml\/\" \/>\n<meta property=\"og:site_name\" content=\"Racoon-Cleaner\" \/>\n<meta property=\"article:modified_time\" content=\"2020-04-09T08:05:50+00:00\" \/>\n<meta property=\"og:image\" content=\"https:\/\/i0.wp.com\/racoon-cleaner.nl\/wp-content\/uploads\/2020\/08\/RN_ULTSHIWRA500_1.jpg?fit=800%2C800&ssl=1\" \/>\n\t<meta property=\"og:image:width\" content=\"800\" \/>\n\t<meta property=\"og:image:height\" content=\"800\" \/>\n\t<meta property=\"og:image:type\" content=\"image\/jpeg\" \/>\n<meta name=\"twitter:card\" content=\"summary_large_image\" \/>\n<meta name=\"twitter:label1\" content=\"Dur\u00e9e de lecture estim\u00e9e\" \/>\n\t<meta name=\"twitter:data1\" content=\"2 minutes\" \/>\n<script type=\"application\/ld+json\" class=\"yoast-schema-graph\">{\"@context\":\"https:\\\/\\\/schema.org\",\"@graph\":[{\"@type\":\"WebPage\",\"@id\":\"https:\\\/\\\/racoon-cleaner.nl\\\/fr\\\/product\\\/divers\\\/peintures-mates-films\\\/racoon-ultimate-shine-wrap-quick-detailer-wrap-mate-500ml\\\/\",\"url\":\"https:\\\/\\\/racoon-cleaner.nl\\\/fr\\\/product\\\/divers\\\/peintures-mates-films\\\/racoon-ultimate-shine-wrap-quick-detailer-wrap-mate-500ml\\\/\",\"name\":\"Racoon ULTIMATE SHINE WRAP Quick Detailer Wrap + Mate - 500ml - Racoon-Cleaner\",\"isPartOf\":{\"@id\":\"https:\\\/\\\/racoon-cleaner.nl\\\/fr\\\/#website\"},\"primaryImageOfPage\":{\"@id\":\"https:\\\/\\\/racoon-cleaner.nl\\\/fr\\\/product\\\/divers\\\/peintures-mates-films\\\/racoon-ultimate-shine-wrap-quick-detailer-wrap-mate-500ml\\\/#primaryimage\"},\"image\":{\"@id\":\"https:\\\/\\\/racoon-cleaner.nl\\\/fr\\\/product\\\/divers\\\/peintures-mates-films\\\/racoon-ultimate-shine-wrap-quick-detailer-wrap-mate-500ml\\\/#primaryimage\"},\"thumbnailUrl\":\"https:\\\/\\\/racoon-cleaner.nl\\\/wp-content\\\/uploads\\\/2020\\\/08\\\/RN_ULTSHIWRA500_1.jpg\",\"datePublished\":\"2020-04-09T08:05:12+00:00\",\"dateModified\":\"2020-04-09T08:05:50+00:00\",\"breadcrumb\":{\"@id\":\"https:\\\/\\\/racoon-cleaner.nl\\\/fr\\\/product\\\/divers\\\/peintures-mates-films\\\/racoon-ultimate-shine-wrap-quick-detailer-wrap-mate-500ml\\\/#breadcrumb\"},\"inLanguage\":\"fr-FR\",\"potentialAction\":[{\"@type\":\"ReadAction\",\"target\":[\"https:\\\/\\\/racoon-cleaner.nl\\\/fr\\\/product\\\/divers\\\/peintures-mates-films\\\/racoon-ultimate-shine-wrap-quick-detailer-wrap-mate-500ml\\\/\"]}]},{\"@type\":\"ImageObject\",\"inLanguage\":\"fr-FR\",\"@id\":\"https:\\\/\\\/racoon-cleaner.nl\\\/fr\\\/product\\\/divers\\\/peintures-mates-films\\\/racoon-ultimate-shine-wrap-quick-detailer-wrap-mate-500ml\\\/#primaryimage\",\"url\":\"https:\\\/\\\/racoon-cleaner.nl\\\/wp-content\\\/uploads\\\/2020\\\/08\\\/RN_ULTSHIWRA500_1.jpg\",\"contentUrl\":\"https:\\\/\\\/racoon-cleaner.nl\\\/wp-content\\\/uploads\\\/2020\\\/08\\\/RN_ULTSHIWRA500_1.jpg\",\"width\":800,\"height\":800},{\"@type\":\"BreadcrumbList\",\"@id\":\"https:\\\/\\\/racoon-cleaner.nl\\\/fr\\\/product\\\/divers\\\/peintures-mates-films\\\/racoon-ultimate-shine-wrap-quick-detailer-wrap-mate-500ml\\\/#breadcrumb\",\"itemListElement\":[{\"@type\":\"ListItem\",\"position\":1,\"name\":\"Home\",\"item\":\"https:\\\/\\\/racoon-cleaner.nl\\\/fr\\\/\"},{\"@type\":\"ListItem\",\"position\":2,\"name\":\"Boutique\",\"item\":\"https:\\\/\\\/racoon-cleaner.nl\\\/fr\\\/shop\\\/\"},{\"@type\":\"ListItem\",\"position\":3,\"name\":\"Racoon ULTIMATE SHINE WRAP Quick Detailer Wrap + Mate &#8211; 500ml\"}]},{\"@type\":\"WebSite\",\"@id\":\"https:\\\/\\\/racoon-cleaner.nl\\\/fr\\\/#website\",\"url\":\"https:\\\/\\\/racoon-cleaner.nl\\\/fr\\\/\",\"name\":\"Racoon-cleaner\",\"description\":\"Reinigings- en verzorgingsproducten\",\"publisher\":{\"@id\":\"https:\\\/\\\/racoon-cleaner.nl\\\/fr\\\/#organization\"},\"potentialAction\":[{\"@type\":\"SearchAction\",\"target\":{\"@type\":\"EntryPoint\",\"urlTemplate\":\"https:\\\/\\\/racoon-cleaner.nl\\\/fr\\\/?s={search_term_string}\"},\"query-input\":{\"@type\":\"PropertyValueSpecification\",\"valueRequired\":true,\"valueName\":\"search_term_string\"}}],\"inLanguage\":\"fr-FR\"},{\"@type\":\"Organization\",\"@id\":\"https:\\\/\\\/racoon-cleaner.nl\\\/fr\\\/#organization\",\"name\":\"Racoon-Cleaner.nl\",\"url\":\"https:\\\/\\\/racoon-cleaner.nl\\\/fr\\\/\",\"logo\":{\"@type\":\"ImageObject\",\"inLanguage\":\"fr-FR\",\"@id\":\"https:\\\/\\\/racoon-cleaner.nl\\\/fr\\\/#\\\/schema\\\/logo\\\/image\\\/\",\"url\":\"https:\\\/\\\/i1.wp.com\\\/racoon-cleaner.nl\\\/wp-content\\\/uploads\\\/2019\\\/12\\\/racoon-logo.png?fit=757%2C754&ssl=1\",\"contentUrl\":\"https:\\\/\\\/i1.wp.com\\\/racoon-cleaner.nl\\\/wp-content\\\/uploads\\\/2019\\\/12\\\/racoon-logo.png?fit=757%2C754&ssl=1\",\"width\":757,\"height\":754,\"caption\":\"Racoon-Cleaner.nl\"},\"image\":{\"@id\":\"https:\\\/\\\/racoon-cleaner.nl\\\/fr\\\/#\\\/schema\\\/logo\\\/image\\\/\"}}]}<\/script>\n<!-- \/ Yoast SEO plugin. -->","yoast_head_json":{"title":"Racoon ULTIMATE SHINE WRAP Quick Detailer Wrap + Mate - 500ml - Racoon-Cleaner","robots":{"index":"index","follow":"follow","max-snippet":"max-snippet:-1","max-image-preview":"max-image-preview:large","max-video-preview":"max-video-preview:-1"},"canonical":"https:\/\/racoon-cleaner.nl\/fr\/product\/divers\/peintures-mates-films\/racoon-ultimate-shine-wrap-quick-detailer-wrap-mate-500ml\/","og_locale":"fr_FR","og_type":"article","og_title":"Racoon ULTIMATE SHINE WRAP Quick Detailer Wrap + Mate - 500ml - Racoon-Cleaner","og_description":"Racoon ULTIMATE SHINE WRAP Quick Detailer Wrap + Mate - 500ml","og_url":"https:\/\/racoon-cleaner.nl\/fr\/product\/divers\/peintures-mates-films\/racoon-ultimate-shine-wrap-quick-detailer-wrap-mate-500ml\/","og_site_name":"Racoon-Cleaner","article_modified_time":"2020-04-09T08:05:50+00:00","og_image":[{"width":800,"height":800,"url":"https:\/\/i0.wp.com\/racoon-cleaner.nl\/wp-content\/uploads\/2020\/08\/RN_ULTSHIWRA500_1.jpg?fit=800%2C800&ssl=1","type":"image\/jpeg"}],"twitter_card":"summary_large_image","twitter_misc":{"Dur\u00e9e de lecture estim\u00e9e":"2 minutes"},"schema":{"@context":"https:\/\/schema.org","@graph":[{"@type":"WebPage","@id":"https:\/\/racoon-cleaner.nl\/fr\/product\/divers\/peintures-mates-films\/racoon-ultimate-shine-wrap-quick-detailer-wrap-mate-500ml\/","url":"https:\/\/racoon-cleaner.nl\/fr\/product\/divers\/peintures-mates-films\/racoon-ultimate-shine-wrap-quick-detailer-wrap-mate-500ml\/","name":"Racoon ULTIMATE SHINE WRAP Quick Detailer Wrap + Mate - 500ml - Racoon-Cleaner","isPartOf":{"@id":"https:\/\/racoon-cleaner.nl\/fr\/#website"},"primaryImageOfPage":{"@id":"https:\/\/racoon-cleaner.nl\/fr\/product\/divers\/peintures-mates-films\/racoon-ultimate-shine-wrap-quick-detailer-wrap-mate-500ml\/#primaryimage"},"image":{"@id":"https:\/\/racoon-cleaner.nl\/fr\/product\/divers\/peintures-mates-films\/racoon-ultimate-shine-wrap-quick-detailer-wrap-mate-500ml\/#primaryimage"},"thumbnailUrl":"https:\/\/racoon-cleaner.nl\/wp-content\/uploads\/2020\/08\/RN_ULTSHIWRA500_1.jpg","datePublished":"2020-04-09T08:05:12+00:00","dateModified":"2020-04-09T08:05:50+00:00","breadcrumb":{"@id":"https:\/\/racoon-cleaner.nl\/fr\/product\/divers\/peintures-mates-films\/racoon-ultimate-shine-wrap-quick-detailer-wrap-mate-500ml\/#breadcrumb"},"inLanguage":"fr-FR","potentialAction":[{"@type":"ReadAction","target":["https:\/\/racoon-cleaner.nl\/fr\/product\/divers\/peintures-mates-films\/racoon-ultimate-shine-wrap-quick-detailer-wrap-mate-500ml\/"]}]},{"@type":"ImageObject","inLanguage":"fr-FR","@id":"https:\/\/racoon-cleaner.nl\/fr\/product\/divers\/peintures-mates-films\/racoon-ultimate-shine-wrap-quick-detailer-wrap-mate-500ml\/#primaryimage","url":"https:\/\/racoon-cleaner.nl\/wp-content\/uploads\/2020\/08\/RN_ULTSHIWRA500_1.jpg","contentUrl":"https:\/\/racoon-cleaner.nl\/wp-content\/uploads\/2020\/08\/RN_ULTSHIWRA500_1.jpg","width":800,"height":800},{"@type":"BreadcrumbList","@id":"https:\/\/racoon-cleaner.nl\/fr\/product\/divers\/peintures-mates-films\/racoon-ultimate-shine-wrap-quick-detailer-wrap-mate-500ml\/#breadcrumb","itemListElement":[{"@type":"ListItem","position":1,"name":"Home","item":"https:\/\/racoon-cleaner.nl\/fr\/"},{"@type":"ListItem","position":2,"name":"Boutique","item":"https:\/\/racoon-cleaner.nl\/fr\/shop\/"},{"@type":"ListItem","position":3,"name":"Racoon ULTIMATE SHINE WRAP Quick Detailer Wrap + Mate &#8211; 500ml"}]},{"@type":"WebSite","@id":"https:\/\/racoon-cleaner.nl\/fr\/#website","url":"https:\/\/racoon-cleaner.nl\/fr\/","name":"Racoon-cleaner","description":"Reinigings- en verzorgingsproducten","publisher":{"@id":"https:\/\/racoon-cleaner.nl\/fr\/#organization"},"potentialAction":[{"@type":"SearchAction","target":{"@type":"EntryPoint","urlTemplate":"https:\/\/racoon-cleaner.nl\/fr\/?s={search_term_string}"},"query-input":{"@type":"PropertyValueSpecification","valueRequired":true,"valueName":"search_term_string"}}],"inLanguage":"fr-FR"},{"@type":"Organization","@id":"https:\/\/racoon-cleaner.nl\/fr\/#organization","name":"Racoon-Cleaner.nl","url":"https:\/\/racoon-cleaner.nl\/fr\/","logo":{"@type":"ImageObject","inLanguage":"fr-FR","@id":"https:\/\/racoon-cleaner.nl\/fr\/#\/schema\/logo\/image\/","url":"https:\/\/i1.wp.com\/racoon-cleaner.nl\/wp-content\/uploads\/2019\/12\/racoon-logo.png?fit=757%2C754&ssl=1","contentUrl":"https:\/\/i1.wp.com\/racoon-cleaner.nl\/wp-content\/uploads\/2019\/12\/racoon-logo.png?fit=757%2C754&ssl=1","width":757,"height":754,"caption":"Racoon-Cleaner.nl"},"image":{"@id":"https:\/\/racoon-cleaner.nl\/fr\/#\/schema\/logo\/image\/"}}]}},"jetpack_sharing_enabled":true,"_links":{"self":[{"href":"https:\/\/racoon-cleaner.nl\/fr\/wp-json\/wp\/v2\/product\/2182","targetHints":{"allow":["GET"]}}],"collection":[{"href":"https:\/\/racoon-cleaner.nl\/fr\/wp-json\/wp\/v2\/product"}],"about":[{"href":"https:\/\/racoon-cleaner.nl\/fr\/wp-json\/wp\/v2\/types\/product"}],"replies":[{"embeddable":true,"href":"https:\/\/racoon-cleaner.nl\/fr\/wp-json\/wp\/v2\/comments?post=2182"}],"wp:featuredmedia":[{"embeddable":true,"href":"https:\/\/racoon-cleaner.nl\/fr\/wp-json\/wp\/v2\/media\/5101"}],"wp:attachment":[{"href":"https:\/\/racoon-cleaner.nl\/fr\/wp-json\/wp\/v2\/media?parent=2182"}],"wp:term":[{"taxonomy":"product_brand","embeddable":true,"href":"https:\/\/racoon-cleaner.nl\/fr\/wp-json\/wp\/v2\/product_brand?post=2182"},{"taxonomy":"product_cat","embeddable":true,"href":"https:\/\/racoon-cleaner.nl\/fr\/wp-json\/wp\/v2\/product_cat?post=2182"},{"taxonomy":"product_tag","embeddable":true,"href":"https:\/\/racoon-cleaner.nl\/fr\/wp-json\/wp\/v2\/product_tag?post=2182"}],"curies":[{"name":"wp","href":"https:\/\/api.w.org\/{rel}","templated":true}]}}