{"id":2183,"date":"2020-08-07T15:57:04","date_gmt":"2020-04-09T08:05:52","guid":{"rendered":"https:\/\/racoon-cleaner.nl\/product\/racoon-water-spot-remover-nettoyant-taches-deau-200ml\/"},"modified":"2020-04-09T08:05:54","modified_gmt":"2020-04-09T08:05:54","slug":"racoon-water-spot-remover-nettoyant-taches-deau-200ml","status":"publish","type":"product","link":"https:\/\/racoon-cleaner.nl\/fr\/product\/detailers-fr\/racoon-water-spot-remover-nettoyant-taches-deau-200ml\/","title":{"rendered":"Racoon WATER SPOT REMOVER Nettoyant t\u00e2ches d&rsquo;eau &#8211; 200ml"},"content":{"rendered":"<p># WATER SPOT REMOVER  Nettoyant t\u00e2ches d&rsquo;eau<\/p>\n<p>Taches d&rsquo;eau et traces de calcaire g\u00eanants s&rsquo;enl\u00e8vent rapidement, sans effort et en douceur !<\/p>\n<p>Les taches d&rsquo;eau, qui sont caus\u00e9es par l&rsquo;eau calcaire ou les pluies acides et qui laissent des traces sur les surfaces en s\u00e9chant, sont \u00e9limin\u00e9es rapidement et en profondeur, mais aussi tr\u00e8s doucement, avec ce nettoyant sp\u00e9cial Racoon \u00e0 base d&rsquo;eau !<\/p>\n<p>Les scellants et les couches de cire existantes ne sont pas attaqu\u00e9s !<\/p>\n<p>&#8211; Tr\u00e8s productif et universel &#8211; sans eau ni \u00e9ponge !<br \/>\n&#8211; Nettoyer, soigner et conserver en douceur en une seule op\u00e9ration !<\/p>\n<p>Disponible en bouteilles de 200ml et 500ml !<\/p>\n<p>Ne jamais utiliser en plein soleil ou sur des surfaces chaudes !<br \/>\nBien agiter avant utilisation ! Nous vous recommandons de porter des gants jetables !<\/p>\n<p>Vaporiser sur un chiffon doux en microfibres, appliquer sans pression par mouvements circulaires sur les surfaces \u00e0 traiter et essuyer avec un chiffon en microfibres frais. En cas de fortes taches d&rsquo;eau, vaporisez directement sur la surface, laissez agir un court instant et essuyez !<\/p>\n<p>L\u2019astuce de Racoon:<br \/>\nParfait aussi directement apr\u00e8s le lavage de la voiture pour un s\u00e9chage garanti sans taches !<br \/>\nVaporisez un peu de # Racoon WATER SPOT REMOVER directement sur le chiffon de s\u00e9chage et essuyez ensuite les surfaces !<\/p>\n<span class=\"et_bloom_bottom_trigger\"><\/span>","protected":false},"excerpt":{"rendered":"<p>Racoon WATER SPOT REMOVER Nettoyant t\u00e2ches d&rsquo;eau &#8211; 200ml<\/p>\n","protected":false},"featured_media":5117,"comment_status":"closed","ping_status":"open","template":"","meta":{"_et_pb_use_builder":"","_et_pb_old_content":"","_et_gb_content_width":""},"product_brand":[],"product_cat":[333],"product_tag":[188],"class_list":{"0":"post-2183","1":"product","2":"type-product","3":"status-publish","4":"has-post-thumbnail","6":"product_cat-detailers-fr","7":"product_tag-shampoing-voiture","8":"pa_kleur-blanc","9":"pa_materiaal-liquide","11":"first","12":"instock","13":"taxable","14":"shipping-taxable","15":"purchasable","16":"product-type-simple"},"yoast_head":"<!-- This site is optimized with the Yoast SEO plugin v27.4 - https:\/\/yoast.com\/product\/yoast-seo-wordpress\/ -->\n<title>Racoon WATER SPOT REMOVER Nettoyant t\u00e2ches d&#039;eau - 200ml - Racoon-Cleaner<\/title>\n<meta name=\"robots\" content=\"index, follow, max-snippet:-1, max-image-preview:large, max-video-preview:-1\" \/>\n<link rel=\"canonical\" href=\"https:\/\/racoon-cleaner.nl\/fr\/product\/detailers-fr\/racoon-water-spot-remover-nettoyant-taches-deau-200ml\/\" \/>\n<meta property=\"og:locale\" content=\"fr_FR\" \/>\n<meta property=\"og:type\" content=\"article\" \/>\n<meta property=\"og:title\" content=\"Racoon WATER SPOT REMOVER Nettoyant t\u00e2ches d&#039;eau - 200ml - Racoon-Cleaner\" \/>\n<meta property=\"og:description\" content=\"Racoon WATER SPOT REMOVER Nettoyant t\u00e2ches d&#039;eau - 200ml\" \/>\n<meta property=\"og:url\" content=\"https:\/\/racoon-cleaner.nl\/fr\/product\/detailers-fr\/racoon-water-spot-remover-nettoyant-taches-deau-200ml\/\" \/>\n<meta property=\"og:site_name\" content=\"Racoon-Cleaner\" \/>\n<meta property=\"article:modified_time\" content=\"2020-04-09T08:05:54+00:00\" \/>\n<meta property=\"og:image\" content=\"https:\/\/i1.wp.com\/racoon-cleaner.nl\/wp-content\/uploads\/2020\/08\/RN_WATSPO200_1.jpg?fit=800%2C800&ssl=1\" \/>\n\t<meta property=\"og:image:width\" content=\"800\" \/>\n\t<meta property=\"og:image:height\" content=\"800\" \/>\n\t<meta property=\"og:image:type\" content=\"image\/jpeg\" \/>\n<meta name=\"twitter:card\" content=\"summary_large_image\" \/>\n<meta name=\"twitter:label1\" content=\"Dur\u00e9e de lecture estim\u00e9e\" \/>\n\t<meta name=\"twitter:data1\" content=\"1 minute\" \/>\n<script type=\"application\/ld+json\" class=\"yoast-schema-graph\">{\"@context\":\"https:\\\/\\\/schema.org\",\"@graph\":[{\"@type\":\"WebPage\",\"@id\":\"https:\\\/\\\/racoon-cleaner.nl\\\/fr\\\/product\\\/detailers-fr\\\/racoon-water-spot-remover-nettoyant-taches-deau-200ml\\\/\",\"url\":\"https:\\\/\\\/racoon-cleaner.nl\\\/fr\\\/product\\\/detailers-fr\\\/racoon-water-spot-remover-nettoyant-taches-deau-200ml\\\/\",\"name\":\"Racoon WATER SPOT REMOVER Nettoyant t\u00e2ches d'eau - 200ml - Racoon-Cleaner\",\"isPartOf\":{\"@id\":\"https:\\\/\\\/racoon-cleaner.nl\\\/fr\\\/#website\"},\"primaryImageOfPage\":{\"@id\":\"https:\\\/\\\/racoon-cleaner.nl\\\/fr\\\/product\\\/detailers-fr\\\/racoon-water-spot-remover-nettoyant-taches-deau-200ml\\\/#primaryimage\"},\"image\":{\"@id\":\"https:\\\/\\\/racoon-cleaner.nl\\\/fr\\\/product\\\/detailers-fr\\\/racoon-water-spot-remover-nettoyant-taches-deau-200ml\\\/#primaryimage\"},\"thumbnailUrl\":\"https:\\\/\\\/racoon-cleaner.nl\\\/wp-content\\\/uploads\\\/2020\\\/08\\\/RN_WATSPO200_1.jpg\",\"datePublished\":\"2020-04-09T08:05:52+00:00\",\"dateModified\":\"2020-04-09T08:05:54+00:00\",\"breadcrumb\":{\"@id\":\"https:\\\/\\\/racoon-cleaner.nl\\\/fr\\\/product\\\/detailers-fr\\\/racoon-water-spot-remover-nettoyant-taches-deau-200ml\\\/#breadcrumb\"},\"inLanguage\":\"fr-FR\",\"potentialAction\":[{\"@type\":\"ReadAction\",\"target\":[\"https:\\\/\\\/racoon-cleaner.nl\\\/fr\\\/product\\\/detailers-fr\\\/racoon-water-spot-remover-nettoyant-taches-deau-200ml\\\/\"]}]},{\"@type\":\"ImageObject\",\"inLanguage\":\"fr-FR\",\"@id\":\"https:\\\/\\\/racoon-cleaner.nl\\\/fr\\\/product\\\/detailers-fr\\\/racoon-water-spot-remover-nettoyant-taches-deau-200ml\\\/#primaryimage\",\"url\":\"https:\\\/\\\/racoon-cleaner.nl\\\/wp-content\\\/uploads\\\/2020\\\/08\\\/RN_WATSPO200_1.jpg\",\"contentUrl\":\"https:\\\/\\\/racoon-cleaner.nl\\\/wp-content\\\/uploads\\\/2020\\\/08\\\/RN_WATSPO200_1.jpg\",\"width\":800,\"height\":800},{\"@type\":\"BreadcrumbList\",\"@id\":\"https:\\\/\\\/racoon-cleaner.nl\\\/fr\\\/product\\\/detailers-fr\\\/racoon-water-spot-remover-nettoyant-taches-deau-200ml\\\/#breadcrumb\",\"itemListElement\":[{\"@type\":\"ListItem\",\"position\":1,\"name\":\"Home\",\"item\":\"https:\\\/\\\/racoon-cleaner.nl\\\/fr\\\/\"},{\"@type\":\"ListItem\",\"position\":2,\"name\":\"Boutique\",\"item\":\"https:\\\/\\\/racoon-cleaner.nl\\\/fr\\\/shop\\\/\"},{\"@type\":\"ListItem\",\"position\":3,\"name\":\"Racoon WATER SPOT REMOVER Nettoyant t\u00e2ches d&#8217;eau &#8211; 200ml\"}]},{\"@type\":\"WebSite\",\"@id\":\"https:\\\/\\\/racoon-cleaner.nl\\\/fr\\\/#website\",\"url\":\"https:\\\/\\\/racoon-cleaner.nl\\\/fr\\\/\",\"name\":\"Racoon-cleaner\",\"description\":\"Reinigings- en verzorgingsproducten\",\"publisher\":{\"@id\":\"https:\\\/\\\/racoon-cleaner.nl\\\/fr\\\/#organization\"},\"potentialAction\":[{\"@type\":\"SearchAction\",\"target\":{\"@type\":\"EntryPoint\",\"urlTemplate\":\"https:\\\/\\\/racoon-cleaner.nl\\\/fr\\\/?s={search_term_string}\"},\"query-input\":{\"@type\":\"PropertyValueSpecification\",\"valueRequired\":true,\"valueName\":\"search_term_string\"}}],\"inLanguage\":\"fr-FR\"},{\"@type\":\"Organization\",\"@id\":\"https:\\\/\\\/racoon-cleaner.nl\\\/fr\\\/#organization\",\"name\":\"Racoon-Cleaner.nl\",\"url\":\"https:\\\/\\\/racoon-cleaner.nl\\\/fr\\\/\",\"logo\":{\"@type\":\"ImageObject\",\"inLanguage\":\"fr-FR\",\"@id\":\"https:\\\/\\\/racoon-cleaner.nl\\\/fr\\\/#\\\/schema\\\/logo\\\/image\\\/\",\"url\":\"https:\\\/\\\/i1.wp.com\\\/racoon-cleaner.nl\\\/wp-content\\\/uploads\\\/2019\\\/12\\\/racoon-logo.png?fit=757%2C754&ssl=1\",\"contentUrl\":\"https:\\\/\\\/i1.wp.com\\\/racoon-cleaner.nl\\\/wp-content\\\/uploads\\\/2019\\\/12\\\/racoon-logo.png?fit=757%2C754&ssl=1\",\"width\":757,\"height\":754,\"caption\":\"Racoon-Cleaner.nl\"},\"image\":{\"@id\":\"https:\\\/\\\/racoon-cleaner.nl\\\/fr\\\/#\\\/schema\\\/logo\\\/image\\\/\"}}]}<\/script>\n<!-- \/ Yoast SEO plugin. -->","yoast_head_json":{"title":"Racoon WATER SPOT REMOVER Nettoyant t\u00e2ches d'eau - 200ml - Racoon-Cleaner","robots":{"index":"index","follow":"follow","max-snippet":"max-snippet:-1","max-image-preview":"max-image-preview:large","max-video-preview":"max-video-preview:-1"},"canonical":"https:\/\/racoon-cleaner.nl\/fr\/product\/detailers-fr\/racoon-water-spot-remover-nettoyant-taches-deau-200ml\/","og_locale":"fr_FR","og_type":"article","og_title":"Racoon WATER SPOT REMOVER Nettoyant t\u00e2ches d'eau - 200ml - Racoon-Cleaner","og_description":"Racoon WATER SPOT REMOVER Nettoyant t\u00e2ches d'eau - 200ml","og_url":"https:\/\/racoon-cleaner.nl\/fr\/product\/detailers-fr\/racoon-water-spot-remover-nettoyant-taches-deau-200ml\/","og_site_name":"Racoon-Cleaner","article_modified_time":"2020-04-09T08:05:54+00:00","og_image":[{"width":800,"height":800,"url":"https:\/\/i1.wp.com\/racoon-cleaner.nl\/wp-content\/uploads\/2020\/08\/RN_WATSPO200_1.jpg?fit=800%2C800&ssl=1","type":"image\/jpeg"}],"twitter_card":"summary_large_image","twitter_misc":{"Dur\u00e9e de lecture estim\u00e9e":"1 minute"},"schema":{"@context":"https:\/\/schema.org","@graph":[{"@type":"WebPage","@id":"https:\/\/racoon-cleaner.nl\/fr\/product\/detailers-fr\/racoon-water-spot-remover-nettoyant-taches-deau-200ml\/","url":"https:\/\/racoon-cleaner.nl\/fr\/product\/detailers-fr\/racoon-water-spot-remover-nettoyant-taches-deau-200ml\/","name":"Racoon WATER SPOT REMOVER Nettoyant t\u00e2ches d'eau - 200ml - Racoon-Cleaner","isPartOf":{"@id":"https:\/\/racoon-cleaner.nl\/fr\/#website"},"primaryImageOfPage":{"@id":"https:\/\/racoon-cleaner.nl\/fr\/product\/detailers-fr\/racoon-water-spot-remover-nettoyant-taches-deau-200ml\/#primaryimage"},"image":{"@id":"https:\/\/racoon-cleaner.nl\/fr\/product\/detailers-fr\/racoon-water-spot-remover-nettoyant-taches-deau-200ml\/#primaryimage"},"thumbnailUrl":"https:\/\/racoon-cleaner.nl\/wp-content\/uploads\/2020\/08\/RN_WATSPO200_1.jpg","datePublished":"2020-04-09T08:05:52+00:00","dateModified":"2020-04-09T08:05:54+00:00","breadcrumb":{"@id":"https:\/\/racoon-cleaner.nl\/fr\/product\/detailers-fr\/racoon-water-spot-remover-nettoyant-taches-deau-200ml\/#breadcrumb"},"inLanguage":"fr-FR","potentialAction":[{"@type":"ReadAction","target":["https:\/\/racoon-cleaner.nl\/fr\/product\/detailers-fr\/racoon-water-spot-remover-nettoyant-taches-deau-200ml\/"]}]},{"@type":"ImageObject","inLanguage":"fr-FR","@id":"https:\/\/racoon-cleaner.nl\/fr\/product\/detailers-fr\/racoon-water-spot-remover-nettoyant-taches-deau-200ml\/#primaryimage","url":"https:\/\/racoon-cleaner.nl\/wp-content\/uploads\/2020\/08\/RN_WATSPO200_1.jpg","contentUrl":"https:\/\/racoon-cleaner.nl\/wp-content\/uploads\/2020\/08\/RN_WATSPO200_1.jpg","width":800,"height":800},{"@type":"BreadcrumbList","@id":"https:\/\/racoon-cleaner.nl\/fr\/product\/detailers-fr\/racoon-water-spot-remover-nettoyant-taches-deau-200ml\/#breadcrumb","itemListElement":[{"@type":"ListItem","position":1,"name":"Home","item":"https:\/\/racoon-cleaner.nl\/fr\/"},{"@type":"ListItem","position":2,"name":"Boutique","item":"https:\/\/racoon-cleaner.nl\/fr\/shop\/"},{"@type":"ListItem","position":3,"name":"Racoon WATER SPOT REMOVER Nettoyant t\u00e2ches d&#8217;eau &#8211; 200ml"}]},{"@type":"WebSite","@id":"https:\/\/racoon-cleaner.nl\/fr\/#website","url":"https:\/\/racoon-cleaner.nl\/fr\/","name":"Racoon-cleaner","description":"Reinigings- en verzorgingsproducten","publisher":{"@id":"https:\/\/racoon-cleaner.nl\/fr\/#organization"},"potentialAction":[{"@type":"SearchAction","target":{"@type":"EntryPoint","urlTemplate":"https:\/\/racoon-cleaner.nl\/fr\/?s={search_term_string}"},"query-input":{"@type":"PropertyValueSpecification","valueRequired":true,"valueName":"search_term_string"}}],"inLanguage":"fr-FR"},{"@type":"Organization","@id":"https:\/\/racoon-cleaner.nl\/fr\/#organization","name":"Racoon-Cleaner.nl","url":"https:\/\/racoon-cleaner.nl\/fr\/","logo":{"@type":"ImageObject","inLanguage":"fr-FR","@id":"https:\/\/racoon-cleaner.nl\/fr\/#\/schema\/logo\/image\/","url":"https:\/\/i1.wp.com\/racoon-cleaner.nl\/wp-content\/uploads\/2019\/12\/racoon-logo.png?fit=757%2C754&ssl=1","contentUrl":"https:\/\/i1.wp.com\/racoon-cleaner.nl\/wp-content\/uploads\/2019\/12\/racoon-logo.png?fit=757%2C754&ssl=1","width":757,"height":754,"caption":"Racoon-Cleaner.nl"},"image":{"@id":"https:\/\/racoon-cleaner.nl\/fr\/#\/schema\/logo\/image\/"}}]}},"jetpack_sharing_enabled":true,"_links":{"self":[{"href":"https:\/\/racoon-cleaner.nl\/fr\/wp-json\/wp\/v2\/product\/2183","targetHints":{"allow":["GET"]}}],"collection":[{"href":"https:\/\/racoon-cleaner.nl\/fr\/wp-json\/wp\/v2\/product"}],"about":[{"href":"https:\/\/racoon-cleaner.nl\/fr\/wp-json\/wp\/v2\/types\/product"}],"replies":[{"embeddable":true,"href":"https:\/\/racoon-cleaner.nl\/fr\/wp-json\/wp\/v2\/comments?post=2183"}],"wp:featuredmedia":[{"embeddable":true,"href":"https:\/\/racoon-cleaner.nl\/fr\/wp-json\/wp\/v2\/media\/5117"}],"wp:attachment":[{"href":"https:\/\/racoon-cleaner.nl\/fr\/wp-json\/wp\/v2\/media?parent=2183"}],"wp:term":[{"taxonomy":"product_brand","embeddable":true,"href":"https:\/\/racoon-cleaner.nl\/fr\/wp-json\/wp\/v2\/product_brand?post=2183"},{"taxonomy":"product_cat","embeddable":true,"href":"https:\/\/racoon-cleaner.nl\/fr\/wp-json\/wp\/v2\/product_cat?post=2183"},{"taxonomy":"product_tag","embeddable":true,"href":"https:\/\/racoon-cleaner.nl\/fr\/wp-json\/wp\/v2\/product_tag?post=2183"}],"curies":[{"name":"wp","href":"https:\/\/api.w.org\/{rel}","templated":true}]}}