{"id":2186,"date":"2020-08-07T15:57:04","date_gmt":"2020-04-09T08:05:52","guid":{"rendered":"https:\/\/racoon-cleaner.nl\/product\/racoon-wheel-shield-full-kit\/"},"modified":"2020-04-09T08:06:07","modified_gmt":"2020-04-09T08:06:07","slug":"racoon-wheel-shield-scellant-pour-les-jantes-ceramique-full-kit","status":"publish","type":"product","link":"https:\/\/racoon-cleaner.nl\/fr\/product\/kits-fr\/racoon-wheel-shield-scellant-pour-les-jantes-ceramique-full-kit\/","title":{"rendered":"Racoon WHEEL SHIELD Scellant pour les jantes c\u00e9ramique &#8211; Full Kit"},"content":{"rendered":"<p># WHEEL SHIELD  Le scellant c\u00e9ramique pour jantes dans un kit tout compris !<\/p>\n<p>Le rev\u00eatement de jante Racoon de haute qualit\u00e9 pour tous les types de jantes &#8211; r\u00e9duit \u00e9galement la combustion des poussi\u00e8res de freins! <\/p>\n<p>Le Racoon # WHEEL SHIELD, durable et r\u00e9sistant \u00e0 la temp\u00e9rature, a \u00e9t\u00e9 d\u00e9velopp\u00e9 exclusivement d\u00e9velopp\u00e9 pour les jantes, convient pour les jantes peintes, polies et \u00e9galement rev\u00eatues de poudre et offre des avantages extr\u00eamement durables tout au long de l&rsquo;ann\u00e9e, m\u00eame en hiver!<\/p>\n<p>Le scellant \u00e9galise les moindres irr\u00e9gularit\u00e9s de la surface de la jante et forme une couche protectrice c\u00e9ramique absolument invisible, lisse et tr\u00e8s r\u00e9sistante, avec une longue dur\u00e9e de vie. Cela cr\u00e9e un effet lotus hydrophobe tr\u00e8s stable qui r\u00e9duit \u00e9galement de mani\u00e8re significative les nouvelles salissures et la combustion de la poussi\u00e8re de frein. <\/p>\n<p>&#8211; WHEEL SHIELD &#8211; Excellentes propri\u00e9t\u00e9s anti-salissures et hydrofuges !<br \/>\n&#8211; WHEEL SHIELD &#8211; Les jantes peuvent donc \u00eatre nettoy\u00e9es avec moins de temps et d\u2019efforts !<br \/>\n&#8211; WHEEL SHIELD &#8211; Une protection permanente qui dure jusqu&rsquo;\u00e0 un an !<\/p>\n<p>L&rsquo;application du scellant pour jantes est tr\u00e8s facile et peut \u00eatre r\u00e9alis\u00e9e sans connaissances particuli\u00e8res !  Il faut cependant veiller \u00e0 un nettoyage et une pr\u00e9paration intensifs de la surface de la jante \u00e0 sceller afin d&rsquo;obtenir une adh\u00e9rence optimale et durable ! La stabilit\u00e9 et la r\u00e9sistance \u00e0 l&rsquo;abrasion du produit de scellement d\u00e9pendent de sa capacit\u00e9 \u00e0 se lier chimiquement ! Pour un nettoyage et une pr\u00e9paration en profondeur et sans r\u00e9sidus, nous recommandons notre nettoyant pour jantes Racoon # WHEEL CLEANER et notre Racoon # ALCOHOLIC &#8211; D\u00e9graissant \/ D\u00e9graissant, qui est sp\u00e9cialement adapt\u00e9 au scellant. Ils garantissent une surface propre et r\u00e9active !<\/p>\n<p>Le kit pratique contient tout ce dont vous avez besoin pour un parfait scellant des jantes :<br \/>\n30 ml de Racoon # WHEEL SHIELD, 100 ml de # WHEEL CLEANER, 100 ml de # ALCOHOLIC, 2 gants en nitrile, 3 chiffons applicateurs, 1 bloc applicateur et instructions d\u00e9taill\u00e9es.<\/p>\n<span class=\"et_bloom_bottom_trigger\"><\/span>","protected":false},"excerpt":{"rendered":"<p>Racoon WHEEL SHIELD Scellant pour les jantes c\u00e9ramique &#8211; Full Kit<\/p>\n","protected":false},"featured_media":6095,"comment_status":"closed","ping_status":"closed","template":"","meta":{"_et_pb_use_builder":"","_et_pb_old_content":"","_et_gb_content_width":""},"product_brand":[],"product_cat":[399,370,414],"product_tag":[188],"class_list":{"0":"post-2186","1":"product","2":"type-product","3":"status-publish","4":"has-post-thumbnail","6":"product_cat-jantes-pneus","7":"product_cat-kits-fr","8":"product_cat-sceller","9":"product_tag-shampoing-voiture","10":"pa_kleur-transparent-fr","11":"pa_materiaal-liquide","13":"first","14":"instock","15":"taxable","16":"shipping-taxable","17":"purchasable","18":"product-type-simple"},"yoast_head":"<!-- This site is optimized with the Yoast SEO plugin v27.4 - https:\/\/yoast.com\/product\/yoast-seo-wordpress\/ -->\n<title>Racoon WHEEL SHIELD Scellant pour les jantes c\u00e9ramique - Full Kit - Racoon-Cleaner<\/title>\n<meta name=\"robots\" content=\"index, follow, max-snippet:-1, max-image-preview:large, max-video-preview:-1\" \/>\n<link rel=\"canonical\" href=\"https:\/\/racoon-cleaner.nl\/fr\/product\/kits-fr\/racoon-wheel-shield-scellant-pour-les-jantes-ceramique-full-kit\/\" \/>\n<meta property=\"og:locale\" content=\"fr_FR\" \/>\n<meta property=\"og:type\" content=\"article\" \/>\n<meta property=\"og:title\" content=\"Racoon WHEEL SHIELD Scellant pour les jantes c\u00e9ramique - Full Kit - Racoon-Cleaner\" \/>\n<meta property=\"og:description\" content=\"Racoon WHEEL SHIELD Scellant pour les jantes c\u00e9ramique - Full Kit\" \/>\n<meta property=\"og:url\" content=\"https:\/\/racoon-cleaner.nl\/fr\/product\/kits-fr\/racoon-wheel-shield-scellant-pour-les-jantes-ceramique-full-kit\/\" \/>\n<meta property=\"og:site_name\" content=\"Racoon-Cleaner\" \/>\n<meta property=\"article:modified_time\" content=\"2020-04-09T08:06:07+00:00\" \/>\n<meta property=\"og:image\" content=\"https:\/\/i0.wp.com\/racoon-cleaner.nl\/wp-content\/uploads\/2020\/08\/RN_WHESHISET_1-1.jpg?fit=800%2C800&ssl=1\" \/>\n\t<meta property=\"og:image:width\" content=\"800\" \/>\n\t<meta property=\"og:image:height\" content=\"800\" \/>\n\t<meta property=\"og:image:type\" content=\"image\/jpeg\" \/>\n<meta name=\"twitter:card\" content=\"summary_large_image\" \/>\n<meta name=\"twitter:label1\" content=\"Dur\u00e9e de lecture estim\u00e9e\" \/>\n\t<meta name=\"twitter:data1\" content=\"2 minutes\" \/>\n<script type=\"application\/ld+json\" class=\"yoast-schema-graph\">{\"@context\":\"https:\\\/\\\/schema.org\",\"@graph\":[{\"@type\":\"WebPage\",\"@id\":\"https:\\\/\\\/racoon-cleaner.nl\\\/fr\\\/product\\\/kits-fr\\\/racoon-wheel-shield-scellant-pour-les-jantes-ceramique-full-kit\\\/\",\"url\":\"https:\\\/\\\/racoon-cleaner.nl\\\/fr\\\/product\\\/kits-fr\\\/racoon-wheel-shield-scellant-pour-les-jantes-ceramique-full-kit\\\/\",\"name\":\"Racoon WHEEL SHIELD Scellant pour les jantes c\u00e9ramique - Full Kit - Racoon-Cleaner\",\"isPartOf\":{\"@id\":\"https:\\\/\\\/racoon-cleaner.nl\\\/fr\\\/#website\"},\"primaryImageOfPage\":{\"@id\":\"https:\\\/\\\/racoon-cleaner.nl\\\/fr\\\/product\\\/kits-fr\\\/racoon-wheel-shield-scellant-pour-les-jantes-ceramique-full-kit\\\/#primaryimage\"},\"image\":{\"@id\":\"https:\\\/\\\/racoon-cleaner.nl\\\/fr\\\/product\\\/kits-fr\\\/racoon-wheel-shield-scellant-pour-les-jantes-ceramique-full-kit\\\/#primaryimage\"},\"thumbnailUrl\":\"https:\\\/\\\/racoon-cleaner.nl\\\/wp-content\\\/uploads\\\/2020\\\/08\\\/RN_WHESHISET_1-1.jpg\",\"datePublished\":\"2020-04-09T08:05:52+00:00\",\"dateModified\":\"2020-04-09T08:06:07+00:00\",\"breadcrumb\":{\"@id\":\"https:\\\/\\\/racoon-cleaner.nl\\\/fr\\\/product\\\/kits-fr\\\/racoon-wheel-shield-scellant-pour-les-jantes-ceramique-full-kit\\\/#breadcrumb\"},\"inLanguage\":\"fr-FR\",\"potentialAction\":[{\"@type\":\"ReadAction\",\"target\":[\"https:\\\/\\\/racoon-cleaner.nl\\\/fr\\\/product\\\/kits-fr\\\/racoon-wheel-shield-scellant-pour-les-jantes-ceramique-full-kit\\\/\"]}]},{\"@type\":\"ImageObject\",\"inLanguage\":\"fr-FR\",\"@id\":\"https:\\\/\\\/racoon-cleaner.nl\\\/fr\\\/product\\\/kits-fr\\\/racoon-wheel-shield-scellant-pour-les-jantes-ceramique-full-kit\\\/#primaryimage\",\"url\":\"https:\\\/\\\/racoon-cleaner.nl\\\/wp-content\\\/uploads\\\/2020\\\/08\\\/RN_WHESHISET_1-1.jpg\",\"contentUrl\":\"https:\\\/\\\/racoon-cleaner.nl\\\/wp-content\\\/uploads\\\/2020\\\/08\\\/RN_WHESHISET_1-1.jpg\",\"width\":800,\"height\":800},{\"@type\":\"BreadcrumbList\",\"@id\":\"https:\\\/\\\/racoon-cleaner.nl\\\/fr\\\/product\\\/kits-fr\\\/racoon-wheel-shield-scellant-pour-les-jantes-ceramique-full-kit\\\/#breadcrumb\",\"itemListElement\":[{\"@type\":\"ListItem\",\"position\":1,\"name\":\"Home\",\"item\":\"https:\\\/\\\/racoon-cleaner.nl\\\/fr\\\/\"},{\"@type\":\"ListItem\",\"position\":2,\"name\":\"Boutique\",\"item\":\"https:\\\/\\\/racoon-cleaner.nl\\\/fr\\\/shop\\\/\"},{\"@type\":\"ListItem\",\"position\":3,\"name\":\"Racoon WHEEL SHIELD Scellant pour les jantes c\u00e9ramique &#8211; Full Kit\"}]},{\"@type\":\"WebSite\",\"@id\":\"https:\\\/\\\/racoon-cleaner.nl\\\/fr\\\/#website\",\"url\":\"https:\\\/\\\/racoon-cleaner.nl\\\/fr\\\/\",\"name\":\"Racoon-cleaner\",\"description\":\"Reinigings- en verzorgingsproducten\",\"publisher\":{\"@id\":\"https:\\\/\\\/racoon-cleaner.nl\\\/fr\\\/#organization\"},\"potentialAction\":[{\"@type\":\"SearchAction\",\"target\":{\"@type\":\"EntryPoint\",\"urlTemplate\":\"https:\\\/\\\/racoon-cleaner.nl\\\/fr\\\/?s={search_term_string}\"},\"query-input\":{\"@type\":\"PropertyValueSpecification\",\"valueRequired\":true,\"valueName\":\"search_term_string\"}}],\"inLanguage\":\"fr-FR\"},{\"@type\":\"Organization\",\"@id\":\"https:\\\/\\\/racoon-cleaner.nl\\\/fr\\\/#organization\",\"name\":\"Racoon-Cleaner.nl\",\"url\":\"https:\\\/\\\/racoon-cleaner.nl\\\/fr\\\/\",\"logo\":{\"@type\":\"ImageObject\",\"inLanguage\":\"fr-FR\",\"@id\":\"https:\\\/\\\/racoon-cleaner.nl\\\/fr\\\/#\\\/schema\\\/logo\\\/image\\\/\",\"url\":\"https:\\\/\\\/i1.wp.com\\\/racoon-cleaner.nl\\\/wp-content\\\/uploads\\\/2019\\\/12\\\/racoon-logo.png?fit=757%2C754&ssl=1\",\"contentUrl\":\"https:\\\/\\\/i1.wp.com\\\/racoon-cleaner.nl\\\/wp-content\\\/uploads\\\/2019\\\/12\\\/racoon-logo.png?fit=757%2C754&ssl=1\",\"width\":757,\"height\":754,\"caption\":\"Racoon-Cleaner.nl\"},\"image\":{\"@id\":\"https:\\\/\\\/racoon-cleaner.nl\\\/fr\\\/#\\\/schema\\\/logo\\\/image\\\/\"}}]}<\/script>\n<!-- \/ Yoast SEO plugin. -->","yoast_head_json":{"title":"Racoon WHEEL SHIELD Scellant pour les jantes c\u00e9ramique - Full Kit - Racoon-Cleaner","robots":{"index":"index","follow":"follow","max-snippet":"max-snippet:-1","max-image-preview":"max-image-preview:large","max-video-preview":"max-video-preview:-1"},"canonical":"https:\/\/racoon-cleaner.nl\/fr\/product\/kits-fr\/racoon-wheel-shield-scellant-pour-les-jantes-ceramique-full-kit\/","og_locale":"fr_FR","og_type":"article","og_title":"Racoon WHEEL SHIELD Scellant pour les jantes c\u00e9ramique - Full Kit - Racoon-Cleaner","og_description":"Racoon WHEEL SHIELD Scellant pour les jantes c\u00e9ramique - Full Kit","og_url":"https:\/\/racoon-cleaner.nl\/fr\/product\/kits-fr\/racoon-wheel-shield-scellant-pour-les-jantes-ceramique-full-kit\/","og_site_name":"Racoon-Cleaner","article_modified_time":"2020-04-09T08:06:07+00:00","og_image":[{"width":800,"height":800,"url":"https:\/\/i0.wp.com\/racoon-cleaner.nl\/wp-content\/uploads\/2020\/08\/RN_WHESHISET_1-1.jpg?fit=800%2C800&ssl=1","type":"image\/jpeg"}],"twitter_card":"summary_large_image","twitter_misc":{"Dur\u00e9e de lecture estim\u00e9e":"2 minutes"},"schema":{"@context":"https:\/\/schema.org","@graph":[{"@type":"WebPage","@id":"https:\/\/racoon-cleaner.nl\/fr\/product\/kits-fr\/racoon-wheel-shield-scellant-pour-les-jantes-ceramique-full-kit\/","url":"https:\/\/racoon-cleaner.nl\/fr\/product\/kits-fr\/racoon-wheel-shield-scellant-pour-les-jantes-ceramique-full-kit\/","name":"Racoon WHEEL SHIELD Scellant pour les jantes c\u00e9ramique - Full Kit - Racoon-Cleaner","isPartOf":{"@id":"https:\/\/racoon-cleaner.nl\/fr\/#website"},"primaryImageOfPage":{"@id":"https:\/\/racoon-cleaner.nl\/fr\/product\/kits-fr\/racoon-wheel-shield-scellant-pour-les-jantes-ceramique-full-kit\/#primaryimage"},"image":{"@id":"https:\/\/racoon-cleaner.nl\/fr\/product\/kits-fr\/racoon-wheel-shield-scellant-pour-les-jantes-ceramique-full-kit\/#primaryimage"},"thumbnailUrl":"https:\/\/racoon-cleaner.nl\/wp-content\/uploads\/2020\/08\/RN_WHESHISET_1-1.jpg","datePublished":"2020-04-09T08:05:52+00:00","dateModified":"2020-04-09T08:06:07+00:00","breadcrumb":{"@id":"https:\/\/racoon-cleaner.nl\/fr\/product\/kits-fr\/racoon-wheel-shield-scellant-pour-les-jantes-ceramique-full-kit\/#breadcrumb"},"inLanguage":"fr-FR","potentialAction":[{"@type":"ReadAction","target":["https:\/\/racoon-cleaner.nl\/fr\/product\/kits-fr\/racoon-wheel-shield-scellant-pour-les-jantes-ceramique-full-kit\/"]}]},{"@type":"ImageObject","inLanguage":"fr-FR","@id":"https:\/\/racoon-cleaner.nl\/fr\/product\/kits-fr\/racoon-wheel-shield-scellant-pour-les-jantes-ceramique-full-kit\/#primaryimage","url":"https:\/\/racoon-cleaner.nl\/wp-content\/uploads\/2020\/08\/RN_WHESHISET_1-1.jpg","contentUrl":"https:\/\/racoon-cleaner.nl\/wp-content\/uploads\/2020\/08\/RN_WHESHISET_1-1.jpg","width":800,"height":800},{"@type":"BreadcrumbList","@id":"https:\/\/racoon-cleaner.nl\/fr\/product\/kits-fr\/racoon-wheel-shield-scellant-pour-les-jantes-ceramique-full-kit\/#breadcrumb","itemListElement":[{"@type":"ListItem","position":1,"name":"Home","item":"https:\/\/racoon-cleaner.nl\/fr\/"},{"@type":"ListItem","position":2,"name":"Boutique","item":"https:\/\/racoon-cleaner.nl\/fr\/shop\/"},{"@type":"ListItem","position":3,"name":"Racoon WHEEL SHIELD Scellant pour les jantes c\u00e9ramique &#8211; Full Kit"}]},{"@type":"WebSite","@id":"https:\/\/racoon-cleaner.nl\/fr\/#website","url":"https:\/\/racoon-cleaner.nl\/fr\/","name":"Racoon-cleaner","description":"Reinigings- en verzorgingsproducten","publisher":{"@id":"https:\/\/racoon-cleaner.nl\/fr\/#organization"},"potentialAction":[{"@type":"SearchAction","target":{"@type":"EntryPoint","urlTemplate":"https:\/\/racoon-cleaner.nl\/fr\/?s={search_term_string}"},"query-input":{"@type":"PropertyValueSpecification","valueRequired":true,"valueName":"search_term_string"}}],"inLanguage":"fr-FR"},{"@type":"Organization","@id":"https:\/\/racoon-cleaner.nl\/fr\/#organization","name":"Racoon-Cleaner.nl","url":"https:\/\/racoon-cleaner.nl\/fr\/","logo":{"@type":"ImageObject","inLanguage":"fr-FR","@id":"https:\/\/racoon-cleaner.nl\/fr\/#\/schema\/logo\/image\/","url":"https:\/\/i1.wp.com\/racoon-cleaner.nl\/wp-content\/uploads\/2019\/12\/racoon-logo.png?fit=757%2C754&ssl=1","contentUrl":"https:\/\/i1.wp.com\/racoon-cleaner.nl\/wp-content\/uploads\/2019\/12\/racoon-logo.png?fit=757%2C754&ssl=1","width":757,"height":754,"caption":"Racoon-Cleaner.nl"},"image":{"@id":"https:\/\/racoon-cleaner.nl\/fr\/#\/schema\/logo\/image\/"}}]}},"jetpack_sharing_enabled":true,"_links":{"self":[{"href":"https:\/\/racoon-cleaner.nl\/fr\/wp-json\/wp\/v2\/product\/2186","targetHints":{"allow":["GET"]}}],"collection":[{"href":"https:\/\/racoon-cleaner.nl\/fr\/wp-json\/wp\/v2\/product"}],"about":[{"href":"https:\/\/racoon-cleaner.nl\/fr\/wp-json\/wp\/v2\/types\/product"}],"replies":[{"embeddable":true,"href":"https:\/\/racoon-cleaner.nl\/fr\/wp-json\/wp\/v2\/comments?post=2186"}],"wp:featuredmedia":[{"embeddable":true,"href":"https:\/\/racoon-cleaner.nl\/fr\/wp-json\/wp\/v2\/media\/6095"}],"wp:attachment":[{"href":"https:\/\/racoon-cleaner.nl\/fr\/wp-json\/wp\/v2\/media?parent=2186"}],"wp:term":[{"taxonomy":"product_brand","embeddable":true,"href":"https:\/\/racoon-cleaner.nl\/fr\/wp-json\/wp\/v2\/product_brand?post=2186"},{"taxonomy":"product_cat","embeddable":true,"href":"https:\/\/racoon-cleaner.nl\/fr\/wp-json\/wp\/v2\/product_cat?post=2186"},{"taxonomy":"product_tag","embeddable":true,"href":"https:\/\/racoon-cleaner.nl\/fr\/wp-json\/wp\/v2\/product_tag?post=2186"}],"curies":[{"name":"wp","href":"https:\/\/api.w.org\/{rel}","templated":true}]}}