{"id":2189,"date":"2020-08-07T15:57:04","date_gmt":"2020-04-09T08:05:52","guid":{"rendered":"https:\/\/racoon-cleaner.nl\/product\/racoon-wheel-tornado-nettoyant-jantes-500ml\/"},"modified":"2021-12-04T20:42:05","modified_gmt":"2021-12-04T19:42:05","slug":"racoon-wheel-cleaner-nettoyant-jantes-500ml","status":"publish","type":"product","link":"https:\/\/racoon-cleaner.nl\/fr\/product\/jantes-pneus\/nettoyants-de-roues\/racoon-wheel-cleaner-nettoyant-jantes-500ml\/","title":{"rendered":"Racoon WHEEL CLEANER Nettoyant jantes &#8211; 500ml"},"content":{"rendered":"<p># WHEEL CLEANER Nettoyant jantes<\/p>\n<p>Avec sa nouvelle formule et un pouvoir actif de dissolution de la salet\u00e9 encore meilleur!<\/p>\n<p>Cette couche noire de poussi\u00e8re de frein br\u00fbl\u00e9e, d&rsquo;abrasion de caoutchouc et de m\u00e9tal, de goudron, d&rsquo;huiles et de sels adh\u00e8re de fa\u00e7on extr\u00eamement tenace \u00e0 toutes les jantes, ce qui les rend tr\u00e8s peu esth\u00e9tiques! Mais, avec des nettoyants normaux ou un shampoing, vous n&rsquo;irez pas loin ici !<\/p>\n<p>WHEEL CLEANER &#8211; \u00c9limine les d\u00e9p\u00f4ts les plus tenaces de mani\u00e8re tr\u00e8s efficace et compl\u00e8te en un rien de temps ! La d\u00e9coloration du nettoyant indique la dissolution active de la salet\u00e9 et les jantes retrouvent leur aspect neuf et leur brillance d&rsquo;origine !<\/p>\n<p>WHEEL CLEANER &#8211; Avec sa formulation non agressive et tr\u00e8s douce, sans acide et au pH neutre, est donc \u00e9galement id\u00e9al pour les jantes de haute qualit\u00e9 et sensibles !  Les sealants ou cires d\u00e9j\u00e0 existants ne sont pas attaqu\u00e9s ou affect\u00e9s de quelque mani\u00e8re que ce soit !<\/p>\n<p>&#8211; Doux pour le mat\u00e9riau et l&rsquo;environnement &#8211; et ensuite l&rsquo;effet de propret\u00e9 rayonnante !<br \/>\n&#8211; Le tr\u00e8s bon pouvoir adh\u00e9sif permet une application simple et rapide !<br \/>\n&#8211; Elimine efficacement les salet\u00e9s les plus tenaces sur tous les types de jantes !<\/p>\n<p>Ne pas utiliser en plein soleil et\/ou sur des jantes chaudes !<br \/>\nV\u00e9rifier la compatibilit\u00e9 des mat\u00e9riaux \u00e0 un endroit appropri\u00e9 et peu visible !<br \/>\nNous recommandons de porter des gants jetables !<\/p>\n<p>Bien agiter avant utilisation !<br \/>\nVaporiser uniform\u00e9ment sur les jantes s\u00e8ches et fra\u00eeches et, selon la temp\u00e9rature ext\u00e9rieure,<br \/>\nlaisser agir pendant 2 \u00e0 5 minutes, mais ne pas laisser s\u00e9cher !<br \/>\nSi l&rsquo;indicateur de couleur passe au rouge fonc\u00e9, la r\u00e9action active est termin\u00e9e !<br \/>\nSi n\u00e9cessaire, retravaillez la jante avec une \u00e9ponge ou une brosse \u00e0 jante !<br \/>\nRincez ensuite abondamment \u00e0 l&rsquo;eau claire ! <\/p>\n<p>L\u2019astuce de Racoon:<br \/>\nApr\u00e8s le nettoyage, nous recommandons de prot\u00e9ger les jantes avec notre Racoon # WHEEL SHIELD ou Racoon # RIM GLOSS COAT ! Ces coatings sp\u00e9ciaux pour jantes cr\u00e9ent ensuite une couche de protection c\u00e9ramique absolument invisible, lisse et tr\u00e8s r\u00e9sistante. Les nouvelles salissures et l&rsquo;enfouissement de la poussi\u00e8re de frein sont consid\u00e9rablement r\u00e9duits et les jantes peuvent \u00eatre nettoy\u00e9es \u00e0 l&rsquo;avenir avec beaucoup moins de temps et d&rsquo;efforts !<\/p>\n<p>Disponible en bouteilles de 100ml et 500ml, ainsi qu&rsquo;en bidons de 5, 10 et 20 litres<\/p>\n<span class=\"et_bloom_bottom_trigger\"><\/span>","protected":false},"excerpt":{"rendered":"<p>Racoon WHEEL CLEANER Nettoyant jantes &#8211; 500ml<\/p>\n","protected":false},"featured_media":6113,"comment_status":"closed","ping_status":"closed","template":"","meta":{"_et_pb_use_builder":"","_et_pb_old_content":"","_et_gb_content_width":""},"product_brand":[],"product_cat":[399,408],"product_tag":[188],"class_list":{"0":"post-2189","1":"product","2":"type-product","3":"status-publish","4":"has-post-thumbnail","6":"product_cat-jantes-pneus","7":"product_cat-nettoyants-de-roues","8":"product_tag-shampoing-voiture","9":"pa_kleur-jaune","10":"pa_materiaal-liquide","12":"first","13":"instock","14":"taxable","15":"shipping-taxable","16":"purchasable","17":"product-type-simple"},"yoast_head":"<!-- This site is optimized with the Yoast SEO plugin v27.4 - https:\/\/yoast.com\/product\/yoast-seo-wordpress\/ -->\n<title>Racoon WHEEL CLEANER Nettoyant jantes - 500ml - Racoon-Cleaner<\/title>\n<meta name=\"robots\" content=\"index, follow, max-snippet:-1, max-image-preview:large, max-video-preview:-1\" \/>\n<link rel=\"canonical\" href=\"https:\/\/racoon-cleaner.nl\/fr\/product\/jantes-pneus\/nettoyants-de-roues\/racoon-wheel-cleaner-nettoyant-jantes-500ml\/\" \/>\n<meta property=\"og:locale\" content=\"fr_FR\" \/>\n<meta property=\"og:type\" content=\"article\" \/>\n<meta property=\"og:title\" content=\"Racoon WHEEL CLEANER Nettoyant jantes - 500ml - Racoon-Cleaner\" \/>\n<meta property=\"og:description\" content=\"Racoon WHEEL CLEANER Nettoyant jantes - 500ml\" \/>\n<meta property=\"og:url\" content=\"https:\/\/racoon-cleaner.nl\/fr\/product\/jantes-pneus\/nettoyants-de-roues\/racoon-wheel-cleaner-nettoyant-jantes-500ml\/\" \/>\n<meta property=\"og:site_name\" content=\"Racoon-Cleaner\" \/>\n<meta property=\"article:modified_time\" content=\"2021-12-04T19:42:05+00:00\" \/>\n<meta property=\"og:image\" content=\"https:\/\/i0.wp.com\/racoon-cleaner.nl\/wp-content\/uploads\/2020\/08\/RN_WHETOR500_1-1.jpg?fit=800%2C800&ssl=1\" \/>\n\t<meta property=\"og:image:width\" content=\"800\" \/>\n\t<meta property=\"og:image:height\" content=\"800\" \/>\n\t<meta property=\"og:image:type\" content=\"image\/jpeg\" \/>\n<meta name=\"twitter:card\" content=\"summary_large_image\" \/>\n<meta name=\"twitter:label1\" content=\"Dur\u00e9e de lecture estim\u00e9e\" \/>\n\t<meta name=\"twitter:data1\" content=\"2 minutes\" \/>\n<script type=\"application\/ld+json\" class=\"yoast-schema-graph\">{\"@context\":\"https:\\\/\\\/schema.org\",\"@graph\":[{\"@type\":\"WebPage\",\"@id\":\"https:\\\/\\\/racoon-cleaner.nl\\\/fr\\\/product\\\/jantes-pneus\\\/nettoyants-de-roues\\\/racoon-wheel-cleaner-nettoyant-jantes-500ml\\\/\",\"url\":\"https:\\\/\\\/racoon-cleaner.nl\\\/fr\\\/product\\\/jantes-pneus\\\/nettoyants-de-roues\\\/racoon-wheel-cleaner-nettoyant-jantes-500ml\\\/\",\"name\":\"Racoon WHEEL CLEANER Nettoyant jantes - 500ml - Racoon-Cleaner\",\"isPartOf\":{\"@id\":\"https:\\\/\\\/racoon-cleaner.nl\\\/fr\\\/#website\"},\"primaryImageOfPage\":{\"@id\":\"https:\\\/\\\/racoon-cleaner.nl\\\/fr\\\/product\\\/jantes-pneus\\\/nettoyants-de-roues\\\/racoon-wheel-cleaner-nettoyant-jantes-500ml\\\/#primaryimage\"},\"image\":{\"@id\":\"https:\\\/\\\/racoon-cleaner.nl\\\/fr\\\/product\\\/jantes-pneus\\\/nettoyants-de-roues\\\/racoon-wheel-cleaner-nettoyant-jantes-500ml\\\/#primaryimage\"},\"thumbnailUrl\":\"https:\\\/\\\/racoon-cleaner.nl\\\/wp-content\\\/uploads\\\/2020\\\/08\\\/RN_WHETOR500_1-1.jpg\",\"datePublished\":\"2020-04-09T08:05:52+00:00\",\"dateModified\":\"2021-12-04T19:42:05+00:00\",\"breadcrumb\":{\"@id\":\"https:\\\/\\\/racoon-cleaner.nl\\\/fr\\\/product\\\/jantes-pneus\\\/nettoyants-de-roues\\\/racoon-wheel-cleaner-nettoyant-jantes-500ml\\\/#breadcrumb\"},\"inLanguage\":\"fr-FR\",\"potentialAction\":[{\"@type\":\"ReadAction\",\"target\":[\"https:\\\/\\\/racoon-cleaner.nl\\\/fr\\\/product\\\/jantes-pneus\\\/nettoyants-de-roues\\\/racoon-wheel-cleaner-nettoyant-jantes-500ml\\\/\"]}]},{\"@type\":\"ImageObject\",\"inLanguage\":\"fr-FR\",\"@id\":\"https:\\\/\\\/racoon-cleaner.nl\\\/fr\\\/product\\\/jantes-pneus\\\/nettoyants-de-roues\\\/racoon-wheel-cleaner-nettoyant-jantes-500ml\\\/#primaryimage\",\"url\":\"https:\\\/\\\/racoon-cleaner.nl\\\/wp-content\\\/uploads\\\/2020\\\/08\\\/RN_WHETOR500_1-1.jpg\",\"contentUrl\":\"https:\\\/\\\/racoon-cleaner.nl\\\/wp-content\\\/uploads\\\/2020\\\/08\\\/RN_WHETOR500_1-1.jpg\",\"width\":800,\"height\":800},{\"@type\":\"BreadcrumbList\",\"@id\":\"https:\\\/\\\/racoon-cleaner.nl\\\/fr\\\/product\\\/jantes-pneus\\\/nettoyants-de-roues\\\/racoon-wheel-cleaner-nettoyant-jantes-500ml\\\/#breadcrumb\",\"itemListElement\":[{\"@type\":\"ListItem\",\"position\":1,\"name\":\"Home\",\"item\":\"https:\\\/\\\/racoon-cleaner.nl\\\/fr\\\/\"},{\"@type\":\"ListItem\",\"position\":2,\"name\":\"Boutique\",\"item\":\"https:\\\/\\\/racoon-cleaner.nl\\\/fr\\\/shop\\\/\"},{\"@type\":\"ListItem\",\"position\":3,\"name\":\"Racoon WHEEL CLEANER Nettoyant jantes &#8211; 500ml\"}]},{\"@type\":\"WebSite\",\"@id\":\"https:\\\/\\\/racoon-cleaner.nl\\\/fr\\\/#website\",\"url\":\"https:\\\/\\\/racoon-cleaner.nl\\\/fr\\\/\",\"name\":\"Racoon-cleaner\",\"description\":\"Reinigings- en verzorgingsproducten\",\"publisher\":{\"@id\":\"https:\\\/\\\/racoon-cleaner.nl\\\/fr\\\/#organization\"},\"potentialAction\":[{\"@type\":\"SearchAction\",\"target\":{\"@type\":\"EntryPoint\",\"urlTemplate\":\"https:\\\/\\\/racoon-cleaner.nl\\\/fr\\\/?s={search_term_string}\"},\"query-input\":{\"@type\":\"PropertyValueSpecification\",\"valueRequired\":true,\"valueName\":\"search_term_string\"}}],\"inLanguage\":\"fr-FR\"},{\"@type\":\"Organization\",\"@id\":\"https:\\\/\\\/racoon-cleaner.nl\\\/fr\\\/#organization\",\"name\":\"Racoon-Cleaner.nl\",\"url\":\"https:\\\/\\\/racoon-cleaner.nl\\\/fr\\\/\",\"logo\":{\"@type\":\"ImageObject\",\"inLanguage\":\"fr-FR\",\"@id\":\"https:\\\/\\\/racoon-cleaner.nl\\\/fr\\\/#\\\/schema\\\/logo\\\/image\\\/\",\"url\":\"https:\\\/\\\/i1.wp.com\\\/racoon-cleaner.nl\\\/wp-content\\\/uploads\\\/2019\\\/12\\\/racoon-logo.png?fit=757%2C754&ssl=1\",\"contentUrl\":\"https:\\\/\\\/i1.wp.com\\\/racoon-cleaner.nl\\\/wp-content\\\/uploads\\\/2019\\\/12\\\/racoon-logo.png?fit=757%2C754&ssl=1\",\"width\":757,\"height\":754,\"caption\":\"Racoon-Cleaner.nl\"},\"image\":{\"@id\":\"https:\\\/\\\/racoon-cleaner.nl\\\/fr\\\/#\\\/schema\\\/logo\\\/image\\\/\"}}]}<\/script>\n<!-- \/ Yoast SEO plugin. -->","yoast_head_json":{"title":"Racoon WHEEL CLEANER Nettoyant jantes - 500ml - Racoon-Cleaner","robots":{"index":"index","follow":"follow","max-snippet":"max-snippet:-1","max-image-preview":"max-image-preview:large","max-video-preview":"max-video-preview:-1"},"canonical":"https:\/\/racoon-cleaner.nl\/fr\/product\/jantes-pneus\/nettoyants-de-roues\/racoon-wheel-cleaner-nettoyant-jantes-500ml\/","og_locale":"fr_FR","og_type":"article","og_title":"Racoon WHEEL CLEANER Nettoyant jantes - 500ml - Racoon-Cleaner","og_description":"Racoon WHEEL CLEANER Nettoyant jantes - 500ml","og_url":"https:\/\/racoon-cleaner.nl\/fr\/product\/jantes-pneus\/nettoyants-de-roues\/racoon-wheel-cleaner-nettoyant-jantes-500ml\/","og_site_name":"Racoon-Cleaner","article_modified_time":"2021-12-04T19:42:05+00:00","og_image":[{"width":800,"height":800,"url":"https:\/\/i0.wp.com\/racoon-cleaner.nl\/wp-content\/uploads\/2020\/08\/RN_WHETOR500_1-1.jpg?fit=800%2C800&ssl=1","type":"image\/jpeg"}],"twitter_card":"summary_large_image","twitter_misc":{"Dur\u00e9e de lecture estim\u00e9e":"2 minutes"},"schema":{"@context":"https:\/\/schema.org","@graph":[{"@type":"WebPage","@id":"https:\/\/racoon-cleaner.nl\/fr\/product\/jantes-pneus\/nettoyants-de-roues\/racoon-wheel-cleaner-nettoyant-jantes-500ml\/","url":"https:\/\/racoon-cleaner.nl\/fr\/product\/jantes-pneus\/nettoyants-de-roues\/racoon-wheel-cleaner-nettoyant-jantes-500ml\/","name":"Racoon WHEEL CLEANER Nettoyant jantes - 500ml - Racoon-Cleaner","isPartOf":{"@id":"https:\/\/racoon-cleaner.nl\/fr\/#website"},"primaryImageOfPage":{"@id":"https:\/\/racoon-cleaner.nl\/fr\/product\/jantes-pneus\/nettoyants-de-roues\/racoon-wheel-cleaner-nettoyant-jantes-500ml\/#primaryimage"},"image":{"@id":"https:\/\/racoon-cleaner.nl\/fr\/product\/jantes-pneus\/nettoyants-de-roues\/racoon-wheel-cleaner-nettoyant-jantes-500ml\/#primaryimage"},"thumbnailUrl":"https:\/\/racoon-cleaner.nl\/wp-content\/uploads\/2020\/08\/RN_WHETOR500_1-1.jpg","datePublished":"2020-04-09T08:05:52+00:00","dateModified":"2021-12-04T19:42:05+00:00","breadcrumb":{"@id":"https:\/\/racoon-cleaner.nl\/fr\/product\/jantes-pneus\/nettoyants-de-roues\/racoon-wheel-cleaner-nettoyant-jantes-500ml\/#breadcrumb"},"inLanguage":"fr-FR","potentialAction":[{"@type":"ReadAction","target":["https:\/\/racoon-cleaner.nl\/fr\/product\/jantes-pneus\/nettoyants-de-roues\/racoon-wheel-cleaner-nettoyant-jantes-500ml\/"]}]},{"@type":"ImageObject","inLanguage":"fr-FR","@id":"https:\/\/racoon-cleaner.nl\/fr\/product\/jantes-pneus\/nettoyants-de-roues\/racoon-wheel-cleaner-nettoyant-jantes-500ml\/#primaryimage","url":"https:\/\/racoon-cleaner.nl\/wp-content\/uploads\/2020\/08\/RN_WHETOR500_1-1.jpg","contentUrl":"https:\/\/racoon-cleaner.nl\/wp-content\/uploads\/2020\/08\/RN_WHETOR500_1-1.jpg","width":800,"height":800},{"@type":"BreadcrumbList","@id":"https:\/\/racoon-cleaner.nl\/fr\/product\/jantes-pneus\/nettoyants-de-roues\/racoon-wheel-cleaner-nettoyant-jantes-500ml\/#breadcrumb","itemListElement":[{"@type":"ListItem","position":1,"name":"Home","item":"https:\/\/racoon-cleaner.nl\/fr\/"},{"@type":"ListItem","position":2,"name":"Boutique","item":"https:\/\/racoon-cleaner.nl\/fr\/shop\/"},{"@type":"ListItem","position":3,"name":"Racoon WHEEL CLEANER Nettoyant jantes &#8211; 500ml"}]},{"@type":"WebSite","@id":"https:\/\/racoon-cleaner.nl\/fr\/#website","url":"https:\/\/racoon-cleaner.nl\/fr\/","name":"Racoon-cleaner","description":"Reinigings- en verzorgingsproducten","publisher":{"@id":"https:\/\/racoon-cleaner.nl\/fr\/#organization"},"potentialAction":[{"@type":"SearchAction","target":{"@type":"EntryPoint","urlTemplate":"https:\/\/racoon-cleaner.nl\/fr\/?s={search_term_string}"},"query-input":{"@type":"PropertyValueSpecification","valueRequired":true,"valueName":"search_term_string"}}],"inLanguage":"fr-FR"},{"@type":"Organization","@id":"https:\/\/racoon-cleaner.nl\/fr\/#organization","name":"Racoon-Cleaner.nl","url":"https:\/\/racoon-cleaner.nl\/fr\/","logo":{"@type":"ImageObject","inLanguage":"fr-FR","@id":"https:\/\/racoon-cleaner.nl\/fr\/#\/schema\/logo\/image\/","url":"https:\/\/i1.wp.com\/racoon-cleaner.nl\/wp-content\/uploads\/2019\/12\/racoon-logo.png?fit=757%2C754&ssl=1","contentUrl":"https:\/\/i1.wp.com\/racoon-cleaner.nl\/wp-content\/uploads\/2019\/12\/racoon-logo.png?fit=757%2C754&ssl=1","width":757,"height":754,"caption":"Racoon-Cleaner.nl"},"image":{"@id":"https:\/\/racoon-cleaner.nl\/fr\/#\/schema\/logo\/image\/"}}]}},"jetpack_sharing_enabled":true,"_links":{"self":[{"href":"https:\/\/racoon-cleaner.nl\/fr\/wp-json\/wp\/v2\/product\/2189","targetHints":{"allow":["GET"]}}],"collection":[{"href":"https:\/\/racoon-cleaner.nl\/fr\/wp-json\/wp\/v2\/product"}],"about":[{"href":"https:\/\/racoon-cleaner.nl\/fr\/wp-json\/wp\/v2\/types\/product"}],"replies":[{"embeddable":true,"href":"https:\/\/racoon-cleaner.nl\/fr\/wp-json\/wp\/v2\/comments?post=2189"}],"wp:featuredmedia":[{"embeddable":true,"href":"https:\/\/racoon-cleaner.nl\/fr\/wp-json\/wp\/v2\/media\/6113"}],"wp:attachment":[{"href":"https:\/\/racoon-cleaner.nl\/fr\/wp-json\/wp\/v2\/media?parent=2189"}],"wp:term":[{"taxonomy":"product_brand","embeddable":true,"href":"https:\/\/racoon-cleaner.nl\/fr\/wp-json\/wp\/v2\/product_brand?post=2189"},{"taxonomy":"product_cat","embeddable":true,"href":"https:\/\/racoon-cleaner.nl\/fr\/wp-json\/wp\/v2\/product_cat?post=2189"},{"taxonomy":"product_tag","embeddable":true,"href":"https:\/\/racoon-cleaner.nl\/fr\/wp-json\/wp\/v2\/product_tag?post=2189"}],"curies":[{"name":"wp","href":"https:\/\/api.w.org\/{rel}","templated":true}]}}