{"id":2532,"date":"2020-08-07T15:18:53","date_gmt":"2020-04-09T08:03:13","guid":{"rendered":"https:\/\/racoon-cleaner.nl\/product\/racoon-convertible-top-protect-protection-capotes-de-cabriolets-500ml\/"},"modified":"2020-04-09T08:03:15","modified_gmt":"2020-04-09T08:03:15","slug":"racoon-convertible-top-protect-protection-capotes-de-cabriolets-500ml","status":"publish","type":"product","link":"https:\/\/racoon-cleaner.nl\/fr\/product\/divers\/cabriolet-fr\/racoon-convertible-top-protect-protection-capotes-de-cabriolets-500ml\/","title":{"rendered":"Racoon CONVERTIBLE TOP PROTECT Protection capotes de cabriolets &#8211; 500ml"},"content":{"rendered":"<p># CONVERTIBLE TOP PROTECT La protection pour les capotes de cabriolets<\/p>\n<p>Les capotes des cabriolets n\u00e9cessitent des soins r\u00e9guliers et doivent \u00e9galement \u00eatre prot\u00e9g\u00e9es !<\/p>\n<p>Parce que le fil impr\u00e9gn\u00e9 et le tissu dans son ensemble perdent leur protection d&rsquo;usine en raison des influences environnementales, ainsi que de tout lavage souvent agressif ! Au moins une fois par an, le toit du cabriolet doit \u00eatre re-prot\u00e9g\u00e9 pour \u00e9viter les probl\u00e8mes de fuite.<\/p>\n<p>Racoon # CONVERTIBLE TOP PROTECT &#8211; La couche nano-protectrice neutre, invisible et ultra-mince a un effet hydrofuge et anti-salissures tr\u00e8s efficace sur une longue p\u00e9riode ! Racoon CONVERTIBLE TOP PROTECT ne laisse pas de taches ou de bords et le tissu textile n&rsquo;est pas modifi\u00e9 visuellement et reste respirant !<\/p>\n<p>Disponible en bouteille vaporisateur de 200 ml et 500 ml !  &#8211;  Consommation environ 100ml pour 1 &#8211; 2 m2<\/p>\n<p>Bien agiter avant de l&rsquo;utiliser !<br \/>\nNe pas utiliser sur des capotes de cabriolets chaudes ou sous la lumi\u00e8re directe du soleil !!<br \/>\nNous recommandons de porter des gants jetables !<\/p>\n<p>Vaporisez uniform\u00e9ment et de mani\u00e8re opaque sur la surface textile propre et s\u00e8che<br \/>\net massez uniform\u00e9ment avec un chiffon ou une \u00e9ponge propre, puis laissez s\u00e9cher compl\u00e8tement.<\/p>\n<p>L\u2019astuce de Racoon:<br \/>\nMais avant de sceller, le toit du cabriolet doit \u00eatre nettoy\u00e9 tr\u00e8s soigneusement et \u00e0 fond !<br \/>\nPour cela, nous vous recommandons notre tr\u00e8s sp\u00e9cial Racoon # CONVERTIBLE TOP CLEANER !<\/p>\n<span class=\"et_bloom_bottom_trigger\"><\/span>","protected":false},"excerpt":{"rendered":"<p>Racoon CONVERTIBLE TOP PROTECT Protection capotes de cabriolets &#8211; 500ml<\/p>\n","protected":false},"featured_media":4373,"comment_status":"closed","ping_status":"open","template":"","meta":{"_et_pb_use_builder":"","_et_pb_old_content":"","_et_gb_content_width":""},"product_brand":[],"product_cat":[339,336],"product_tag":[188],"class_list":{"0":"post-2532","1":"product","2":"type-product","3":"status-publish","4":"has-post-thumbnail","6":"product_cat-cabriolet-fr","7":"product_cat-divers","8":"product_tag-shampoing-voiture","9":"pa_kleur-clair","10":"pa_materiaal-liquide","12":"first","13":"instock","14":"taxable","15":"shipping-taxable","16":"purchasable","17":"product-type-simple"},"yoast_head":"<!-- This site is optimized with the Yoast SEO plugin v27.5 - https:\/\/yoast.com\/product\/yoast-seo-wordpress\/ -->\n<title>Racoon CONVERTIBLE TOP PROTECT Protection capotes de cabriolets - 500ml - Racoon-Cleaner<\/title>\n<meta name=\"robots\" content=\"index, follow, max-snippet:-1, max-image-preview:large, max-video-preview:-1\" \/>\n<link rel=\"canonical\" href=\"https:\/\/racoon-cleaner.nl\/fr\/product\/divers\/cabriolet-fr\/racoon-convertible-top-protect-protection-capotes-de-cabriolets-500ml\/\" \/>\n<meta property=\"og:locale\" content=\"fr_FR\" \/>\n<meta property=\"og:type\" content=\"article\" \/>\n<meta property=\"og:title\" content=\"Racoon CONVERTIBLE TOP PROTECT Protection capotes de cabriolets - 500ml - Racoon-Cleaner\" \/>\n<meta property=\"og:description\" content=\"Racoon CONVERTIBLE TOP PROTECT Protection capotes de cabriolets - 500ml\" \/>\n<meta property=\"og:url\" content=\"https:\/\/racoon-cleaner.nl\/fr\/product\/divers\/cabriolet-fr\/racoon-convertible-top-protect-protection-capotes-de-cabriolets-500ml\/\" \/>\n<meta property=\"og:site_name\" content=\"Racoon-Cleaner\" \/>\n<meta property=\"article:modified_time\" content=\"2020-04-09T08:03:15+00:00\" \/>\n<meta property=\"og:image\" content=\"https:\/\/i0.wp.com\/racoon-cleaner.nl\/wp-content\/uploads\/2020\/08\/RN_CONTOPPRO500_1.jpg?fit=800%2C800&ssl=1\" \/>\n\t<meta property=\"og:image:width\" content=\"800\" \/>\n\t<meta property=\"og:image:height\" content=\"800\" \/>\n\t<meta property=\"og:image:type\" content=\"image\/jpeg\" \/>\n<meta name=\"twitter:card\" content=\"summary_large_image\" \/>\n<meta name=\"twitter:label1\" content=\"Dur\u00e9e de lecture estim\u00e9e\" \/>\n\t<meta name=\"twitter:data1\" content=\"1 minute\" \/>\n<script type=\"application\/ld+json\" class=\"yoast-schema-graph\">{\"@context\":\"https:\\\/\\\/schema.org\",\"@graph\":[{\"@type\":\"WebPage\",\"@id\":\"https:\\\/\\\/racoon-cleaner.nl\\\/fr\\\/product\\\/divers\\\/cabriolet-fr\\\/racoon-convertible-top-protect-protection-capotes-de-cabriolets-500ml\\\/\",\"url\":\"https:\\\/\\\/racoon-cleaner.nl\\\/fr\\\/product\\\/divers\\\/cabriolet-fr\\\/racoon-convertible-top-protect-protection-capotes-de-cabriolets-500ml\\\/\",\"name\":\"Racoon CONVERTIBLE TOP PROTECT Protection capotes de cabriolets - 500ml - Racoon-Cleaner\",\"isPartOf\":{\"@id\":\"https:\\\/\\\/racoon-cleaner.nl\\\/fr\\\/#website\"},\"primaryImageOfPage\":{\"@id\":\"https:\\\/\\\/racoon-cleaner.nl\\\/fr\\\/product\\\/divers\\\/cabriolet-fr\\\/racoon-convertible-top-protect-protection-capotes-de-cabriolets-500ml\\\/#primaryimage\"},\"image\":{\"@id\":\"https:\\\/\\\/racoon-cleaner.nl\\\/fr\\\/product\\\/divers\\\/cabriolet-fr\\\/racoon-convertible-top-protect-protection-capotes-de-cabriolets-500ml\\\/#primaryimage\"},\"thumbnailUrl\":\"https:\\\/\\\/racoon-cleaner.nl\\\/wp-content\\\/uploads\\\/2020\\\/08\\\/RN_CONTOPPRO500_1.jpg\",\"datePublished\":\"2020-04-09T08:03:13+00:00\",\"dateModified\":\"2020-04-09T08:03:15+00:00\",\"breadcrumb\":{\"@id\":\"https:\\\/\\\/racoon-cleaner.nl\\\/fr\\\/product\\\/divers\\\/cabriolet-fr\\\/racoon-convertible-top-protect-protection-capotes-de-cabriolets-500ml\\\/#breadcrumb\"},\"inLanguage\":\"fr-FR\",\"potentialAction\":[{\"@type\":\"ReadAction\",\"target\":[\"https:\\\/\\\/racoon-cleaner.nl\\\/fr\\\/product\\\/divers\\\/cabriolet-fr\\\/racoon-convertible-top-protect-protection-capotes-de-cabriolets-500ml\\\/\"]}]},{\"@type\":\"ImageObject\",\"inLanguage\":\"fr-FR\",\"@id\":\"https:\\\/\\\/racoon-cleaner.nl\\\/fr\\\/product\\\/divers\\\/cabriolet-fr\\\/racoon-convertible-top-protect-protection-capotes-de-cabriolets-500ml\\\/#primaryimage\",\"url\":\"https:\\\/\\\/racoon-cleaner.nl\\\/wp-content\\\/uploads\\\/2020\\\/08\\\/RN_CONTOPPRO500_1.jpg\",\"contentUrl\":\"https:\\\/\\\/racoon-cleaner.nl\\\/wp-content\\\/uploads\\\/2020\\\/08\\\/RN_CONTOPPRO500_1.jpg\",\"width\":800,\"height\":800},{\"@type\":\"BreadcrumbList\",\"@id\":\"https:\\\/\\\/racoon-cleaner.nl\\\/fr\\\/product\\\/divers\\\/cabriolet-fr\\\/racoon-convertible-top-protect-protection-capotes-de-cabriolets-500ml\\\/#breadcrumb\",\"itemListElement\":[{\"@type\":\"ListItem\",\"position\":1,\"name\":\"Home\",\"item\":\"https:\\\/\\\/racoon-cleaner.nl\\\/fr\\\/\"},{\"@type\":\"ListItem\",\"position\":2,\"name\":\"Boutique\",\"item\":\"https:\\\/\\\/racoon-cleaner.nl\\\/fr\\\/shop\\\/\"},{\"@type\":\"ListItem\",\"position\":3,\"name\":\"Racoon CONVERTIBLE TOP PROTECT Protection capotes de cabriolets &#8211; 500ml\"}]},{\"@type\":\"WebSite\",\"@id\":\"https:\\\/\\\/racoon-cleaner.nl\\\/fr\\\/#website\",\"url\":\"https:\\\/\\\/racoon-cleaner.nl\\\/fr\\\/\",\"name\":\"Racoon-cleaner\",\"description\":\"Reinigings- en verzorgingsproducten\",\"publisher\":{\"@id\":\"https:\\\/\\\/racoon-cleaner.nl\\\/fr\\\/#organization\"},\"potentialAction\":[{\"@type\":\"SearchAction\",\"target\":{\"@type\":\"EntryPoint\",\"urlTemplate\":\"https:\\\/\\\/racoon-cleaner.nl\\\/fr\\\/?s={search_term_string}\"},\"query-input\":{\"@type\":\"PropertyValueSpecification\",\"valueRequired\":true,\"valueName\":\"search_term_string\"}}],\"inLanguage\":\"fr-FR\"},{\"@type\":\"Organization\",\"@id\":\"https:\\\/\\\/racoon-cleaner.nl\\\/fr\\\/#organization\",\"name\":\"Racoon-Cleaner.nl\",\"url\":\"https:\\\/\\\/racoon-cleaner.nl\\\/fr\\\/\",\"logo\":{\"@type\":\"ImageObject\",\"inLanguage\":\"fr-FR\",\"@id\":\"https:\\\/\\\/racoon-cleaner.nl\\\/fr\\\/#\\\/schema\\\/logo\\\/image\\\/\",\"url\":\"https:\\\/\\\/i1.wp.com\\\/racoon-cleaner.nl\\\/wp-content\\\/uploads\\\/2019\\\/12\\\/racoon-logo.png?fit=757%2C754&ssl=1\",\"contentUrl\":\"https:\\\/\\\/i1.wp.com\\\/racoon-cleaner.nl\\\/wp-content\\\/uploads\\\/2019\\\/12\\\/racoon-logo.png?fit=757%2C754&ssl=1\",\"width\":757,\"height\":754,\"caption\":\"Racoon-Cleaner.nl\"},\"image\":{\"@id\":\"https:\\\/\\\/racoon-cleaner.nl\\\/fr\\\/#\\\/schema\\\/logo\\\/image\\\/\"}}]}<\/script>\n<!-- \/ Yoast SEO plugin. -->","yoast_head_json":{"title":"Racoon CONVERTIBLE TOP PROTECT Protection capotes de cabriolets - 500ml - Racoon-Cleaner","robots":{"index":"index","follow":"follow","max-snippet":"max-snippet:-1","max-image-preview":"max-image-preview:large","max-video-preview":"max-video-preview:-1"},"canonical":"https:\/\/racoon-cleaner.nl\/fr\/product\/divers\/cabriolet-fr\/racoon-convertible-top-protect-protection-capotes-de-cabriolets-500ml\/","og_locale":"fr_FR","og_type":"article","og_title":"Racoon CONVERTIBLE TOP PROTECT Protection capotes de cabriolets - 500ml - Racoon-Cleaner","og_description":"Racoon CONVERTIBLE TOP PROTECT Protection capotes de cabriolets - 500ml","og_url":"https:\/\/racoon-cleaner.nl\/fr\/product\/divers\/cabriolet-fr\/racoon-convertible-top-protect-protection-capotes-de-cabriolets-500ml\/","og_site_name":"Racoon-Cleaner","article_modified_time":"2020-04-09T08:03:15+00:00","og_image":[{"width":800,"height":800,"url":"https:\/\/i0.wp.com\/racoon-cleaner.nl\/wp-content\/uploads\/2020\/08\/RN_CONTOPPRO500_1.jpg?fit=800%2C800&ssl=1","type":"image\/jpeg"}],"twitter_card":"summary_large_image","twitter_misc":{"Dur\u00e9e de lecture estim\u00e9e":"1 minute"},"schema":{"@context":"https:\/\/schema.org","@graph":[{"@type":"WebPage","@id":"https:\/\/racoon-cleaner.nl\/fr\/product\/divers\/cabriolet-fr\/racoon-convertible-top-protect-protection-capotes-de-cabriolets-500ml\/","url":"https:\/\/racoon-cleaner.nl\/fr\/product\/divers\/cabriolet-fr\/racoon-convertible-top-protect-protection-capotes-de-cabriolets-500ml\/","name":"Racoon CONVERTIBLE TOP PROTECT Protection capotes de cabriolets - 500ml - Racoon-Cleaner","isPartOf":{"@id":"https:\/\/racoon-cleaner.nl\/fr\/#website"},"primaryImageOfPage":{"@id":"https:\/\/racoon-cleaner.nl\/fr\/product\/divers\/cabriolet-fr\/racoon-convertible-top-protect-protection-capotes-de-cabriolets-500ml\/#primaryimage"},"image":{"@id":"https:\/\/racoon-cleaner.nl\/fr\/product\/divers\/cabriolet-fr\/racoon-convertible-top-protect-protection-capotes-de-cabriolets-500ml\/#primaryimage"},"thumbnailUrl":"https:\/\/racoon-cleaner.nl\/wp-content\/uploads\/2020\/08\/RN_CONTOPPRO500_1.jpg","datePublished":"2020-04-09T08:03:13+00:00","dateModified":"2020-04-09T08:03:15+00:00","breadcrumb":{"@id":"https:\/\/racoon-cleaner.nl\/fr\/product\/divers\/cabriolet-fr\/racoon-convertible-top-protect-protection-capotes-de-cabriolets-500ml\/#breadcrumb"},"inLanguage":"fr-FR","potentialAction":[{"@type":"ReadAction","target":["https:\/\/racoon-cleaner.nl\/fr\/product\/divers\/cabriolet-fr\/racoon-convertible-top-protect-protection-capotes-de-cabriolets-500ml\/"]}]},{"@type":"ImageObject","inLanguage":"fr-FR","@id":"https:\/\/racoon-cleaner.nl\/fr\/product\/divers\/cabriolet-fr\/racoon-convertible-top-protect-protection-capotes-de-cabriolets-500ml\/#primaryimage","url":"https:\/\/racoon-cleaner.nl\/wp-content\/uploads\/2020\/08\/RN_CONTOPPRO500_1.jpg","contentUrl":"https:\/\/racoon-cleaner.nl\/wp-content\/uploads\/2020\/08\/RN_CONTOPPRO500_1.jpg","width":800,"height":800},{"@type":"BreadcrumbList","@id":"https:\/\/racoon-cleaner.nl\/fr\/product\/divers\/cabriolet-fr\/racoon-convertible-top-protect-protection-capotes-de-cabriolets-500ml\/#breadcrumb","itemListElement":[{"@type":"ListItem","position":1,"name":"Home","item":"https:\/\/racoon-cleaner.nl\/fr\/"},{"@type":"ListItem","position":2,"name":"Boutique","item":"https:\/\/racoon-cleaner.nl\/fr\/shop\/"},{"@type":"ListItem","position":3,"name":"Racoon CONVERTIBLE TOP PROTECT Protection capotes de cabriolets &#8211; 500ml"}]},{"@type":"WebSite","@id":"https:\/\/racoon-cleaner.nl\/fr\/#website","url":"https:\/\/racoon-cleaner.nl\/fr\/","name":"Racoon-cleaner","description":"Reinigings- en verzorgingsproducten","publisher":{"@id":"https:\/\/racoon-cleaner.nl\/fr\/#organization"},"potentialAction":[{"@type":"SearchAction","target":{"@type":"EntryPoint","urlTemplate":"https:\/\/racoon-cleaner.nl\/fr\/?s={search_term_string}"},"query-input":{"@type":"PropertyValueSpecification","valueRequired":true,"valueName":"search_term_string"}}],"inLanguage":"fr-FR"},{"@type":"Organization","@id":"https:\/\/racoon-cleaner.nl\/fr\/#organization","name":"Racoon-Cleaner.nl","url":"https:\/\/racoon-cleaner.nl\/fr\/","logo":{"@type":"ImageObject","inLanguage":"fr-FR","@id":"https:\/\/racoon-cleaner.nl\/fr\/#\/schema\/logo\/image\/","url":"https:\/\/i1.wp.com\/racoon-cleaner.nl\/wp-content\/uploads\/2019\/12\/racoon-logo.png?fit=757%2C754&ssl=1","contentUrl":"https:\/\/i1.wp.com\/racoon-cleaner.nl\/wp-content\/uploads\/2019\/12\/racoon-logo.png?fit=757%2C754&ssl=1","width":757,"height":754,"caption":"Racoon-Cleaner.nl"},"image":{"@id":"https:\/\/racoon-cleaner.nl\/fr\/#\/schema\/logo\/image\/"}}]}},"jetpack_sharing_enabled":true,"_links":{"self":[{"href":"https:\/\/racoon-cleaner.nl\/fr\/wp-json\/wp\/v2\/product\/2532","targetHints":{"allow":["GET"]}}],"collection":[{"href":"https:\/\/racoon-cleaner.nl\/fr\/wp-json\/wp\/v2\/product"}],"about":[{"href":"https:\/\/racoon-cleaner.nl\/fr\/wp-json\/wp\/v2\/types\/product"}],"replies":[{"embeddable":true,"href":"https:\/\/racoon-cleaner.nl\/fr\/wp-json\/wp\/v2\/comments?post=2532"}],"wp:featuredmedia":[{"embeddable":true,"href":"https:\/\/racoon-cleaner.nl\/fr\/wp-json\/wp\/v2\/media\/4373"}],"wp:attachment":[{"href":"https:\/\/racoon-cleaner.nl\/fr\/wp-json\/wp\/v2\/media?parent=2532"}],"wp:term":[{"taxonomy":"product_brand","embeddable":true,"href":"https:\/\/racoon-cleaner.nl\/fr\/wp-json\/wp\/v2\/product_brand?post=2532"},{"taxonomy":"product_cat","embeddable":true,"href":"https:\/\/racoon-cleaner.nl\/fr\/wp-json\/wp\/v2\/product_cat?post=2532"},{"taxonomy":"product_tag","embeddable":true,"href":"https:\/\/racoon-cleaner.nl\/fr\/wp-json\/wp\/v2\/product_tag?post=2532"}],"curies":[{"name":"wp","href":"https:\/\/api.w.org\/{rel}","templated":true}]}}