{"id":2535,"date":"2020-08-07T15:27:39","date_gmt":"2020-04-09T08:03:34","guid":{"rendered":"https:\/\/racoon-cleaner.nl\/product\/racoon-leather-protect-impregnation-des-cuirs-100ml\/"},"modified":"2020-04-09T08:04:04","modified_gmt":"2020-04-09T08:04:04","slug":"racoon-leather-protect-impregnation-des-cuirs-100ml","status":"publish","type":"product","link":"https:\/\/racoon-cleaner.nl\/fr\/product\/interieur-fr\/entretien-du-cuir\/racoon-leather-protect-impregnation-des-cuirs-100ml\/","title":{"rendered":"Racoon LEATHER PROTECT Impr\u00e9gnation des cuirs  &#8211; 100ml"},"content":{"rendered":"<p># LEATHER PROTECT  Impr\u00e9gnation du cuir<\/p>\n<p>La protection optimale pour tous les cuirs dans le v\u00e9hicule  !<\/p>\n<p>Nous savons de quoi nous parlons, car dans notre propre sellerie, nous nous occupons de ce mat\u00e9riau quotidiennement depuis des ann\u00e9es ! Nous avons d\u00e9velopp\u00e9 ce nouveau produit en collaboration avec notre ma\u00eetre sellier exp\u00e9riment\u00e9 et l&rsquo;avons test\u00e9 \u00e0 fond !<\/p>\n<p>L&rsquo;impr\u00e9gnation pour cuir Racoon, facile et rapide \u00e0 appliquer pour tous les cuirs de l&rsquo;int\u00e9rieur des v\u00e9hicules, bas\u00e9e sur la toute derni\u00e8re nanotechnologie ! Un filet de protection invisible, de couleur neutre et ultra-mince fonctionne efficacement sur une longue p\u00e9riode ! Sans taches ni bords, sans changer la couleur et le toucher des mat\u00e9riaux ! R\u00e9sistant \u00e0 l&rsquo;abrasion m\u00e9canique et le cuir reste toujours respirant !<\/p>\n<p>Disponible en bouteille de 50 et 100 ml &#8211; Consommation environ 50ml pour 1 m2<\/p>\n<p>Bien agiter avant de l&rsquo;utiliser !  Nous recommandons de porter des gants jetables !<br \/>\nNe pas utiliser sur des surfaces en cuir chaudes ou sous la lumi\u00e8re directe du soleil !<br \/>\nV\u00e9rifiez la compatibilit\u00e9 des mat\u00e9riaux dans un endroit appropri\u00e9 !<\/p>\n<p>La surface du cuir \u00e0 rev\u00eatir doit \u00eatre s\u00e8che et exempte de salet\u00e9 ! Appliquez Racoon # LEATHER PROTECT en couche mince mais opaque sur la surface s\u00e8che du cuir avec un chiffon propre et r\u00e9partissez uniform\u00e9ment. Laissez s\u00e9cher compl\u00e8tement !<\/p>\n<p>L\u2019astuce de Racoon:<br \/>\nMais avant de sceller et d&rsquo;impr\u00e9gner les surfaces en cuir, il faut les nettoyer tr\u00e8s soigneusement ! Pour cela, nous vous recommandons notre nettoyant d&rsquo;int\u00e9rieur tr\u00e8s sp\u00e9cial Racoon # TIDY INTERIOR ! Surtout sur le cuir, car il pr\u00e9pare parfaitement la surface \u00e0 l&rsquo;entretien suivant sans attaquer les couches de couleur sensibles !  Apr\u00e8s le nettoyage, passez une nouvelle fois l&rsquo;aspirateur sur les surfaces pour \u00e9liminer les derni\u00e8res particules de poussi\u00e8re et de salet\u00e9, car sinon elles seront &lsquo;scell\u00e9es&rsquo; !<\/p>\n<span class=\"et_bloom_bottom_trigger\"><\/span>","protected":false},"excerpt":{"rendered":"<p>Racoon LEATHER PROTECT Impr\u00e9gnation des cuirs  &#8211; 100ml<\/p>\n","protected":false},"featured_media":4605,"comment_status":"closed","ping_status":"open","template":"","meta":{"_et_pb_use_builder":"","_et_pb_old_content":"","_et_gb_content_width":""},"product_brand":[],"product_cat":[363,351],"product_tag":[188],"class_list":{"0":"post-2535","1":"product","2":"type-product","3":"status-publish","4":"has-post-thumbnail","6":"product_cat-entretien-du-cuir","7":"product_cat-interieur-fr","8":"product_tag-shampoing-voiture","9":"pa_kleur-clair","10":"pa_materiaal-liquide","12":"first","13":"instock","14":"taxable","15":"shipping-taxable","16":"purchasable","17":"product-type-simple"},"yoast_head":"<!-- This site is optimized with the Yoast SEO plugin v27.4 - https:\/\/yoast.com\/product\/yoast-seo-wordpress\/ -->\n<title>Racoon LEATHER PROTECT Impr\u00e9gnation des cuirs - 100ml - Racoon-Cleaner<\/title>\n<meta name=\"robots\" content=\"index, follow, max-snippet:-1, max-image-preview:large, max-video-preview:-1\" \/>\n<link rel=\"canonical\" href=\"https:\/\/racoon-cleaner.nl\/fr\/product\/interieur-fr\/entretien-du-cuir\/racoon-leather-protect-impregnation-des-cuirs-100ml\/\" \/>\n<meta property=\"og:locale\" content=\"fr_FR\" \/>\n<meta property=\"og:type\" content=\"article\" \/>\n<meta property=\"og:title\" content=\"Racoon LEATHER PROTECT Impr\u00e9gnation des cuirs - 100ml - Racoon-Cleaner\" \/>\n<meta property=\"og:description\" content=\"Racoon LEATHER PROTECT Impr\u00e9gnation des cuirs - 100ml\" \/>\n<meta property=\"og:url\" content=\"https:\/\/racoon-cleaner.nl\/fr\/product\/interieur-fr\/entretien-du-cuir\/racoon-leather-protect-impregnation-des-cuirs-100ml\/\" \/>\n<meta property=\"og:site_name\" content=\"Racoon-Cleaner\" \/>\n<meta property=\"article:modified_time\" content=\"2020-04-09T08:04:04+00:00\" \/>\n<meta property=\"og:image\" content=\"https:\/\/i0.wp.com\/racoon-cleaner.nl\/wp-content\/uploads\/2020\/08\/RN_LEAPRO100_1.jpg?fit=800%2C800&ssl=1\" \/>\n\t<meta property=\"og:image:width\" content=\"800\" \/>\n\t<meta property=\"og:image:height\" content=\"800\" \/>\n\t<meta property=\"og:image:type\" content=\"image\/jpeg\" \/>\n<meta name=\"twitter:card\" content=\"summary_large_image\" \/>\n<meta name=\"twitter:label1\" content=\"Dur\u00e9e de lecture estim\u00e9e\" \/>\n\t<meta name=\"twitter:data1\" content=\"2 minutes\" \/>\n<script type=\"application\/ld+json\" class=\"yoast-schema-graph\">{\"@context\":\"https:\\\/\\\/schema.org\",\"@graph\":[{\"@type\":\"WebPage\",\"@id\":\"https:\\\/\\\/racoon-cleaner.nl\\\/fr\\\/product\\\/interieur-fr\\\/entretien-du-cuir\\\/racoon-leather-protect-impregnation-des-cuirs-100ml\\\/\",\"url\":\"https:\\\/\\\/racoon-cleaner.nl\\\/fr\\\/product\\\/interieur-fr\\\/entretien-du-cuir\\\/racoon-leather-protect-impregnation-des-cuirs-100ml\\\/\",\"name\":\"Racoon LEATHER PROTECT Impr\u00e9gnation des cuirs - 100ml - Racoon-Cleaner\",\"isPartOf\":{\"@id\":\"https:\\\/\\\/racoon-cleaner.nl\\\/fr\\\/#website\"},\"primaryImageOfPage\":{\"@id\":\"https:\\\/\\\/racoon-cleaner.nl\\\/fr\\\/product\\\/interieur-fr\\\/entretien-du-cuir\\\/racoon-leather-protect-impregnation-des-cuirs-100ml\\\/#primaryimage\"},\"image\":{\"@id\":\"https:\\\/\\\/racoon-cleaner.nl\\\/fr\\\/product\\\/interieur-fr\\\/entretien-du-cuir\\\/racoon-leather-protect-impregnation-des-cuirs-100ml\\\/#primaryimage\"},\"thumbnailUrl\":\"https:\\\/\\\/racoon-cleaner.nl\\\/wp-content\\\/uploads\\\/2020\\\/08\\\/RN_LEAPRO100_1.jpg\",\"datePublished\":\"2020-04-09T08:03:34+00:00\",\"dateModified\":\"2020-04-09T08:04:04+00:00\",\"breadcrumb\":{\"@id\":\"https:\\\/\\\/racoon-cleaner.nl\\\/fr\\\/product\\\/interieur-fr\\\/entretien-du-cuir\\\/racoon-leather-protect-impregnation-des-cuirs-100ml\\\/#breadcrumb\"},\"inLanguage\":\"fr-FR\",\"potentialAction\":[{\"@type\":\"ReadAction\",\"target\":[\"https:\\\/\\\/racoon-cleaner.nl\\\/fr\\\/product\\\/interieur-fr\\\/entretien-du-cuir\\\/racoon-leather-protect-impregnation-des-cuirs-100ml\\\/\"]}]},{\"@type\":\"ImageObject\",\"inLanguage\":\"fr-FR\",\"@id\":\"https:\\\/\\\/racoon-cleaner.nl\\\/fr\\\/product\\\/interieur-fr\\\/entretien-du-cuir\\\/racoon-leather-protect-impregnation-des-cuirs-100ml\\\/#primaryimage\",\"url\":\"https:\\\/\\\/racoon-cleaner.nl\\\/wp-content\\\/uploads\\\/2020\\\/08\\\/RN_LEAPRO100_1.jpg\",\"contentUrl\":\"https:\\\/\\\/racoon-cleaner.nl\\\/wp-content\\\/uploads\\\/2020\\\/08\\\/RN_LEAPRO100_1.jpg\",\"width\":800,\"height\":800},{\"@type\":\"BreadcrumbList\",\"@id\":\"https:\\\/\\\/racoon-cleaner.nl\\\/fr\\\/product\\\/interieur-fr\\\/entretien-du-cuir\\\/racoon-leather-protect-impregnation-des-cuirs-100ml\\\/#breadcrumb\",\"itemListElement\":[{\"@type\":\"ListItem\",\"position\":1,\"name\":\"Home\",\"item\":\"https:\\\/\\\/racoon-cleaner.nl\\\/fr\\\/\"},{\"@type\":\"ListItem\",\"position\":2,\"name\":\"Boutique\",\"item\":\"https:\\\/\\\/racoon-cleaner.nl\\\/fr\\\/shop\\\/\"},{\"@type\":\"ListItem\",\"position\":3,\"name\":\"Racoon LEATHER PROTECT Impr\u00e9gnation des cuirs &#8211; 100ml\"}]},{\"@type\":\"WebSite\",\"@id\":\"https:\\\/\\\/racoon-cleaner.nl\\\/fr\\\/#website\",\"url\":\"https:\\\/\\\/racoon-cleaner.nl\\\/fr\\\/\",\"name\":\"Racoon-cleaner\",\"description\":\"Reinigings- en verzorgingsproducten\",\"publisher\":{\"@id\":\"https:\\\/\\\/racoon-cleaner.nl\\\/fr\\\/#organization\"},\"potentialAction\":[{\"@type\":\"SearchAction\",\"target\":{\"@type\":\"EntryPoint\",\"urlTemplate\":\"https:\\\/\\\/racoon-cleaner.nl\\\/fr\\\/?s={search_term_string}\"},\"query-input\":{\"@type\":\"PropertyValueSpecification\",\"valueRequired\":true,\"valueName\":\"search_term_string\"}}],\"inLanguage\":\"fr-FR\"},{\"@type\":\"Organization\",\"@id\":\"https:\\\/\\\/racoon-cleaner.nl\\\/fr\\\/#organization\",\"name\":\"Racoon-Cleaner.nl\",\"url\":\"https:\\\/\\\/racoon-cleaner.nl\\\/fr\\\/\",\"logo\":{\"@type\":\"ImageObject\",\"inLanguage\":\"fr-FR\",\"@id\":\"https:\\\/\\\/racoon-cleaner.nl\\\/fr\\\/#\\\/schema\\\/logo\\\/image\\\/\",\"url\":\"https:\\\/\\\/i1.wp.com\\\/racoon-cleaner.nl\\\/wp-content\\\/uploads\\\/2019\\\/12\\\/racoon-logo.png?fit=757%2C754&ssl=1\",\"contentUrl\":\"https:\\\/\\\/i1.wp.com\\\/racoon-cleaner.nl\\\/wp-content\\\/uploads\\\/2019\\\/12\\\/racoon-logo.png?fit=757%2C754&ssl=1\",\"width\":757,\"height\":754,\"caption\":\"Racoon-Cleaner.nl\"},\"image\":{\"@id\":\"https:\\\/\\\/racoon-cleaner.nl\\\/fr\\\/#\\\/schema\\\/logo\\\/image\\\/\"}}]}<\/script>\n<!-- \/ Yoast SEO plugin. -->","yoast_head_json":{"title":"Racoon LEATHER PROTECT Impr\u00e9gnation des cuirs - 100ml - Racoon-Cleaner","robots":{"index":"index","follow":"follow","max-snippet":"max-snippet:-1","max-image-preview":"max-image-preview:large","max-video-preview":"max-video-preview:-1"},"canonical":"https:\/\/racoon-cleaner.nl\/fr\/product\/interieur-fr\/entretien-du-cuir\/racoon-leather-protect-impregnation-des-cuirs-100ml\/","og_locale":"fr_FR","og_type":"article","og_title":"Racoon LEATHER PROTECT Impr\u00e9gnation des cuirs - 100ml - Racoon-Cleaner","og_description":"Racoon LEATHER PROTECT Impr\u00e9gnation des cuirs - 100ml","og_url":"https:\/\/racoon-cleaner.nl\/fr\/product\/interieur-fr\/entretien-du-cuir\/racoon-leather-protect-impregnation-des-cuirs-100ml\/","og_site_name":"Racoon-Cleaner","article_modified_time":"2020-04-09T08:04:04+00:00","og_image":[{"width":800,"height":800,"url":"https:\/\/i0.wp.com\/racoon-cleaner.nl\/wp-content\/uploads\/2020\/08\/RN_LEAPRO100_1.jpg?fit=800%2C800&ssl=1","type":"image\/jpeg"}],"twitter_card":"summary_large_image","twitter_misc":{"Dur\u00e9e de lecture estim\u00e9e":"2 minutes"},"schema":{"@context":"https:\/\/schema.org","@graph":[{"@type":"WebPage","@id":"https:\/\/racoon-cleaner.nl\/fr\/product\/interieur-fr\/entretien-du-cuir\/racoon-leather-protect-impregnation-des-cuirs-100ml\/","url":"https:\/\/racoon-cleaner.nl\/fr\/product\/interieur-fr\/entretien-du-cuir\/racoon-leather-protect-impregnation-des-cuirs-100ml\/","name":"Racoon LEATHER PROTECT Impr\u00e9gnation des cuirs - 100ml - Racoon-Cleaner","isPartOf":{"@id":"https:\/\/racoon-cleaner.nl\/fr\/#website"},"primaryImageOfPage":{"@id":"https:\/\/racoon-cleaner.nl\/fr\/product\/interieur-fr\/entretien-du-cuir\/racoon-leather-protect-impregnation-des-cuirs-100ml\/#primaryimage"},"image":{"@id":"https:\/\/racoon-cleaner.nl\/fr\/product\/interieur-fr\/entretien-du-cuir\/racoon-leather-protect-impregnation-des-cuirs-100ml\/#primaryimage"},"thumbnailUrl":"https:\/\/racoon-cleaner.nl\/wp-content\/uploads\/2020\/08\/RN_LEAPRO100_1.jpg","datePublished":"2020-04-09T08:03:34+00:00","dateModified":"2020-04-09T08:04:04+00:00","breadcrumb":{"@id":"https:\/\/racoon-cleaner.nl\/fr\/product\/interieur-fr\/entretien-du-cuir\/racoon-leather-protect-impregnation-des-cuirs-100ml\/#breadcrumb"},"inLanguage":"fr-FR","potentialAction":[{"@type":"ReadAction","target":["https:\/\/racoon-cleaner.nl\/fr\/product\/interieur-fr\/entretien-du-cuir\/racoon-leather-protect-impregnation-des-cuirs-100ml\/"]}]},{"@type":"ImageObject","inLanguage":"fr-FR","@id":"https:\/\/racoon-cleaner.nl\/fr\/product\/interieur-fr\/entretien-du-cuir\/racoon-leather-protect-impregnation-des-cuirs-100ml\/#primaryimage","url":"https:\/\/racoon-cleaner.nl\/wp-content\/uploads\/2020\/08\/RN_LEAPRO100_1.jpg","contentUrl":"https:\/\/racoon-cleaner.nl\/wp-content\/uploads\/2020\/08\/RN_LEAPRO100_1.jpg","width":800,"height":800},{"@type":"BreadcrumbList","@id":"https:\/\/racoon-cleaner.nl\/fr\/product\/interieur-fr\/entretien-du-cuir\/racoon-leather-protect-impregnation-des-cuirs-100ml\/#breadcrumb","itemListElement":[{"@type":"ListItem","position":1,"name":"Home","item":"https:\/\/racoon-cleaner.nl\/fr\/"},{"@type":"ListItem","position":2,"name":"Boutique","item":"https:\/\/racoon-cleaner.nl\/fr\/shop\/"},{"@type":"ListItem","position":3,"name":"Racoon LEATHER PROTECT Impr\u00e9gnation des cuirs &#8211; 100ml"}]},{"@type":"WebSite","@id":"https:\/\/racoon-cleaner.nl\/fr\/#website","url":"https:\/\/racoon-cleaner.nl\/fr\/","name":"Racoon-cleaner","description":"Reinigings- en verzorgingsproducten","publisher":{"@id":"https:\/\/racoon-cleaner.nl\/fr\/#organization"},"potentialAction":[{"@type":"SearchAction","target":{"@type":"EntryPoint","urlTemplate":"https:\/\/racoon-cleaner.nl\/fr\/?s={search_term_string}"},"query-input":{"@type":"PropertyValueSpecification","valueRequired":true,"valueName":"search_term_string"}}],"inLanguage":"fr-FR"},{"@type":"Organization","@id":"https:\/\/racoon-cleaner.nl\/fr\/#organization","name":"Racoon-Cleaner.nl","url":"https:\/\/racoon-cleaner.nl\/fr\/","logo":{"@type":"ImageObject","inLanguage":"fr-FR","@id":"https:\/\/racoon-cleaner.nl\/fr\/#\/schema\/logo\/image\/","url":"https:\/\/i1.wp.com\/racoon-cleaner.nl\/wp-content\/uploads\/2019\/12\/racoon-logo.png?fit=757%2C754&ssl=1","contentUrl":"https:\/\/i1.wp.com\/racoon-cleaner.nl\/wp-content\/uploads\/2019\/12\/racoon-logo.png?fit=757%2C754&ssl=1","width":757,"height":754,"caption":"Racoon-Cleaner.nl"},"image":{"@id":"https:\/\/racoon-cleaner.nl\/fr\/#\/schema\/logo\/image\/"}}]}},"jetpack_sharing_enabled":true,"_links":{"self":[{"href":"https:\/\/racoon-cleaner.nl\/fr\/wp-json\/wp\/v2\/product\/2535","targetHints":{"allow":["GET"]}}],"collection":[{"href":"https:\/\/racoon-cleaner.nl\/fr\/wp-json\/wp\/v2\/product"}],"about":[{"href":"https:\/\/racoon-cleaner.nl\/fr\/wp-json\/wp\/v2\/types\/product"}],"replies":[{"embeddable":true,"href":"https:\/\/racoon-cleaner.nl\/fr\/wp-json\/wp\/v2\/comments?post=2535"}],"wp:featuredmedia":[{"embeddable":true,"href":"https:\/\/racoon-cleaner.nl\/fr\/wp-json\/wp\/v2\/media\/4605"}],"wp:attachment":[{"href":"https:\/\/racoon-cleaner.nl\/fr\/wp-json\/wp\/v2\/media?parent=2535"}],"wp:term":[{"taxonomy":"product_brand","embeddable":true,"href":"https:\/\/racoon-cleaner.nl\/fr\/wp-json\/wp\/v2\/product_brand?post=2535"},{"taxonomy":"product_cat","embeddable":true,"href":"https:\/\/racoon-cleaner.nl\/fr\/wp-json\/wp\/v2\/product_cat?post=2535"},{"taxonomy":"product_tag","embeddable":true,"href":"https:\/\/racoon-cleaner.nl\/fr\/wp-json\/wp\/v2\/product_tag?post=2535"}],"curies":[{"name":"wp","href":"https:\/\/api.w.org\/{rel}","templated":true}]}}