{"id":2538,"date":"2020-08-07T15:37:59","date_gmt":"2020-04-09T08:04:17","guid":{"rendered":"https:\/\/racoon-cleaner.nl\/product\/racoon-rim-gloss-coat-scellant-protection-jantes-100ml\/"},"modified":"2020-04-09T08:04:59","modified_gmt":"2020-04-09T08:04:59","slug":"racoon-rim-gloss-coat-scellant-protection-jantes-100ml","status":"publish","type":"product","link":"https:\/\/racoon-cleaner.nl\/fr\/product\/jantes-pneus\/wheelwax\/racoon-rim-gloss-coat-scellant-protection-jantes-100ml\/","title":{"rendered":"Racoon RIM GLOSS COAT  Scellant \/ Protection jantes &#8211; 100ml"},"content":{"rendered":"<p># RIM GLOSS COAT   Gloss Scellant \/ Protection jantes<\/p>\n<p>Une brillance \u00e9clatante et une protection efficace et durable de vos jantes &#8211; m\u00eame en hiver !<\/p>\n<p>Racoon # RIM GLOSS COAT aide \u00e0 \u00e9viter les dommages \u00e0 l&rsquo;avance ! L&rsquo;\u00e9tanch\u00e9it\u00e9 ne prot\u00e8ge pas contre la salet\u00e9 de la route et l&rsquo;abrasion m\u00e9tallique des freins &#8211; mais \u00e0 partir de jantes scell\u00e9es, la salet\u00e9 est enlev\u00e9e sans grand effort et sans travail manuel laborieux ! Gr\u00e2ce \u00e0 notre nouvelle formulation, une brillance brillante, \u00e9clatante et profonde, avec un extraordinaire effet nacr\u00e9 ! <\/p>\n<p>Disponible en bouteilles de 100 ml et 200ml.<\/p>\n<p>Bien agiter avant de l&rsquo;utiliser ! Nous recommandons de porter des gants jetables !<br \/>\nNe jamais utiliser en plein soleil ou sur des jantes chaudes !<\/p>\n<p>Appliquer Racoon # RIM GLOSS COAT sur un chiffon doux (pas un chiffon en microfibres) et sous une l\u00e9g\u00e8re pression avec des mouvements circulaires, appliquer avec parcimonie sur la jante s\u00e8che et tr\u00e8s soigneusement nettoy\u00e9e, dans tous les coins et angles ! Apr\u00e8s quelques minutes, polir l&rsquo;exc\u00e9dent avec un chiffon doux jusqu&rsquo;\u00e0 obtention d&rsquo;un lustre brillant ! Le scellant est alors imm\u00e9diatement pr\u00eat \u00e0 l&#8217;emploi et compl\u00e8tement durci apr\u00e8s environ 60 minutes \u00e0 temp\u00e9rature ambiante normale.<\/p>\n<p>L\u2019astuce de Racoon:<br \/>\nL&rsquo;application du scellant pour jantes est tr\u00e8s facile et peut \u00eatre r\u00e9alis\u00e9e sans connaissances particuli\u00e8res !  Il faut cependant veiller \u00e0 un nettoyage et une pr\u00e9paration intensifs de la surface de la jante \u00e0 sceller afin d&rsquo;obtenir une adh\u00e9rence optimale et durable ! La stabilit\u00e9 et la r\u00e9sistance \u00e0 l&rsquo;abrasion du produit de scellement d\u00e9pendent de sa capacit\u00e9 \u00e0 se lier chimi-quement ! Pour un nettoyage et une pr\u00e9paration en profondeur et sans r\u00e9sidus, nous recommandons notre nettoyant pour jantes Racoon # WHEEL CLEANER et notre Racoon # ALCOOLIC &#8211; D\u00e9graissant \/ D\u00e9graissant, qui est sp\u00e9cialement adapt\u00e9 au scel-lant. Ils garantissent une surface propre et r\u00e9active !<\/p>\n<span class=\"et_bloom_bottom_trigger\"><\/span>","protected":false},"excerpt":{"rendered":"<p>Racoon RIM GLOSS COAT  Scellant \/ Protection jantes &#8211; 100ml<\/p>\n","protected":false},"featured_media":4825,"comment_status":"closed","ping_status":"open","template":"","meta":{"_et_pb_use_builder":"","_et_pb_old_content":"","_et_gb_content_width":""},"product_brand":[],"product_cat":[399,414,411],"product_tag":[188],"class_list":{"0":"post-2538","1":"product","2":"type-product","3":"status-publish","4":"has-post-thumbnail","6":"product_cat-jantes-pneus","7":"product_cat-sceller","8":"product_cat-wheelwax","9":"product_tag-shampoing-voiture","10":"pa_kleur-blanc","11":"pa_materiaal-liquide","13":"first","14":"instock","15":"taxable","16":"shipping-taxable","17":"purchasable","18":"product-type-simple"},"yoast_head":"<!-- This site is optimized with the Yoast SEO plugin v27.4 - https:\/\/yoast.com\/product\/yoast-seo-wordpress\/ -->\n<title>Racoon RIM GLOSS COAT Scellant \/ Protection jantes - 100ml - Racoon-Cleaner<\/title>\n<meta name=\"robots\" content=\"index, follow, max-snippet:-1, max-image-preview:large, max-video-preview:-1\" \/>\n<link rel=\"canonical\" href=\"https:\/\/racoon-cleaner.nl\/fr\/product\/jantes-pneus\/wheelwax\/racoon-rim-gloss-coat-scellant-protection-jantes-100ml\/\" \/>\n<meta property=\"og:locale\" content=\"fr_FR\" \/>\n<meta property=\"og:type\" content=\"article\" \/>\n<meta property=\"og:title\" content=\"Racoon RIM GLOSS COAT Scellant \/ Protection jantes - 100ml - Racoon-Cleaner\" \/>\n<meta property=\"og:description\" content=\"Racoon RIM GLOSS COAT Scellant \/ Protection jantes - 100ml\" \/>\n<meta property=\"og:url\" content=\"https:\/\/racoon-cleaner.nl\/fr\/product\/jantes-pneus\/wheelwax\/racoon-rim-gloss-coat-scellant-protection-jantes-100ml\/\" \/>\n<meta property=\"og:site_name\" content=\"Racoon-Cleaner\" \/>\n<meta property=\"article:modified_time\" content=\"2020-04-09T08:04:59+00:00\" \/>\n<meta property=\"og:image\" content=\"https:\/\/i2.wp.com\/racoon-cleaner.nl\/wp-content\/uploads\/2020\/08\/RN_RIMGLOCOA100_1.jpg?fit=800%2C800&ssl=1\" \/>\n\t<meta property=\"og:image:width\" content=\"800\" \/>\n\t<meta property=\"og:image:height\" content=\"800\" \/>\n\t<meta property=\"og:image:type\" content=\"image\/jpeg\" \/>\n<meta name=\"twitter:card\" content=\"summary_large_image\" \/>\n<meta name=\"twitter:label1\" content=\"Dur\u00e9e de lecture estim\u00e9e\" \/>\n\t<meta name=\"twitter:data1\" content=\"2 minutes\" \/>\n<script type=\"application\/ld+json\" class=\"yoast-schema-graph\">{\"@context\":\"https:\\\/\\\/schema.org\",\"@graph\":[{\"@type\":\"WebPage\",\"@id\":\"https:\\\/\\\/racoon-cleaner.nl\\\/fr\\\/product\\\/jantes-pneus\\\/wheelwax\\\/racoon-rim-gloss-coat-scellant-protection-jantes-100ml\\\/\",\"url\":\"https:\\\/\\\/racoon-cleaner.nl\\\/fr\\\/product\\\/jantes-pneus\\\/wheelwax\\\/racoon-rim-gloss-coat-scellant-protection-jantes-100ml\\\/\",\"name\":\"Racoon RIM GLOSS COAT Scellant \\\/ Protection jantes - 100ml - Racoon-Cleaner\",\"isPartOf\":{\"@id\":\"https:\\\/\\\/racoon-cleaner.nl\\\/fr\\\/#website\"},\"primaryImageOfPage\":{\"@id\":\"https:\\\/\\\/racoon-cleaner.nl\\\/fr\\\/product\\\/jantes-pneus\\\/wheelwax\\\/racoon-rim-gloss-coat-scellant-protection-jantes-100ml\\\/#primaryimage\"},\"image\":{\"@id\":\"https:\\\/\\\/racoon-cleaner.nl\\\/fr\\\/product\\\/jantes-pneus\\\/wheelwax\\\/racoon-rim-gloss-coat-scellant-protection-jantes-100ml\\\/#primaryimage\"},\"thumbnailUrl\":\"https:\\\/\\\/racoon-cleaner.nl\\\/wp-content\\\/uploads\\\/2020\\\/08\\\/RN_RIMGLOCOA100_1.jpg\",\"datePublished\":\"2020-04-09T08:04:17+00:00\",\"dateModified\":\"2020-04-09T08:04:59+00:00\",\"breadcrumb\":{\"@id\":\"https:\\\/\\\/racoon-cleaner.nl\\\/fr\\\/product\\\/jantes-pneus\\\/wheelwax\\\/racoon-rim-gloss-coat-scellant-protection-jantes-100ml\\\/#breadcrumb\"},\"inLanguage\":\"fr-FR\",\"potentialAction\":[{\"@type\":\"ReadAction\",\"target\":[\"https:\\\/\\\/racoon-cleaner.nl\\\/fr\\\/product\\\/jantes-pneus\\\/wheelwax\\\/racoon-rim-gloss-coat-scellant-protection-jantes-100ml\\\/\"]}]},{\"@type\":\"ImageObject\",\"inLanguage\":\"fr-FR\",\"@id\":\"https:\\\/\\\/racoon-cleaner.nl\\\/fr\\\/product\\\/jantes-pneus\\\/wheelwax\\\/racoon-rim-gloss-coat-scellant-protection-jantes-100ml\\\/#primaryimage\",\"url\":\"https:\\\/\\\/racoon-cleaner.nl\\\/wp-content\\\/uploads\\\/2020\\\/08\\\/RN_RIMGLOCOA100_1.jpg\",\"contentUrl\":\"https:\\\/\\\/racoon-cleaner.nl\\\/wp-content\\\/uploads\\\/2020\\\/08\\\/RN_RIMGLOCOA100_1.jpg\",\"width\":800,\"height\":800},{\"@type\":\"BreadcrumbList\",\"@id\":\"https:\\\/\\\/racoon-cleaner.nl\\\/fr\\\/product\\\/jantes-pneus\\\/wheelwax\\\/racoon-rim-gloss-coat-scellant-protection-jantes-100ml\\\/#breadcrumb\",\"itemListElement\":[{\"@type\":\"ListItem\",\"position\":1,\"name\":\"Home\",\"item\":\"https:\\\/\\\/racoon-cleaner.nl\\\/fr\\\/\"},{\"@type\":\"ListItem\",\"position\":2,\"name\":\"Boutique\",\"item\":\"https:\\\/\\\/racoon-cleaner.nl\\\/fr\\\/shop\\\/\"},{\"@type\":\"ListItem\",\"position\":3,\"name\":\"Racoon RIM GLOSS COAT Scellant \\\/ Protection jantes &#8211; 100ml\"}]},{\"@type\":\"WebSite\",\"@id\":\"https:\\\/\\\/racoon-cleaner.nl\\\/fr\\\/#website\",\"url\":\"https:\\\/\\\/racoon-cleaner.nl\\\/fr\\\/\",\"name\":\"Racoon-cleaner\",\"description\":\"Reinigings- en verzorgingsproducten\",\"publisher\":{\"@id\":\"https:\\\/\\\/racoon-cleaner.nl\\\/fr\\\/#organization\"},\"potentialAction\":[{\"@type\":\"SearchAction\",\"target\":{\"@type\":\"EntryPoint\",\"urlTemplate\":\"https:\\\/\\\/racoon-cleaner.nl\\\/fr\\\/?s={search_term_string}\"},\"query-input\":{\"@type\":\"PropertyValueSpecification\",\"valueRequired\":true,\"valueName\":\"search_term_string\"}}],\"inLanguage\":\"fr-FR\"},{\"@type\":\"Organization\",\"@id\":\"https:\\\/\\\/racoon-cleaner.nl\\\/fr\\\/#organization\",\"name\":\"Racoon-Cleaner.nl\",\"url\":\"https:\\\/\\\/racoon-cleaner.nl\\\/fr\\\/\",\"logo\":{\"@type\":\"ImageObject\",\"inLanguage\":\"fr-FR\",\"@id\":\"https:\\\/\\\/racoon-cleaner.nl\\\/fr\\\/#\\\/schema\\\/logo\\\/image\\\/\",\"url\":\"https:\\\/\\\/i1.wp.com\\\/racoon-cleaner.nl\\\/wp-content\\\/uploads\\\/2019\\\/12\\\/racoon-logo.png?fit=757%2C754&ssl=1\",\"contentUrl\":\"https:\\\/\\\/i1.wp.com\\\/racoon-cleaner.nl\\\/wp-content\\\/uploads\\\/2019\\\/12\\\/racoon-logo.png?fit=757%2C754&ssl=1\",\"width\":757,\"height\":754,\"caption\":\"Racoon-Cleaner.nl\"},\"image\":{\"@id\":\"https:\\\/\\\/racoon-cleaner.nl\\\/fr\\\/#\\\/schema\\\/logo\\\/image\\\/\"}}]}<\/script>\n<!-- \/ Yoast SEO plugin. -->","yoast_head_json":{"title":"Racoon RIM GLOSS COAT Scellant \/ Protection jantes - 100ml - Racoon-Cleaner","robots":{"index":"index","follow":"follow","max-snippet":"max-snippet:-1","max-image-preview":"max-image-preview:large","max-video-preview":"max-video-preview:-1"},"canonical":"https:\/\/racoon-cleaner.nl\/fr\/product\/jantes-pneus\/wheelwax\/racoon-rim-gloss-coat-scellant-protection-jantes-100ml\/","og_locale":"fr_FR","og_type":"article","og_title":"Racoon RIM GLOSS COAT Scellant \/ Protection jantes - 100ml - Racoon-Cleaner","og_description":"Racoon RIM GLOSS COAT Scellant \/ Protection jantes - 100ml","og_url":"https:\/\/racoon-cleaner.nl\/fr\/product\/jantes-pneus\/wheelwax\/racoon-rim-gloss-coat-scellant-protection-jantes-100ml\/","og_site_name":"Racoon-Cleaner","article_modified_time":"2020-04-09T08:04:59+00:00","og_image":[{"width":800,"height":800,"url":"https:\/\/i2.wp.com\/racoon-cleaner.nl\/wp-content\/uploads\/2020\/08\/RN_RIMGLOCOA100_1.jpg?fit=800%2C800&ssl=1","type":"image\/jpeg"}],"twitter_card":"summary_large_image","twitter_misc":{"Dur\u00e9e de lecture estim\u00e9e":"2 minutes"},"schema":{"@context":"https:\/\/schema.org","@graph":[{"@type":"WebPage","@id":"https:\/\/racoon-cleaner.nl\/fr\/product\/jantes-pneus\/wheelwax\/racoon-rim-gloss-coat-scellant-protection-jantes-100ml\/","url":"https:\/\/racoon-cleaner.nl\/fr\/product\/jantes-pneus\/wheelwax\/racoon-rim-gloss-coat-scellant-protection-jantes-100ml\/","name":"Racoon RIM GLOSS COAT Scellant \/ Protection jantes - 100ml - Racoon-Cleaner","isPartOf":{"@id":"https:\/\/racoon-cleaner.nl\/fr\/#website"},"primaryImageOfPage":{"@id":"https:\/\/racoon-cleaner.nl\/fr\/product\/jantes-pneus\/wheelwax\/racoon-rim-gloss-coat-scellant-protection-jantes-100ml\/#primaryimage"},"image":{"@id":"https:\/\/racoon-cleaner.nl\/fr\/product\/jantes-pneus\/wheelwax\/racoon-rim-gloss-coat-scellant-protection-jantes-100ml\/#primaryimage"},"thumbnailUrl":"https:\/\/racoon-cleaner.nl\/wp-content\/uploads\/2020\/08\/RN_RIMGLOCOA100_1.jpg","datePublished":"2020-04-09T08:04:17+00:00","dateModified":"2020-04-09T08:04:59+00:00","breadcrumb":{"@id":"https:\/\/racoon-cleaner.nl\/fr\/product\/jantes-pneus\/wheelwax\/racoon-rim-gloss-coat-scellant-protection-jantes-100ml\/#breadcrumb"},"inLanguage":"fr-FR","potentialAction":[{"@type":"ReadAction","target":["https:\/\/racoon-cleaner.nl\/fr\/product\/jantes-pneus\/wheelwax\/racoon-rim-gloss-coat-scellant-protection-jantes-100ml\/"]}]},{"@type":"ImageObject","inLanguage":"fr-FR","@id":"https:\/\/racoon-cleaner.nl\/fr\/product\/jantes-pneus\/wheelwax\/racoon-rim-gloss-coat-scellant-protection-jantes-100ml\/#primaryimage","url":"https:\/\/racoon-cleaner.nl\/wp-content\/uploads\/2020\/08\/RN_RIMGLOCOA100_1.jpg","contentUrl":"https:\/\/racoon-cleaner.nl\/wp-content\/uploads\/2020\/08\/RN_RIMGLOCOA100_1.jpg","width":800,"height":800},{"@type":"BreadcrumbList","@id":"https:\/\/racoon-cleaner.nl\/fr\/product\/jantes-pneus\/wheelwax\/racoon-rim-gloss-coat-scellant-protection-jantes-100ml\/#breadcrumb","itemListElement":[{"@type":"ListItem","position":1,"name":"Home","item":"https:\/\/racoon-cleaner.nl\/fr\/"},{"@type":"ListItem","position":2,"name":"Boutique","item":"https:\/\/racoon-cleaner.nl\/fr\/shop\/"},{"@type":"ListItem","position":3,"name":"Racoon RIM GLOSS COAT Scellant \/ Protection jantes &#8211; 100ml"}]},{"@type":"WebSite","@id":"https:\/\/racoon-cleaner.nl\/fr\/#website","url":"https:\/\/racoon-cleaner.nl\/fr\/","name":"Racoon-cleaner","description":"Reinigings- en verzorgingsproducten","publisher":{"@id":"https:\/\/racoon-cleaner.nl\/fr\/#organization"},"potentialAction":[{"@type":"SearchAction","target":{"@type":"EntryPoint","urlTemplate":"https:\/\/racoon-cleaner.nl\/fr\/?s={search_term_string}"},"query-input":{"@type":"PropertyValueSpecification","valueRequired":true,"valueName":"search_term_string"}}],"inLanguage":"fr-FR"},{"@type":"Organization","@id":"https:\/\/racoon-cleaner.nl\/fr\/#organization","name":"Racoon-Cleaner.nl","url":"https:\/\/racoon-cleaner.nl\/fr\/","logo":{"@type":"ImageObject","inLanguage":"fr-FR","@id":"https:\/\/racoon-cleaner.nl\/fr\/#\/schema\/logo\/image\/","url":"https:\/\/i1.wp.com\/racoon-cleaner.nl\/wp-content\/uploads\/2019\/12\/racoon-logo.png?fit=757%2C754&ssl=1","contentUrl":"https:\/\/i1.wp.com\/racoon-cleaner.nl\/wp-content\/uploads\/2019\/12\/racoon-logo.png?fit=757%2C754&ssl=1","width":757,"height":754,"caption":"Racoon-Cleaner.nl"},"image":{"@id":"https:\/\/racoon-cleaner.nl\/fr\/#\/schema\/logo\/image\/"}}]}},"jetpack_sharing_enabled":true,"_links":{"self":[{"href":"https:\/\/racoon-cleaner.nl\/fr\/wp-json\/wp\/v2\/product\/2538","targetHints":{"allow":["GET"]}}],"collection":[{"href":"https:\/\/racoon-cleaner.nl\/fr\/wp-json\/wp\/v2\/product"}],"about":[{"href":"https:\/\/racoon-cleaner.nl\/fr\/wp-json\/wp\/v2\/types\/product"}],"replies":[{"embeddable":true,"href":"https:\/\/racoon-cleaner.nl\/fr\/wp-json\/wp\/v2\/comments?post=2538"}],"wp:featuredmedia":[{"embeddable":true,"href":"https:\/\/racoon-cleaner.nl\/fr\/wp-json\/wp\/v2\/media\/4825"}],"wp:attachment":[{"href":"https:\/\/racoon-cleaner.nl\/fr\/wp-json\/wp\/v2\/media?parent=2538"}],"wp:term":[{"taxonomy":"product_brand","embeddable":true,"href":"https:\/\/racoon-cleaner.nl\/fr\/wp-json\/wp\/v2\/product_brand?post=2538"},{"taxonomy":"product_cat","embeddable":true,"href":"https:\/\/racoon-cleaner.nl\/fr\/wp-json\/wp\/v2\/product_cat?post=2538"},{"taxonomy":"product_tag","embeddable":true,"href":"https:\/\/racoon-cleaner.nl\/fr\/wp-json\/wp\/v2\/product_tag?post=2538"}],"curies":[{"name":"wp","href":"https:\/\/api.w.org\/{rel}","templated":true}]}}