{"id":2541,"date":"2020-08-07T15:47:55","date_gmt":"2020-04-09T08:05:12","guid":{"rendered":"https:\/\/racoon-cleaner.nl\/product\/racoon-spray-shield-nano-scellant-en-spray-200ml\/"},"modified":"2020-04-09T08:05:37","modified_gmt":"2020-04-09T08:05:37","slug":"racoon-spray-shield-nano-scellant-en-spray-200ml","status":"publish","type":"product","link":"https:\/\/racoon-cleaner.nl\/fr\/product\/sceller\/racoon-spray-shield-nano-scellant-en-spray-200ml\/","title":{"rendered":"Racoon SPRAY SHIELD Nano &#8211; Scellant en spray &#8211; 200ml"},"content":{"rendered":"<p># SPRAY SHIELD   Spray Sealant<\/p>\n<p>Racoon Spray Sealant &#8211; Haute Brillance !  Tr\u00e8s facile et aussi rapide \u00e0 appliquer !<\/p>\n<p>Ce nouveau Racoon Sealant cr\u00e9e une couche protectrice transparente et ultra-mince qui rafra\u00eechit la couleur et la brillance et donne \u00e0 la surface une protection durable et l&rsquo;effet perlant d\u00e9sir\u00e9 ! Le re-salage est ainsi r\u00e9duit et permet un nettoyage doux et encore plus rapide du v\u00e9hicule par la suite.<\/p>\n<p>Disponible en bouteilles de 100 ml et 200ml avec pulv\u00e9risateur.<\/p>\n<p>Bien agiter avant de l&rsquo;utiliser ! Nous recommandons de porter des gants jetables !<br \/>\nNe pas utiliser en plein soleil ou sur des surfaces chaudes ! Ne convient pas aux surfaces plastiques non peintes et rugueuses, ainsi qu&rsquo;\u00e0 tous les joints et au caoutchouc !<\/p>\n<p>La surface \u00e0 sceller doit \u00eatre propre, s\u00e8che et exempte de poussi\u00e8re ! Vaporisez ensuite le Sealant avec beaucoup de parcimonie sur un chiffon doux en microfibre, appliquez-le uniform\u00e9ment par des mouvements circulaires !  Apr\u00e8s environ 5 minutes polir pour obtenir une finition tr\u00e8s brillante. Retournez ou remplacez le chiffon plus souvent. Et apr\u00e8s environ 60 minutes, le Sealant est compl\u00e8tement durci !<\/p>\n<p>L\u2019astuce de Racoon:<br \/>\nL&rsquo;application d&rsquo;un Sealant ou d\u2019un Coating de Racoon est tr\u00e8s facile et peut \u00eatre appliqu\u00e9e sans connaissances particuli\u00e8res ! Cependant, il est important de s&rsquo;assurer que les surfaces \u00e0 sceller sont soigneusement nettoy\u00e9es et pr\u00e9par\u00e9es afin d&rsquo;obtenir une adh\u00e9rence optimale et durable ! La stabilit\u00e9 et la r\u00e9sistance \u00e0 l&rsquo;abrasion du produit d\u00e9pendent de sa capacit\u00e9 \u00e0 se lier chimiquement ! Pour ce nettoyage et cette pr\u00e9paration en profondeur, nous recommandons notre Racoon # ALCOHOLIC &#8211; d\u00e9graissant sp\u00e9cialement con\u00e7u pour ces produits.  Cela garantit une surface propre et \u00e9galement r\u00e9active !<\/p>\n<span class=\"et_bloom_bottom_trigger\"><\/span>","protected":false},"excerpt":{"rendered":"<p>Racoon SPRAY SHIELD Nano &#8211; Scellant en spray &#8211; 200ml<\/p>\n","protected":false},"featured_media":4985,"comment_status":"closed","ping_status":"open","template":"","meta":{"_et_pb_use_builder":"","_et_pb_old_content":"","_et_gb_content_width":""},"product_brand":[],"product_cat":[414],"product_tag":[188],"class_list":{"0":"post-2541","1":"product","2":"type-product","3":"status-publish","4":"has-post-thumbnail","6":"product_cat-sceller","7":"product_tag-shampoing-voiture","8":"pa_kleur-clair","9":"pa_materiaal-liquide","11":"first","12":"instock","13":"taxable","14":"shipping-taxable","15":"purchasable","16":"product-type-simple"},"yoast_head":"<!-- This site is optimized with the Yoast SEO plugin v27.4 - https:\/\/yoast.com\/product\/yoast-seo-wordpress\/ -->\n<title>Racoon SPRAY SHIELD Nano - Scellant en spray - 200ml - Racoon-Cleaner<\/title>\n<meta name=\"robots\" content=\"index, follow, max-snippet:-1, max-image-preview:large, max-video-preview:-1\" \/>\n<link rel=\"canonical\" href=\"https:\/\/racoon-cleaner.nl\/fr\/product\/sceller\/racoon-spray-shield-nano-scellant-en-spray-200ml\/\" \/>\n<meta property=\"og:locale\" content=\"fr_FR\" \/>\n<meta property=\"og:type\" content=\"article\" \/>\n<meta property=\"og:title\" content=\"Racoon SPRAY SHIELD Nano - Scellant en spray - 200ml - Racoon-Cleaner\" \/>\n<meta property=\"og:description\" content=\"Racoon SPRAY SHIELD Nano - Scellant en spray - 200ml\" \/>\n<meta property=\"og:url\" content=\"https:\/\/racoon-cleaner.nl\/fr\/product\/sceller\/racoon-spray-shield-nano-scellant-en-spray-200ml\/\" \/>\n<meta property=\"og:site_name\" content=\"Racoon-Cleaner\" \/>\n<meta property=\"article:modified_time\" content=\"2020-04-09T08:05:37+00:00\" \/>\n<meta property=\"og:image\" content=\"https:\/\/i0.wp.com\/racoon-cleaner.nl\/wp-content\/uploads\/2020\/08\/RN_SPRSHI200_1.jpg?fit=800%2C800&ssl=1\" \/>\n\t<meta property=\"og:image:width\" content=\"800\" \/>\n\t<meta property=\"og:image:height\" content=\"800\" \/>\n\t<meta property=\"og:image:type\" content=\"image\/jpeg\" \/>\n<meta name=\"twitter:card\" content=\"summary_large_image\" \/>\n<meta name=\"twitter:label1\" content=\"Dur\u00e9e de lecture estim\u00e9e\" \/>\n\t<meta name=\"twitter:data1\" content=\"1 minute\" \/>\n<script type=\"application\/ld+json\" class=\"yoast-schema-graph\">{\"@context\":\"https:\\\/\\\/schema.org\",\"@graph\":[{\"@type\":\"WebPage\",\"@id\":\"https:\\\/\\\/racoon-cleaner.nl\\\/fr\\\/product\\\/sceller\\\/racoon-spray-shield-nano-scellant-en-spray-200ml\\\/\",\"url\":\"https:\\\/\\\/racoon-cleaner.nl\\\/fr\\\/product\\\/sceller\\\/racoon-spray-shield-nano-scellant-en-spray-200ml\\\/\",\"name\":\"Racoon SPRAY SHIELD Nano - Scellant en spray - 200ml - Racoon-Cleaner\",\"isPartOf\":{\"@id\":\"https:\\\/\\\/racoon-cleaner.nl\\\/fr\\\/#website\"},\"primaryImageOfPage\":{\"@id\":\"https:\\\/\\\/racoon-cleaner.nl\\\/fr\\\/product\\\/sceller\\\/racoon-spray-shield-nano-scellant-en-spray-200ml\\\/#primaryimage\"},\"image\":{\"@id\":\"https:\\\/\\\/racoon-cleaner.nl\\\/fr\\\/product\\\/sceller\\\/racoon-spray-shield-nano-scellant-en-spray-200ml\\\/#primaryimage\"},\"thumbnailUrl\":\"https:\\\/\\\/racoon-cleaner.nl\\\/wp-content\\\/uploads\\\/2020\\\/08\\\/RN_SPRSHI200_1.jpg\",\"datePublished\":\"2020-04-09T08:05:12+00:00\",\"dateModified\":\"2020-04-09T08:05:37+00:00\",\"breadcrumb\":{\"@id\":\"https:\\\/\\\/racoon-cleaner.nl\\\/fr\\\/product\\\/sceller\\\/racoon-spray-shield-nano-scellant-en-spray-200ml\\\/#breadcrumb\"},\"inLanguage\":\"fr-FR\",\"potentialAction\":[{\"@type\":\"ReadAction\",\"target\":[\"https:\\\/\\\/racoon-cleaner.nl\\\/fr\\\/product\\\/sceller\\\/racoon-spray-shield-nano-scellant-en-spray-200ml\\\/\"]}]},{\"@type\":\"ImageObject\",\"inLanguage\":\"fr-FR\",\"@id\":\"https:\\\/\\\/racoon-cleaner.nl\\\/fr\\\/product\\\/sceller\\\/racoon-spray-shield-nano-scellant-en-spray-200ml\\\/#primaryimage\",\"url\":\"https:\\\/\\\/racoon-cleaner.nl\\\/wp-content\\\/uploads\\\/2020\\\/08\\\/RN_SPRSHI200_1.jpg\",\"contentUrl\":\"https:\\\/\\\/racoon-cleaner.nl\\\/wp-content\\\/uploads\\\/2020\\\/08\\\/RN_SPRSHI200_1.jpg\",\"width\":800,\"height\":800},{\"@type\":\"BreadcrumbList\",\"@id\":\"https:\\\/\\\/racoon-cleaner.nl\\\/fr\\\/product\\\/sceller\\\/racoon-spray-shield-nano-scellant-en-spray-200ml\\\/#breadcrumb\",\"itemListElement\":[{\"@type\":\"ListItem\",\"position\":1,\"name\":\"Home\",\"item\":\"https:\\\/\\\/racoon-cleaner.nl\\\/fr\\\/\"},{\"@type\":\"ListItem\",\"position\":2,\"name\":\"Boutique\",\"item\":\"https:\\\/\\\/racoon-cleaner.nl\\\/fr\\\/shop\\\/\"},{\"@type\":\"ListItem\",\"position\":3,\"name\":\"Racoon SPRAY SHIELD Nano &#8211; Scellant en spray &#8211; 200ml\"}]},{\"@type\":\"WebSite\",\"@id\":\"https:\\\/\\\/racoon-cleaner.nl\\\/fr\\\/#website\",\"url\":\"https:\\\/\\\/racoon-cleaner.nl\\\/fr\\\/\",\"name\":\"Racoon-cleaner\",\"description\":\"Reinigings- en verzorgingsproducten\",\"publisher\":{\"@id\":\"https:\\\/\\\/racoon-cleaner.nl\\\/fr\\\/#organization\"},\"potentialAction\":[{\"@type\":\"SearchAction\",\"target\":{\"@type\":\"EntryPoint\",\"urlTemplate\":\"https:\\\/\\\/racoon-cleaner.nl\\\/fr\\\/?s={search_term_string}\"},\"query-input\":{\"@type\":\"PropertyValueSpecification\",\"valueRequired\":true,\"valueName\":\"search_term_string\"}}],\"inLanguage\":\"fr-FR\"},{\"@type\":\"Organization\",\"@id\":\"https:\\\/\\\/racoon-cleaner.nl\\\/fr\\\/#organization\",\"name\":\"Racoon-Cleaner.nl\",\"url\":\"https:\\\/\\\/racoon-cleaner.nl\\\/fr\\\/\",\"logo\":{\"@type\":\"ImageObject\",\"inLanguage\":\"fr-FR\",\"@id\":\"https:\\\/\\\/racoon-cleaner.nl\\\/fr\\\/#\\\/schema\\\/logo\\\/image\\\/\",\"url\":\"https:\\\/\\\/i1.wp.com\\\/racoon-cleaner.nl\\\/wp-content\\\/uploads\\\/2019\\\/12\\\/racoon-logo.png?fit=757%2C754&ssl=1\",\"contentUrl\":\"https:\\\/\\\/i1.wp.com\\\/racoon-cleaner.nl\\\/wp-content\\\/uploads\\\/2019\\\/12\\\/racoon-logo.png?fit=757%2C754&ssl=1\",\"width\":757,\"height\":754,\"caption\":\"Racoon-Cleaner.nl\"},\"image\":{\"@id\":\"https:\\\/\\\/racoon-cleaner.nl\\\/fr\\\/#\\\/schema\\\/logo\\\/image\\\/\"}}]}<\/script>\n<!-- \/ Yoast SEO plugin. -->","yoast_head_json":{"title":"Racoon SPRAY SHIELD Nano - Scellant en spray - 200ml - Racoon-Cleaner","robots":{"index":"index","follow":"follow","max-snippet":"max-snippet:-1","max-image-preview":"max-image-preview:large","max-video-preview":"max-video-preview:-1"},"canonical":"https:\/\/racoon-cleaner.nl\/fr\/product\/sceller\/racoon-spray-shield-nano-scellant-en-spray-200ml\/","og_locale":"fr_FR","og_type":"article","og_title":"Racoon SPRAY SHIELD Nano - Scellant en spray - 200ml - Racoon-Cleaner","og_description":"Racoon SPRAY SHIELD Nano - Scellant en spray - 200ml","og_url":"https:\/\/racoon-cleaner.nl\/fr\/product\/sceller\/racoon-spray-shield-nano-scellant-en-spray-200ml\/","og_site_name":"Racoon-Cleaner","article_modified_time":"2020-04-09T08:05:37+00:00","og_image":[{"width":800,"height":800,"url":"https:\/\/i0.wp.com\/racoon-cleaner.nl\/wp-content\/uploads\/2020\/08\/RN_SPRSHI200_1.jpg?fit=800%2C800&ssl=1","type":"image\/jpeg"}],"twitter_card":"summary_large_image","twitter_misc":{"Dur\u00e9e de lecture estim\u00e9e":"1 minute"},"schema":{"@context":"https:\/\/schema.org","@graph":[{"@type":"WebPage","@id":"https:\/\/racoon-cleaner.nl\/fr\/product\/sceller\/racoon-spray-shield-nano-scellant-en-spray-200ml\/","url":"https:\/\/racoon-cleaner.nl\/fr\/product\/sceller\/racoon-spray-shield-nano-scellant-en-spray-200ml\/","name":"Racoon SPRAY SHIELD Nano - Scellant en spray - 200ml - Racoon-Cleaner","isPartOf":{"@id":"https:\/\/racoon-cleaner.nl\/fr\/#website"},"primaryImageOfPage":{"@id":"https:\/\/racoon-cleaner.nl\/fr\/product\/sceller\/racoon-spray-shield-nano-scellant-en-spray-200ml\/#primaryimage"},"image":{"@id":"https:\/\/racoon-cleaner.nl\/fr\/product\/sceller\/racoon-spray-shield-nano-scellant-en-spray-200ml\/#primaryimage"},"thumbnailUrl":"https:\/\/racoon-cleaner.nl\/wp-content\/uploads\/2020\/08\/RN_SPRSHI200_1.jpg","datePublished":"2020-04-09T08:05:12+00:00","dateModified":"2020-04-09T08:05:37+00:00","breadcrumb":{"@id":"https:\/\/racoon-cleaner.nl\/fr\/product\/sceller\/racoon-spray-shield-nano-scellant-en-spray-200ml\/#breadcrumb"},"inLanguage":"fr-FR","potentialAction":[{"@type":"ReadAction","target":["https:\/\/racoon-cleaner.nl\/fr\/product\/sceller\/racoon-spray-shield-nano-scellant-en-spray-200ml\/"]}]},{"@type":"ImageObject","inLanguage":"fr-FR","@id":"https:\/\/racoon-cleaner.nl\/fr\/product\/sceller\/racoon-spray-shield-nano-scellant-en-spray-200ml\/#primaryimage","url":"https:\/\/racoon-cleaner.nl\/wp-content\/uploads\/2020\/08\/RN_SPRSHI200_1.jpg","contentUrl":"https:\/\/racoon-cleaner.nl\/wp-content\/uploads\/2020\/08\/RN_SPRSHI200_1.jpg","width":800,"height":800},{"@type":"BreadcrumbList","@id":"https:\/\/racoon-cleaner.nl\/fr\/product\/sceller\/racoon-spray-shield-nano-scellant-en-spray-200ml\/#breadcrumb","itemListElement":[{"@type":"ListItem","position":1,"name":"Home","item":"https:\/\/racoon-cleaner.nl\/fr\/"},{"@type":"ListItem","position":2,"name":"Boutique","item":"https:\/\/racoon-cleaner.nl\/fr\/shop\/"},{"@type":"ListItem","position":3,"name":"Racoon SPRAY SHIELD Nano &#8211; Scellant en spray &#8211; 200ml"}]},{"@type":"WebSite","@id":"https:\/\/racoon-cleaner.nl\/fr\/#website","url":"https:\/\/racoon-cleaner.nl\/fr\/","name":"Racoon-cleaner","description":"Reinigings- en verzorgingsproducten","publisher":{"@id":"https:\/\/racoon-cleaner.nl\/fr\/#organization"},"potentialAction":[{"@type":"SearchAction","target":{"@type":"EntryPoint","urlTemplate":"https:\/\/racoon-cleaner.nl\/fr\/?s={search_term_string}"},"query-input":{"@type":"PropertyValueSpecification","valueRequired":true,"valueName":"search_term_string"}}],"inLanguage":"fr-FR"},{"@type":"Organization","@id":"https:\/\/racoon-cleaner.nl\/fr\/#organization","name":"Racoon-Cleaner.nl","url":"https:\/\/racoon-cleaner.nl\/fr\/","logo":{"@type":"ImageObject","inLanguage":"fr-FR","@id":"https:\/\/racoon-cleaner.nl\/fr\/#\/schema\/logo\/image\/","url":"https:\/\/i1.wp.com\/racoon-cleaner.nl\/wp-content\/uploads\/2019\/12\/racoon-logo.png?fit=757%2C754&ssl=1","contentUrl":"https:\/\/i1.wp.com\/racoon-cleaner.nl\/wp-content\/uploads\/2019\/12\/racoon-logo.png?fit=757%2C754&ssl=1","width":757,"height":754,"caption":"Racoon-Cleaner.nl"},"image":{"@id":"https:\/\/racoon-cleaner.nl\/fr\/#\/schema\/logo\/image\/"}}]}},"jetpack_sharing_enabled":true,"_links":{"self":[{"href":"https:\/\/racoon-cleaner.nl\/fr\/wp-json\/wp\/v2\/product\/2541","targetHints":{"allow":["GET"]}}],"collection":[{"href":"https:\/\/racoon-cleaner.nl\/fr\/wp-json\/wp\/v2\/product"}],"about":[{"href":"https:\/\/racoon-cleaner.nl\/fr\/wp-json\/wp\/v2\/types\/product"}],"replies":[{"embeddable":true,"href":"https:\/\/racoon-cleaner.nl\/fr\/wp-json\/wp\/v2\/comments?post=2541"}],"wp:featuredmedia":[{"embeddable":true,"href":"https:\/\/racoon-cleaner.nl\/fr\/wp-json\/wp\/v2\/media\/4985"}],"wp:attachment":[{"href":"https:\/\/racoon-cleaner.nl\/fr\/wp-json\/wp\/v2\/media?parent=2541"}],"wp:term":[{"taxonomy":"product_brand","embeddable":true,"href":"https:\/\/racoon-cleaner.nl\/fr\/wp-json\/wp\/v2\/product_brand?post=2541"},{"taxonomy":"product_cat","embeddable":true,"href":"https:\/\/racoon-cleaner.nl\/fr\/wp-json\/wp\/v2\/product_cat?post=2541"},{"taxonomy":"product_tag","embeddable":true,"href":"https:\/\/racoon-cleaner.nl\/fr\/wp-json\/wp\/v2\/product_tag?post=2541"}],"curies":[{"name":"wp","href":"https:\/\/api.w.org\/{rel}","templated":true}]}}