{"id":2845,"date":"2020-08-07T15:47:55","date_gmt":"2020-04-09T08:05:12","guid":{"rendered":"https:\/\/racoon-cleaner.nl\/product\/racoon-shiny-glass-polissage-du-verre-50ml\/"},"modified":"2020-04-09T08:05:14","modified_gmt":"2020-04-09T08:05:14","slug":"racoon-shiny-glass-polissage-du-verre-50ml","status":"publish","type":"product","link":"https:\/\/racoon-cleaner.nl\/fr\/product\/outils-de-nettoyage\/lustrants\/racoon-shiny-glass-polissage-du-verre-50ml\/","title":{"rendered":"Racoon SHINY GLASS Polissage du verre &#8211; 50ml"},"content":{"rendered":"<p># SHINY GLASS  Polissage du verre<\/p>\n<p>Le polissage efficace du verre !<\/p>\n<p>\u00c9limine rapidement et de mani\u00e8re fiable les salet\u00e9s et les particules tenaces de toutes les surfaces vitr\u00e9es ! En m\u00eame temps, la surface du verre est \u00e9galement activ\u00e9e pour une adh\u00e9rence optimale de chaque nouveau produit de scellement !<\/p>\n<p>Disponible en bouteilles de 50 et de 100ml !<\/p>\n<p>&#8211; Tr\u00e8s \u00e9conomique \u00e0 la consommation !<br \/>\n&#8211; Active la surface du verre et un produit de scellement adh\u00e8re mieux et aussi plus longtemps !<\/p>\n<p>Bien agiter avant d&rsquo;utiliser !<br \/>\nNe jamais utiliser en plein soleil ou sur des surfaces en verre chaudes !<br \/>\nNous recommandons de porter des gants jetables !<\/p>\n<p>Nettoyez d&rsquo;abord la surface avec un nettoyant pour vitres ! Appliquez le produit de polissage du verre sur un chiffon ou une \u00e9ponge \u00e0 polir et polissez en exer\u00e7ant une l\u00e9g\u00e8re pression.<br \/>\nEnsuite, enlevez compl\u00e8tement tous les r\u00e9sidus de produits et nettoyez \u00e0 nouveau la surface \u00e0 fond. Avant de sceller, d\u00e9graisser soigneusement la surface du verre avec du Racoon # ALCOHOLIC !<\/p>\n<span class=\"et_bloom_bottom_trigger\"><\/span>","protected":false},"excerpt":{"rendered":"<p>Racoon SHINY GLASS Polissage du verre &#8211; 50ml<\/p>\n","protected":false},"featured_media":4945,"comment_status":"closed","ping_status":"open","template":"","meta":{"_et_pb_use_builder":"","_et_pb_old_content":"","_et_gb_content_width":""},"product_brand":[],"product_cat":[336,378],"product_tag":[188],"class_list":{"0":"post-2845","1":"product","2":"type-product","3":"status-publish","4":"has-post-thumbnail","6":"product_cat-divers","7":"product_cat-lustrants","8":"product_tag-shampoing-voiture","9":"pa_kleur-blanc","10":"pa_materiaal-liquide","12":"first","13":"instock","14":"taxable","15":"shipping-taxable","16":"purchasable","17":"product-type-simple"},"yoast_head":"<!-- This site is optimized with the Yoast SEO plugin v27.4 - https:\/\/yoast.com\/product\/yoast-seo-wordpress\/ -->\n<title>Racoon SHINY GLASS Polissage du verre - 50ml - Racoon-Cleaner<\/title>\n<meta name=\"robots\" content=\"index, follow, max-snippet:-1, max-image-preview:large, max-video-preview:-1\" \/>\n<link rel=\"canonical\" href=\"https:\/\/racoon-cleaner.nl\/fr\/product\/outils-de-nettoyage\/lustrants\/racoon-shiny-glass-polissage-du-verre-50ml\/\" \/>\n<meta property=\"og:locale\" content=\"fr_FR\" \/>\n<meta property=\"og:type\" content=\"article\" \/>\n<meta property=\"og:title\" content=\"Racoon SHINY GLASS Polissage du verre - 50ml - Racoon-Cleaner\" \/>\n<meta property=\"og:description\" content=\"Racoon SHINY GLASS Polissage du verre - 50ml\" \/>\n<meta property=\"og:url\" content=\"https:\/\/racoon-cleaner.nl\/fr\/product\/outils-de-nettoyage\/lustrants\/racoon-shiny-glass-polissage-du-verre-50ml\/\" \/>\n<meta property=\"og:site_name\" content=\"Racoon-Cleaner\" \/>\n<meta property=\"article:modified_time\" content=\"2020-04-09T08:05:14+00:00\" \/>\n<meta property=\"og:image\" content=\"https:\/\/i2.wp.com\/racoon-cleaner.nl\/wp-content\/uploads\/2020\/08\/RN_SHIGLA50_1.jpg?fit=800%2C800&ssl=1\" \/>\n\t<meta property=\"og:image:width\" content=\"800\" \/>\n\t<meta property=\"og:image:height\" content=\"800\" \/>\n\t<meta property=\"og:image:type\" content=\"image\/jpeg\" \/>\n<meta name=\"twitter:card\" content=\"summary_large_image\" \/>\n<meta name=\"twitter:label1\" content=\"Dur\u00e9e de lecture estim\u00e9e\" \/>\n\t<meta name=\"twitter:data1\" content=\"1 minute\" \/>\n<script type=\"application\/ld+json\" class=\"yoast-schema-graph\">{\"@context\":\"https:\\\/\\\/schema.org\",\"@graph\":[{\"@type\":\"WebPage\",\"@id\":\"https:\\\/\\\/racoon-cleaner.nl\\\/fr\\\/product\\\/outils-de-nettoyage\\\/lustrants\\\/racoon-shiny-glass-polissage-du-verre-50ml\\\/\",\"url\":\"https:\\\/\\\/racoon-cleaner.nl\\\/fr\\\/product\\\/outils-de-nettoyage\\\/lustrants\\\/racoon-shiny-glass-polissage-du-verre-50ml\\\/\",\"name\":\"Racoon SHINY GLASS Polissage du verre - 50ml - Racoon-Cleaner\",\"isPartOf\":{\"@id\":\"https:\\\/\\\/racoon-cleaner.nl\\\/fr\\\/#website\"},\"primaryImageOfPage\":{\"@id\":\"https:\\\/\\\/racoon-cleaner.nl\\\/fr\\\/product\\\/outils-de-nettoyage\\\/lustrants\\\/racoon-shiny-glass-polissage-du-verre-50ml\\\/#primaryimage\"},\"image\":{\"@id\":\"https:\\\/\\\/racoon-cleaner.nl\\\/fr\\\/product\\\/outils-de-nettoyage\\\/lustrants\\\/racoon-shiny-glass-polissage-du-verre-50ml\\\/#primaryimage\"},\"thumbnailUrl\":\"https:\\\/\\\/racoon-cleaner.nl\\\/wp-content\\\/uploads\\\/2020\\\/08\\\/RN_SHIGLA50_1.jpg\",\"datePublished\":\"2020-04-09T08:05:12+00:00\",\"dateModified\":\"2020-04-09T08:05:14+00:00\",\"breadcrumb\":{\"@id\":\"https:\\\/\\\/racoon-cleaner.nl\\\/fr\\\/product\\\/outils-de-nettoyage\\\/lustrants\\\/racoon-shiny-glass-polissage-du-verre-50ml\\\/#breadcrumb\"},\"inLanguage\":\"fr-FR\",\"potentialAction\":[{\"@type\":\"ReadAction\",\"target\":[\"https:\\\/\\\/racoon-cleaner.nl\\\/fr\\\/product\\\/outils-de-nettoyage\\\/lustrants\\\/racoon-shiny-glass-polissage-du-verre-50ml\\\/\"]}]},{\"@type\":\"ImageObject\",\"inLanguage\":\"fr-FR\",\"@id\":\"https:\\\/\\\/racoon-cleaner.nl\\\/fr\\\/product\\\/outils-de-nettoyage\\\/lustrants\\\/racoon-shiny-glass-polissage-du-verre-50ml\\\/#primaryimage\",\"url\":\"https:\\\/\\\/racoon-cleaner.nl\\\/wp-content\\\/uploads\\\/2020\\\/08\\\/RN_SHIGLA50_1.jpg\",\"contentUrl\":\"https:\\\/\\\/racoon-cleaner.nl\\\/wp-content\\\/uploads\\\/2020\\\/08\\\/RN_SHIGLA50_1.jpg\",\"width\":800,\"height\":800},{\"@type\":\"BreadcrumbList\",\"@id\":\"https:\\\/\\\/racoon-cleaner.nl\\\/fr\\\/product\\\/outils-de-nettoyage\\\/lustrants\\\/racoon-shiny-glass-polissage-du-verre-50ml\\\/#breadcrumb\",\"itemListElement\":[{\"@type\":\"ListItem\",\"position\":1,\"name\":\"Home\",\"item\":\"https:\\\/\\\/racoon-cleaner.nl\\\/fr\\\/\"},{\"@type\":\"ListItem\",\"position\":2,\"name\":\"Boutique\",\"item\":\"https:\\\/\\\/racoon-cleaner.nl\\\/fr\\\/shop\\\/\"},{\"@type\":\"ListItem\",\"position\":3,\"name\":\"Racoon SHINY GLASS Polissage du verre &#8211; 50ml\"}]},{\"@type\":\"WebSite\",\"@id\":\"https:\\\/\\\/racoon-cleaner.nl\\\/fr\\\/#website\",\"url\":\"https:\\\/\\\/racoon-cleaner.nl\\\/fr\\\/\",\"name\":\"Racoon-cleaner\",\"description\":\"Reinigings- en verzorgingsproducten\",\"publisher\":{\"@id\":\"https:\\\/\\\/racoon-cleaner.nl\\\/fr\\\/#organization\"},\"potentialAction\":[{\"@type\":\"SearchAction\",\"target\":{\"@type\":\"EntryPoint\",\"urlTemplate\":\"https:\\\/\\\/racoon-cleaner.nl\\\/fr\\\/?s={search_term_string}\"},\"query-input\":{\"@type\":\"PropertyValueSpecification\",\"valueRequired\":true,\"valueName\":\"search_term_string\"}}],\"inLanguage\":\"fr-FR\"},{\"@type\":\"Organization\",\"@id\":\"https:\\\/\\\/racoon-cleaner.nl\\\/fr\\\/#organization\",\"name\":\"Racoon-Cleaner.nl\",\"url\":\"https:\\\/\\\/racoon-cleaner.nl\\\/fr\\\/\",\"logo\":{\"@type\":\"ImageObject\",\"inLanguage\":\"fr-FR\",\"@id\":\"https:\\\/\\\/racoon-cleaner.nl\\\/fr\\\/#\\\/schema\\\/logo\\\/image\\\/\",\"url\":\"https:\\\/\\\/i1.wp.com\\\/racoon-cleaner.nl\\\/wp-content\\\/uploads\\\/2019\\\/12\\\/racoon-logo.png?fit=757%2C754&ssl=1\",\"contentUrl\":\"https:\\\/\\\/i1.wp.com\\\/racoon-cleaner.nl\\\/wp-content\\\/uploads\\\/2019\\\/12\\\/racoon-logo.png?fit=757%2C754&ssl=1\",\"width\":757,\"height\":754,\"caption\":\"Racoon-Cleaner.nl\"},\"image\":{\"@id\":\"https:\\\/\\\/racoon-cleaner.nl\\\/fr\\\/#\\\/schema\\\/logo\\\/image\\\/\"}}]}<\/script>\n<!-- \/ Yoast SEO plugin. -->","yoast_head_json":{"title":"Racoon SHINY GLASS Polissage du verre - 50ml - Racoon-Cleaner","robots":{"index":"index","follow":"follow","max-snippet":"max-snippet:-1","max-image-preview":"max-image-preview:large","max-video-preview":"max-video-preview:-1"},"canonical":"https:\/\/racoon-cleaner.nl\/fr\/product\/outils-de-nettoyage\/lustrants\/racoon-shiny-glass-polissage-du-verre-50ml\/","og_locale":"fr_FR","og_type":"article","og_title":"Racoon SHINY GLASS Polissage du verre - 50ml - Racoon-Cleaner","og_description":"Racoon SHINY GLASS Polissage du verre - 50ml","og_url":"https:\/\/racoon-cleaner.nl\/fr\/product\/outils-de-nettoyage\/lustrants\/racoon-shiny-glass-polissage-du-verre-50ml\/","og_site_name":"Racoon-Cleaner","article_modified_time":"2020-04-09T08:05:14+00:00","og_image":[{"width":800,"height":800,"url":"https:\/\/i2.wp.com\/racoon-cleaner.nl\/wp-content\/uploads\/2020\/08\/RN_SHIGLA50_1.jpg?fit=800%2C800&ssl=1","type":"image\/jpeg"}],"twitter_card":"summary_large_image","twitter_misc":{"Dur\u00e9e de lecture estim\u00e9e":"1 minute"},"schema":{"@context":"https:\/\/schema.org","@graph":[{"@type":"WebPage","@id":"https:\/\/racoon-cleaner.nl\/fr\/product\/outils-de-nettoyage\/lustrants\/racoon-shiny-glass-polissage-du-verre-50ml\/","url":"https:\/\/racoon-cleaner.nl\/fr\/product\/outils-de-nettoyage\/lustrants\/racoon-shiny-glass-polissage-du-verre-50ml\/","name":"Racoon SHINY GLASS Polissage du verre - 50ml - Racoon-Cleaner","isPartOf":{"@id":"https:\/\/racoon-cleaner.nl\/fr\/#website"},"primaryImageOfPage":{"@id":"https:\/\/racoon-cleaner.nl\/fr\/product\/outils-de-nettoyage\/lustrants\/racoon-shiny-glass-polissage-du-verre-50ml\/#primaryimage"},"image":{"@id":"https:\/\/racoon-cleaner.nl\/fr\/product\/outils-de-nettoyage\/lustrants\/racoon-shiny-glass-polissage-du-verre-50ml\/#primaryimage"},"thumbnailUrl":"https:\/\/racoon-cleaner.nl\/wp-content\/uploads\/2020\/08\/RN_SHIGLA50_1.jpg","datePublished":"2020-04-09T08:05:12+00:00","dateModified":"2020-04-09T08:05:14+00:00","breadcrumb":{"@id":"https:\/\/racoon-cleaner.nl\/fr\/product\/outils-de-nettoyage\/lustrants\/racoon-shiny-glass-polissage-du-verre-50ml\/#breadcrumb"},"inLanguage":"fr-FR","potentialAction":[{"@type":"ReadAction","target":["https:\/\/racoon-cleaner.nl\/fr\/product\/outils-de-nettoyage\/lustrants\/racoon-shiny-glass-polissage-du-verre-50ml\/"]}]},{"@type":"ImageObject","inLanguage":"fr-FR","@id":"https:\/\/racoon-cleaner.nl\/fr\/product\/outils-de-nettoyage\/lustrants\/racoon-shiny-glass-polissage-du-verre-50ml\/#primaryimage","url":"https:\/\/racoon-cleaner.nl\/wp-content\/uploads\/2020\/08\/RN_SHIGLA50_1.jpg","contentUrl":"https:\/\/racoon-cleaner.nl\/wp-content\/uploads\/2020\/08\/RN_SHIGLA50_1.jpg","width":800,"height":800},{"@type":"BreadcrumbList","@id":"https:\/\/racoon-cleaner.nl\/fr\/product\/outils-de-nettoyage\/lustrants\/racoon-shiny-glass-polissage-du-verre-50ml\/#breadcrumb","itemListElement":[{"@type":"ListItem","position":1,"name":"Home","item":"https:\/\/racoon-cleaner.nl\/fr\/"},{"@type":"ListItem","position":2,"name":"Boutique","item":"https:\/\/racoon-cleaner.nl\/fr\/shop\/"},{"@type":"ListItem","position":3,"name":"Racoon SHINY GLASS Polissage du verre &#8211; 50ml"}]},{"@type":"WebSite","@id":"https:\/\/racoon-cleaner.nl\/fr\/#website","url":"https:\/\/racoon-cleaner.nl\/fr\/","name":"Racoon-cleaner","description":"Reinigings- en verzorgingsproducten","publisher":{"@id":"https:\/\/racoon-cleaner.nl\/fr\/#organization"},"potentialAction":[{"@type":"SearchAction","target":{"@type":"EntryPoint","urlTemplate":"https:\/\/racoon-cleaner.nl\/fr\/?s={search_term_string}"},"query-input":{"@type":"PropertyValueSpecification","valueRequired":true,"valueName":"search_term_string"}}],"inLanguage":"fr-FR"},{"@type":"Organization","@id":"https:\/\/racoon-cleaner.nl\/fr\/#organization","name":"Racoon-Cleaner.nl","url":"https:\/\/racoon-cleaner.nl\/fr\/","logo":{"@type":"ImageObject","inLanguage":"fr-FR","@id":"https:\/\/racoon-cleaner.nl\/fr\/#\/schema\/logo\/image\/","url":"https:\/\/i1.wp.com\/racoon-cleaner.nl\/wp-content\/uploads\/2019\/12\/racoon-logo.png?fit=757%2C754&ssl=1","contentUrl":"https:\/\/i1.wp.com\/racoon-cleaner.nl\/wp-content\/uploads\/2019\/12\/racoon-logo.png?fit=757%2C754&ssl=1","width":757,"height":754,"caption":"Racoon-Cleaner.nl"},"image":{"@id":"https:\/\/racoon-cleaner.nl\/fr\/#\/schema\/logo\/image\/"}}]}},"jetpack_sharing_enabled":true,"_links":{"self":[{"href":"https:\/\/racoon-cleaner.nl\/fr\/wp-json\/wp\/v2\/product\/2845","targetHints":{"allow":["GET"]}}],"collection":[{"href":"https:\/\/racoon-cleaner.nl\/fr\/wp-json\/wp\/v2\/product"}],"about":[{"href":"https:\/\/racoon-cleaner.nl\/fr\/wp-json\/wp\/v2\/types\/product"}],"replies":[{"embeddable":true,"href":"https:\/\/racoon-cleaner.nl\/fr\/wp-json\/wp\/v2\/comments?post=2845"}],"wp:featuredmedia":[{"embeddable":true,"href":"https:\/\/racoon-cleaner.nl\/fr\/wp-json\/wp\/v2\/media\/4945"}],"wp:attachment":[{"href":"https:\/\/racoon-cleaner.nl\/fr\/wp-json\/wp\/v2\/media?parent=2845"}],"wp:term":[{"taxonomy":"product_brand","embeddable":true,"href":"https:\/\/racoon-cleaner.nl\/fr\/wp-json\/wp\/v2\/product_brand?post=2845"},{"taxonomy":"product_cat","embeddable":true,"href":"https:\/\/racoon-cleaner.nl\/fr\/wp-json\/wp\/v2\/product_cat?post=2845"},{"taxonomy":"product_tag","embeddable":true,"href":"https:\/\/racoon-cleaner.nl\/fr\/wp-json\/wp\/v2\/product_tag?post=2845"}],"curies":[{"name":"wp","href":"https:\/\/api.w.org\/{rel}","templated":true}]}}