{"id":2899,"date":"2020-08-07T15:18:53","date_gmt":"2020-04-09T08:03:13","guid":{"rendered":"https:\/\/racoon-cleaner.nl\/product\/racoon-engine-styler-vanilla-nettoyant-compartiment-moteur-5000ml\/"},"modified":"2020-04-09T08:03:20","modified_gmt":"2020-04-09T08:03:20","slug":"racoon-engine-styler-vanilla-nettoyant-compartiment-moteur-5000ml","status":"publish","type":"product","link":"https:\/\/racoon-cleaner.nl\/fr\/product\/nettoyage-preparation\/nettoyants\/racoon-engine-styler-vanilla-nettoyant-compartiment-moteur-5000ml\/","title":{"rendered":"Racoon ENGINE STYLER VANILLA Nettoyant compartiment moteur &#8211; 5000ml"},"content":{"rendered":"<p># ENGINE STYLER VANILLA   Nettoyant multisurface compartiment moteur<\/p>\n<p>Nettoie et conserve ! &#8211; Rapidement et facilement toutes les surfaces sous le capot !<\/p>\n<p>\u00c9limine toutes les taches d&rsquo;huile et de graisse poussi\u00e9reuses de mani\u00e8re rapide et fiable ! Gr\u00e2ce \u00e0 l&rsquo;effet de reptation de l&rsquo;eau, m\u00eame les endroits difficiles d&rsquo;acc\u00e8s sont atteints. Des ingr\u00e9dients actifs p\u00e9n\u00e9trant en profondeur, \u00e0 l&rsquo;\u00e9clat soyeux et mat et au parfum frais de vanille, donnent un nouveau look et forment un film protecteur durable contre contre la salet\u00e9, l\u2019humidit\u00e9, la corrosion, la fissuration et la d\u00e9coloration ! <\/p>\n<p>Disponible en bouteilles de 500 ml, ainsi qu&rsquo;en bidons de 5 litres.<\/p>\n<p>Bien agiter avant de l&rsquo;utiliser ! Nous recommandons de porter des gants jetables !<br \/>\nNe jamais utiliser en plein soleil ou sur des surfaces chaudes !<\/p>\n<p>La surface \u00e0 traiter doit \u00eatre s\u00e8che !<br \/>\nAppliquer uniform\u00e9ment et avec parcimonie \u00e0 l&rsquo;aide d&rsquo;une \u00e9ponge \u00e0 pores fins et<br \/>\nlaisser agir pendant un court instant ! Ensuite, essuyez soigneusement la salet\u00e9 dissoute avec un chiffon.<\/p>\n<span class=\"et_bloom_bottom_trigger\"><\/span>","protected":false},"excerpt":{"rendered":"<p>Racoon ENGINE STYLER VANILLA Nettoyant compartiment moteur &#8211; 5000ml<\/p>\n","protected":false},"featured_media":4413,"comment_status":"closed","ping_status":"open","template":"","meta":{"_et_pb_use_builder":"","_et_pb_old_content":"","_et_gb_content_width":""},"product_brand":[],"product_cat":[390,396,348],"product_tag":[188],"class_list":{"0":"post-2899","1":"product","2":"type-product","3":"status-publish","4":"has-post-thumbnail","6":"product_cat-nettoyage-preparation","7":"product_cat-nettoyants","8":"product_cat-sprays-techniques","9":"product_tag-shampoing-voiture","10":"pa_kleur-clair","11":"pa_materiaal-liquide","13":"first","14":"instock","15":"taxable","16":"shipping-taxable","17":"purchasable","18":"product-type-simple"},"yoast_head":"<!-- This site is optimized with the Yoast SEO plugin v27.4 - https:\/\/yoast.com\/product\/yoast-seo-wordpress\/ -->\n<title>Racoon ENGINE STYLER VANILLA Nettoyant compartiment moteur - 5000ml - Racoon-Cleaner<\/title>\n<meta name=\"robots\" content=\"index, follow, max-snippet:-1, max-image-preview:large, max-video-preview:-1\" \/>\n<link rel=\"canonical\" href=\"https:\/\/racoon-cleaner.nl\/fr\/product\/nettoyage-preparation\/nettoyants\/racoon-engine-styler-vanilla-nettoyant-compartiment-moteur-5000ml\/\" \/>\n<meta property=\"og:locale\" content=\"fr_FR\" \/>\n<meta property=\"og:type\" content=\"article\" \/>\n<meta property=\"og:title\" content=\"Racoon ENGINE STYLER VANILLA Nettoyant compartiment moteur - 5000ml - Racoon-Cleaner\" \/>\n<meta property=\"og:description\" content=\"Racoon ENGINE STYLER VANILLA Nettoyant compartiment moteur - 5000ml\" \/>\n<meta property=\"og:url\" content=\"https:\/\/racoon-cleaner.nl\/fr\/product\/nettoyage-preparation\/nettoyants\/racoon-engine-styler-vanilla-nettoyant-compartiment-moteur-5000ml\/\" \/>\n<meta property=\"og:site_name\" content=\"Racoon-Cleaner\" \/>\n<meta property=\"article:modified_time\" content=\"2020-04-09T08:03:20+00:00\" \/>\n<meta property=\"og:image\" content=\"https:\/\/i0.wp.com\/racoon-cleaner.nl\/wp-content\/uploads\/2020\/08\/RN_ENGSTY5_1.jpg?fit=800%2C800&ssl=1\" \/>\n\t<meta property=\"og:image:width\" content=\"800\" \/>\n\t<meta property=\"og:image:height\" content=\"800\" \/>\n\t<meta property=\"og:image:type\" content=\"image\/jpeg\" \/>\n<meta name=\"twitter:card\" content=\"summary_large_image\" \/>\n<meta name=\"twitter:label1\" content=\"Dur\u00e9e de lecture estim\u00e9e\" \/>\n\t<meta name=\"twitter:data1\" content=\"1 minute\" \/>\n<script type=\"application\/ld+json\" class=\"yoast-schema-graph\">{\"@context\":\"https:\\\/\\\/schema.org\",\"@graph\":[{\"@type\":\"WebPage\",\"@id\":\"https:\\\/\\\/racoon-cleaner.nl\\\/fr\\\/product\\\/nettoyage-preparation\\\/nettoyants\\\/racoon-engine-styler-vanilla-nettoyant-compartiment-moteur-5000ml\\\/\",\"url\":\"https:\\\/\\\/racoon-cleaner.nl\\\/fr\\\/product\\\/nettoyage-preparation\\\/nettoyants\\\/racoon-engine-styler-vanilla-nettoyant-compartiment-moteur-5000ml\\\/\",\"name\":\"Racoon ENGINE STYLER VANILLA Nettoyant compartiment moteur - 5000ml - Racoon-Cleaner\",\"isPartOf\":{\"@id\":\"https:\\\/\\\/racoon-cleaner.nl\\\/fr\\\/#website\"},\"primaryImageOfPage\":{\"@id\":\"https:\\\/\\\/racoon-cleaner.nl\\\/fr\\\/product\\\/nettoyage-preparation\\\/nettoyants\\\/racoon-engine-styler-vanilla-nettoyant-compartiment-moteur-5000ml\\\/#primaryimage\"},\"image\":{\"@id\":\"https:\\\/\\\/racoon-cleaner.nl\\\/fr\\\/product\\\/nettoyage-preparation\\\/nettoyants\\\/racoon-engine-styler-vanilla-nettoyant-compartiment-moteur-5000ml\\\/#primaryimage\"},\"thumbnailUrl\":\"https:\\\/\\\/racoon-cleaner.nl\\\/wp-content\\\/uploads\\\/2020\\\/08\\\/RN_ENGSTY5_1.jpg\",\"datePublished\":\"2020-04-09T08:03:13+00:00\",\"dateModified\":\"2020-04-09T08:03:20+00:00\",\"breadcrumb\":{\"@id\":\"https:\\\/\\\/racoon-cleaner.nl\\\/fr\\\/product\\\/nettoyage-preparation\\\/nettoyants\\\/racoon-engine-styler-vanilla-nettoyant-compartiment-moteur-5000ml\\\/#breadcrumb\"},\"inLanguage\":\"fr-FR\",\"potentialAction\":[{\"@type\":\"ReadAction\",\"target\":[\"https:\\\/\\\/racoon-cleaner.nl\\\/fr\\\/product\\\/nettoyage-preparation\\\/nettoyants\\\/racoon-engine-styler-vanilla-nettoyant-compartiment-moteur-5000ml\\\/\"]}]},{\"@type\":\"ImageObject\",\"inLanguage\":\"fr-FR\",\"@id\":\"https:\\\/\\\/racoon-cleaner.nl\\\/fr\\\/product\\\/nettoyage-preparation\\\/nettoyants\\\/racoon-engine-styler-vanilla-nettoyant-compartiment-moteur-5000ml\\\/#primaryimage\",\"url\":\"https:\\\/\\\/racoon-cleaner.nl\\\/wp-content\\\/uploads\\\/2020\\\/08\\\/RN_ENGSTY5_1.jpg\",\"contentUrl\":\"https:\\\/\\\/racoon-cleaner.nl\\\/wp-content\\\/uploads\\\/2020\\\/08\\\/RN_ENGSTY5_1.jpg\",\"width\":800,\"height\":800},{\"@type\":\"BreadcrumbList\",\"@id\":\"https:\\\/\\\/racoon-cleaner.nl\\\/fr\\\/product\\\/nettoyage-preparation\\\/nettoyants\\\/racoon-engine-styler-vanilla-nettoyant-compartiment-moteur-5000ml\\\/#breadcrumb\",\"itemListElement\":[{\"@type\":\"ListItem\",\"position\":1,\"name\":\"Home\",\"item\":\"https:\\\/\\\/racoon-cleaner.nl\\\/fr\\\/\"},{\"@type\":\"ListItem\",\"position\":2,\"name\":\"Boutique\",\"item\":\"https:\\\/\\\/racoon-cleaner.nl\\\/fr\\\/shop\\\/\"},{\"@type\":\"ListItem\",\"position\":3,\"name\":\"Racoon ENGINE STYLER VANILLA Nettoyant compartiment moteur &#8211; 5000ml\"}]},{\"@type\":\"WebSite\",\"@id\":\"https:\\\/\\\/racoon-cleaner.nl\\\/fr\\\/#website\",\"url\":\"https:\\\/\\\/racoon-cleaner.nl\\\/fr\\\/\",\"name\":\"Racoon-cleaner\",\"description\":\"Reinigings- en verzorgingsproducten\",\"publisher\":{\"@id\":\"https:\\\/\\\/racoon-cleaner.nl\\\/fr\\\/#organization\"},\"potentialAction\":[{\"@type\":\"SearchAction\",\"target\":{\"@type\":\"EntryPoint\",\"urlTemplate\":\"https:\\\/\\\/racoon-cleaner.nl\\\/fr\\\/?s={search_term_string}\"},\"query-input\":{\"@type\":\"PropertyValueSpecification\",\"valueRequired\":true,\"valueName\":\"search_term_string\"}}],\"inLanguage\":\"fr-FR\"},{\"@type\":\"Organization\",\"@id\":\"https:\\\/\\\/racoon-cleaner.nl\\\/fr\\\/#organization\",\"name\":\"Racoon-Cleaner.nl\",\"url\":\"https:\\\/\\\/racoon-cleaner.nl\\\/fr\\\/\",\"logo\":{\"@type\":\"ImageObject\",\"inLanguage\":\"fr-FR\",\"@id\":\"https:\\\/\\\/racoon-cleaner.nl\\\/fr\\\/#\\\/schema\\\/logo\\\/image\\\/\",\"url\":\"https:\\\/\\\/i1.wp.com\\\/racoon-cleaner.nl\\\/wp-content\\\/uploads\\\/2019\\\/12\\\/racoon-logo.png?fit=757%2C754&ssl=1\",\"contentUrl\":\"https:\\\/\\\/i1.wp.com\\\/racoon-cleaner.nl\\\/wp-content\\\/uploads\\\/2019\\\/12\\\/racoon-logo.png?fit=757%2C754&ssl=1\",\"width\":757,\"height\":754,\"caption\":\"Racoon-Cleaner.nl\"},\"image\":{\"@id\":\"https:\\\/\\\/racoon-cleaner.nl\\\/fr\\\/#\\\/schema\\\/logo\\\/image\\\/\"}}]}<\/script>\n<!-- \/ Yoast SEO plugin. -->","yoast_head_json":{"title":"Racoon ENGINE STYLER VANILLA Nettoyant compartiment moteur - 5000ml - Racoon-Cleaner","robots":{"index":"index","follow":"follow","max-snippet":"max-snippet:-1","max-image-preview":"max-image-preview:large","max-video-preview":"max-video-preview:-1"},"canonical":"https:\/\/racoon-cleaner.nl\/fr\/product\/nettoyage-preparation\/nettoyants\/racoon-engine-styler-vanilla-nettoyant-compartiment-moteur-5000ml\/","og_locale":"fr_FR","og_type":"article","og_title":"Racoon ENGINE STYLER VANILLA Nettoyant compartiment moteur - 5000ml - Racoon-Cleaner","og_description":"Racoon ENGINE STYLER VANILLA Nettoyant compartiment moteur - 5000ml","og_url":"https:\/\/racoon-cleaner.nl\/fr\/product\/nettoyage-preparation\/nettoyants\/racoon-engine-styler-vanilla-nettoyant-compartiment-moteur-5000ml\/","og_site_name":"Racoon-Cleaner","article_modified_time":"2020-04-09T08:03:20+00:00","og_image":[{"width":800,"height":800,"url":"https:\/\/i0.wp.com\/racoon-cleaner.nl\/wp-content\/uploads\/2020\/08\/RN_ENGSTY5_1.jpg?fit=800%2C800&ssl=1","type":"image\/jpeg"}],"twitter_card":"summary_large_image","twitter_misc":{"Dur\u00e9e de lecture estim\u00e9e":"1 minute"},"schema":{"@context":"https:\/\/schema.org","@graph":[{"@type":"WebPage","@id":"https:\/\/racoon-cleaner.nl\/fr\/product\/nettoyage-preparation\/nettoyants\/racoon-engine-styler-vanilla-nettoyant-compartiment-moteur-5000ml\/","url":"https:\/\/racoon-cleaner.nl\/fr\/product\/nettoyage-preparation\/nettoyants\/racoon-engine-styler-vanilla-nettoyant-compartiment-moteur-5000ml\/","name":"Racoon ENGINE STYLER VANILLA Nettoyant compartiment moteur - 5000ml - Racoon-Cleaner","isPartOf":{"@id":"https:\/\/racoon-cleaner.nl\/fr\/#website"},"primaryImageOfPage":{"@id":"https:\/\/racoon-cleaner.nl\/fr\/product\/nettoyage-preparation\/nettoyants\/racoon-engine-styler-vanilla-nettoyant-compartiment-moteur-5000ml\/#primaryimage"},"image":{"@id":"https:\/\/racoon-cleaner.nl\/fr\/product\/nettoyage-preparation\/nettoyants\/racoon-engine-styler-vanilla-nettoyant-compartiment-moteur-5000ml\/#primaryimage"},"thumbnailUrl":"https:\/\/racoon-cleaner.nl\/wp-content\/uploads\/2020\/08\/RN_ENGSTY5_1.jpg","datePublished":"2020-04-09T08:03:13+00:00","dateModified":"2020-04-09T08:03:20+00:00","breadcrumb":{"@id":"https:\/\/racoon-cleaner.nl\/fr\/product\/nettoyage-preparation\/nettoyants\/racoon-engine-styler-vanilla-nettoyant-compartiment-moteur-5000ml\/#breadcrumb"},"inLanguage":"fr-FR","potentialAction":[{"@type":"ReadAction","target":["https:\/\/racoon-cleaner.nl\/fr\/product\/nettoyage-preparation\/nettoyants\/racoon-engine-styler-vanilla-nettoyant-compartiment-moteur-5000ml\/"]}]},{"@type":"ImageObject","inLanguage":"fr-FR","@id":"https:\/\/racoon-cleaner.nl\/fr\/product\/nettoyage-preparation\/nettoyants\/racoon-engine-styler-vanilla-nettoyant-compartiment-moteur-5000ml\/#primaryimage","url":"https:\/\/racoon-cleaner.nl\/wp-content\/uploads\/2020\/08\/RN_ENGSTY5_1.jpg","contentUrl":"https:\/\/racoon-cleaner.nl\/wp-content\/uploads\/2020\/08\/RN_ENGSTY5_1.jpg","width":800,"height":800},{"@type":"BreadcrumbList","@id":"https:\/\/racoon-cleaner.nl\/fr\/product\/nettoyage-preparation\/nettoyants\/racoon-engine-styler-vanilla-nettoyant-compartiment-moteur-5000ml\/#breadcrumb","itemListElement":[{"@type":"ListItem","position":1,"name":"Home","item":"https:\/\/racoon-cleaner.nl\/fr\/"},{"@type":"ListItem","position":2,"name":"Boutique","item":"https:\/\/racoon-cleaner.nl\/fr\/shop\/"},{"@type":"ListItem","position":3,"name":"Racoon ENGINE STYLER VANILLA Nettoyant compartiment moteur &#8211; 5000ml"}]},{"@type":"WebSite","@id":"https:\/\/racoon-cleaner.nl\/fr\/#website","url":"https:\/\/racoon-cleaner.nl\/fr\/","name":"Racoon-cleaner","description":"Reinigings- en verzorgingsproducten","publisher":{"@id":"https:\/\/racoon-cleaner.nl\/fr\/#organization"},"potentialAction":[{"@type":"SearchAction","target":{"@type":"EntryPoint","urlTemplate":"https:\/\/racoon-cleaner.nl\/fr\/?s={search_term_string}"},"query-input":{"@type":"PropertyValueSpecification","valueRequired":true,"valueName":"search_term_string"}}],"inLanguage":"fr-FR"},{"@type":"Organization","@id":"https:\/\/racoon-cleaner.nl\/fr\/#organization","name":"Racoon-Cleaner.nl","url":"https:\/\/racoon-cleaner.nl\/fr\/","logo":{"@type":"ImageObject","inLanguage":"fr-FR","@id":"https:\/\/racoon-cleaner.nl\/fr\/#\/schema\/logo\/image\/","url":"https:\/\/i1.wp.com\/racoon-cleaner.nl\/wp-content\/uploads\/2019\/12\/racoon-logo.png?fit=757%2C754&ssl=1","contentUrl":"https:\/\/i1.wp.com\/racoon-cleaner.nl\/wp-content\/uploads\/2019\/12\/racoon-logo.png?fit=757%2C754&ssl=1","width":757,"height":754,"caption":"Racoon-Cleaner.nl"},"image":{"@id":"https:\/\/racoon-cleaner.nl\/fr\/#\/schema\/logo\/image\/"}}]}},"jetpack_sharing_enabled":true,"_links":{"self":[{"href":"https:\/\/racoon-cleaner.nl\/fr\/wp-json\/wp\/v2\/product\/2899","targetHints":{"allow":["GET"]}}],"collection":[{"href":"https:\/\/racoon-cleaner.nl\/fr\/wp-json\/wp\/v2\/product"}],"about":[{"href":"https:\/\/racoon-cleaner.nl\/fr\/wp-json\/wp\/v2\/types\/product"}],"replies":[{"embeddable":true,"href":"https:\/\/racoon-cleaner.nl\/fr\/wp-json\/wp\/v2\/comments?post=2899"}],"wp:featuredmedia":[{"embeddable":true,"href":"https:\/\/racoon-cleaner.nl\/fr\/wp-json\/wp\/v2\/media\/4413"}],"wp:attachment":[{"href":"https:\/\/racoon-cleaner.nl\/fr\/wp-json\/wp\/v2\/media?parent=2899"}],"wp:term":[{"taxonomy":"product_brand","embeddable":true,"href":"https:\/\/racoon-cleaner.nl\/fr\/wp-json\/wp\/v2\/product_brand?post=2899"},{"taxonomy":"product_cat","embeddable":true,"href":"https:\/\/racoon-cleaner.nl\/fr\/wp-json\/wp\/v2\/product_cat?post=2899"},{"taxonomy":"product_tag","embeddable":true,"href":"https:\/\/racoon-cleaner.nl\/fr\/wp-json\/wp\/v2\/product_tag?post=2899"}],"curies":[{"name":"wp","href":"https:\/\/api.w.org\/{rel}","templated":true}]}}