{"id":2941,"date":"2020-08-07T15:37:59","date_gmt":"2020-04-09T08:04:17","guid":{"rendered":"https:\/\/racoon-cleaner.nl\/product\/racoon-microfibre-gaufree-40x40cm\/"},"modified":"2020-04-09T08:05:03","modified_gmt":"2020-04-09T08:05:03","slug":"racoon-microfibre-gaufree-40x40cm","status":"publish","type":"product","link":"https:\/\/racoon-cleaner.nl\/fr\/product\/lavage\/tissus-en-microfibres\/racoon-microfibre-gaufree-40x40cm\/","title":{"rendered":"Racoon MICROFIBRE GAUFREE (40x40cm)"},"content":{"rendered":"<p># RC MICROFIBRE CHIFFON GAUFREE   (40x40cm)<\/p>\n<p>Le chiffon gaufr\u00e9 extr\u00eamement absorbant et pour toutes les surfaces &#8211; absolument sans rayures !<\/p>\n<p>Petit par la taille, mais grand par la performance !<\/p>\n<p>Le nouveau petit chiffon de s\u00e9chage en microfibres de Racoon avec une structure gaufr\u00e9e innovante et durable! Il convient \u00e9galement parfaitement pour un nettoyage parfait et approfondi du vitrage et un s\u00e9chage rapide des surfaces. Les fibres fines et de haute qualit\u00e9 garantissent un r\u00e9sultat absolument propre et sans trace, sans peluches ni traces ! En raison de l&rsquo;aspect pratique et le gauchissement des bords souples, il peut aussi tr\u00e8s bien \u00eatre utilis\u00e9 pour le s\u00e9chage sans rayures de petites surfaces de peinture ou des films de covering et de plastiques ! La structure garantit un r\u00e9sultat parfait gr\u00e2ce \u00e0 l&rsquo;\u00e9norme absorption d&rsquo;eau.<\/p>\n<p>Avant la premi\u00e8re utilisation, nous recommandons un simple rin\u00e7age \u00e0 l&rsquo;eau ti\u00e8de !<br \/>\nLavage en machine jusqu&rsquo;\u00e0 60\u00b0 &#8211; mais n&rsquo;utilisez pas d&rsquo;assouplissant ni d&rsquo;eau de javel !<\/p>\n<p>Afin de maintenir les capacit\u00e9s du tissu pendant longtemps, nous recommandons notre d\u00e9tergent sp\u00e9cial en microfibres Racoon # FLUFFY ! Car en plus de l&rsquo;excellent pouvoir nettoyant de Racoon FLUFFY, les fibres sont \u00e9galement redress\u00e9es et retrouvent leur pouvoir absorbant d&rsquo;origine ! Et m\u00eame apr\u00e8s des lavages r\u00e9p\u00e9t\u00e9s, le tissu de haute qualit\u00e9 conserve sa forme !<\/p>\n<p>&#8211; Taille : 40 x 40 cm<br \/>\n&#8211; Masse : GSM 320<br \/>\n&#8211; Couleur : bleu<br \/>\n&#8211; Composition : 80% polyester 20% polyamide<br \/>\n&#8211; Emball\u00e9 individuellement dans un polybag<\/p>\n<p>L\u2019astuce de Racoon:<br \/>\nAfin de ne pas endommager les fibres, veuillez ne pas utiliser de s\u00e8che-linge !!<br \/>\nIl suffit de laisser s\u00e9cher le tissu humide \u00e0 l&rsquo;air libre, puis de bien le secouer et de le battre !<br \/>\nGr\u00e2ce \u00e0 ce proc\u00e9d\u00e9, les microfibres sont r\u00e9g\u00e9n\u00e9r\u00e9es de mani\u00e8re optimale et mieux encore mont\u00e9es !<\/p>\n<span class=\"et_bloom_bottom_trigger\"><\/span>","protected":false},"excerpt":{"rendered":"<p>Racoon MICROFIBRE GAUFREE (40x40cm)<\/p>\n","protected":false},"featured_media":4861,"comment_status":"closed","ping_status":"open","template":"","meta":{"_et_pb_use_builder":"","_et_pb_old_content":"","_et_gb_content_width":""},"product_brand":[],"product_cat":[423],"product_tag":[188],"class_list":{"0":"post-2941","1":"product","2":"type-product","3":"status-publish","4":"has-post-thumbnail","6":"product_cat-tissus-en-microfibres","7":"product_tag-shampoing-voiture","8":"pa_kleur-bleu","9":"pa_materiaal-microfiber-fr","11":"first","12":"instock","13":"taxable","14":"shipping-taxable","15":"purchasable","16":"product-type-simple"},"yoast_head":"<!-- This site is optimized with the Yoast SEO plugin v27.4 - https:\/\/yoast.com\/product\/yoast-seo-wordpress\/ -->\n<title>Racoon MICROFIBRE GAUFREE (40x40cm) - Racoon-Cleaner<\/title>\n<meta name=\"robots\" content=\"index, follow, max-snippet:-1, max-image-preview:large, max-video-preview:-1\" \/>\n<link rel=\"canonical\" href=\"https:\/\/racoon-cleaner.nl\/fr\/product\/lavage\/tissus-en-microfibres\/racoon-microfibre-gaufree-40x40cm\/\" \/>\n<meta property=\"og:locale\" content=\"fr_FR\" \/>\n<meta property=\"og:type\" content=\"article\" \/>\n<meta property=\"og:title\" content=\"Racoon MICROFIBRE GAUFREE (40x40cm) - Racoon-Cleaner\" \/>\n<meta property=\"og:description\" content=\"Racoon MICROFIBRE GAUFREE (40x40cm)\" \/>\n<meta property=\"og:url\" content=\"https:\/\/racoon-cleaner.nl\/fr\/product\/lavage\/tissus-en-microfibres\/racoon-microfibre-gaufree-40x40cm\/\" \/>\n<meta property=\"og:site_name\" content=\"Racoon-Cleaner\" \/>\n<meta property=\"article:modified_time\" content=\"2020-04-09T08:05:03+00:00\" \/>\n<meta property=\"og:image\" content=\"https:\/\/i0.wp.com\/racoon-cleaner.nl\/wp-content\/uploads\/2020\/08\/RN_RMFWAS_1.jpg?fit=800%2C800&ssl=1\" \/>\n\t<meta property=\"og:image:width\" content=\"800\" \/>\n\t<meta property=\"og:image:height\" content=\"800\" \/>\n\t<meta property=\"og:image:type\" content=\"image\/jpeg\" \/>\n<meta name=\"twitter:card\" content=\"summary_large_image\" \/>\n<meta name=\"twitter:label1\" content=\"Dur\u00e9e de lecture estim\u00e9e\" \/>\n\t<meta name=\"twitter:data1\" content=\"2 minutes\" \/>\n<script type=\"application\/ld+json\" class=\"yoast-schema-graph\">{\"@context\":\"https:\\\/\\\/schema.org\",\"@graph\":[{\"@type\":\"WebPage\",\"@id\":\"https:\\\/\\\/racoon-cleaner.nl\\\/fr\\\/product\\\/lavage\\\/tissus-en-microfibres\\\/racoon-microfibre-gaufree-40x40cm\\\/\",\"url\":\"https:\\\/\\\/racoon-cleaner.nl\\\/fr\\\/product\\\/lavage\\\/tissus-en-microfibres\\\/racoon-microfibre-gaufree-40x40cm\\\/\",\"name\":\"Racoon MICROFIBRE GAUFREE (40x40cm) - Racoon-Cleaner\",\"isPartOf\":{\"@id\":\"https:\\\/\\\/racoon-cleaner.nl\\\/fr\\\/#website\"},\"primaryImageOfPage\":{\"@id\":\"https:\\\/\\\/racoon-cleaner.nl\\\/fr\\\/product\\\/lavage\\\/tissus-en-microfibres\\\/racoon-microfibre-gaufree-40x40cm\\\/#primaryimage\"},\"image\":{\"@id\":\"https:\\\/\\\/racoon-cleaner.nl\\\/fr\\\/product\\\/lavage\\\/tissus-en-microfibres\\\/racoon-microfibre-gaufree-40x40cm\\\/#primaryimage\"},\"thumbnailUrl\":\"https:\\\/\\\/racoon-cleaner.nl\\\/wp-content\\\/uploads\\\/2020\\\/08\\\/RN_RMFWAS_1.jpg\",\"datePublished\":\"2020-04-09T08:04:17+00:00\",\"dateModified\":\"2020-04-09T08:05:03+00:00\",\"breadcrumb\":{\"@id\":\"https:\\\/\\\/racoon-cleaner.nl\\\/fr\\\/product\\\/lavage\\\/tissus-en-microfibres\\\/racoon-microfibre-gaufree-40x40cm\\\/#breadcrumb\"},\"inLanguage\":\"fr-FR\",\"potentialAction\":[{\"@type\":\"ReadAction\",\"target\":[\"https:\\\/\\\/racoon-cleaner.nl\\\/fr\\\/product\\\/lavage\\\/tissus-en-microfibres\\\/racoon-microfibre-gaufree-40x40cm\\\/\"]}]},{\"@type\":\"ImageObject\",\"inLanguage\":\"fr-FR\",\"@id\":\"https:\\\/\\\/racoon-cleaner.nl\\\/fr\\\/product\\\/lavage\\\/tissus-en-microfibres\\\/racoon-microfibre-gaufree-40x40cm\\\/#primaryimage\",\"url\":\"https:\\\/\\\/racoon-cleaner.nl\\\/wp-content\\\/uploads\\\/2020\\\/08\\\/RN_RMFWAS_1.jpg\",\"contentUrl\":\"https:\\\/\\\/racoon-cleaner.nl\\\/wp-content\\\/uploads\\\/2020\\\/08\\\/RN_RMFWAS_1.jpg\",\"width\":800,\"height\":800},{\"@type\":\"BreadcrumbList\",\"@id\":\"https:\\\/\\\/racoon-cleaner.nl\\\/fr\\\/product\\\/lavage\\\/tissus-en-microfibres\\\/racoon-microfibre-gaufree-40x40cm\\\/#breadcrumb\",\"itemListElement\":[{\"@type\":\"ListItem\",\"position\":1,\"name\":\"Home\",\"item\":\"https:\\\/\\\/racoon-cleaner.nl\\\/fr\\\/\"},{\"@type\":\"ListItem\",\"position\":2,\"name\":\"Boutique\",\"item\":\"https:\\\/\\\/racoon-cleaner.nl\\\/fr\\\/shop\\\/\"},{\"@type\":\"ListItem\",\"position\":3,\"name\":\"Racoon MICROFIBRE GAUFREE (40x40cm)\"}]},{\"@type\":\"WebSite\",\"@id\":\"https:\\\/\\\/racoon-cleaner.nl\\\/fr\\\/#website\",\"url\":\"https:\\\/\\\/racoon-cleaner.nl\\\/fr\\\/\",\"name\":\"Racoon-cleaner\",\"description\":\"Reinigings- en verzorgingsproducten\",\"publisher\":{\"@id\":\"https:\\\/\\\/racoon-cleaner.nl\\\/fr\\\/#organization\"},\"potentialAction\":[{\"@type\":\"SearchAction\",\"target\":{\"@type\":\"EntryPoint\",\"urlTemplate\":\"https:\\\/\\\/racoon-cleaner.nl\\\/fr\\\/?s={search_term_string}\"},\"query-input\":{\"@type\":\"PropertyValueSpecification\",\"valueRequired\":true,\"valueName\":\"search_term_string\"}}],\"inLanguage\":\"fr-FR\"},{\"@type\":\"Organization\",\"@id\":\"https:\\\/\\\/racoon-cleaner.nl\\\/fr\\\/#organization\",\"name\":\"Racoon-Cleaner.nl\",\"url\":\"https:\\\/\\\/racoon-cleaner.nl\\\/fr\\\/\",\"logo\":{\"@type\":\"ImageObject\",\"inLanguage\":\"fr-FR\",\"@id\":\"https:\\\/\\\/racoon-cleaner.nl\\\/fr\\\/#\\\/schema\\\/logo\\\/image\\\/\",\"url\":\"https:\\\/\\\/i1.wp.com\\\/racoon-cleaner.nl\\\/wp-content\\\/uploads\\\/2019\\\/12\\\/racoon-logo.png?fit=757%2C754&ssl=1\",\"contentUrl\":\"https:\\\/\\\/i1.wp.com\\\/racoon-cleaner.nl\\\/wp-content\\\/uploads\\\/2019\\\/12\\\/racoon-logo.png?fit=757%2C754&ssl=1\",\"width\":757,\"height\":754,\"caption\":\"Racoon-Cleaner.nl\"},\"image\":{\"@id\":\"https:\\\/\\\/racoon-cleaner.nl\\\/fr\\\/#\\\/schema\\\/logo\\\/image\\\/\"}}]}<\/script>\n<!-- \/ Yoast SEO plugin. -->","yoast_head_json":{"title":"Racoon MICROFIBRE GAUFREE (40x40cm) - Racoon-Cleaner","robots":{"index":"index","follow":"follow","max-snippet":"max-snippet:-1","max-image-preview":"max-image-preview:large","max-video-preview":"max-video-preview:-1"},"canonical":"https:\/\/racoon-cleaner.nl\/fr\/product\/lavage\/tissus-en-microfibres\/racoon-microfibre-gaufree-40x40cm\/","og_locale":"fr_FR","og_type":"article","og_title":"Racoon MICROFIBRE GAUFREE (40x40cm) - Racoon-Cleaner","og_description":"Racoon MICROFIBRE GAUFREE (40x40cm)","og_url":"https:\/\/racoon-cleaner.nl\/fr\/product\/lavage\/tissus-en-microfibres\/racoon-microfibre-gaufree-40x40cm\/","og_site_name":"Racoon-Cleaner","article_modified_time":"2020-04-09T08:05:03+00:00","og_image":[{"width":800,"height":800,"url":"https:\/\/i0.wp.com\/racoon-cleaner.nl\/wp-content\/uploads\/2020\/08\/RN_RMFWAS_1.jpg?fit=800%2C800&ssl=1","type":"image\/jpeg"}],"twitter_card":"summary_large_image","twitter_misc":{"Dur\u00e9e de lecture estim\u00e9e":"2 minutes"},"schema":{"@context":"https:\/\/schema.org","@graph":[{"@type":"WebPage","@id":"https:\/\/racoon-cleaner.nl\/fr\/product\/lavage\/tissus-en-microfibres\/racoon-microfibre-gaufree-40x40cm\/","url":"https:\/\/racoon-cleaner.nl\/fr\/product\/lavage\/tissus-en-microfibres\/racoon-microfibre-gaufree-40x40cm\/","name":"Racoon MICROFIBRE GAUFREE (40x40cm) - Racoon-Cleaner","isPartOf":{"@id":"https:\/\/racoon-cleaner.nl\/fr\/#website"},"primaryImageOfPage":{"@id":"https:\/\/racoon-cleaner.nl\/fr\/product\/lavage\/tissus-en-microfibres\/racoon-microfibre-gaufree-40x40cm\/#primaryimage"},"image":{"@id":"https:\/\/racoon-cleaner.nl\/fr\/product\/lavage\/tissus-en-microfibres\/racoon-microfibre-gaufree-40x40cm\/#primaryimage"},"thumbnailUrl":"https:\/\/racoon-cleaner.nl\/wp-content\/uploads\/2020\/08\/RN_RMFWAS_1.jpg","datePublished":"2020-04-09T08:04:17+00:00","dateModified":"2020-04-09T08:05:03+00:00","breadcrumb":{"@id":"https:\/\/racoon-cleaner.nl\/fr\/product\/lavage\/tissus-en-microfibres\/racoon-microfibre-gaufree-40x40cm\/#breadcrumb"},"inLanguage":"fr-FR","potentialAction":[{"@type":"ReadAction","target":["https:\/\/racoon-cleaner.nl\/fr\/product\/lavage\/tissus-en-microfibres\/racoon-microfibre-gaufree-40x40cm\/"]}]},{"@type":"ImageObject","inLanguage":"fr-FR","@id":"https:\/\/racoon-cleaner.nl\/fr\/product\/lavage\/tissus-en-microfibres\/racoon-microfibre-gaufree-40x40cm\/#primaryimage","url":"https:\/\/racoon-cleaner.nl\/wp-content\/uploads\/2020\/08\/RN_RMFWAS_1.jpg","contentUrl":"https:\/\/racoon-cleaner.nl\/wp-content\/uploads\/2020\/08\/RN_RMFWAS_1.jpg","width":800,"height":800},{"@type":"BreadcrumbList","@id":"https:\/\/racoon-cleaner.nl\/fr\/product\/lavage\/tissus-en-microfibres\/racoon-microfibre-gaufree-40x40cm\/#breadcrumb","itemListElement":[{"@type":"ListItem","position":1,"name":"Home","item":"https:\/\/racoon-cleaner.nl\/fr\/"},{"@type":"ListItem","position":2,"name":"Boutique","item":"https:\/\/racoon-cleaner.nl\/fr\/shop\/"},{"@type":"ListItem","position":3,"name":"Racoon MICROFIBRE GAUFREE (40x40cm)"}]},{"@type":"WebSite","@id":"https:\/\/racoon-cleaner.nl\/fr\/#website","url":"https:\/\/racoon-cleaner.nl\/fr\/","name":"Racoon-cleaner","description":"Reinigings- en verzorgingsproducten","publisher":{"@id":"https:\/\/racoon-cleaner.nl\/fr\/#organization"},"potentialAction":[{"@type":"SearchAction","target":{"@type":"EntryPoint","urlTemplate":"https:\/\/racoon-cleaner.nl\/fr\/?s={search_term_string}"},"query-input":{"@type":"PropertyValueSpecification","valueRequired":true,"valueName":"search_term_string"}}],"inLanguage":"fr-FR"},{"@type":"Organization","@id":"https:\/\/racoon-cleaner.nl\/fr\/#organization","name":"Racoon-Cleaner.nl","url":"https:\/\/racoon-cleaner.nl\/fr\/","logo":{"@type":"ImageObject","inLanguage":"fr-FR","@id":"https:\/\/racoon-cleaner.nl\/fr\/#\/schema\/logo\/image\/","url":"https:\/\/i1.wp.com\/racoon-cleaner.nl\/wp-content\/uploads\/2019\/12\/racoon-logo.png?fit=757%2C754&ssl=1","contentUrl":"https:\/\/i1.wp.com\/racoon-cleaner.nl\/wp-content\/uploads\/2019\/12\/racoon-logo.png?fit=757%2C754&ssl=1","width":757,"height":754,"caption":"Racoon-Cleaner.nl"},"image":{"@id":"https:\/\/racoon-cleaner.nl\/fr\/#\/schema\/logo\/image\/"}}]}},"jetpack_sharing_enabled":true,"_links":{"self":[{"href":"https:\/\/racoon-cleaner.nl\/fr\/wp-json\/wp\/v2\/product\/2941","targetHints":{"allow":["GET"]}}],"collection":[{"href":"https:\/\/racoon-cleaner.nl\/fr\/wp-json\/wp\/v2\/product"}],"about":[{"href":"https:\/\/racoon-cleaner.nl\/fr\/wp-json\/wp\/v2\/types\/product"}],"replies":[{"embeddable":true,"href":"https:\/\/racoon-cleaner.nl\/fr\/wp-json\/wp\/v2\/comments?post=2941"}],"wp:featuredmedia":[{"embeddable":true,"href":"https:\/\/racoon-cleaner.nl\/fr\/wp-json\/wp\/v2\/media\/4861"}],"wp:attachment":[{"href":"https:\/\/racoon-cleaner.nl\/fr\/wp-json\/wp\/v2\/media?parent=2941"}],"wp:term":[{"taxonomy":"product_brand","embeddable":true,"href":"https:\/\/racoon-cleaner.nl\/fr\/wp-json\/wp\/v2\/product_brand?post=2941"},{"taxonomy":"product_cat","embeddable":true,"href":"https:\/\/racoon-cleaner.nl\/fr\/wp-json\/wp\/v2\/product_cat?post=2941"},{"taxonomy":"product_tag","embeddable":true,"href":"https:\/\/racoon-cleaner.nl\/fr\/wp-json\/wp\/v2\/product_tag?post=2941"}],"curies":[{"name":"wp","href":"https:\/\/api.w.org\/{rel}","templated":true}]}}