{"id":3142,"date":"2020-08-07T15:57:04","date_gmt":"2020-04-09T08:05:52","guid":{"rendered":"https:\/\/racoon-cleaner.nl\/product\/racoon-wet-shield-matt-protection-sur-base-hunide-5000ml\/"},"modified":"2020-04-09T08:05:57","modified_gmt":"2020-04-09T08:05:57","slug":"racoon-wet-shield-matt-protection-sur-base-hunide-5000ml","status":"publish","type":"product","link":"https:\/\/racoon-cleaner.nl\/fr\/product\/divers\/peintures-mates-films\/racoon-wet-shield-matt-protection-sur-base-hunide-5000ml\/","title":{"rendered":"Racoon WET SHIELD MATT Protection sur base hunide &#8211; 5000ml"},"content":{"rendered":"<p># WET SHIELD &#8211; MATT  Wet Sealant \/ Protection sur base humide<\/p>\n<p>Le nouveau sealant Racoon, tr\u00e8s rapide et facile \u00e0 utiliser !<br \/>\nSp\u00e9cialement d\u00e9velopp\u00e9 pour les laques mates et les films de covering !<\/p>\n<p>Notre nouveau Sealant aux excellentes propri\u00e9t\u00e9s hydrofuges et autonettoyantes, mais ici totalement d\u00e9pourvu de renfor\u00e7ateurs de brillance, est bas\u00e9 sur des formulations polym\u00e8res innovantes et actives et forme une liaison stable et durable directement avec les surfaces humides !<\/p>\n<p>Les scellants existants ne sont pas attaqu\u00e9s, au contraire &#8211;<br \/>\nla durabilit\u00e9 est optimis\u00e9e et les surfaces sont prot\u00e9g\u00e9es encore plus longtemps.<\/p>\n<p>Disponible en bouteilles de 500ml et aussi en bidon de 5 Ltr !<\/p>\n<p>&#8211; Tr\u00e8s \u00e9conomique \u00e0 la consommation !<br \/>\n&#8211; Une protection parfaite, durable et aussi antistatique &#8211; jusqu&rsquo;\u00e0 3 mois !<br \/>\n&#8211; R\u00e9duit la nouvelle adh\u00e9rence de la salet\u00e9 et facilite ainsi le prochain nettoyage !<\/p>\n<p>Bien agiter avant d&rsquo;utiliser !<br \/>\nNe pas utiliser en plein soleil ou sur des surfaces chaudes !<br \/>\nNous recommandons de porter des gants jetables !<\/p>\n<p>Directement apr\u00e8s avoir lav\u00e9 le v\u00e9hicule, il suffit de vaporiser sur les surfaces encore humides et d&rsquo;\u00e9taler avec un gant de lavage propre et humide ! Laissez agir bri\u00e8vement, mais ne le laissez pas s\u00e9cher, puis rincez abondamment \u00e0 l&rsquo;eau claire ou avec un nettoyeur haute pression !<\/p>\n<p>L\u2019astuce de Racoon:<br \/>\nPour un s\u00e9chage rapide et sans traces, nous recommandons notre Racoon # RC CAR DRYING TOWEL !<\/p>\n<span class=\"et_bloom_bottom_trigger\"><\/span>","protected":false},"excerpt":{"rendered":"<p>Racoon WET SHIELD MATT Protection sur base hunide &#8211; 5000ml<\/p>\n","protected":false},"featured_media":5149,"comment_status":"closed","ping_status":"open","template":"","meta":{"_et_pb_use_builder":"","_et_pb_old_content":"","_et_gb_content_width":""},"product_brand":[],"product_cat":[342,414],"product_tag":[188],"class_list":{"0":"post-3142","1":"product","2":"type-product","3":"status-publish","4":"has-post-thumbnail","6":"product_cat-peintures-mates-films","7":"product_cat-sceller","8":"product_tag-shampoing-voiture","9":"pa_kleur-pink-fr","10":"pa_materiaal-liquide","12":"first","13":"instock","14":"taxable","15":"shipping-taxable","16":"purchasable","17":"product-type-simple"},"yoast_head":"<!-- This site is optimized with the Yoast SEO plugin v27.4 - https:\/\/yoast.com\/product\/yoast-seo-wordpress\/ -->\n<title>Racoon WET SHIELD MATT Protection sur base hunide - 5000ml - Racoon-Cleaner<\/title>\n<meta name=\"robots\" content=\"index, follow, max-snippet:-1, max-image-preview:large, max-video-preview:-1\" \/>\n<link rel=\"canonical\" href=\"https:\/\/racoon-cleaner.nl\/fr\/product\/divers\/peintures-mates-films\/racoon-wet-shield-matt-protection-sur-base-hunide-5000ml\/\" \/>\n<meta property=\"og:locale\" content=\"fr_FR\" \/>\n<meta property=\"og:type\" content=\"article\" \/>\n<meta property=\"og:title\" content=\"Racoon WET SHIELD MATT Protection sur base hunide - 5000ml - Racoon-Cleaner\" \/>\n<meta property=\"og:description\" content=\"Racoon WET SHIELD MATT Protection sur base hunide - 5000ml\" \/>\n<meta property=\"og:url\" content=\"https:\/\/racoon-cleaner.nl\/fr\/product\/divers\/peintures-mates-films\/racoon-wet-shield-matt-protection-sur-base-hunide-5000ml\/\" \/>\n<meta property=\"og:site_name\" content=\"Racoon-Cleaner\" \/>\n<meta property=\"article:modified_time\" content=\"2020-04-09T08:05:57+00:00\" \/>\n<meta property=\"og:image\" content=\"https:\/\/i1.wp.com\/racoon-cleaner.nl\/wp-content\/uploads\/2020\/08\/RN_WETSHIM5_1.jpg?fit=800%2C800&ssl=1\" \/>\n\t<meta property=\"og:image:width\" content=\"800\" \/>\n\t<meta property=\"og:image:height\" content=\"800\" \/>\n\t<meta property=\"og:image:type\" content=\"image\/jpeg\" \/>\n<meta name=\"twitter:card\" content=\"summary_large_image\" \/>\n<meta name=\"twitter:label1\" content=\"Dur\u00e9e de lecture estim\u00e9e\" \/>\n\t<meta name=\"twitter:data1\" content=\"1 minute\" \/>\n<script type=\"application\/ld+json\" class=\"yoast-schema-graph\">{\"@context\":\"https:\\\/\\\/schema.org\",\"@graph\":[{\"@type\":\"WebPage\",\"@id\":\"https:\\\/\\\/racoon-cleaner.nl\\\/fr\\\/product\\\/divers\\\/peintures-mates-films\\\/racoon-wet-shield-matt-protection-sur-base-hunide-5000ml\\\/\",\"url\":\"https:\\\/\\\/racoon-cleaner.nl\\\/fr\\\/product\\\/divers\\\/peintures-mates-films\\\/racoon-wet-shield-matt-protection-sur-base-hunide-5000ml\\\/\",\"name\":\"Racoon WET SHIELD MATT Protection sur base hunide - 5000ml - Racoon-Cleaner\",\"isPartOf\":{\"@id\":\"https:\\\/\\\/racoon-cleaner.nl\\\/fr\\\/#website\"},\"primaryImageOfPage\":{\"@id\":\"https:\\\/\\\/racoon-cleaner.nl\\\/fr\\\/product\\\/divers\\\/peintures-mates-films\\\/racoon-wet-shield-matt-protection-sur-base-hunide-5000ml\\\/#primaryimage\"},\"image\":{\"@id\":\"https:\\\/\\\/racoon-cleaner.nl\\\/fr\\\/product\\\/divers\\\/peintures-mates-films\\\/racoon-wet-shield-matt-protection-sur-base-hunide-5000ml\\\/#primaryimage\"},\"thumbnailUrl\":\"https:\\\/\\\/racoon-cleaner.nl\\\/wp-content\\\/uploads\\\/2020\\\/08\\\/RN_WETSHIM5_1.jpg\",\"datePublished\":\"2020-04-09T08:05:52+00:00\",\"dateModified\":\"2020-04-09T08:05:57+00:00\",\"breadcrumb\":{\"@id\":\"https:\\\/\\\/racoon-cleaner.nl\\\/fr\\\/product\\\/divers\\\/peintures-mates-films\\\/racoon-wet-shield-matt-protection-sur-base-hunide-5000ml\\\/#breadcrumb\"},\"inLanguage\":\"fr-FR\",\"potentialAction\":[{\"@type\":\"ReadAction\",\"target\":[\"https:\\\/\\\/racoon-cleaner.nl\\\/fr\\\/product\\\/divers\\\/peintures-mates-films\\\/racoon-wet-shield-matt-protection-sur-base-hunide-5000ml\\\/\"]}]},{\"@type\":\"ImageObject\",\"inLanguage\":\"fr-FR\",\"@id\":\"https:\\\/\\\/racoon-cleaner.nl\\\/fr\\\/product\\\/divers\\\/peintures-mates-films\\\/racoon-wet-shield-matt-protection-sur-base-hunide-5000ml\\\/#primaryimage\",\"url\":\"https:\\\/\\\/racoon-cleaner.nl\\\/wp-content\\\/uploads\\\/2020\\\/08\\\/RN_WETSHIM5_1.jpg\",\"contentUrl\":\"https:\\\/\\\/racoon-cleaner.nl\\\/wp-content\\\/uploads\\\/2020\\\/08\\\/RN_WETSHIM5_1.jpg\",\"width\":800,\"height\":800},{\"@type\":\"BreadcrumbList\",\"@id\":\"https:\\\/\\\/racoon-cleaner.nl\\\/fr\\\/product\\\/divers\\\/peintures-mates-films\\\/racoon-wet-shield-matt-protection-sur-base-hunide-5000ml\\\/#breadcrumb\",\"itemListElement\":[{\"@type\":\"ListItem\",\"position\":1,\"name\":\"Home\",\"item\":\"https:\\\/\\\/racoon-cleaner.nl\\\/fr\\\/\"},{\"@type\":\"ListItem\",\"position\":2,\"name\":\"Boutique\",\"item\":\"https:\\\/\\\/racoon-cleaner.nl\\\/fr\\\/shop\\\/\"},{\"@type\":\"ListItem\",\"position\":3,\"name\":\"Racoon WET SHIELD MATT Protection sur base hunide &#8211; 5000ml\"}]},{\"@type\":\"WebSite\",\"@id\":\"https:\\\/\\\/racoon-cleaner.nl\\\/fr\\\/#website\",\"url\":\"https:\\\/\\\/racoon-cleaner.nl\\\/fr\\\/\",\"name\":\"Racoon-cleaner\",\"description\":\"Reinigings- en verzorgingsproducten\",\"publisher\":{\"@id\":\"https:\\\/\\\/racoon-cleaner.nl\\\/fr\\\/#organization\"},\"potentialAction\":[{\"@type\":\"SearchAction\",\"target\":{\"@type\":\"EntryPoint\",\"urlTemplate\":\"https:\\\/\\\/racoon-cleaner.nl\\\/fr\\\/?s={search_term_string}\"},\"query-input\":{\"@type\":\"PropertyValueSpecification\",\"valueRequired\":true,\"valueName\":\"search_term_string\"}}],\"inLanguage\":\"fr-FR\"},{\"@type\":\"Organization\",\"@id\":\"https:\\\/\\\/racoon-cleaner.nl\\\/fr\\\/#organization\",\"name\":\"Racoon-Cleaner.nl\",\"url\":\"https:\\\/\\\/racoon-cleaner.nl\\\/fr\\\/\",\"logo\":{\"@type\":\"ImageObject\",\"inLanguage\":\"fr-FR\",\"@id\":\"https:\\\/\\\/racoon-cleaner.nl\\\/fr\\\/#\\\/schema\\\/logo\\\/image\\\/\",\"url\":\"https:\\\/\\\/i1.wp.com\\\/racoon-cleaner.nl\\\/wp-content\\\/uploads\\\/2019\\\/12\\\/racoon-logo.png?fit=757%2C754&ssl=1\",\"contentUrl\":\"https:\\\/\\\/i1.wp.com\\\/racoon-cleaner.nl\\\/wp-content\\\/uploads\\\/2019\\\/12\\\/racoon-logo.png?fit=757%2C754&ssl=1\",\"width\":757,\"height\":754,\"caption\":\"Racoon-Cleaner.nl\"},\"image\":{\"@id\":\"https:\\\/\\\/racoon-cleaner.nl\\\/fr\\\/#\\\/schema\\\/logo\\\/image\\\/\"}}]}<\/script>\n<!-- \/ Yoast SEO plugin. -->","yoast_head_json":{"title":"Racoon WET SHIELD MATT Protection sur base hunide - 5000ml - Racoon-Cleaner","robots":{"index":"index","follow":"follow","max-snippet":"max-snippet:-1","max-image-preview":"max-image-preview:large","max-video-preview":"max-video-preview:-1"},"canonical":"https:\/\/racoon-cleaner.nl\/fr\/product\/divers\/peintures-mates-films\/racoon-wet-shield-matt-protection-sur-base-hunide-5000ml\/","og_locale":"fr_FR","og_type":"article","og_title":"Racoon WET SHIELD MATT Protection sur base hunide - 5000ml - Racoon-Cleaner","og_description":"Racoon WET SHIELD MATT Protection sur base hunide - 5000ml","og_url":"https:\/\/racoon-cleaner.nl\/fr\/product\/divers\/peintures-mates-films\/racoon-wet-shield-matt-protection-sur-base-hunide-5000ml\/","og_site_name":"Racoon-Cleaner","article_modified_time":"2020-04-09T08:05:57+00:00","og_image":[{"width":800,"height":800,"url":"https:\/\/i1.wp.com\/racoon-cleaner.nl\/wp-content\/uploads\/2020\/08\/RN_WETSHIM5_1.jpg?fit=800%2C800&ssl=1","type":"image\/jpeg"}],"twitter_card":"summary_large_image","twitter_misc":{"Dur\u00e9e de lecture estim\u00e9e":"1 minute"},"schema":{"@context":"https:\/\/schema.org","@graph":[{"@type":"WebPage","@id":"https:\/\/racoon-cleaner.nl\/fr\/product\/divers\/peintures-mates-films\/racoon-wet-shield-matt-protection-sur-base-hunide-5000ml\/","url":"https:\/\/racoon-cleaner.nl\/fr\/product\/divers\/peintures-mates-films\/racoon-wet-shield-matt-protection-sur-base-hunide-5000ml\/","name":"Racoon WET SHIELD MATT Protection sur base hunide - 5000ml - Racoon-Cleaner","isPartOf":{"@id":"https:\/\/racoon-cleaner.nl\/fr\/#website"},"primaryImageOfPage":{"@id":"https:\/\/racoon-cleaner.nl\/fr\/product\/divers\/peintures-mates-films\/racoon-wet-shield-matt-protection-sur-base-hunide-5000ml\/#primaryimage"},"image":{"@id":"https:\/\/racoon-cleaner.nl\/fr\/product\/divers\/peintures-mates-films\/racoon-wet-shield-matt-protection-sur-base-hunide-5000ml\/#primaryimage"},"thumbnailUrl":"https:\/\/racoon-cleaner.nl\/wp-content\/uploads\/2020\/08\/RN_WETSHIM5_1.jpg","datePublished":"2020-04-09T08:05:52+00:00","dateModified":"2020-04-09T08:05:57+00:00","breadcrumb":{"@id":"https:\/\/racoon-cleaner.nl\/fr\/product\/divers\/peintures-mates-films\/racoon-wet-shield-matt-protection-sur-base-hunide-5000ml\/#breadcrumb"},"inLanguage":"fr-FR","potentialAction":[{"@type":"ReadAction","target":["https:\/\/racoon-cleaner.nl\/fr\/product\/divers\/peintures-mates-films\/racoon-wet-shield-matt-protection-sur-base-hunide-5000ml\/"]}]},{"@type":"ImageObject","inLanguage":"fr-FR","@id":"https:\/\/racoon-cleaner.nl\/fr\/product\/divers\/peintures-mates-films\/racoon-wet-shield-matt-protection-sur-base-hunide-5000ml\/#primaryimage","url":"https:\/\/racoon-cleaner.nl\/wp-content\/uploads\/2020\/08\/RN_WETSHIM5_1.jpg","contentUrl":"https:\/\/racoon-cleaner.nl\/wp-content\/uploads\/2020\/08\/RN_WETSHIM5_1.jpg","width":800,"height":800},{"@type":"BreadcrumbList","@id":"https:\/\/racoon-cleaner.nl\/fr\/product\/divers\/peintures-mates-films\/racoon-wet-shield-matt-protection-sur-base-hunide-5000ml\/#breadcrumb","itemListElement":[{"@type":"ListItem","position":1,"name":"Home","item":"https:\/\/racoon-cleaner.nl\/fr\/"},{"@type":"ListItem","position":2,"name":"Boutique","item":"https:\/\/racoon-cleaner.nl\/fr\/shop\/"},{"@type":"ListItem","position":3,"name":"Racoon WET SHIELD MATT Protection sur base hunide &#8211; 5000ml"}]},{"@type":"WebSite","@id":"https:\/\/racoon-cleaner.nl\/fr\/#website","url":"https:\/\/racoon-cleaner.nl\/fr\/","name":"Racoon-cleaner","description":"Reinigings- en verzorgingsproducten","publisher":{"@id":"https:\/\/racoon-cleaner.nl\/fr\/#organization"},"potentialAction":[{"@type":"SearchAction","target":{"@type":"EntryPoint","urlTemplate":"https:\/\/racoon-cleaner.nl\/fr\/?s={search_term_string}"},"query-input":{"@type":"PropertyValueSpecification","valueRequired":true,"valueName":"search_term_string"}}],"inLanguage":"fr-FR"},{"@type":"Organization","@id":"https:\/\/racoon-cleaner.nl\/fr\/#organization","name":"Racoon-Cleaner.nl","url":"https:\/\/racoon-cleaner.nl\/fr\/","logo":{"@type":"ImageObject","inLanguage":"fr-FR","@id":"https:\/\/racoon-cleaner.nl\/fr\/#\/schema\/logo\/image\/","url":"https:\/\/i1.wp.com\/racoon-cleaner.nl\/wp-content\/uploads\/2019\/12\/racoon-logo.png?fit=757%2C754&ssl=1","contentUrl":"https:\/\/i1.wp.com\/racoon-cleaner.nl\/wp-content\/uploads\/2019\/12\/racoon-logo.png?fit=757%2C754&ssl=1","width":757,"height":754,"caption":"Racoon-Cleaner.nl"},"image":{"@id":"https:\/\/racoon-cleaner.nl\/fr\/#\/schema\/logo\/image\/"}}]}},"jetpack_sharing_enabled":true,"_links":{"self":[{"href":"https:\/\/racoon-cleaner.nl\/fr\/wp-json\/wp\/v2\/product\/3142","targetHints":{"allow":["GET"]}}],"collection":[{"href":"https:\/\/racoon-cleaner.nl\/fr\/wp-json\/wp\/v2\/product"}],"about":[{"href":"https:\/\/racoon-cleaner.nl\/fr\/wp-json\/wp\/v2\/types\/product"}],"replies":[{"embeddable":true,"href":"https:\/\/racoon-cleaner.nl\/fr\/wp-json\/wp\/v2\/comments?post=3142"}],"wp:featuredmedia":[{"embeddable":true,"href":"https:\/\/racoon-cleaner.nl\/fr\/wp-json\/wp\/v2\/media\/5149"}],"wp:attachment":[{"href":"https:\/\/racoon-cleaner.nl\/fr\/wp-json\/wp\/v2\/media?parent=3142"}],"wp:term":[{"taxonomy":"product_brand","embeddable":true,"href":"https:\/\/racoon-cleaner.nl\/fr\/wp-json\/wp\/v2\/product_brand?post=3142"},{"taxonomy":"product_cat","embeddable":true,"href":"https:\/\/racoon-cleaner.nl\/fr\/wp-json\/wp\/v2\/product_cat?post=3142"},{"taxonomy":"product_tag","embeddable":true,"href":"https:\/\/racoon-cleaner.nl\/fr\/wp-json\/wp\/v2\/product_tag?post=3142"}],"curies":[{"name":"wp","href":"https:\/\/api.w.org\/{rel}","templated":true}]}}