{"id":3951,"date":"2020-05-26T11:50:46","date_gmt":"2020-05-26T09:56:33","guid":{"rendered":"https:\/\/racoon-cleaner.nl\/product\/non%20class\u00e9\/grit-guard-pour-seau-de-lavage-15l-diametre-235mm\/"},"modified":"2020-05-26T11:56:33","modified_gmt":"2020-05-26T09:56:33","slug":"grit-guard-pour-seau-de-lavage-15l-diametre-235mm","status":"publish","type":"product","link":"https:\/\/racoon-cleaner.nl\/fr\/product\/lavage\/seaux-grit-guards\/grit-guard-pour-seau-de-lavage-15l-diametre-235mm\/","title":{"rendered":"Grit Guard pour Seau de Lavage 15L &#8211; Diam\u00e8tre 235mm"},"content":{"rendered":"<p>Grit Guard pour Seau de Lavage 15L &#8211; Diam\u00e8tre 235mm<\/p>\n<p>Pr\u00e9venir les microrayures est l&rsquo;un des plus grands d\u00e9fis \u00e0 relever pour prendre soin de votre peinture. Les microrayures sont caus\u00e9s par le salet\u00e9 et de poussi\u00e8re qui sont frott\u00e9s sur la peinture de la voiture pendant le lavage. Le Grit Guard aide \u00e0 pr\u00e9venir cela. Le Grit Guard peut simplement \u00eatre plac\u00e9 au fond de votre seau. Chaque fois que vous passez votre gant de lavage, votre chamois ou votre chiffon dans le seau, frottez-les contre le Grit Guard. Cela permet d&rsquo;\u00e9liminer la salet\u00e9 et, de plus, le Grit Guard assure que la salet\u00e9 est accumul\u00e9e au fond du seau. Le Grit Guard s&rsquo;adapte aux seaux de 15 litres avec un diam\u00e8tre int\u00e9rieur de 235 mm.<\/p>\n<span class=\"et_bloom_bottom_trigger\"><\/span>","protected":false},"excerpt":{"rendered":"<p>Grit Guard pour Seau de Lavage 15L &#8211; Diam\u00e8tre 235mm<\/p>\n","protected":false},"featured_media":3947,"comment_status":"closed","ping_status":"closed","template":"","meta":{"_et_pb_use_builder":"","_et_pb_old_content":"","_et_gb_content_width":""},"product_brand":[],"product_cat":[137,420],"product_tag":[188],"class_list":{"0":"post-3951","1":"product","2":"type-product","3":"status-publish","4":"has-post-thumbnail","6":"product_cat-lavage","7":"product_cat-seaux-grit-guards","8":"product_tag-shampoing-voiture","9":"pa_couleur-noir","10":"pa_kleur-noir","11":"pa_materiaal-matiere-synthetique","12":"pa_matiere-matiere-synthetique","14":"first","15":"instock","16":"taxable","17":"shipping-taxable","18":"purchasable","19":"product-type-simple"},"yoast_head":"<!-- This site is optimized with the Yoast SEO plugin v27.4 - https:\/\/yoast.com\/product\/yoast-seo-wordpress\/ -->\n<title>Grit Guard pour Seau de Lavage 15L - Diam\u00e8tre 235mm - Racoon-Cleaner<\/title>\n<meta name=\"robots\" content=\"index, follow, max-snippet:-1, max-image-preview:large, max-video-preview:-1\" \/>\n<link rel=\"canonical\" href=\"https:\/\/racoon-cleaner.nl\/fr\/product\/lavage\/seaux-grit-guards\/grit-guard-pour-seau-de-lavage-15l-diametre-235mm\/\" \/>\n<meta property=\"og:locale\" content=\"fr_FR\" \/>\n<meta property=\"og:type\" content=\"article\" \/>\n<meta property=\"og:title\" content=\"Grit Guard pour Seau de Lavage 15L - Diam\u00e8tre 235mm - Racoon-Cleaner\" \/>\n<meta property=\"og:description\" content=\"Grit Guard pour Seau de Lavage 15L - Diam\u00e8tre 235mm\" \/>\n<meta property=\"og:url\" content=\"https:\/\/racoon-cleaner.nl\/fr\/product\/lavage\/seaux-grit-guards\/grit-guard-pour-seau-de-lavage-15l-diametre-235mm\/\" \/>\n<meta property=\"og:site_name\" content=\"Racoon-Cleaner\" \/>\n<meta property=\"og:image\" content=\"https:\/\/i0.wp.com\/racoon-cleaner.nl\/wp-content\/uploads\/2020\/05\/MC_MOGG104_1.jpg?fit=800%2C800&ssl=1\" \/>\n\t<meta property=\"og:image:width\" content=\"800\" \/>\n\t<meta property=\"og:image:height\" content=\"800\" \/>\n\t<meta property=\"og:image:type\" content=\"image\/jpeg\" \/>\n<meta name=\"twitter:card\" content=\"summary_large_image\" \/>\n<meta name=\"twitter:label1\" content=\"Dur\u00e9e de lecture estim\u00e9e\" \/>\n\t<meta name=\"twitter:data1\" content=\"1 minute\" \/>\n<script type=\"application\/ld+json\" class=\"yoast-schema-graph\">{\"@context\":\"https:\\\/\\\/schema.org\",\"@graph\":[{\"@type\":\"WebPage\",\"@id\":\"https:\\\/\\\/racoon-cleaner.nl\\\/fr\\\/product\\\/lavage\\\/seaux-grit-guards\\\/grit-guard-pour-seau-de-lavage-15l-diametre-235mm\\\/\",\"url\":\"https:\\\/\\\/racoon-cleaner.nl\\\/fr\\\/product\\\/lavage\\\/seaux-grit-guards\\\/grit-guard-pour-seau-de-lavage-15l-diametre-235mm\\\/\",\"name\":\"Grit Guard pour Seau de Lavage 15L - Diam\u00e8tre 235mm - Racoon-Cleaner\",\"isPartOf\":{\"@id\":\"https:\\\/\\\/racoon-cleaner.nl\\\/fr\\\/#website\"},\"primaryImageOfPage\":{\"@id\":\"https:\\\/\\\/racoon-cleaner.nl\\\/fr\\\/product\\\/lavage\\\/seaux-grit-guards\\\/grit-guard-pour-seau-de-lavage-15l-diametre-235mm\\\/#primaryimage\"},\"image\":{\"@id\":\"https:\\\/\\\/racoon-cleaner.nl\\\/fr\\\/product\\\/lavage\\\/seaux-grit-guards\\\/grit-guard-pour-seau-de-lavage-15l-diametre-235mm\\\/#primaryimage\"},\"thumbnailUrl\":\"https:\\\/\\\/racoon-cleaner.nl\\\/wp-content\\\/uploads\\\/2020\\\/05\\\/MC_MOGG104_1.jpg\",\"datePublished\":\"2020-05-26T09:56:33+00:00\",\"breadcrumb\":{\"@id\":\"https:\\\/\\\/racoon-cleaner.nl\\\/fr\\\/product\\\/lavage\\\/seaux-grit-guards\\\/grit-guard-pour-seau-de-lavage-15l-diametre-235mm\\\/#breadcrumb\"},\"inLanguage\":\"fr-FR\",\"potentialAction\":[{\"@type\":\"ReadAction\",\"target\":[\"https:\\\/\\\/racoon-cleaner.nl\\\/fr\\\/product\\\/lavage\\\/seaux-grit-guards\\\/grit-guard-pour-seau-de-lavage-15l-diametre-235mm\\\/\"]}]},{\"@type\":\"ImageObject\",\"inLanguage\":\"fr-FR\",\"@id\":\"https:\\\/\\\/racoon-cleaner.nl\\\/fr\\\/product\\\/lavage\\\/seaux-grit-guards\\\/grit-guard-pour-seau-de-lavage-15l-diametre-235mm\\\/#primaryimage\",\"url\":\"https:\\\/\\\/racoon-cleaner.nl\\\/wp-content\\\/uploads\\\/2020\\\/05\\\/MC_MOGG104_1.jpg\",\"contentUrl\":\"https:\\\/\\\/racoon-cleaner.nl\\\/wp-content\\\/uploads\\\/2020\\\/05\\\/MC_MOGG104_1.jpg\",\"width\":800,\"height\":800},{\"@type\":\"BreadcrumbList\",\"@id\":\"https:\\\/\\\/racoon-cleaner.nl\\\/fr\\\/product\\\/lavage\\\/seaux-grit-guards\\\/grit-guard-pour-seau-de-lavage-15l-diametre-235mm\\\/#breadcrumb\",\"itemListElement\":[{\"@type\":\"ListItem\",\"position\":1,\"name\":\"Home\",\"item\":\"https:\\\/\\\/racoon-cleaner.nl\\\/fr\\\/\"},{\"@type\":\"ListItem\",\"position\":2,\"name\":\"Boutique\",\"item\":\"https:\\\/\\\/racoon-cleaner.nl\\\/fr\\\/shop\\\/\"},{\"@type\":\"ListItem\",\"position\":3,\"name\":\"Grit Guard pour Seau de Lavage 15L &#8211; Diam\u00e8tre 235mm\"}]},{\"@type\":\"WebSite\",\"@id\":\"https:\\\/\\\/racoon-cleaner.nl\\\/fr\\\/#website\",\"url\":\"https:\\\/\\\/racoon-cleaner.nl\\\/fr\\\/\",\"name\":\"Racoon-cleaner\",\"description\":\"Reinigings- en verzorgingsproducten\",\"publisher\":{\"@id\":\"https:\\\/\\\/racoon-cleaner.nl\\\/fr\\\/#organization\"},\"potentialAction\":[{\"@type\":\"SearchAction\",\"target\":{\"@type\":\"EntryPoint\",\"urlTemplate\":\"https:\\\/\\\/racoon-cleaner.nl\\\/fr\\\/?s={search_term_string}\"},\"query-input\":{\"@type\":\"PropertyValueSpecification\",\"valueRequired\":true,\"valueName\":\"search_term_string\"}}],\"inLanguage\":\"fr-FR\"},{\"@type\":\"Organization\",\"@id\":\"https:\\\/\\\/racoon-cleaner.nl\\\/fr\\\/#organization\",\"name\":\"Racoon-Cleaner.nl\",\"url\":\"https:\\\/\\\/racoon-cleaner.nl\\\/fr\\\/\",\"logo\":{\"@type\":\"ImageObject\",\"inLanguage\":\"fr-FR\",\"@id\":\"https:\\\/\\\/racoon-cleaner.nl\\\/fr\\\/#\\\/schema\\\/logo\\\/image\\\/\",\"url\":\"https:\\\/\\\/i1.wp.com\\\/racoon-cleaner.nl\\\/wp-content\\\/uploads\\\/2019\\\/12\\\/racoon-logo.png?fit=757%2C754&ssl=1\",\"contentUrl\":\"https:\\\/\\\/i1.wp.com\\\/racoon-cleaner.nl\\\/wp-content\\\/uploads\\\/2019\\\/12\\\/racoon-logo.png?fit=757%2C754&ssl=1\",\"width\":757,\"height\":754,\"caption\":\"Racoon-Cleaner.nl\"},\"image\":{\"@id\":\"https:\\\/\\\/racoon-cleaner.nl\\\/fr\\\/#\\\/schema\\\/logo\\\/image\\\/\"}}]}<\/script>\n<!-- \/ Yoast SEO plugin. -->","yoast_head_json":{"title":"Grit Guard pour Seau de Lavage 15L - Diam\u00e8tre 235mm - Racoon-Cleaner","robots":{"index":"index","follow":"follow","max-snippet":"max-snippet:-1","max-image-preview":"max-image-preview:large","max-video-preview":"max-video-preview:-1"},"canonical":"https:\/\/racoon-cleaner.nl\/fr\/product\/lavage\/seaux-grit-guards\/grit-guard-pour-seau-de-lavage-15l-diametre-235mm\/","og_locale":"fr_FR","og_type":"article","og_title":"Grit Guard pour Seau de Lavage 15L - Diam\u00e8tre 235mm - Racoon-Cleaner","og_description":"Grit Guard pour Seau de Lavage 15L - Diam\u00e8tre 235mm","og_url":"https:\/\/racoon-cleaner.nl\/fr\/product\/lavage\/seaux-grit-guards\/grit-guard-pour-seau-de-lavage-15l-diametre-235mm\/","og_site_name":"Racoon-Cleaner","og_image":[{"width":800,"height":800,"url":"https:\/\/i0.wp.com\/racoon-cleaner.nl\/wp-content\/uploads\/2020\/05\/MC_MOGG104_1.jpg?fit=800%2C800&ssl=1","type":"image\/jpeg"}],"twitter_card":"summary_large_image","twitter_misc":{"Dur\u00e9e de lecture estim\u00e9e":"1 minute"},"schema":{"@context":"https:\/\/schema.org","@graph":[{"@type":"WebPage","@id":"https:\/\/racoon-cleaner.nl\/fr\/product\/lavage\/seaux-grit-guards\/grit-guard-pour-seau-de-lavage-15l-diametre-235mm\/","url":"https:\/\/racoon-cleaner.nl\/fr\/product\/lavage\/seaux-grit-guards\/grit-guard-pour-seau-de-lavage-15l-diametre-235mm\/","name":"Grit Guard pour Seau de Lavage 15L - Diam\u00e8tre 235mm - Racoon-Cleaner","isPartOf":{"@id":"https:\/\/racoon-cleaner.nl\/fr\/#website"},"primaryImageOfPage":{"@id":"https:\/\/racoon-cleaner.nl\/fr\/product\/lavage\/seaux-grit-guards\/grit-guard-pour-seau-de-lavage-15l-diametre-235mm\/#primaryimage"},"image":{"@id":"https:\/\/racoon-cleaner.nl\/fr\/product\/lavage\/seaux-grit-guards\/grit-guard-pour-seau-de-lavage-15l-diametre-235mm\/#primaryimage"},"thumbnailUrl":"https:\/\/racoon-cleaner.nl\/wp-content\/uploads\/2020\/05\/MC_MOGG104_1.jpg","datePublished":"2020-05-26T09:56:33+00:00","breadcrumb":{"@id":"https:\/\/racoon-cleaner.nl\/fr\/product\/lavage\/seaux-grit-guards\/grit-guard-pour-seau-de-lavage-15l-diametre-235mm\/#breadcrumb"},"inLanguage":"fr-FR","potentialAction":[{"@type":"ReadAction","target":["https:\/\/racoon-cleaner.nl\/fr\/product\/lavage\/seaux-grit-guards\/grit-guard-pour-seau-de-lavage-15l-diametre-235mm\/"]}]},{"@type":"ImageObject","inLanguage":"fr-FR","@id":"https:\/\/racoon-cleaner.nl\/fr\/product\/lavage\/seaux-grit-guards\/grit-guard-pour-seau-de-lavage-15l-diametre-235mm\/#primaryimage","url":"https:\/\/racoon-cleaner.nl\/wp-content\/uploads\/2020\/05\/MC_MOGG104_1.jpg","contentUrl":"https:\/\/racoon-cleaner.nl\/wp-content\/uploads\/2020\/05\/MC_MOGG104_1.jpg","width":800,"height":800},{"@type":"BreadcrumbList","@id":"https:\/\/racoon-cleaner.nl\/fr\/product\/lavage\/seaux-grit-guards\/grit-guard-pour-seau-de-lavage-15l-diametre-235mm\/#breadcrumb","itemListElement":[{"@type":"ListItem","position":1,"name":"Home","item":"https:\/\/racoon-cleaner.nl\/fr\/"},{"@type":"ListItem","position":2,"name":"Boutique","item":"https:\/\/racoon-cleaner.nl\/fr\/shop\/"},{"@type":"ListItem","position":3,"name":"Grit Guard pour Seau de Lavage 15L &#8211; Diam\u00e8tre 235mm"}]},{"@type":"WebSite","@id":"https:\/\/racoon-cleaner.nl\/fr\/#website","url":"https:\/\/racoon-cleaner.nl\/fr\/","name":"Racoon-cleaner","description":"Reinigings- en verzorgingsproducten","publisher":{"@id":"https:\/\/racoon-cleaner.nl\/fr\/#organization"},"potentialAction":[{"@type":"SearchAction","target":{"@type":"EntryPoint","urlTemplate":"https:\/\/racoon-cleaner.nl\/fr\/?s={search_term_string}"},"query-input":{"@type":"PropertyValueSpecification","valueRequired":true,"valueName":"search_term_string"}}],"inLanguage":"fr-FR"},{"@type":"Organization","@id":"https:\/\/racoon-cleaner.nl\/fr\/#organization","name":"Racoon-Cleaner.nl","url":"https:\/\/racoon-cleaner.nl\/fr\/","logo":{"@type":"ImageObject","inLanguage":"fr-FR","@id":"https:\/\/racoon-cleaner.nl\/fr\/#\/schema\/logo\/image\/","url":"https:\/\/i1.wp.com\/racoon-cleaner.nl\/wp-content\/uploads\/2019\/12\/racoon-logo.png?fit=757%2C754&ssl=1","contentUrl":"https:\/\/i1.wp.com\/racoon-cleaner.nl\/wp-content\/uploads\/2019\/12\/racoon-logo.png?fit=757%2C754&ssl=1","width":757,"height":754,"caption":"Racoon-Cleaner.nl"},"image":{"@id":"https:\/\/racoon-cleaner.nl\/fr\/#\/schema\/logo\/image\/"}}]}},"jetpack_sharing_enabled":true,"_links":{"self":[{"href":"https:\/\/racoon-cleaner.nl\/fr\/wp-json\/wp\/v2\/product\/3951","targetHints":{"allow":["GET"]}}],"collection":[{"href":"https:\/\/racoon-cleaner.nl\/fr\/wp-json\/wp\/v2\/product"}],"about":[{"href":"https:\/\/racoon-cleaner.nl\/fr\/wp-json\/wp\/v2\/types\/product"}],"replies":[{"embeddable":true,"href":"https:\/\/racoon-cleaner.nl\/fr\/wp-json\/wp\/v2\/comments?post=3951"}],"wp:featuredmedia":[{"embeddable":true,"href":"https:\/\/racoon-cleaner.nl\/fr\/wp-json\/wp\/v2\/media\/3947"}],"wp:attachment":[{"href":"https:\/\/racoon-cleaner.nl\/fr\/wp-json\/wp\/v2\/media?parent=3951"}],"wp:term":[{"taxonomy":"product_brand","embeddable":true,"href":"https:\/\/racoon-cleaner.nl\/fr\/wp-json\/wp\/v2\/product_brand?post=3951"},{"taxonomy":"product_cat","embeddable":true,"href":"https:\/\/racoon-cleaner.nl\/fr\/wp-json\/wp\/v2\/product_cat?post=3951"},{"taxonomy":"product_tag","embeddable":true,"href":"https:\/\/racoon-cleaner.nl\/fr\/wp-json\/wp\/v2\/product_tag?post=3951"}],"curies":[{"name":"wp","href":"https:\/\/api.w.org\/{rel}","templated":true}]}}